{"id":6572,"date":"2023-03-16T12:48:11","date_gmt":"2023-03-16T10:48:11","guid":{"rendered":"https:\/\/rodriguezgallery.com\/?page_id=6572"},"modified":"2023-03-25T17:19:41","modified_gmt":"2023-03-25T15:19:41","slug":"keke-vilabelda-a-sudden-crack","status":"publish","type":"page","link":"https:\/\/rodriguezgallery.com\/pl\/keke-vilabelda-a-sudden-crack\/","title":{"rendered":"(English) Keke Vilabelda &#8211; A Sudden Crack!"},"content":{"rendered":"<div id=\"pl-6572\"  class=\"panel-layout\" ><div id=\"pg-6572-0\"  class=\"panel-grid panel-no-style\" ><div id=\"pgc-6572-0-0\"  class=\"panel-grid-cell panel-grid-cell-empty\" ><\/div><\/div><div id=\"pg-6572-1\"  class=\"panel-grid panel-no-style\" ><div id=\"pgc-6572-1-0\"  class=\"panel-grid-cell\" ><div id=\"panel-6572-1-0-0\" class=\"so-panel widget widget_black-studio-tinymce widget_black_studio_tinymce panel-first-child panel-last-child\" data-index=\"0\" ><div class=\"textwidget\"><h6><span class=\"\" style=\"display:block;clear:both;height: 0px;padding-top: 20px;border-top-width:0px;border-bottom-width:0px;\"><\/span><\/h6>\n<h6><strong>Keke Vilabelda<\/strong><br \/>\n<em>A Sudden Crack!<\/em><br \/>\n17.03 - 19.04.2023<\/h6>\n<h6 style=\"font-weight: 400;\">Niniejszy tekst ma na celu zg\u0142\u0119bi\u0107 poetyk\u0119 nowej wystawy Keke Vilabeldy (Walencja, Hiszpania, 1986) pod tytu\u0142em <em>A Sudden Crack!<\/em> Nasz wzrok nie wychodzi nienaruszony z tej kontemplacji: nast\u0119puje wizualne zwarcie, jaskrawe i dziwne, kt\u00f3re ka\u017ce nam zada\u0107 sobie pytanie: na co w\u0142a\u015bciwie patrzymy? Przygl\u0105daj\u0105c si\u0119 szczeg\u00f3\u0142om z bliska odkrywamy powierzchnie z cementu i gipsu, modulowane technikami zaczerpni\u0119tymi z rozmaitych dyscyplin: z malarstwa i technik kontrolowanego przypadku; z rze\u017aby nadaj\u0105cej obj\u0119to\u015bci i przywo\u0142uj\u0105cej wra\u017cenie dotyku, wra\u017ceniem dotyku; z fotografii, o szczeg\u00f3lnie z\u0142o\u017conej proweniencji: wydruki cyfrowe w kolorach komplementarnych, b\u0142\u0119kitnym i czerwonym, dostarczaj\u0105 nam informacji wzrokowych, kt\u00f3re postrzegamy jako tr\u00f3jwymiarowe pomimo p\u0142askiej powierzchni.<\/h6>\n<h6 style=\"font-weight: 400;\">Opr\u00f3cz wirtuozerii, z kt\u00f3r\u0105 Vilabelda \u0142\u0105czy r\u00f3\u017cne techinki, rdze\u0144 tych prac polega na ich konceptualizacji w postaci obraz\u00f3w niepewno\u015bci, o rozmytym wygl\u0105dzie i zakrzywionych wymiarach. Intencj\u0105 artysty nie jest zaspokojenie naszego spojrzenia, lecz raczej wp\u0142yni\u0119cie na nasz\u0105 kontemplacj\u0119, zabranie nas z centrum na peryferie, w tu\u0142aczej w\u0119dr\u00f3wce. W rozmowie, Vilabelda wyja\u015bni\u0142 mi, \u017ce w swoich pracach wychodzi\u0142 od paralelizmu: wypadek fizyczny - p\u0119kni\u0119cie, rozmazanie; oraz wypadek cyfrowy - glich, zamierzony lub niespodziewany b\u0142\u0105d. Aby przedstawi\u0107 te zjawiska, artysta odwo\u0142uje si\u0119 do koncepcji \"bezformia\" opisanej przez Bataille'a jako co\u015b, co nas dezorientuje, poniewa\u017c opiera si\u0119 przybraniu precyzyjnej formy.<\/h6>\n<h6 style=\"font-weight: 400;\">Powierzchnia obrazu nabiera kszta\u0142tu dzi\u0119ki p\u0119kni\u0119ciom, szczelinom i rysom - narz\u0119dzi podobnych do tych, kt\u00f3rymi T\u00e0pies obrazowo na\u015bladowa\u0142 up\u0142yw czasu. Jednak podczas gdy Katalo\u0144czyk u\u017cywa\u0142 tych metod, aby co\u015b przywo\u0142a\u0107, strategia Vilabeldy jest inna. Z jednej strony, wypadek staje si\u0119 tematem sam w sobie jako wydarzenie wizualne: jego niecodzienne pi\u0119kno, poza wszelkimi kanonami, funkcjonuje jako g\u0142\u00f3wny bodziec inspiruj\u0105cy artyst\u0119. Z drugiej strony, genealogia tych dzie\u0142 nie wynika z art informel, lecz raczej z d\u0105\u017cenia ku czemu\u015b eterycznemu i lekkiemu. \u017beby to zobaczy\u0107, widz musi stan\u0105\u0107 naprzeciwko obrazu, poniewa\u017c fotografie nie oddaj\u0105 w pe\u0142ni wizualnego wra\u017cenia, pomi\u0119dzy tym, co materialne i niematerialne, co wykracza poza granice samego medium.<\/h6>\n<h6 style=\"font-weight: 400;\"><em>A Sudden Crack!\u00a0<\/em>poddaje si\u0119 rozmaitym sposobom odczytywania: mog\u0105 to by\u0107 fragmenty krajobraz\u00f3w przyrodniczych, lodowe bloki w trakcie topnienia; mo\u017cna je te\u017c interpretowa\u0107 jako powi\u0119kszone szczeg\u00f3\u0142y niszczej\u0105cej architektury miejskiej. Nie nale\u017cy te\u017c zapomina\u0107 o aspekcie <em>vanitas<\/em> - o tym barokowym gatunku, kt\u00f3ry zwraca\u0142 uwag\u0119 na ulotno\u015b\u0107 i \u015bmiertelno\u015b\u0107 cz\u0142owieka. Powierzchnia prac ma p\u0142ynny charakter, podobnie jak ta rozmyta plama z obrazu <em>Ambasadorowie<\/em> (1533) Hansa Holbeina, kt\u00f3rej faktyczna forma - czaszka - staje si\u0119 widoczna jedynie pod w\u0142a\u015bciwym k\u0105tem, na kraw\u0119dzi obrazu. Poza tym, Vilabelda chce, \u017ceby\u015bmy zat\u0119sknili za gestem, aby\u015bmy wysilili wzrok i wyrwali si\u0119 z tyranii wygody i <em>podoba mi si\u0119<\/em>.<\/h6>\n<h6 style=\"font-weight: 400;\">Na tej wystawie Vilabelda sporz\u0105dzi\u0142 antidotum na po\u015bpiech, na ten technologiczny paradygmat oparty na natychmiastowym zrozumieniu i iluzji jedno\u015bci czasu. Jego znakomite obrazy (wykonane prawie bez farby) przedstawiaj\u0105 horyzont trudny do zamieszkania, bo konstruowany na fundamencie tymczasowo\u015bci. To ostatnie jest by\u0107 mo\u017ce najwi\u0119kszym odkryciem w tej tw\u00f3rczo\u015bci: w czasach totalnej <em>cyfryzacji Bytu<\/em> Vilabelda oferuje naszemu spojrzeniu o wiele bardziej ludzki rytm, kt\u00f3ry pozwala si\u0119 zatrzyma\u0107 na martwych punktach, lapsusach, w\u0105tpliwo\u015bciach, p\u0119kni\u0119ciach i intensywno\u015bciach.<\/h6>\n<h6 style=\"font-weight: 400;\">Carlos Delgado Mayordomo. Krytyk sztuki<\/h6>\n<p>&nbsp;<\/p>\n<h6>Projekt dofinansowany z bud\u017cetu Miasta Poznania<\/h6>\n<\/div><\/div><\/div><div id=\"pgc-6572-1-1\"  class=\"panel-grid-cell\" ><div id=\"panel-6572-1-1-0\" class=\"so-panel widget widget_black-studio-tinymce widget_black_studio_tinymce panel-first-child panel-last-child\" data-index=\"1\" ><div class=\"textwidget\"><p><span class=\"\" style=\"display:block;clear:both;height: 0px;padding-top: 20px;border-top-width:0px;border-bottom-width:0px;\"><\/span><\/p>\n<p><div id='gallery-1' class='gallery galleryid-6572 gallery-columns-3 gallery-size-thumbnail'><figure class='gallery-item'>\n\t\t\t<div class='gallery-icon landscape'>\n\t\t\t\t<a href='https:\/\/rodriguezgallery.com\/pl\/keke-vilabelda-a-sudden-crack\/2023_03_rodriguez_gallery_keke_vilabelda_fotczarnota-11s\/'><img loading=\"lazy\" decoding=\"async\" width=\"150\" height=\"150\" src=\"https:\/\/rodriguezgallery.com\/wp-content\/uploads\/2023\/03\/2023_03_Rodriguez_Gallery_Keke_Vilabelda_fotCzarnota-11s-150x150.jpg\" class=\"attachment-thumbnail size-thumbnail\" alt=\"\" \/><\/a>\n\t\t\t<\/div><\/figure><figure class='gallery-item'>\n\t\t\t<div class='gallery-icon landscape'>\n\t\t\t\t<a href='https:\/\/rodriguezgallery.com\/pl\/keke-vilabelda-a-sudden-crack\/2023_03_rodriguez_gallery_keke_vilabelda_fotczarnota-1s\/'><img loading=\"lazy\" decoding=\"async\" width=\"150\" height=\"150\" src=\"https:\/\/rodriguezgallery.com\/wp-content\/uploads\/2023\/03\/2023_03_Rodriguez_Gallery_Keke_Vilabelda_fotCzarnota-1s-150x150.jpg\" class=\"attachment-thumbnail size-thumbnail\" alt=\"\" \/><\/a>\n\t\t\t<\/div><\/figure><figure class='gallery-item'>\n\t\t\t<div class='gallery-icon landscape'>\n\t\t\t\t<a href='https:\/\/rodriguezgallery.com\/pl\/keke-vilabelda-a-sudden-crack\/2023_03_rodriguez_gallery_keke_vilabelda_fotczarnota-6s\/'><img loading=\"lazy\" decoding=\"async\" width=\"150\" height=\"150\" src=\"https:\/\/rodriguezgallery.com\/wp-content\/uploads\/2023\/03\/2023_03_Rodriguez_Gallery_Keke_Vilabelda_fotCzarnota-6s-150x150.jpg\" class=\"attachment-thumbnail size-thumbnail\" alt=\"\" \/><\/a>\n\t\t\t<\/div><\/figure><figure class='gallery-item'>\n\t\t\t<div class='gallery-icon landscape'>\n\t\t\t\t<a href='https:\/\/rodriguezgallery.com\/pl\/keke-vilabelda-a-sudden-crack\/2023_03_rodriguez_gallery_keke_vilabelda_fotczarnota-8s\/'><img loading=\"lazy\" decoding=\"async\" width=\"150\" height=\"150\" src=\"https:\/\/rodriguezgallery.com\/wp-content\/uploads\/2023\/03\/2023_03_Rodriguez_Gallery_Keke_Vilabelda_fotCzarnota-8s-150x150.jpg\" class=\"attachment-thumbnail size-thumbnail\" alt=\"\" \/><\/a>\n\t\t\t<\/div><\/figure><figure class='gallery-item'>\n\t\t\t<div class='gallery-icon landscape'>\n\t\t\t\t<a href='https:\/\/rodriguezgallery.com\/pl\/keke-vilabelda-a-sudden-crack\/2023_03_rodriguez_gallery_keke_vilabelda_fotczarnota-7s\/'><img loading=\"lazy\" decoding=\"async\" width=\"150\" height=\"150\" src=\"https:\/\/rodriguezgallery.com\/wp-content\/uploads\/2023\/03\/2023_03_Rodriguez_Gallery_Keke_Vilabelda_fotCzarnota-7s-150x150.jpg\" class=\"attachment-thumbnail size-thumbnail\" alt=\"\" \/><\/a>\n\t\t\t<\/div><\/figure><figure class='gallery-item'>\n\t\t\t<div class='gallery-icon landscape'>\n\t\t\t\t<a href='https:\/\/rodriguezgallery.com\/pl\/keke-vilabelda-a-sudden-crack\/2023_03_rodriguez_gallery_keke_vilabelda_fotczarnota-3s\/'><img loading=\"lazy\" decoding=\"async\" width=\"150\" height=\"150\" src=\"https:\/\/rodriguezgallery.com\/wp-content\/uploads\/2023\/03\/2023_03_Rodriguez_Gallery_Keke_Vilabelda_fotCzarnota-3s-150x150.jpg\" class=\"attachment-thumbnail size-thumbnail\" alt=\"\" \/><\/a>\n\t\t\t<\/div><\/figure><figure class='gallery-item'>\n\t\t\t<div class='gallery-icon landscape'>\n\t\t\t\t<a href='https:\/\/rodriguezgallery.com\/pl\/keke-vilabelda-a-sudden-crack\/2023_03_rodriguez_gallery_keke_vilabelda_fotczarnota-4s\/'><img loading=\"lazy\" decoding=\"async\" width=\"150\" height=\"150\" src=\"https:\/\/rodriguezgallery.com\/wp-content\/uploads\/2023\/03\/2023_03_Rodriguez_Gallery_Keke_Vilabelda_fotCzarnota-4s-150x150.jpg\" class=\"attachment-thumbnail size-thumbnail\" alt=\"\" \/><\/a>\n\t\t\t<\/div><\/figure><figure class='gallery-item'>\n\t\t\t<div class='gallery-icon landscape'>\n\t\t\t\t<a href='https:\/\/rodriguezgallery.com\/pl\/keke-vilabelda-a-sudden-crack\/2023_03_rodriguez_gallery_keke_vilabelda_fotczarnota-2s\/'><img loading=\"lazy\" decoding=\"async\" width=\"150\" height=\"150\" src=\"https:\/\/rodriguezgallery.com\/wp-content\/uploads\/2023\/03\/2023_03_Rodriguez_Gallery_Keke_Vilabelda_fotCzarnota-2s-150x150.jpg\" class=\"attachment-thumbnail size-thumbnail\" alt=\"\" \/><\/a>\n\t\t\t<\/div><\/figure><figure class='gallery-item'>\n\t\t\t<div class='gallery-icon landscape'>\n\t\t\t\t<a href='https:\/\/rodriguezgallery.com\/pl\/keke-vilabelda-a-sudden-crack\/2023_03_rodriguez_gallery_keke_vilabelda_fotczarnota-5s\/'><img loading=\"lazy\" decoding=\"async\" width=\"150\" height=\"150\" src=\"https:\/\/rodriguezgallery.com\/wp-content\/uploads\/2023\/03\/2023_03_Rodriguez_Gallery_Keke_Vilabelda_fotCzarnota-5s-150x150.jpg\" class=\"attachment-thumbnail size-thumbnail\" alt=\"\" \/><\/a>\n\t\t\t<\/div><\/figure>\n\t\t<\/div>\n<\/p>\n<\/div><\/div><\/div><\/div><\/div>","protected":false},"excerpt":{"rendered":"<p>Keke Vilabelda A Sudden Crack! 17.03 &#8211; 19.04.2023 Niniejszy tekst ma na celu zg\u0142\u0119bi\u0107 poetyk\u0119 nowej wystawy Keke Vilabeldy (Walencja, Hiszpania, 1986) pod tytu\u0142em A Sudden Crack! Nasz wzrok nie <a class=\"moretag\" href=\"https:\/\/rodriguezgallery.com\/pl\/keke-vilabelda-a-sudden-crack\/\">Read More &#8230;<\/a><\/p>\n","protected":false},"author":1,"featured_media":0,"parent":0,"menu_order":0,"comment_status":"closed","ping_status":"closed","template":"full-width-page.php","meta":{"footnotes":""},"class_list":["post-6572","page","type-page","status-publish","hentry"],"_links":{"self":[{"href":"https:\/\/rodriguezgallery.com\/pl\/wp-json\/wp\/v2\/pages\/6572","targetHints":{"allow":["GET"]}}],"collection":[{"href":"https:\/\/rodriguezgallery.com\/pl\/wp-json\/wp\/v2\/pages"}],"about":[{"href":"https:\/\/rodriguezgallery.com\/pl\/wp-json\/wp\/v2\/types\/page"}],"author":[{"embeddable":true,"href":"https:\/\/rodriguezgallery.com\/pl\/wp-json\/wp\/v2\/users\/1"}],"replies":[{"embeddable":true,"href":"https:\/\/rodriguezgallery.com\/pl\/wp-json\/wp\/v2\/comments?post=6572"}],"version-history":[{"count":1,"href":"https:\/\/rodriguezgallery.com\/pl\/wp-json\/wp\/v2\/pages\/6572\/revisions"}],"predecessor-version":[{"id":6604,"href":"https:\/\/rodriguezgallery.com\/pl\/wp-json\/wp\/v2\/pages\/6572\/revisions\/6604"}],"wp:attachment":[{"href":"https:\/\/rodriguezgallery.com\/pl\/wp-json\/wp\/v2\/media?parent=6572"}],"curies":[{"name":"wp","href":"https:\/\/api.w.org\/{rel}","templated":true}]}}