{"id":6647,"date":"2023-07-17T13:01:49","date_gmt":"2023-07-17T11:01:49","guid":{"rendered":"https:\/\/rodriguezgallery.com\/?page_id=6647"},"modified":"2025-08-25T12:51:23","modified_gmt":"2025-08-25T10:51:23","slug":"summer-exhibition-szymankiewicz","status":"publish","type":"page","link":"https:\/\/rodriguezgallery.com\/pl\/summer-exhibition-szymankiewicz\/","title":{"rendered":"(English) Summer exhibition  &#8211; Szymankiewicz"},"content":{"rendered":"<div id=\"pl-6647\"  class=\"panel-layout\" ><div id=\"pg-6647-0\"  class=\"panel-grid panel-no-style\" ><div id=\"pgc-6647-0-0\"  class=\"panel-grid-cell\" ><div id=\"panel-6647-0-0-0\" class=\"so-panel widget widget_black-studio-tinymce widget_black_studio_tinymce panel-first-child panel-last-child\" data-index=\"0\" ><div class=\"textwidget\"><h6><span class=\"\" style=\"display:block;clear:both;height: 0px;padding-top: 20px;border-top-width:0px;border-bottom-width:0px;\"><\/span><br \/>\n<strong>Ma\u0142gorzata Szymankiewicz<\/strong><br \/>\n<em>I would rather stay in the shade\u00a0(Wol\u0119 pozosta\u0107 w cieniu)<br \/>\n<\/em>July \/ August 2023<\/h6>\n<h6 style=\"font-weight: 400;\">Letnia prezentacja w witrynie galerii Rodriguez odnosi si\u0119 do zagadnienia ekspozycji, a \u015bci\u015blej do jej destruktywnego aspektu. Obraz prezentowany przez ca\u0142e lato w witrynie galerii celowo wystawiony zosta\u0142 na dzia\u0142anie intensywnego \u015bwiat\u0142a s\u0142onecznego maj\u0105cego niekorzystny wp\u0142yw na powierzchni\u0119 obrazu i powoduj\u0105cego w efekcie stopniowe blakni\u0119cie pigment\u00f3w u\u017cytych do jego stworzenia. Jedyn\u0105 szans\u0105 na przerwanie tego stanu rzeczy s\u0105 momenty pojawienia si\u0119 cienia lub braku s\u0142o\u0144ca. Zaistnienie w systemie ,,widzialno\u015bci\u201d paradoksalnie zapocz\u0105tkowuje zanik lub unicestwianie obrazu. Obraz jako powierzchnia \u015bwiat\u0142oczu\u0142a staje si\u0119 rejestratorem procesu w\u0142asnego znikania. W tym wypadku abstrakcyjna kompozycja - stworzona podczas czasoch\u0142onnego procesu nak\u0142adania cienkich warstw pigmentu, manifestuje raczej ,,to, co by\u0142o\u201d ni\u017c ,,to co jest\u201d. Pr\u00f3buj\u0105c rozszyfrowa\u0107 metaforyczny potencja\u0142 stworzonej sytuacji mo\u017cna by skonstatowa\u0107, \u017ce rzeczy nie znikaj\u0105 w ciemno\u015bciach, ale w o\u015blepiaj\u0105cej jasno\u015bci.<\/h6>\n<p>&nbsp;<\/p>\n<p>&nbsp;<\/p>\n<h6>Projekt dofinansowany z bud\u017cetu Miasta Poznania<\/h6>\n<\/div><\/div><\/div><div id=\"pgc-6647-0-1\"  class=\"panel-grid-cell\" ><div id=\"panel-6647-0-1-0\" class=\"so-panel widget widget_black-studio-tinymce widget_black_studio_tinymce panel-first-child panel-last-child\" data-index=\"1\" ><div class=\"textwidget\"><p><span class=\"\" style=\"display:block;clear:both;height: 0px;padding-top: 20px;border-top-width:0px;border-bottom-width:0px;\"><\/span><\/p>\n<p><div id='gallery-1' class='gallery galleryid-6647 gallery-columns-2 gallery-size-thumbnail'><figure class='gallery-item'>\n\t\t\t<div class='gallery-icon landscape'>\n\t\t\t\t<a href='https:\/\/rodriguezgallery.com\/wp-content\/uploads\/2023\/07\/Window.jpg'><img loading=\"lazy\" decoding=\"async\" width=\"150\" height=\"150\" src=\"https:\/\/rodriguezgallery.com\/wp-content\/uploads\/2023\/07\/Window-150x150.jpg\" class=\"attachment-thumbnail size-thumbnail\" alt=\"\" \/><\/a>\n\t\t\t<\/div><\/figure><figure class='gallery-item'>\n\t\t\t<div class='gallery-icon landscape'>\n\t\t\t\t<a href='https:\/\/rodriguezgallery.com\/wp-content\/uploads\/2023\/07\/14-kadr-czysty-II-1.jpg'><img loading=\"lazy\" decoding=\"async\" width=\"150\" height=\"150\" src=\"https:\/\/rodriguezgallery.com\/wp-content\/uploads\/2023\/07\/14-kadr-czysty-II-1-150x150.jpg\" class=\"attachment-thumbnail size-thumbnail\" alt=\"\" \/><\/a>\n\t\t\t<\/div><\/figure>\n\t\t<\/div>\n<\/p>\n<p>&nbsp;<\/p>\n<\/div><\/div><\/div><\/div><\/div>","protected":false},"excerpt":{"rendered":"<p>Ma\u0142gorzata Szymankiewicz I would rather stay in the shade\u00a0(Wol\u0119 pozosta\u0107 w cieniu) July \/ August 2023 Letnia prezentacja w witrynie galerii Rodriguez odnosi si\u0119 do zagadnienia ekspozycji, a \u015bci\u015blej do <a class=\"moretag\" href=\"https:\/\/rodriguezgallery.com\/pl\/summer-exhibition-szymankiewicz\/\">Read More &#8230;<\/a><\/p>\n","protected":false},"author":1,"featured_media":0,"parent":0,"menu_order":0,"comment_status":"closed","ping_status":"closed","template":"full-width-page.php","meta":{"footnotes":""},"class_list":["post-6647","page","type-page","status-publish","hentry"],"_links":{"self":[{"href":"https:\/\/rodriguezgallery.com\/pl\/wp-json\/wp\/v2\/pages\/6647","targetHints":{"allow":["GET"]}}],"collection":[{"href":"https:\/\/rodriguezgallery.com\/pl\/wp-json\/wp\/v2\/pages"}],"about":[{"href":"https:\/\/rodriguezgallery.com\/pl\/wp-json\/wp\/v2\/types\/page"}],"author":[{"embeddable":true,"href":"https:\/\/rodriguezgallery.com\/pl\/wp-json\/wp\/v2\/users\/1"}],"replies":[{"embeddable":true,"href":"https:\/\/rodriguezgallery.com\/pl\/wp-json\/wp\/v2\/comments?post=6647"}],"version-history":[{"count":1,"href":"https:\/\/rodriguezgallery.com\/pl\/wp-json\/wp\/v2\/pages\/6647\/revisions"}],"predecessor-version":[{"id":7290,"href":"https:\/\/rodriguezgallery.com\/pl\/wp-json\/wp\/v2\/pages\/6647\/revisions\/7290"}],"wp:attachment":[{"href":"https:\/\/rodriguezgallery.com\/pl\/wp-json\/wp\/v2\/media?parent=6647"}],"curies":[{"name":"wp","href":"https:\/\/api.w.org\/{rel}","templated":true}]}}