{"id":6694,"date":"2023-10-11T18:27:16","date_gmt":"2023-10-11T16:27:16","guid":{"rendered":"https:\/\/rodriguezgallery.com\/?page_id=6694"},"modified":"2023-10-11T18:30:09","modified_gmt":"2023-10-11T16:30:09","slug":"max-radawski-have-i-seen-the-world-from-the-start","status":"publish","type":"page","link":"https:\/\/rodriguezgallery.com\/pl\/max-radawski-have-i-seen-the-world-from-the-start\/","title":{"rendered":"(English) Max Radawski &#8211; Have I seen the world from the start"},"content":{"rendered":"<div id=\"pl-6694\"  class=\"panel-layout\" ><div id=\"pg-6694-0\"  class=\"panel-grid panel-no-style\" ><div id=\"pgc-6694-0-0\"  class=\"panel-grid-cell\" ><div id=\"panel-6694-0-0-0\" class=\"so-panel widget widget_black-studio-tinymce widget_black_studio_tinymce panel-first-child panel-last-child\" data-index=\"0\" ><div class=\"textwidget\"><h6><span class=\"\" style=\"display:block;clear:both;height: 0px;padding-top: 20px;border-top-width:0px;border-bottom-width:0px;\"><\/span><br \/>\n<strong>Max Radawski<\/strong><br \/>\n<em><\/em><i>Czy\u00a0widzia\u0142em\u00a0\u015bwiat od\u00a0pocz\u0105tku?<br \/>\n<\/i>05.10 - 08.11.2023<\/p>\n<\/h6>\n<div>\n<h6 class=\"TreAA\" align=\"center\"><b><span lang=\"EN-GB\"><strong>W pracowni artysty odbywaj\u0105 si\u0119 dzia\u0142ania alchemiczne. Wskrzeszaj\u0105c rysunek, Mistrz decyduje si\u0119 na proces transformacji. To prawda, \u017ce ka\u017cdy dba tylko o swoj\u0105 w\u0142asn\u0105 nie\u015bmiertelno\u015b\u0107. Gdy j\u0105 osi\u0105ga, bezczelnie znika. Na koniec powstaj\u0105 produkty uboczne. Jest to obraz transmutacji prze\u0142o\u017cony na p\u0142aszczyzn\u0119, lini\u0119 <span lang=\"DA\">i kropk<\/span>\u0119.<\/strong><\/span><\/b><\/h6>\n<p><b><\/b><\/div>\n<h6 class=\"Domylne\" align=\"center\"><b><i>\u00a0<\/i><\/b><i>\u00a0<\/i><i>\u201eWszystkie teksty alchemiczne m<\/i><i><span lang=\"ES-TRAD\">\u00f3<\/span><\/i><i>wi\u0105, \u017ce (\u2026) umieszczona wewn\u0105trz jaja filozoficznego materia poddana gotowaniu podlega zadziwiaj\u0105cym zmianom barw. Co jest dowodem zmian substancjalnych i powodzenia Dzie\u0142a. Zmiana barw odzwierciedla zatem przemiany materii, wywo\u0142ywane przez czynnik duchowy: <\/i><b><i>kompost <\/i><\/b><i>jest najpierw czarny (nigredo), potem staje si\u0119 <\/i><i><span lang=\"IT\">bia<\/span><\/i><i>\u0142y (albedo), nast\u0119pnie zabarwia si\u0119 na \u017c\u00f3\u0142to (citrinitas), a dochodz\u0105c do najdoskonalszego stanu,\u00a0 osi\u0105ga wreszcie barw\u0119 czerwon\u0105 <\/i><i><span lang=\"PT\">(rubedo)<\/span><\/i><i>\u201d.<\/p>\n<p>Andrea Aromatico<br \/>\n<\/i><\/h6>\n<p>&nbsp;<\/p>\n<h6>Projekt dofinansowany z bud\u017cetu Miasta Poznania<\/h6>\n<\/div><\/div><\/div><div id=\"pgc-6694-0-1\"  class=\"panel-grid-cell\" ><div id=\"panel-6694-0-1-0\" class=\"so-panel widget widget_black-studio-tinymce widget_black_studio_tinymce panel-first-child panel-last-child\" data-index=\"1\" ><div class=\"textwidget\"><p><span class=\"\" style=\"display:block;clear:both;height: 0px;padding-top: 20px;border-top-width:0px;border-bottom-width:0px;\"><\/span><\/p>\n<p><div id='gallery-1' class='gallery galleryid-6694 gallery-columns-3 gallery-size-thumbnail'><figure class='gallery-item'>\n\t\t\t<div class='gallery-icon landscape'>\n\t\t\t\t<a href='https:\/\/rodriguezgallery.com\/wp-content\/uploads\/2023\/10\/Max_Radawski_Rodriguez_s-2.jpg'><img loading=\"lazy\" decoding=\"async\" width=\"150\" height=\"150\" src=\"https:\/\/rodriguezgallery.com\/wp-content\/uploads\/2023\/10\/Max_Radawski_Rodriguez_s-2-150x150.jpg\" class=\"attachment-thumbnail size-thumbnail\" alt=\"\" \/><\/a>\n\t\t\t<\/div><\/figure><figure class='gallery-item'>\n\t\t\t<div class='gallery-icon landscape'>\n\t\t\t\t<a href='https:\/\/rodriguezgallery.com\/wp-content\/uploads\/2023\/10\/Max_Radawski_Rodriguez_s-1.jpg'><img loading=\"lazy\" decoding=\"async\" width=\"150\" height=\"150\" src=\"https:\/\/rodriguezgallery.com\/wp-content\/uploads\/2023\/10\/Max_Radawski_Rodriguez_s-1-150x150.jpg\" class=\"attachment-thumbnail size-thumbnail\" alt=\"\" \/><\/a>\n\t\t\t<\/div><\/figure><figure class='gallery-item'>\n\t\t\t<div class='gallery-icon portrait'>\n\t\t\t\t<a href='https:\/\/rodriguezgallery.com\/wp-content\/uploads\/2023\/10\/Max_Radawski_Rodriguez_s-22.jpg'><img loading=\"lazy\" decoding=\"async\" width=\"150\" height=\"150\" src=\"https:\/\/rodriguezgallery.com\/wp-content\/uploads\/2023\/10\/Max_Radawski_Rodriguez_s-22-150x150.jpg\" class=\"attachment-thumbnail size-thumbnail\" alt=\"\" \/><\/a>\n\t\t\t<\/div><\/figure><figure class='gallery-item'>\n\t\t\t<div class='gallery-icon landscape'>\n\t\t\t\t<a href='https:\/\/rodriguezgallery.com\/wp-content\/uploads\/2023\/10\/Max_Radawski_Rodriguez_s-15.jpg'><img loading=\"lazy\" decoding=\"async\" width=\"150\" height=\"150\" src=\"https:\/\/rodriguezgallery.com\/wp-content\/uploads\/2023\/10\/Max_Radawski_Rodriguez_s-15-150x150.jpg\" class=\"attachment-thumbnail size-thumbnail\" alt=\"\" \/><\/a>\n\t\t\t<\/div><\/figure><figure class='gallery-item'>\n\t\t\t<div class='gallery-icon landscape'>\n\t\t\t\t<a href='https:\/\/rodriguezgallery.com\/wp-content\/uploads\/2023\/10\/Max_Radawski_Rodriguez_s-16.jpg'><img loading=\"lazy\" decoding=\"async\" width=\"150\" height=\"150\" src=\"https:\/\/rodriguezgallery.com\/wp-content\/uploads\/2023\/10\/Max_Radawski_Rodriguez_s-16-150x150.jpg\" class=\"attachment-thumbnail size-thumbnail\" alt=\"\" \/><\/a>\n\t\t\t<\/div><\/figure><figure class='gallery-item'>\n\t\t\t<div class='gallery-icon landscape'>\n\t\t\t\t<a href='https:\/\/rodriguezgallery.com\/wp-content\/uploads\/2023\/10\/Max_Radawski_Rodriguez_s-18.jpg'><img loading=\"lazy\" decoding=\"async\" width=\"150\" height=\"150\" src=\"https:\/\/rodriguezgallery.com\/wp-content\/uploads\/2023\/10\/Max_Radawski_Rodriguez_s-18-150x150.jpg\" class=\"attachment-thumbnail size-thumbnail\" alt=\"\" \/><\/a>\n\t\t\t<\/div><\/figure><figure class='gallery-item'>\n\t\t\t<div class='gallery-icon landscape'>\n\t\t\t\t<a href='https:\/\/rodriguezgallery.com\/wp-content\/uploads\/2023\/10\/Max_Radawski_Rodriguez_s-19.jpg'><img loading=\"lazy\" decoding=\"async\" width=\"150\" height=\"150\" src=\"https:\/\/rodriguezgallery.com\/wp-content\/uploads\/2023\/10\/Max_Radawski_Rodriguez_s-19-150x150.jpg\" class=\"attachment-thumbnail size-thumbnail\" alt=\"\" \/><\/a>\n\t\t\t<\/div><\/figure><figure class='gallery-item'>\n\t\t\t<div class='gallery-icon landscape'>\n\t\t\t\t<a href='https:\/\/rodriguezgallery.com\/wp-content\/uploads\/2023\/10\/Max_Radawski_Rodriguez_s-3.jpg'><img loading=\"lazy\" decoding=\"async\" width=\"150\" height=\"150\" src=\"https:\/\/rodriguezgallery.com\/wp-content\/uploads\/2023\/10\/Max_Radawski_Rodriguez_s-3-150x150.jpg\" class=\"attachment-thumbnail size-thumbnail\" alt=\"\" \/><\/a>\n\t\t\t<\/div><\/figure><figure class='gallery-item'>\n\t\t\t<div class='gallery-icon landscape'>\n\t\t\t\t<a href='https:\/\/rodriguezgallery.com\/wp-content\/uploads\/2023\/10\/Max_Radawski_Rodriguez_s-4.jpg'><img loading=\"lazy\" decoding=\"async\" width=\"150\" height=\"150\" src=\"https:\/\/rodriguezgallery.com\/wp-content\/uploads\/2023\/10\/Max_Radawski_Rodriguez_s-4-150x150.jpg\" class=\"attachment-thumbnail size-thumbnail\" alt=\"\" \/><\/a>\n\t\t\t<\/div><\/figure><figure class='gallery-item'>\n\t\t\t<div class='gallery-icon landscape'>\n\t\t\t\t<a href='https:\/\/rodriguezgallery.com\/wp-content\/uploads\/2023\/10\/Max_Radawski_Rodriguez_s-7.jpg'><img loading=\"lazy\" decoding=\"async\" width=\"150\" height=\"150\" src=\"https:\/\/rodriguezgallery.com\/wp-content\/uploads\/2023\/10\/Max_Radawski_Rodriguez_s-7-150x150.jpg\" class=\"attachment-thumbnail size-thumbnail\" alt=\"\" \/><\/a>\n\t\t\t<\/div><\/figure><figure class='gallery-item'>\n\t\t\t<div class='gallery-icon landscape'>\n\t\t\t\t<a href='https:\/\/rodriguezgallery.com\/wp-content\/uploads\/2023\/10\/Max_Radawski_Rodriguez_s-6.jpg'><img loading=\"lazy\" decoding=\"async\" width=\"150\" height=\"150\" src=\"https:\/\/rodriguezgallery.com\/wp-content\/uploads\/2023\/10\/Max_Radawski_Rodriguez_s-6-150x150.jpg\" class=\"attachment-thumbnail size-thumbnail\" alt=\"\" \/><\/a>\n\t\t\t<\/div><\/figure>\n\t\t<\/div>\n<\/p>\n<\/div><\/div><\/div><\/div><\/div>","protected":false},"excerpt":{"rendered":"<p>Max Radawski Czy\u00a0widzia\u0142em\u00a0\u015bwiat od\u00a0pocz\u0105tku? 05.10 &#8211; 08.11.2023 W pracowni artysty odbywaj\u0105 si\u0119 dzia\u0142ania alchemiczne. Wskrzeszaj\u0105c rysunek, Mistrz decyduje si\u0119 na proces transformacji. To prawda, \u017ce ka\u017cdy dba tylko o swoj\u0105 <a class=\"moretag\" href=\"https:\/\/rodriguezgallery.com\/pl\/max-radawski-have-i-seen-the-world-from-the-start\/\">Read More &#8230;<\/a><\/p>\n","protected":false},"author":1,"featured_media":0,"parent":0,"menu_order":0,"comment_status":"closed","ping_status":"closed","template":"full-width-page.php","meta":{"footnotes":""},"class_list":["post-6694","page","type-page","status-publish","hentry"],"_links":{"self":[{"href":"https:\/\/rodriguezgallery.com\/pl\/wp-json\/wp\/v2\/pages\/6694","targetHints":{"allow":["GET"]}}],"collection":[{"href":"https:\/\/rodriguezgallery.com\/pl\/wp-json\/wp\/v2\/pages"}],"about":[{"href":"https:\/\/rodriguezgallery.com\/pl\/wp-json\/wp\/v2\/types\/page"}],"author":[{"embeddable":true,"href":"https:\/\/rodriguezgallery.com\/pl\/wp-json\/wp\/v2\/users\/1"}],"replies":[{"embeddable":true,"href":"https:\/\/rodriguezgallery.com\/pl\/wp-json\/wp\/v2\/comments?post=6694"}],"version-history":[{"count":1,"href":"https:\/\/rodriguezgallery.com\/pl\/wp-json\/wp\/v2\/pages\/6694\/revisions"}],"predecessor-version":[{"id":6696,"href":"https:\/\/rodriguezgallery.com\/pl\/wp-json\/wp\/v2\/pages\/6694\/revisions\/6696"}],"wp:attachment":[{"href":"https:\/\/rodriguezgallery.com\/pl\/wp-json\/wp\/v2\/media?parent=6694"}],"curies":[{"name":"wp","href":"https:\/\/api.w.org\/{rel}","templated":true}]}}