{"id":67,"date":"2015-06-30T18:22:26","date_gmt":"2015-06-30T18:22:26","guid":{"rendered":"http:\/\/rodriguezgallery.com\/?page_id=67"},"modified":"2026-02-25T11:52:49","modified_gmt":"2026-02-25T09:52:49","slug":"exhibitions","status":"publish","type":"page","link":"https:\/\/rodriguezgallery.com\/pl\/exhibitions\/","title":{"rendered":"Wystawy"},"content":{"rendered":"<div id=\"pl-67\"  class=\"panel-layout\" ><div id=\"pg-67-0\"  class=\"panel-grid panel-has-style\" ><div class=\"panel-row-style panel-row-style-for-67-0\" ><div id=\"pgc-67-0-0\"  class=\"panel-grid-cell\" ><div id=\"panel-67-0-0-0\" class=\"so-panel widget widget_black-studio-tinymce widget_black_studio_tinymce panel-first-child panel-last-child\" data-index=\"0\" ><div class=\"textwidget\"><h4 style=\"text-align: center;\"><span style=\"text-decoration: underline;\"><strong>Aktualna wystawa<\/strong><\/span><\/h4>\n<\/div><\/div><\/div><div id=\"pgc-67-0-1\"  class=\"panel-grid-cell\" ><div id=\"panel-67-0-1-0\" class=\"so-panel widget widget_black-studio-tinymce widget_black_studio_tinymce panel-first-child\" data-index=\"1\" ><div class=\"textwidget\"><h4 style=\"text-align: center;\"><strong><span style=\"text-decoration: underline;\">Archiwium<\/span><\/strong><\/h4>\n<\/div><\/div><div id=\"panel-67-0-1-1\" class=\"so-panel widget widget_black-studio-tinymce widget_black_studio_tinymce panel-last-child\" data-index=\"2\" ><div class=\"textwidget\"><h6 style=\"text-align: center;\"><strong>Max Radawski<em><br \/>\n<\/em><\/strong><em>Najnowszy Testament.\u00a0<\/em><em>Cz\u0119\u015b\u0107 I i II<br \/>\n<\/em>25.11 - 19.12.2025<\/h6>\n<h6 style=\"text-align: center;\"><strong><a href=\"https:\/\/rodriguezgallery.com\/pracownia-kuratorska-2025\/\">Pracownia Kuratorstwa<\/a><em><br \/>\n<\/em><\/strong><em>G\u0142odna jak pies i z g\u0142ow\u0105 pe\u0142n\u0105<\/em><strong><em><br \/>\n<\/em><\/strong>24.10 - 21.11.2025<\/h6>\n<h6 style=\"text-align: center;\"><a href=\"https:\/\/rodriguezgallery.com\/adolfo-bimer-life-between\/\"><strong>Adolfo Bimer<\/strong><\/a><br \/>\n<em>Life Between<\/em><br \/>\n12.09 - 11.10.2025<\/h6>\n<h6 style=\"text-align: center;\"><a href=\"https:\/\/rodriguezgallery.com\/wystawa-witrynowa-2025\/\"><strong>Julia Kr\u00f3likowska<\/strong><\/a><br \/>\n<em>Zanurzenie<\/em><br \/>\n04.07 - 24.08.2025<\/h6>\n<h6 style=\"text-align: center;\"><a href=\"https:\/\/rodriguezgallery.com\/aleksandra-cieslewicz-rok-bez-zimy\/\"><strong>Aleksandra Cie\u015blewicz<\/strong><\/a><br \/>\n<em>Rok bez zimy<\/em><br \/>\n09.05 - 30.05.2025<\/h6>\n<h6 style=\"text-align: center;\"><strong><a href=\"https:\/\/rodriguezgallery.com\/kinomanual-sklep-z-planetami\/\">kinoMANUAL<\/a><br \/>\n<\/strong><i>Sklep z planetami<br \/>\n<\/i>14.02 - 28.03.2025<\/h6>\n<h6 style=\"text-align: center;\"><a href=\"https:\/\/rodriguezgallery.com\/adrian-kolerski-proba-rekonstrukcji\/\"><b>Adrian Kolerski<\/b><\/a><br \/>\n<i>Pr\u00f3ba rekonstrukcji<\/i><br \/>\n13.12 - 22.01.2025<\/h6>\n<h6 style=\"text-align: center;\"><a href=\"https:\/\/rodriguezgallery.com\/michal-smandek-biblioteka-pszczol\/\"><b>Micha\u0142 Smandek<\/b><\/a><br \/>\n<i>Biblioteka Pszcz\u00f3\u0142<\/i><br \/>\n8.11 - 6.12.2024<\/h6>\n<h6 style=\"text-align: center;\"><a href=\"https:\/\/rodriguezgallery.com\/julia-llerena-autumn-moon-over-still-lake\/\"><b>Julia Llerena<\/b><\/a><br \/>\n<i>Autumn Moon over Still Lake<\/i><br \/>\n4 - 30.10.2024<\/h6>\n<h6 style=\"text-align: center;\"><strong><a href=\"https:\/\/rodriguezgallery.com\/pracownia-kuratorstwa-2024\/\">Pracownia Kuratorstwa<\/a><em><br \/>\n<\/em><\/strong><em>w kr\u00f3tkim \u0142uku mi\u0119dzy ustami a ziemi\u0105<\/em><strong><em><br \/>\n<\/em><\/strong>20 - 28.09.2024<\/h6>\n<h6 style=\"text-align: center;\"><a href=\"https:\/\/rodriguezgallery.com\/pawel-jaskula-dreams\/\"><b>Pawe\u0142 Franciszek Jasku\u0142a<\/b><\/a><br \/>\n<i>DREAMS<\/i><br \/>\n9.07 - 23.08.2024<\/h6>\n<h6 style=\"text-align: center;\"><a href=\"https:\/\/rodriguezgallery.com\/michal-martychowiec-after\/\"><b>Michal Martychowiec<\/b><\/a><br \/>\n<i>After<\/i><br \/>\n19.04 - 20.05.2024<\/h6>\n<h6 style=\"text-align: center;\"><a href=\"https:\/\/rodriguezgallery.com\/nothing-but-blue-sky\/\"><b>Michal Martychowiec \u00a0| \u00a0Sreshta Rit Premnath<\/b><\/a><br \/>\n<i>Nothing but Blue Sky<\/i><br \/>\n8.12.2023 - 20.01.2024<\/h6>\n<h6 style=\"text-align: center;\"><a href=\"https:\/\/rodriguezgallery.com\/max-radawski-have-i-seen-the-world-from-the-start\/\"><b>Max Radawski<\/b><\/a><br \/>\n<i>Czy\u00a0widzia\u0142em\u00a0\u015bwiat od\u00a0pocz\u0105tku?<\/i><br \/>\n5.10 - 8.11.2023<\/h6>\n<h6 style=\"text-align: center;\"><a href=\"https:\/\/rodriguezgallery.com\/summer-exhibition-szymankiewicz\/\"><b>Ma\u0142gorzata Szymankiewicz<\/b><\/a><br \/>\n<em>I would rather stay in the shade<\/em><br \/>\nJuly - August 2023<\/h6>\n<h6 style=\"text-align: center;\"><a href=\"https:\/\/rodriguezgallery.com\/agnieszka-grodzinksa-how-the-ruler-is-made\/\"><b>Agnieszka Grodzi\u0144ska<\/b><\/a><br \/>\n<em>HOW THE RULER IS MADE<\/em><br \/>\n11.05 - 07.06.2023<\/h6>\n<h6 style=\"text-align: center;\"><a href=\"https:\/\/rodriguezgallery.com\/keke-vilabelda-a-sudden-crack\/\"><b>Keke Vilabelda<\/b><\/a><br \/>\n<em>A Sudden Crack!<\/em><br \/>\n17.03 - 19.04.2023<\/h6>\n<h6 style=\"text-align: center;\"><a href=\"https:\/\/rodriguezgallery.com\/and-then-night\/\"><em><b>... and then night!<\/b><\/em><\/a><br \/>\nAnaMary Bilbao | Michal Martychowiec | Xisco Mensua<br \/>\nManuel M. Romero | Ian Waelder<br \/>\ncurated by Aur\u00e9lien Le Genissel<br \/>\n02.12.2022 - 18.01.2023<\/h6>\n<h6 style=\"text-align: center;\"><a href=\"https:\/\/rodriguezgallery.com\/dalila-goncalves-dream-speakers\/\"><b>Dalila Gon\u00e7alves<\/b><\/a><br \/>\n<em>Dream Speakers<\/em><br \/>\n20.10 - 26.11.2022<\/h6>\n<h6 style=\"text-align: center;\"><a href=\"https:\/\/rodriguezgallery.com\/wgw-2022\/\"><b>Marlena Kudlicka<\/b><\/a><br \/>\n<em>Custom Storage<\/em><br \/>\n29.09 - 02.10.2022<br \/>\nWarsaw Gallery Weekend<\/h6>\n<h6 style=\"text-align: center;\"><a href=\"https:\/\/rodriguezgallery.com\/max-radawski-golden-splinter\/\"><b>Max Radawski<\/b><\/a><br \/>\n<em>Z\u0142ota zadra<\/em><br \/>\n18.07 - 01.09.2022<\/h6>\n<h6 style=\"text-align: center;\"><a href=\"https:\/\/rodriguezgallery.com\/wild-culture-madrid\/\"><em><b>Wild Culture<\/b><\/em><\/a><br \/>\nDalila Gon\u00e7alves | Michal Martychowiec | Cristina Mej\u00edas | Micha\u0142 Smandek<br \/>\n27.05 - 23.06.2022<\/h6>\n<h6 style=\"text-align: center;\"><a href=\"https:\/\/rodriguezgallery.com\/cristina-mejias-between-the-adorned-and-the-adorer-falls-the-shadow\/\"><b>Cristina Mej\u00edas<\/b><\/a><br \/>\n<em>between the adorned and the adorer falls the shadow<\/em><br \/>\n13.05 - 10.06.2022<\/h6>\n<h6 style=\"text-align: center;\"><a href=\"https:\/\/rodriguezgallery.com\/sreshta-rit-premnath-proximity\/\"><b>Sreshta Rit Premnath<\/b><\/a><br \/>\n<em>Proximity<\/em><br \/>\n18.03.2022<\/h6>\n<h6 style=\"text-align: center;\"><a href=\"https:\/\/rodriguezgallery.com\/by-eukaryotes-bosacki-smandek\/\"><b>Piotr Bosacki | Micha\u0142 Smandek<\/b><\/a><br \/>\n<em>By eukaryotes<\/em><br \/>\n03.12.2021 - 05.02.2022<\/h6>\n<h6 style=\"text-align: center;\"><a href=\"https:\/\/rodriguezgallery.com\/jimena-kato-ferro\/\"><b>Jimena Kato<\/b><\/a><br \/>\n<em>Ferro<\/em><br \/>\n15.10 - 19.11.2021<\/h6>\n<h6 style=\"text-align: center;\"><a href=\"https:\/\/rodriguezgallery.com\/wgw-2021-common-ground\/\"><strong>Keke Vilabelda | Max\u00a0<\/strong><b>Radawski<\/b><\/a><br \/>\n<em>Common Ground<br \/>\n<\/em>Warsaw Gallery Weekend<br \/>\n30.09 - 03.10.2021<\/h6>\n<h6 style=\"text-align: center;\"><a href=\"https:\/\/rodriguezgallery.com\/michal-martychowiec-marcel-duchamp\/\"><strong>Michal Martychowiec<\/strong><\/a><br \/>\n<em>Marcel Duchamp smoking cigar in the museum<\/em><br \/>\n06.07 -09.09.2021<\/h6>\n<h6 style=\"text-align: center;\"><a href=\"https:\/\/rodriguezgallery.com\/we-are-always-in-danger-of-magic\/\"><em><strong>We are always in danger of magic<\/strong><\/em><\/a><br \/>\nNora Aurrekoetxea | Pierre Gerard | Dalila Gon\u00e7alves | Florian Kiniques<br \/>\ncurated by Christophe Veys<br \/>\n14.05 - 12.06.2021<\/h6>\n<h6 style=\"text-align: center;\"><a href=\"https:\/\/rodriguezgallery.com\/michal-martychowiec-tears-of-iblis\/\"><strong>Michal Martychowiec<\/strong><\/a><br \/>\n<em>Tears of Iblis. All that is solid melts into air.<\/em><br \/>\n11.12.2020 - 19.03.2021<\/h6>\n<h6 style=\"text-align: center;\"><a href=\"https:\/\/rodriguezgallery.com\/genius-steals\/\"><strong><em>Genius Steals<\/em><\/strong><\/a><br \/>\nIrene Fenara | Cristina Garrido | Davide Trabucco<br \/>\ncurated by Antonio Grulli<br \/>\n23.10 - 27.11.2020<\/h6>\n<h6 style=\"text-align: center;\"><strong><a href=\"https:\/\/rodriguezgallery.com\/wgw-2020\/\"><em>Persistence<\/em><\/a><br \/>\n<\/strong>Group show<br \/>\nWarsaw Gallery Weekend<br \/>\n01.10 - 04.10.2020<\/h6>\n<h6 style=\"text-align: center;\"><strong><a href=\"https:\/\/rodriguezgallery.com\/agnieszka-grodzinska-summer-bankrupt\/\">Agnieszka Grodzi\u0144ska<\/a><br \/>\n<\/strong><em>Summer Bankrupt<\/em><br \/>\n10.07 - 30.08.2020<\/h6>\n<h6 style=\"text-align: center;\"><a href=\"https:\/\/rodriguezgallery.com\/wojnecki\/\"><strong>Stefan Wojnecki<\/strong><\/a><br \/>\n<em>Operacje<\/em><br \/>\n13.12.2019 - 22.01.2020<\/h6>\n<h6 style=\"text-align: center;\"><a href=\"https:\/\/rodriguezgallery.com\/agnieszka-grodzinska-are-you-choking\/\"><strong>Agnieszka Grodzi\u0144ska<\/strong><\/a><br \/>\n<em>ARE YOU CHOKING?<\/em><br \/>\n02.12 - 10.12.2019<\/h6>\n<h6 style=\"text-align: center;\"><a href=\"https:\/\/rodriguezgallery.com\/dalila-goncalves-ceu-da-boca\/\"><strong>Dalila Gon\u00e7alves<\/strong><\/a><br \/>\n<em>Podniebienie<\/em><br \/>\n25.10 - 27.11.2019<\/h6>\n<h6 style=\"text-align: center;\"><a href=\"https:\/\/rodriguezgallery.com\/wgw-2019\/\"><strong>Dalila Gon\u00e7alves \u00a0| \u00a0Micha\u0142 Smandek<\/strong><\/a><br \/>\n<em>Ale nudy<\/em><br \/>\nWarsaw Gallery Weekend<br \/>\n20.09 - 22.09.2019<\/h6>\n<h6 style=\"text-align: center;\"><a href=\"https:\/\/rodriguezgallery.com\/merch\/\"><strong>Jana Shostak &amp; Jakub Jasiukiewicz<\/strong><\/a><em><strong><br \/>\n<\/strong>MERCH<\/em><em><br \/>\n<\/em>21.06 - 29.06.2019<\/h6>\n<h6 style=\"text-align: center;\"><a href=\"https:\/\/rodriguezgallery.com\/notebook-on-cities\/\"><em><strong>Notebook on Cities<\/strong><\/em><\/a><br \/>\nGroup show<em><br \/>\n<\/em>curated by Domenico de Chirico<em><br \/>\n<\/em>10.05 - 12.06.2019<\/h6>\n<h6 style=\"text-align: center;\"><a href=\"https:\/\/rodriguezgallery.com\/aauotbm\/\"><strong>Jimena Kato<\/strong><\/a><br \/>\n<em>An Awkward Understanding of the Bodily Mechanics<br \/>\n<\/em>22.03 - 24.04.2019<\/h6>\n<h6 style=\"text-align: center;\"><a href=\"https:\/\/rodriguezgallery.com\/below-blue-horizon-2\/\"><strong>Sreshta Rit Premnath<\/strong><\/a><br \/>\n<em>Below Blue Horizon<\/em><br \/>\ncurated by Tiago de Abreu Pinto<br \/>\n10.01 - 15.02.2019<\/h6>\n<h6 style=\"text-align: center;\"><a href=\"https:\/\/rodriguezgallery.com\/michal-smandek-niebezpieczenstwo\/\"><strong>Micha\u0142 Smandek<\/strong><\/a><br \/>\n<em>Niebezpiecze\u0144stwo zbli\u017cania si\u0119 do granic<\/em><br \/>\n12.10 - 14.11.2018<\/h6>\n<h6 style=\"text-align: center;\"><a href=\"https:\/\/rodriguezgallery.com\/wgw-2018\/\"><strong>Michal Martychowiec<\/strong><\/a><br \/>\n<em>Everything about the contemporary is panda<\/em><br \/>\nWarsaw Gallery Weekend<br \/>\n21.09 - 02.10.2018<\/h6>\n<h6 style=\"text-align: center;\"><a href=\"https:\/\/rodriguezgallery.com\/horizons\/\"><em><strong>Cabinet of True Horizons<\/strong><\/em><\/a><br \/>\n<em><strong>(How far can you see?)<\/strong><\/em><br \/>\ncurated by Stach Szab\u0142owski<br \/>\n11.05 - 13.06.2018<\/h6>\n<h6 style=\"text-align: center;\"><a href=\"https:\/\/rodriguezgallery.com\/12-canciones-concretas\/\"><strong>Gonzalo Elvira<\/strong><\/a><br \/>\n<em>12 Concrete Songs Vol. II<\/em><br \/>\n16.03 - 21.04.2018<\/h6>\n<h6 style=\"text-align: center;\"><b><\/b><a href=\"https:\/\/rodriguezgallery.com\/agnieszka-grodzinska-second-shower\/\"><strong>Agnieszka Grodzi\u0144ska<\/strong><\/a><br \/>\n<b><\/b><em>Second Shower<\/em><br \/>\n02.02 - 08.03.2018<\/h6>\n<h6 style=\"text-align: center;\"><a href=\"https:\/\/rodriguezgallery.com\/maria-tinaut-untitled-room-with-a-view\/\"><b>Mar\u00eda Tinaut<\/b><em><b><br \/>\n<\/b><\/em><\/a><em>Untitled (Room with a View)<\/em><br \/>\n01.12.2017 - 17.01.2018<\/h6>\n<h6 style=\"text-align: center;\"><b><a href=\"https:\/\/rodriguezgallery.com\/franciszek-orlowski-nie-ma-jednego\/\">Franciszek Or\u0142owski<\/a><br \/>\n<\/b><em>Nie ma jednego<br \/>\n<\/em>20.10 - 24.11.2017<\/h6>\n<h6 style=\"text-align: center;\"><b><\/b><a href=\"https:\/\/rodriguezgallery.com\/wgw-2017\/\"><em><strong>DISRUPT (part 2)<\/strong><\/em><br \/>\n<\/a><b><\/b>Group show<br \/>\nWarsaw Gallery Weekend<br \/>\n22.09 - 03.10.2017<\/h6>\n<h6 style=\"text-align: center;\"><em><b><a href=\"https:\/\/rodriguezgallery.com\/disrupt\/\">DISRUPT<\/a><br \/>\n<\/b><\/em>Group show<br \/>\ncurated by Marlon de Azambuja<em><br \/>\n<\/em>05.05 - 08.06.2017<\/h6>\n<h6 style=\"text-align: center;\"><span style=\"color: #000000;\"><b><a href=\"https:\/\/rodriguezgallery.com\/diana-lelonek-zoe-terapia\/\">Diana Lelonek<\/a><br \/>\n<\/b><em>Zoe-Terapia (w procesie)<br \/>\n<\/em>17.03 - 22.04.2017<\/span><\/h6>\n<h6 style=\"text-align: center;\"><span style=\"color: #000000;\"><b><a href=\"https:\/\/rodriguezgallery.com\/anna-talens-above-the-ground\/\">Anna Talens<\/a><br \/>\n<\/b><em>Above the ground<\/em><br \/>\n20.01 - 24.02.2017<\/span><\/h6>\n<h6 style=\"text-align: center;\"><b><\/b><strong><a href=\"https:\/\/rodriguezgallery.com\/dorota-buczkowska-malarstwo\/\">Dorota Buczkowska<\/a><\/strong><br \/>\n<em>Malarstwo<\/em><br \/>\n18.11 - 21.12.2016<\/h6>\n<h6 style=\"text-align: center;\"><a href=\"https:\/\/rodriguezgallery.com\/michal-smandek-napamientanie\/\"><strong>Micha\u0142 Smandek<\/strong><\/a><br \/>\n<em>Napami\u0119tanie<\/em><br \/>\n20.09 - 22.10.2016<\/h6>\n<h6 style=\"text-align: center;\"><a href=\"https:\/\/rodriguezgallery.com\/pep-vidal-how-green-was-my-valley\/\"><strong>Pep Vidal<\/strong><\/a><br \/>\n<em>How Green Was My Valley<br \/>\n<\/em>Warsaw Gallery Weekend<br \/>\n23.09 - 4.10.2016<\/h6>\n<h6 style=\"text-align: center;\"><a href=\"https:\/\/rodriguezgallery.com\/andres-pachon-magic-lantern\/\"><strong>Andr\u00e9s Pach\u00f3n<\/strong><\/a><br \/>\n<em>Magic Lantern<\/em><br \/>\n19.05 - 16.06.2016<\/h6>\n<h6 style=\"text-align: center;\"><a href=\"https:\/\/rodriguezgallery.com\/alicja-dobrucka-houses\/\"><strong>Alicja Dobrucka<\/strong><\/a><br \/>\n<em>Houses<br \/>\n<\/em>15.04 - 14.05.2016<\/h6>\n<h6 style=\"text-align: center;\"><a href=\"https:\/\/rodriguezgallery.com\/dong-isoya-interlaced-surrounding\/\"><strong>Dong Yoon Kim &amp; Hirofumi Isoya<\/strong><\/a><br \/>\n<em>Interlaced Surroundings<\/em><br \/>\n18.02 - 24.03.2016<\/h6>\n<h6 style=\"text-align: center;\"><a href=\"https:\/\/rodriguezgallery.com\/natalia-bazowska-steppe-soul\/\"><strong>Natalia Ba\u017cowska<\/strong><\/a><br \/>\n<em>Stepowa Dusza<\/em><br \/>\n15.01 - 13.02.2016<\/h6>\n<h6 style=\"text-align: center;\"><a href=\"https:\/\/rodriguezgallery.com\/keke-vilabelda-brand-new-ruins\/\"><strong>Keke Vilabelda<\/strong><\/a><br \/>\n<em>Brand New Ruins<\/em><br \/>\n27.11.2015 - 09.01.2016<\/h6>\n<h6 style=\"text-align: center;\"><a href=\"https:\/\/rodriguezgallery.com\/jakub-jasiukiewicz-gravity-friction\/\"><strong>Jakub Jasiukiewicz<\/strong><\/a><br \/>\n<em>Tarcie i grawitacja<\/em><br \/>\n15.10 - 20.11.2015<\/h6>\n<\/div><\/div><\/div><div id=\"pgc-67-0-2\"  class=\"panel-grid-cell\" ><div id=\"panel-67-0-2-0\" class=\"so-panel widget widget_black-studio-tinymce widget_black_studio_tinymce panel-first-child\" data-index=\"3\" ><div class=\"textwidget\"><h4 style=\"text-align: center;\"><span style=\"text-decoration: underline;\"><strong>Wystawy dyplomowe<\/strong><\/span><\/h4>\n<\/div><\/div><div id=\"panel-67-0-2-1\" class=\"so-panel widget widget_black-studio-tinymce widget_black_studio_tinymce panel-last-child\" data-index=\"4\" ><div class=\"textwidget\"><h6 style=\"text-align: center;\"><a href=\"https:\/\/rodriguezgallery.com\/wystawa-dyplomowa-monika-czyzniewska\/\"><strong>Wystawa dyplomowa - Monika Czy\u017cniewska<\/strong><\/a><br \/>\nCzerwiec 2025<\/h6>\n<h6 style=\"text-align: center;\"><a href=\"https:\/\/rodriguezgallery.com\/wystawa-dyplomowa-jakub-zwirello\/\"><strong>Wystawa dyplomowa - Jakub \u017bwire\u0142\u0142o<\/strong><\/a><br \/>\nCzerwiec 2025<\/h6>\n<h6 style=\"text-align: center;\"><a href=\"https:\/\/rodriguezgallery.com\/wystawa-dyplomowa-jan-mioduchowski\/\"><strong>Wystawa dyplomowa - Jan Mioduchowski<\/strong><\/a><br \/>\nCzerwiec 2025<\/h6>\n<h6 style=\"text-align: center;\"><a href=\"https:\/\/rodriguezgallery.com\/wystawa-dyplomowa-hubert-krawczyk\/\"><strong>Wystawa dyplomowa - Hubert Krawczyk<\/strong><\/a><br \/>\nCzerwiec 2025<\/h6>\n<h6 style=\"text-align: center;\"><a href=\"https:\/\/rodriguezgallery.com\/wystawa-dyplomowa-piotr-lewandowski\/\"><strong>Wystawa dyplomowa - Piotr Lewandowski<\/strong><\/a><br \/>\nCzerwiec 2025<\/h6>\n<h6 style=\"text-align: center;\"><a href=\"https:\/\/rodriguezgallery.com\/wystawa-doktorska-katarzyna-gorczynska\/\"><strong>Wystawa doktorska - <b><span style=\"font-family: arial, sans-serif;\"><span class=\"gmail_default\">Katarzyna G\u00f3rczy\u0144ska<\/span><\/span><\/b><\/strong><\/a><br \/>\nKwiecie\u0144 2025<\/h6>\n<h6 style=\"text-align: center;\"><a href=\"https:\/\/rodriguezgallery.com\/wystawa-dyplomowa-szwabe\/\"><strong>Wystawa dyplomowa - Andrzej Szwabe<\/strong><\/a><br \/>\nSierpie\u0144 2024<\/h6>\n<h6 style=\"text-align: center;\"><a href=\"https:\/\/rodriguezgallery.com\/polski-wystawa-dyplomowa-open-the-portal-kur-kamil-gustaw-mizgala\/\"><b>Wystawa dyplomowa - <\/b><strong>Kamil Gustaw Mizga\u0142a<\/strong><\/a><br \/>\nCzerwiec 2024<\/h6>\n<h6 style=\"text-align: center;\"><a href=\"https:\/\/rodriguezgallery.com\/polski-wystawa-dyplomowa-maria-weslawska-gribina\/\"><strong>Wystawa dyplomowa - Maria W\u0119s\u0142awska-Gribina<\/strong><\/a><br \/>\nCzerwiec 2024<\/h6>\n<h6 style=\"text-align: center;\"><a href=\"https:\/\/rodriguezgallery.com\/polski-wystawa-dyplomowa-kacper-pietrzak\/\"><strong>Wystawa dyplomowa - Kacper Pietrzak<\/strong><\/a><br \/>\nCzerwiec 2024<\/h6>\n<h6 style=\"text-align: center;\"><a href=\"https:\/\/rodriguezgallery.com\/polski-wystawa-dyplomowa-marcin-karalus\/\"><strong>Wystawa dyplomowa - Marcin Karalus<\/strong><\/a><br \/>\nCzerwiec 2024<\/h6>\n<h6 style=\"text-align: center;\"><a href=\"https:\/\/rodriguezgallery.com\/polski-wystawa-dyplomowa-mateusz-kowalczyk\/\"><strong>Wystawa dyplomowa - Mateusz Kowalczyk<\/strong><\/a><br \/>\nCzerwiec 2024<\/h6>\n<h6 style=\"text-align: center;\"><a href=\"https:\/\/rodriguezgallery.com\/polski-wystawa-doktorska-krzysztof-metel\/\"><strong>Wystawa doktorska - <b><span style=\"font-family: arial, sans-serif;\"><span class=\"gmail_default\">Krzysztof M\u0119tel<\/span><\/span><\/b><\/strong><\/a><br \/>\nMaj 2024<\/h6>\n<h6 style=\"text-align: center;\"><a href=\"https:\/\/rodriguezgallery.com\/wystawa-dyplomowa-rynarzewska\/\"><strong>Wystawa dyplomowa - Anka Rynarzewska<\/strong><\/a><br \/>\nCzerwiec 2023<\/h6>\n<h6 style=\"text-align: center;\"><a href=\"https:\/\/rodriguezgallery.com\/wystawa-dyplomowa-janik\/\"><strong>Wystawa dyplomowa - Mateusz Janik<\/strong><\/a><br \/>\nCzerwiec 2023<\/h6>\n<h6 style=\"text-align: center;\"><a href=\"https:\/\/rodriguezgallery.com\/wystawa-doktorska-maciej-andrzejczak\/\"><strong>Wystawa doktorska - Maciej Andrzejczak<\/strong><\/a><br \/>\n<em>Przestrze\u0144 obrazu? Przestrze\u0144 obiektu?<br \/>\n<\/em>Marzec 2023<\/h6>\n<h6 style=\"text-align: center;\"><a href=\"https:\/\/rodriguezgallery.com\/wystawa-dyplomowa-daniel-dabrowski\/\"><strong>Wystawa dyplomowa - Daniel D\u0105browski\u00a0<\/strong><\/a><br \/>\nCzerwiec 2022<\/h6>\n<h6 style=\"text-align: center;\"><a href=\"https:\/\/rodriguezgallery.com\/wystawa-doktorska-kinga-popiela\/\"><strong>Wystawa doktorska - Kinga Popiela\u00a0<\/strong><\/a><em><br \/>\n<\/em>Pa\u017adziernik 2022<\/h6>\n<h6 style=\"text-align: center;\"><a href=\"https:\/\/rodriguezgallery.com\/wystawa-dyplomowa-jaszkowski\/\"><strong>Wystawa dyplomowa - Micha\u0142 Jaszkowski<\/strong><\/a><br \/>\n<em>Disinfection\u00a0\u00a0<\/em><br \/>\nCzerwiec 2021<\/h6>\n<h6 style=\"text-align: center;\"><a href=\"https:\/\/rodriguezgallery.com\/wystawa-dyplomowa-agnieszka-gabara\/\"><strong>Wystawa dyplomowa - Agnieszka Gabara<\/strong><\/a><br \/>\n<em>Beksa<br \/>\n<\/em>Czerwiec 2021<\/h6>\n<h6 style=\"text-align: center;\"><a href=\"https:\/\/rodriguezgallery.com\/wystawa-doktorska\/\"><strong>Wystawa doktorska - Kamila Kobierzy\u0144\u015bka<\/strong><\/a><br \/>\n<em>Sehnsucht \/\u02c8ze\u02d0nz\u028axt\/<br \/>\n<\/em>Wrzesie\u0144 2021<\/h6>\n<h6 style=\"text-align: center;\"><a href=\"https:\/\/rodriguezgallery.com\/wystawa-doktorska-emilia-bogucka\/\"><strong>Wystawa doktorska - Emilia Bogucka<\/strong><\/a><br \/>\n<em>Pomi\u0119dzy marzeniem a codzienno\u015bci\u0105<br \/>\n<\/em>Listopad 2021<\/h6>\n<h6 style=\"text-align: center;\"><a href=\"https:\/\/rodriguezgallery.com\/wystawa-dyplomowa-czarcinska\/\"><strong>Wystawa doktorska - Natalia Czarci\u0144ska<\/strong><\/a><br \/>\n<em>\u015aciana nie by\u0142a wysoka. Sufit znajdowa\u0142 si\u0119 na dogodnej wysoko\u015bci<\/em><br \/>\n13-14.10.2020<\/h6>\n<h6 style=\"text-align: center;\"><a href=\"https:\/\/rodriguezgallery.com\/wystawa-dyplomowa-czarnota\/\"><strong>Wystawa dyplomowa - Joanna Czarnota<\/strong><\/a><br \/>\n<em>tak cicho a\u017c ciemno<\/em><br \/>\n5 - 8.09.2020<\/h6>\n<h6 style=\"text-align: center;\"><a href=\"https:\/\/rodriguezgallery.com\/wystawa-dyplomowa-gabka\/\"><strong>Wystawa dyplomowa - Maciej G\u0105bka<\/strong><\/a><br \/>\n<em>Familiar Feeling<\/em><br \/>\n18.06 - 03.07.2020<\/h6>\n<\/div><\/div><\/div><\/div><\/div><\/div>","protected":false},"excerpt":{"rendered":"<p>Aktualna wystawa Archiwium Max Radawski Najnowszy Testament.\u00a0Cz\u0119\u015b\u0107 I i II 25.11 &#8211; 19.12.2025 Pracownia Kuratorstwa G\u0142odna jak pies i z g\u0142ow\u0105 pe\u0142n\u0105 24.10 &#8211; 21.11.2025 Adolfo Bimer Life Between 12.09 <a class=\"moretag\" href=\"https:\/\/rodriguezgallery.com\/pl\/exhibitions\/\">Read More &#8230;<\/a><\/p>\n","protected":false},"author":1,"featured_media":0,"parent":0,"menu_order":0,"comment_status":"closed","ping_status":"open","template":"full-width-page.php","meta":{"footnotes":""},"class_list":["post-67","page","type-page","status-publish","hentry"],"_links":{"self":[{"href":"https:\/\/rodriguezgallery.com\/pl\/wp-json\/wp\/v2\/pages\/67","targetHints":{"allow":["GET"]}}],"collection":[{"href":"https:\/\/rodriguezgallery.com\/pl\/wp-json\/wp\/v2\/pages"}],"about":[{"href":"https:\/\/rodriguezgallery.com\/pl\/wp-json\/wp\/v2\/types\/page"}],"author":[{"embeddable":true,"href":"https:\/\/rodriguezgallery.com\/pl\/wp-json\/wp\/v2\/users\/1"}],"replies":[{"embeddable":true,"href":"https:\/\/rodriguezgallery.com\/pl\/wp-json\/wp\/v2\/comments?post=67"}],"version-history":[{"count":1,"href":"https:\/\/rodriguezgallery.com\/pl\/wp-json\/wp\/v2\/pages\/67\/revisions"}],"predecessor-version":[{"id":7414,"href":"https:\/\/rodriguezgallery.com\/pl\/wp-json\/wp\/v2\/pages\/67\/revisions\/7414"}],"wp:attachment":[{"href":"https:\/\/rodriguezgallery.com\/pl\/wp-json\/wp\/v2\/media?parent=67"}],"curies":[{"name":"wp","href":"https:\/\/api.w.org\/{rel}","templated":true}]}}