{"id":6706,"date":"2023-12-06T14:06:20","date_gmt":"2023-12-06T12:06:20","guid":{"rendered":"https:\/\/rodriguezgallery.com\/?page_id=6706"},"modified":"2023-12-18T22:07:18","modified_gmt":"2023-12-18T20:07:18","slug":"nothing-but-blue-sky","status":"publish","type":"page","link":"https:\/\/rodriguezgallery.com\/pl\/nothing-but-blue-sky\/","title":{"rendered":"(English) Nothing but Blue Sky"},"content":{"rendered":"<div id=\"pl-6706\"  class=\"panel-layout\" ><div id=\"pg-6706-0\"  class=\"panel-grid panel-no-style\" ><div id=\"pgc-6706-0-0\"  class=\"panel-grid-cell\" ><div id=\"panel-6706-0-0-0\" class=\"so-panel widget widget_black-studio-tinymce widget_black_studio_tinymce panel-first-child panel-last-child\" data-index=\"0\" ><div class=\"textwidget\"><h6><span class=\"\" style=\"display:block;clear:both;height: 0px;padding-top: 20px;border-top-width:0px;border-bottom-width:0px;\"><\/span><em><strong><br \/>\n<\/strong><\/em><strong>Michal Martychowiec \u00a0| \u00a0Sreshta Rit Premnath<br \/>\n<\/strong><em>Nothing but Blue Sky<br \/>\n<\/em>08.12.2023 - 20.01.2024<\/h6>\n<h6 style=\"font-weight: 400;\">\n<i><span lang=\"EN-US\">Where does your heart belong?<\/span><\/i> [<span lang=\"PL\">Gdzie jest miejsce Twojego serca?] \u2013 neonowe pytanie, widniej\u0105ce na \u015bcianie, dotyczy podstawowej ludzkiej potrzeby przynale\u017cno\u015bci, czy to w kontek\u015bcie rodziny, spo\u0142eczno\u015bci, czy pa\u0144stwa narodowego. Staje si\u0119 ono szczeg\u00f3lnie aktualne w obecnym okresie masowych migracji. Zadaj\u0105c tak osobiste pytanie autor, Michal Martychowiec, nie zamierza da\u0107 nam odpowiedzi. Sama praca, niczym happening, wymaga uczestnictwa widza.<\/p>\n<p><\/span>Z pytaniem, niejako \u201ewisz\u0105cym\u201d nad nami, wystawa zaprasza do odrywania z pozoru enigmatycznych obraz\u00f3w i postaci, wype\u0142niaj\u0105cych przestrze\u0144 galerii cich\u0105 tajemnic\u0105.<\/p>\n<p><i><span lang=\"PL\">Slumps<\/span><\/i><span lang=\"PL\"> Rita Premnatha to figuralne rze\u017aby, zbli\u017cone skal\u0105 do ludzkiego cia\u0142a, wykonane z odlewanej pianki lub gumy. Niezdolne do utrzymania w\u0142asnego ci\u0119\u017caru, opieraj\u0105 si\u0119 o \u015bciany lub s\u0105 podtrzymywane przez podpory. Te rze\u017abiarskie formy zwracaj\u0105 uwag\u0119 na nie\u0142atw\u0105 relacj\u0119 mi\u0119dzy postaci\u0105 a jej kontekstem, podobnie jak zmagania migrant\u00f3w na nowym, cz\u0119sto wrogim terytorium. Artysta skupia si\u0119 na dw\u00f3ch powi\u0105zanych ze sob\u0105 kwestiach: sprzeczno\u015bci mi\u0119dzy zajmowaniem a posiadaniem przestrzeni oraz niewidzialno\u015bci\u0105 i nierozpoznaniem, kt\u00f3re definiuj\u0105 do\u015bwiadczenie migrant\u00f3w.<\/p>\n<p><\/span><span lang=\"PL\">Michal Martychowiec prezentuje \u0142agodniejsz\u0105, ale r\u00f3wnie intryguj\u0105c\u0105 seri\u0119 prac zatytu\u0142owan\u0105 <i>Blue<\/i>. Te wielkoformatowe fotografie s\u0105 odpowiedzi\u0105 na poszukiwanie przez artyst\u0119 widoku, kt\u00f3ry pozostaje niezmienny w historii, taki jakim widzieli go nasi przodkowie. Bezchmurne niebo to obraz, kt\u00f3ry pozornie nie uleg\u0142 zmianom, a jednak wiemy, \u017ce nie jest taki sam. Dok\u0142adny kolor nieba nigdy nie powtarza si\u0119 w innym miejscu lub czasie. Ka\u017cda z prac zosta\u0142a wykonana w okre\u015blonej cz\u0119\u015bci \u015bwiata, a artysta zdecydowa\u0142 si\u0119 okre\u015bli\u0107 ich \"pochodzenie\" za pomoc\u0105 historycznej nazwy danego regionu. Fotografie staj\u0105 si\u0119 punktem wyj\u015bcia do kontemplacji historii i jej <\/span><span lang=\"PL\">echa w tera\u017aniejszo\u015bci.<\/p>\n<p><\/span>Nadzieja i wytrzyma\u0142o\u015b\u0107 wydaj\u0105 si\u0119 prowadzi\u0107 pe\u0142zaj\u0105ce cia\u0142a Premnatha w kierunku obietnicy b\u0142\u0119kitnego nieba, t\u0119skni\u0105ce za lepsz\u0105 przysz\u0142o\u015bci\u0105. W ko\u0144cu migracje, wymuszone czy nie, zawsze opiera\u0142y si\u0119 na utopijnym marzeniu o bezpiecznym miejscu. Jednak b\u0142\u0119kit jest prawdopodobnie najbardziej niematerialnym ze wszystkich kolor\u00f3w, a w tym przypadku jest zapisem pustej przestrzeni.<\/p>\n<p>Wi\u0119c dok\u0105d tak naprawd\u0119 zmierzaj\u0105? Kto jest w\u0142a\u015bcicielem nieba? Gdzie i do kogo nale\u017cy ta nico\u015b\u0107?<\/p>\n<p>Nothing but blue sky [Nic, opr\u00f3cz b\u0142\u0119kitnego nieba].<\/h6>\n<p>&nbsp;<\/p>\n<h6><\/h6>\n<h6><\/h6>\n<h6>Projekt dofinansowany z bud\u017cetu Miasta Poznania<\/h6>\n<\/div><\/div><\/div><div id=\"pgc-6706-0-1\"  class=\"panel-grid-cell\" ><div id=\"panel-6706-0-1-0\" class=\"so-panel widget widget_black-studio-tinymce widget_black_studio_tinymce panel-first-child panel-last-child\" data-index=\"1\" ><div class=\"textwidget\"><p><span class=\"\" style=\"display:block;clear:both;height: 0px;padding-top: 20px;border-top-width:0px;border-bottom-width:0px;\"><\/span><\/p>\n<p><div id='gallery-1' class='gallery galleryid-6706 gallery-columns-3 gallery-size-thumbnail'><figure class='gallery-item'>\n\t\t\t<div class='gallery-icon landscape'>\n\t\t\t\t<a href='https:\/\/rodriguezgallery.com\/wp-content\/uploads\/2023\/12\/Rodriguez_M.Martychowiec_6.jpg'><img loading=\"lazy\" decoding=\"async\" width=\"150\" height=\"150\" src=\"https:\/\/rodriguezgallery.com\/wp-content\/uploads\/2023\/12\/Rodriguez_M.Martychowiec_6-150x150.jpg\" class=\"attachment-thumbnail size-thumbnail\" alt=\"\" \/><\/a>\n\t\t\t<\/div><\/figure><figure class='gallery-item'>\n\t\t\t<div class='gallery-icon portrait'>\n\t\t\t\t<a href='https:\/\/rodriguezgallery.com\/wp-content\/uploads\/2023\/12\/Rodriguez_M.Martychowiec_4.jpg'><img loading=\"lazy\" decoding=\"async\" width=\"150\" height=\"150\" src=\"https:\/\/rodriguezgallery.com\/wp-content\/uploads\/2023\/12\/Rodriguez_M.Martychowiec_4-150x150.jpg\" class=\"attachment-thumbnail size-thumbnail\" alt=\"\" \/><\/a>\n\t\t\t<\/div><\/figure><figure class='gallery-item'>\n\t\t\t<div class='gallery-icon landscape'>\n\t\t\t\t<a href='https:\/\/rodriguezgallery.com\/wp-content\/uploads\/2023\/12\/Rodriguez_M.Martychowiec_12.jpg'><img loading=\"lazy\" decoding=\"async\" width=\"150\" height=\"150\" src=\"https:\/\/rodriguezgallery.com\/wp-content\/uploads\/2023\/12\/Rodriguez_M.Martychowiec_12-150x150.jpg\" class=\"attachment-thumbnail size-thumbnail\" alt=\"\" \/><\/a>\n\t\t\t<\/div><\/figure><figure class='gallery-item'>\n\t\t\t<div class='gallery-icon landscape'>\n\t\t\t\t<a href='https:\/\/rodriguezgallery.com\/wp-content\/uploads\/2023\/12\/Rodriguez_M.Martychowiec_11.jpg'><img loading=\"lazy\" decoding=\"async\" width=\"150\" height=\"150\" src=\"https:\/\/rodriguezgallery.com\/wp-content\/uploads\/2023\/12\/Rodriguez_M.Martychowiec_11-150x150.jpg\" class=\"attachment-thumbnail size-thumbnail\" alt=\"\" \/><\/a>\n\t\t\t<\/div><\/figure><figure class='gallery-item'>\n\t\t\t<div class='gallery-icon landscape'>\n\t\t\t\t<a href='https:\/\/rodriguezgallery.com\/wp-content\/uploads\/2023\/12\/Rodriguez_M.Martychowiec_7.jpg'><img loading=\"lazy\" decoding=\"async\" width=\"150\" height=\"150\" src=\"https:\/\/rodriguezgallery.com\/wp-content\/uploads\/2023\/12\/Rodriguez_M.Martychowiec_7-150x150.jpg\" class=\"attachment-thumbnail size-thumbnail\" alt=\"\" \/><\/a>\n\t\t\t<\/div><\/figure><figure class='gallery-item'>\n\t\t\t<div class='gallery-icon landscape'>\n\t\t\t\t<a href='https:\/\/rodriguezgallery.com\/wp-content\/uploads\/2023\/12\/Rodriguez_M.Martychowiec_10.jpg'><img loading=\"lazy\" decoding=\"async\" width=\"150\" height=\"150\" src=\"https:\/\/rodriguezgallery.com\/wp-content\/uploads\/2023\/12\/Rodriguez_M.Martychowiec_10-150x150.jpg\" class=\"attachment-thumbnail size-thumbnail\" alt=\"\" \/><\/a>\n\t\t\t<\/div><\/figure><figure class='gallery-item'>\n\t\t\t<div class='gallery-icon portrait'>\n\t\t\t\t<a href='https:\/\/rodriguezgallery.com\/wp-content\/uploads\/2023\/12\/Rodriguez_M.Martychowiec_2.jpg'><img loading=\"lazy\" decoding=\"async\" width=\"150\" height=\"150\" src=\"https:\/\/rodriguezgallery.com\/wp-content\/uploads\/2023\/12\/Rodriguez_M.Martychowiec_2-150x150.jpg\" class=\"attachment-thumbnail size-thumbnail\" alt=\"\" \/><\/a>\n\t\t\t<\/div><\/figure><figure class='gallery-item'>\n\t\t\t<div class='gallery-icon landscape'>\n\t\t\t\t<a href='https:\/\/rodriguezgallery.com\/wp-content\/uploads\/2023\/12\/Rodriguez_M.Martychowiec_8.jpg'><img loading=\"lazy\" decoding=\"async\" width=\"150\" height=\"150\" src=\"https:\/\/rodriguezgallery.com\/wp-content\/uploads\/2023\/12\/Rodriguez_M.Martychowiec_8-150x150.jpg\" class=\"attachment-thumbnail size-thumbnail\" alt=\"\" \/><\/a>\n\t\t\t<\/div><\/figure><figure class='gallery-item'>\n\t\t\t<div class='gallery-icon landscape'>\n\t\t\t\t<a href='https:\/\/rodriguezgallery.com\/wp-content\/uploads\/2023\/12\/Rodriguez_M.Martychowiec_1.jpg'><img loading=\"lazy\" decoding=\"async\" width=\"150\" height=\"150\" src=\"https:\/\/rodriguezgallery.com\/wp-content\/uploads\/2023\/12\/Rodriguez_M.Martychowiec_1-150x150.jpg\" class=\"attachment-thumbnail size-thumbnail\" alt=\"\" \/><\/a>\n\t\t\t<\/div><\/figure><figure class='gallery-item'>\n\t\t\t<div class='gallery-icon landscape'>\n\t\t\t\t<a href='https:\/\/rodriguezgallery.com\/wp-content\/uploads\/2023\/12\/Rodriguez_M.Martychowiec_3.jpg'><img loading=\"lazy\" decoding=\"async\" width=\"150\" height=\"150\" src=\"https:\/\/rodriguezgallery.com\/wp-content\/uploads\/2023\/12\/Rodriguez_M.Martychowiec_3-150x150.jpg\" class=\"attachment-thumbnail size-thumbnail\" alt=\"\" \/><\/a>\n\t\t\t<\/div><\/figure>\n\t\t<\/div>\n<\/p>\n<\/div><\/div><\/div><\/div><\/div>","protected":false},"excerpt":{"rendered":"<p>Michal Martychowiec \u00a0| \u00a0Sreshta Rit Premnath Nothing but Blue Sky 08.12.2023 &#8211; 20.01.2024 Where does your heart belong? [Gdzie jest miejsce Twojego serca?] \u2013 neonowe pytanie, widniej\u0105ce na \u015bcianie, dotyczy <a class=\"moretag\" href=\"https:\/\/rodriguezgallery.com\/pl\/nothing-but-blue-sky\/\">Read More &#8230;<\/a><\/p>\n","protected":false},"author":1,"featured_media":0,"parent":0,"menu_order":0,"comment_status":"closed","ping_status":"closed","template":"full-width-page.php","meta":{"footnotes":""},"class_list":["post-6706","page","type-page","status-publish","hentry"],"_links":{"self":[{"href":"https:\/\/rodriguezgallery.com\/pl\/wp-json\/wp\/v2\/pages\/6706","targetHints":{"allow":["GET"]}}],"collection":[{"href":"https:\/\/rodriguezgallery.com\/pl\/wp-json\/wp\/v2\/pages"}],"about":[{"href":"https:\/\/rodriguezgallery.com\/pl\/wp-json\/wp\/v2\/types\/page"}],"author":[{"embeddable":true,"href":"https:\/\/rodriguezgallery.com\/pl\/wp-json\/wp\/v2\/users\/1"}],"replies":[{"embeddable":true,"href":"https:\/\/rodriguezgallery.com\/pl\/wp-json\/wp\/v2\/comments?post=6706"}],"version-history":[{"count":1,"href":"https:\/\/rodriguezgallery.com\/pl\/wp-json\/wp\/v2\/pages\/6706\/revisions"}],"predecessor-version":[{"id":6729,"href":"https:\/\/rodriguezgallery.com\/pl\/wp-json\/wp\/v2\/pages\/6706\/revisions\/6729"}],"wp:attachment":[{"href":"https:\/\/rodriguezgallery.com\/pl\/wp-json\/wp\/v2\/media?parent=6706"}],"curies":[{"name":"wp","href":"https:\/\/api.w.org\/{rel}","templated":true}]}}