{"id":6742,"date":"2024-01-23T12:45:44","date_gmt":"2024-01-23T10:45:44","guid":{"rendered":"https:\/\/rodriguezgallery.com\/?page_id=6742"},"modified":"2024-01-23T12:46:36","modified_gmt":"2024-01-23T10:46:36","slug":"warsztaty-2023-cykl-warsztatow","status":"publish","type":"page","link":"https:\/\/rodriguezgallery.com\/pl\/warsztaty-2023-cykl-warsztatow\/","title":{"rendered":"(English) Warsztaty 2023 &#8211; cykl warsztat\u00f3w"},"content":{"rendered":"<div id=\"pl-6742\"  class=\"panel-layout\" ><div id=\"pg-6742-0\"  class=\"panel-grid panel-no-style\" ><div id=\"pgc-6742-0-0\"  class=\"panel-grid-cell\" ><div id=\"panel-6742-0-0-0\" class=\"so-panel widget widget_black-studio-tinymce widget_black_studio_tinymce panel-first-child panel-last-child\" data-index=\"0\" ><div class=\"textwidget\"><p><span class=\"\" style=\"display:block;clear:both;height: 0px;padding-top: 20px;border-top-width:0px;border-bottom-width:0px;\"><\/span><\/p>\n<h6>W<strong>arsztaty dla dzieci\u00a0(w ramach: Pierwsze spotkanie ze sztuk\u0105 wsp\u00f3\u0142czesn\u0105 \u2013 cykl warsztat\u00f3w dla dzieci )<\/strong><\/h6>\n<h6>Projekt dofinansowany ze \u015brodk\u00f3w Samorz\u0105du Wojew\u00f3dztwa Wielkopolskiego.<\/h6>\n<h6><a href=\"https:\/\/rodriguezgallery.com\/wp-content\/uploads\/2024\/01\/SCENARIUSZ-WARSZTATOW-CYKL-Warsztatow-2.pdf\" target=\"_blank\" rel=\"noopener\">Scenariusz warsztat\u00f3w<\/a><\/h6>\n<p>&nbsp;<\/p>\n<p><img loading=\"lazy\" decoding=\"async\" class=\"wp-image-3254 alignleft\" src=\"https:\/\/rodriguezgallery.com\/wp-content\/uploads\/2018\/01\/26827920_10156995613823136_398906106_o.jpg\" alt=\"\" width=\"321\" height=\"100\" srcset=\"https:\/\/rodriguezgallery.com\/wp-content\/uploads\/2018\/01\/26827920_10156995613823136_398906106_o.jpg 1404w, https:\/\/rodriguezgallery.com\/wp-content\/uploads\/2018\/01\/26827920_10156995613823136_398906106_o-300x94.jpg 300w, https:\/\/rodriguezgallery.com\/wp-content\/uploads\/2018\/01\/26827920_10156995613823136_398906106_o-768x240.jpg 768w, https:\/\/rodriguezgallery.com\/wp-content\/uploads\/2018\/01\/26827920_10156995613823136_398906106_o-1024x319.jpg 1024w\" sizes=\"auto, (max-width: 321px) 100vw, 321px\" \/><\/p>\n<p>&nbsp;<\/p>\n<p>&nbsp;<\/p>\n<h6><\/h6>\n<\/div><\/div><\/div><div id=\"pgc-6742-0-1\"  class=\"panel-grid-cell\" ><div id=\"panel-6742-0-1-0\" class=\"so-panel widget widget_black-studio-tinymce widget_black_studio_tinymce panel-first-child panel-last-child\" data-index=\"1\" ><div class=\"textwidget\"><p><img loading=\"lazy\" decoding=\"async\" class=\"aligncenter size-medium wp-image-6743\" src=\"https:\/\/rodriguezgallery.com\/wp-content\/uploads\/2024\/01\/Warsztaty-02-300x225.jpg\" alt=\"\" width=\"300\" height=\"225\" srcset=\"https:\/\/rodriguezgallery.com\/wp-content\/uploads\/2024\/01\/Warsztaty-02-300x225.jpg 300w, https:\/\/rodriguezgallery.com\/wp-content\/uploads\/2024\/01\/Warsztaty-02-1024x768.jpg 1024w, https:\/\/rodriguezgallery.com\/wp-content\/uploads\/2024\/01\/Warsztaty-02-768x576.jpg 768w, https:\/\/rodriguezgallery.com\/wp-content\/uploads\/2024\/01\/Warsztaty-02-1536x1152.jpg 1536w, https:\/\/rodriguezgallery.com\/wp-content\/uploads\/2024\/01\/Warsztaty-02-2048x1536.jpg 2048w\" sizes=\"auto, (max-width: 300px) 100vw, 300px\" \/><\/p>\n<\/div><\/div><\/div><\/div><\/div>","protected":false},"excerpt":{"rendered":"<p>Warsztaty dla dzieci\u00a0(w ramach: Pierwsze spotkanie ze sztuk\u0105 wsp\u00f3\u0142czesn\u0105 \u2013 cykl warsztat\u00f3w dla dzieci ) Projekt dofinansowany ze \u015brodk\u00f3w Samorz\u0105du Wojew\u00f3dztwa Wielkopolskiego. Scenariusz warsztat\u00f3w &nbsp; &nbsp; &nbsp;<\/p>\n","protected":false},"author":1,"featured_media":0,"parent":0,"menu_order":0,"comment_status":"closed","ping_status":"closed","template":"full-width-page.php","meta":{"footnotes":""},"class_list":["post-6742","page","type-page","status-publish","hentry"],"_links":{"self":[{"href":"https:\/\/rodriguezgallery.com\/pl\/wp-json\/wp\/v2\/pages\/6742","targetHints":{"allow":["GET"]}}],"collection":[{"href":"https:\/\/rodriguezgallery.com\/pl\/wp-json\/wp\/v2\/pages"}],"about":[{"href":"https:\/\/rodriguezgallery.com\/pl\/wp-json\/wp\/v2\/types\/page"}],"author":[{"embeddable":true,"href":"https:\/\/rodriguezgallery.com\/pl\/wp-json\/wp\/v2\/users\/1"}],"replies":[{"embeddable":true,"href":"https:\/\/rodriguezgallery.com\/pl\/wp-json\/wp\/v2\/comments?post=6742"}],"version-history":[{"count":1,"href":"https:\/\/rodriguezgallery.com\/pl\/wp-json\/wp\/v2\/pages\/6742\/revisions"}],"predecessor-version":[{"id":6746,"href":"https:\/\/rodriguezgallery.com\/pl\/wp-json\/wp\/v2\/pages\/6742\/revisions\/6746"}],"wp:attachment":[{"href":"https:\/\/rodriguezgallery.com\/pl\/wp-json\/wp\/v2\/media?parent=6742"}],"curies":[{"name":"wp","href":"https:\/\/api.w.org\/{rel}","templated":true}]}}