{"id":6749,"date":"2024-01-23T13:53:12","date_gmt":"2024-01-23T11:53:12","guid":{"rendered":"https:\/\/rodriguezgallery.com\/?page_id=6749"},"modified":"2024-01-23T13:54:05","modified_gmt":"2024-01-23T11:54:05","slug":"warsztaty-2023-cykl-wystaw","status":"publish","type":"page","link":"https:\/\/rodriguezgallery.com\/pl\/warsztaty-2023-cykl-wystaw\/","title":{"rendered":"(English) Warsztaty 2023 &#8211; cykl wystaw"},"content":{"rendered":"<div id=\"pl-6749\"  class=\"panel-layout\" ><div id=\"pg-6749-0\"  class=\"panel-grid panel-no-style\" ><div id=\"pgc-6749-0-0\"  class=\"panel-grid-cell\" ><div id=\"panel-6749-0-0-0\" class=\"so-panel widget widget_black-studio-tinymce widget_black_studio_tinymce panel-first-child panel-last-child\" data-index=\"0\" ><div class=\"textwidget\"><p><span class=\"\" style=\"display:block;clear:both;height: 0px;padding-top: 20px;border-top-width:0px;border-bottom-width:0px;\"><\/span><\/p>\n<h6><strong>Warsztaty dla dzieci\u00a0(w ramach: Cykl wystaw i dzia\u0142a\u0144 edukacyjnych w Rodriguez Gallery)<\/strong><\/h6>\n<h6>Projekt dofinansowany ze \u015brodk\u00f3w bud\u017cetu Miasta Poznania<\/h6>\n<h6><a href=\"https:\/\/rodriguezgallery.com\/wp-content\/uploads\/2024\/01\/SCENARIUSZ-WARSZTATOW.pdf\" target=\"_blank\" rel=\"noopener\">Scenariusz warsztat\u00f3w I<\/a><\/h6>\n<p>&nbsp;<\/p>\n<p><img loading=\"lazy\" decoding=\"async\" class=\"wp-image-2924 alignleft\" src=\"https:\/\/rodriguezgallery.com\/wp-content\/uploads\/2017\/10\/LOGO_POZNAN_PL_RGB_bz.jpg\" alt=\"\" width=\"189\" height=\"65\" srcset=\"https:\/\/rodriguezgallery.com\/wp-content\/uploads\/2017\/10\/LOGO_POZNAN_PL_RGB_bz.jpg 2732w, https:\/\/rodriguezgallery.com\/wp-content\/uploads\/2017\/10\/LOGO_POZNAN_PL_RGB_bz-300x103.jpg 300w, https:\/\/rodriguezgallery.com\/wp-content\/uploads\/2017\/10\/LOGO_POZNAN_PL_RGB_bz-768x264.jpg 768w, https:\/\/rodriguezgallery.com\/wp-content\/uploads\/2017\/10\/LOGO_POZNAN_PL_RGB_bz-1024x352.jpg 1024w\" sizes=\"auto, (max-width: 189px) 100vw, 189px\" \/><\/p>\n<\/div><\/div><\/div><div id=\"pgc-6749-0-1\"  class=\"panel-grid-cell\" ><div id=\"panel-6749-0-1-0\" class=\"so-panel widget widget_black-studio-tinymce widget_black_studio_tinymce panel-first-child panel-last-child\" data-index=\"1\" ><div class=\"textwidget\"><p><img loading=\"lazy\" decoding=\"async\" class=\"aligncenter size-medium wp-image-6750\" src=\"https:\/\/rodriguezgallery.com\/wp-content\/uploads\/2024\/01\/Warsztaty-Pierwsze-spotkanie-ze-sztuka-wspolczesna-Rodriguez-Gallery-2023-fot.-Dawid-Dzwonkowski-225x300.jpg\" alt=\"\" width=\"225\" height=\"300\" srcset=\"https:\/\/rodriguezgallery.com\/wp-content\/uploads\/2024\/01\/Warsztaty-Pierwsze-spotkanie-ze-sztuka-wspolczesna-Rodriguez-Gallery-2023-fot.-Dawid-Dzwonkowski-225x300.jpg 225w, https:\/\/rodriguezgallery.com\/wp-content\/uploads\/2024\/01\/Warsztaty-Pierwsze-spotkanie-ze-sztuka-wspolczesna-Rodriguez-Gallery-2023-fot.-Dawid-Dzwonkowski-768x1024.jpg 768w, https:\/\/rodriguezgallery.com\/wp-content\/uploads\/2024\/01\/Warsztaty-Pierwsze-spotkanie-ze-sztuka-wspolczesna-Rodriguez-Gallery-2023-fot.-Dawid-Dzwonkowski-1152x1536.jpg 1152w, https:\/\/rodriguezgallery.com\/wp-content\/uploads\/2024\/01\/Warsztaty-Pierwsze-spotkanie-ze-sztuka-wspolczesna-Rodriguez-Gallery-2023-fot.-Dawid-Dzwonkowski-1536x2048.jpg 1536w, https:\/\/rodriguezgallery.com\/wp-content\/uploads\/2024\/01\/Warsztaty-Pierwsze-spotkanie-ze-sztuka-wspolczesna-Rodriguez-Gallery-2023-fot.-Dawid-Dzwonkowski-300x400.jpg 300w, https:\/\/rodriguezgallery.com\/wp-content\/uploads\/2024\/01\/Warsztaty-Pierwsze-spotkanie-ze-sztuka-wspolczesna-Rodriguez-Gallery-2023-fot.-Dawid-Dzwonkowski-scaled.jpg 1920w\" sizes=\"auto, (max-width: 225px) 100vw, 225px\" \/><\/p>\n<\/div><\/div><\/div><\/div><\/div>","protected":false},"excerpt":{"rendered":"<p>Warsztaty dla dzieci\u00a0(w ramach: Cykl wystaw i dzia\u0142a\u0144 edukacyjnych w Rodriguez Gallery) Projekt dofinansowany ze \u015brodk\u00f3w bud\u017cetu Miasta Poznania Scenariusz warsztat\u00f3w I &nbsp;<\/p>\n","protected":false},"author":1,"featured_media":0,"parent":0,"menu_order":0,"comment_status":"closed","ping_status":"closed","template":"full-width-page.php","meta":{"footnotes":""},"class_list":["post-6749","page","type-page","status-publish","hentry"],"_links":{"self":[{"href":"https:\/\/rodriguezgallery.com\/pl\/wp-json\/wp\/v2\/pages\/6749","targetHints":{"allow":["GET"]}}],"collection":[{"href":"https:\/\/rodriguezgallery.com\/pl\/wp-json\/wp\/v2\/pages"}],"about":[{"href":"https:\/\/rodriguezgallery.com\/pl\/wp-json\/wp\/v2\/types\/page"}],"author":[{"embeddable":true,"href":"https:\/\/rodriguezgallery.com\/pl\/wp-json\/wp\/v2\/users\/1"}],"replies":[{"embeddable":true,"href":"https:\/\/rodriguezgallery.com\/pl\/wp-json\/wp\/v2\/comments?post=6749"}],"version-history":[{"count":1,"href":"https:\/\/rodriguezgallery.com\/pl\/wp-json\/wp\/v2\/pages\/6749\/revisions"}],"predecessor-version":[{"id":6753,"href":"https:\/\/rodriguezgallery.com\/pl\/wp-json\/wp\/v2\/pages\/6749\/revisions\/6753"}],"wp:attachment":[{"href":"https:\/\/rodriguezgallery.com\/pl\/wp-json\/wp\/v2\/media?parent=6749"}],"curies":[{"name":"wp","href":"https:\/\/api.w.org\/{rel}","templated":true}]}}