{"id":6756,"date":"2024-01-26T12:51:47","date_gmt":"2024-01-26T10:51:47","guid":{"rendered":"https:\/\/rodriguezgallery.com\/?page_id=6756"},"modified":"2024-01-26T13:08:40","modified_gmt":"2024-01-26T11:08:40","slug":"wystawa-dyplomowa-rynarzewska","status":"publish","type":"page","link":"https:\/\/rodriguezgallery.com\/pl\/wystawa-dyplomowa-rynarzewska\/","title":{"rendered":"(English) Wystawa dyplomowa &#8211; Rynarzewska"},"content":{"rendered":"<div id=\"pl-6756\"  class=\"panel-layout\" ><div id=\"pg-6756-0\"  class=\"panel-grid panel-no-style\" ><div id=\"pgc-6756-0-0\"  class=\"panel-grid-cell\" ><div id=\"panel-6756-0-0-0\" class=\"so-panel widget widget_black-studio-tinymce widget_black_studio_tinymce panel-first-child panel-last-child\" data-index=\"0\" ><div class=\"textwidget\"><h6><span class=\"\" style=\"display:block;clear:both;height: 0px;padding-top: 20px;border-top-width:0px;border-bottom-width:0px;\"><\/span><br \/>\n<strong>Anka Rynarzewska<\/strong><br \/>\n<em>Historie u\u017cytkowania<\/em><br \/>\nWystawa dyplomowa<br \/>\nCzerwiec 2023<\/h6>\n<h6>Dom, mo\u017ce posiada\u0107 wiele \u201ctwarzy\u201c, w zale\u017cno\u015bci od aktualnego dobrobytu psychicznego domownik\u00f3w czy ich witalno\u015bci. Domownicy wp\u0142ywaj\u0105 na jego stan, a on na ich. Gdy nie jest piel\u0119gnowany fizycznie i karmiony energi\u0105 w swoisty spos\u00f3b, odczuwa brak, zanik. Wtedy zaczyna marnie\u0107, jest blady, zm\u0119czony. Z kolei gdy jest pe\u0142en energii, gdy ma swojego opieku\u0144czego ducha domowego ogniska, to mo\u017cna si\u0119 w nim \u201czapomnie\u0107\u201d, otula nas swoim ciep\u0142em. Ka\u017cde cztery k\u0105ty posiadaj\u0105 swoje w\u0142asne unikatowe odg\u0142osy i powidoki prywatno\u015bci. Warto si\u0119 ws\u0142ucha\u0107 i wychwyci\u0107 w jakiej formie jest dom.<\/h6>\n<h6>Anka Rynarzewska - studiuje Edukacj\u0119 Artystyczn\u0105 oraz Fotografi\u0119 na Uniwersytecie Artystycznym im. Magdaleny Abakanowicz w Poznaniu. Si\u0142\u0105 sprawcz\u0105 jej realizacji s\u0105 historie rodzinne oraz otoczenie, w kt\u00f3rym si\u0119 wychowa\u0142a. Stanowi\u0105 one punkt wyj\u015bcia do interpretacji wsp\u00f3\u0142czesnych zjawisk spo\u0142ecznych.<\/h6>\n<h6>Praca dyplomowa zrealizowana w II Pracowni Malarstwa, pod opiek\u0105 dr Magdaleny Kleszy\u0144skiej<\/h6>\n<h6>Projekt dofinansowany z bud\u017cetu Miasta Poznania<\/h6>\n<h6>#poznanwspiera<\/h6>\n<\/div><\/div><\/div><div id=\"pgc-6756-0-1\"  class=\"panel-grid-cell\" ><div id=\"panel-6756-0-1-0\" class=\"so-panel widget widget_black-studio-tinymce widget_black_studio_tinymce panel-first-child panel-last-child\" data-index=\"1\" ><div class=\"textwidget\"><p><span class=\"\" style=\"display:block;clear:both;height: 0px;padding-top: 20px;border-top-width:0px;border-bottom-width:0px;\"><\/span><\/p>\n<p><div id='gallery-1' class='gallery galleryid-6756 gallery-columns-3 gallery-size-thumbnail'><figure class='gallery-item'>\n\t\t\t<div class='gallery-icon landscape'>\n\t\t\t\t<a href='https:\/\/rodriguezgallery.com\/wp-content\/uploads\/2024\/01\/Rodriguez47-scaled.jpg'><img loading=\"lazy\" decoding=\"async\" width=\"150\" height=\"150\" src=\"https:\/\/rodriguezgallery.com\/wp-content\/uploads\/2024\/01\/Rodriguez47-150x150.jpg\" class=\"attachment-thumbnail size-thumbnail\" alt=\"\" \/><\/a>\n\t\t\t<\/div><\/figure><figure class='gallery-item'>\n\t\t\t<div class='gallery-icon landscape'>\n\t\t\t\t<a href='https:\/\/rodriguezgallery.com\/wp-content\/uploads\/2024\/01\/Rodriguez12-scaled.jpg'><img loading=\"lazy\" decoding=\"async\" width=\"150\" height=\"150\" src=\"https:\/\/rodriguezgallery.com\/wp-content\/uploads\/2024\/01\/Rodriguez12-150x150.jpg\" class=\"attachment-thumbnail size-thumbnail\" alt=\"\" \/><\/a>\n\t\t\t<\/div><\/figure><figure class='gallery-item'>\n\t\t\t<div class='gallery-icon landscape'>\n\t\t\t\t<a href='https:\/\/rodriguezgallery.com\/wp-content\/uploads\/2024\/01\/Rodriguez57-scaled.jpg'><img loading=\"lazy\" decoding=\"async\" width=\"150\" height=\"150\" src=\"https:\/\/rodriguezgallery.com\/wp-content\/uploads\/2024\/01\/Rodriguez57-150x150.jpg\" class=\"attachment-thumbnail size-thumbnail\" alt=\"\" \/><\/a>\n\t\t\t<\/div><\/figure>\n\t\t<\/div>\n<\/p>\n<\/div><\/div><\/div><\/div><\/div>","protected":false},"excerpt":{"rendered":"<p>Anka Rynarzewska Historie u\u017cytkowania Wystawa dyplomowa Czerwiec 2023 Dom, mo\u017ce posiada\u0107 wiele \u201ctwarzy\u201c, w zale\u017cno\u015bci od aktualnego dobrobytu psychicznego domownik\u00f3w czy ich witalno\u015bci. Domownicy wp\u0142ywaj\u0105 na jego stan, a on <a class=\"moretag\" href=\"https:\/\/rodriguezgallery.com\/pl\/wystawa-dyplomowa-rynarzewska\/\">Read More &#8230;<\/a><\/p>\n","protected":false},"author":1,"featured_media":0,"parent":0,"menu_order":0,"comment_status":"closed","ping_status":"closed","template":"full-width-page.php","meta":{"footnotes":""},"class_list":["post-6756","page","type-page","status-publish","hentry"],"_links":{"self":[{"href":"https:\/\/rodriguezgallery.com\/pl\/wp-json\/wp\/v2\/pages\/6756","targetHints":{"allow":["GET"]}}],"collection":[{"href":"https:\/\/rodriguezgallery.com\/pl\/wp-json\/wp\/v2\/pages"}],"about":[{"href":"https:\/\/rodriguezgallery.com\/pl\/wp-json\/wp\/v2\/types\/page"}],"author":[{"embeddable":true,"href":"https:\/\/rodriguezgallery.com\/pl\/wp-json\/wp\/v2\/users\/1"}],"replies":[{"embeddable":true,"href":"https:\/\/rodriguezgallery.com\/pl\/wp-json\/wp\/v2\/comments?post=6756"}],"version-history":[{"count":1,"href":"https:\/\/rodriguezgallery.com\/pl\/wp-json\/wp\/v2\/pages\/6756\/revisions"}],"predecessor-version":[{"id":6772,"href":"https:\/\/rodriguezgallery.com\/pl\/wp-json\/wp\/v2\/pages\/6756\/revisions\/6772"}],"wp:attachment":[{"href":"https:\/\/rodriguezgallery.com\/pl\/wp-json\/wp\/v2\/media?parent=6756"}],"curies":[{"name":"wp","href":"https:\/\/api.w.org\/{rel}","templated":true}]}}