{"id":6761,"date":"2024-01-26T12:53:15","date_gmt":"2024-01-26T10:53:15","guid":{"rendered":"https:\/\/rodriguezgallery.com\/?page_id=6761"},"modified":"2024-01-26T13:07:56","modified_gmt":"2024-01-26T11:07:56","slug":"wystawa-dyplomowa-janik","status":"publish","type":"page","link":"https:\/\/rodriguezgallery.com\/pl\/wystawa-dyplomowa-janik\/","title":{"rendered":"(English) Wystawa dyplomowa &#8211; Janik"},"content":{"rendered":"<div id=\"pl-6761\"  class=\"panel-layout\" ><div id=\"pg-6761-0\"  class=\"panel-grid panel-no-style\" ><div id=\"pgc-6761-0-0\"  class=\"panel-grid-cell\" ><div id=\"panel-6761-0-0-0\" class=\"so-panel widget widget_black-studio-tinymce widget_black_studio_tinymce panel-first-child panel-last-child\" data-index=\"0\" ><div class=\"textwidget\"><h6><span class=\"\" style=\"display:block;clear:both;height: 0px;padding-top: 20px;border-top-width:0px;border-bottom-width:0px;\"><\/span><br \/>\n<strong>Mateusz Janik<\/strong><br \/>\n<span style=\"color: #121212; font-size: 14px;\"><em>Contents in the Mirror Are Closer than They Appear<\/em><br \/>\n<\/span><span style=\"color: #121212; font-size: 14px;\">Wystawa doktorska<br \/>\n<\/span><span style=\"color: #121212; font-size: 14px;\">Czerwiec 2023<\/span><\/h6>\n<div>\n<h6><span class=\"gmail_signature_prefix\">Tak jak w internecie nic nie ginie, tak wszystko p\u0142ynie. Wszystko p\u0142ynnie i wszystko w-p\u0142ynie. W\u0119druj\u0105c od memu do memu, od przycisku \u201eplay\u201d do kropki na klawiaturze, od retweetu do loginu, m\u00f3j figitalny byt wychodzi poza mnie, ch\u0142onie to wszystko i wraca na miejsce. Wszystko, co napotka na swojej drodze, oddaje mi, abym w skondensowanej formule powtarza\u0142 na co dzie\u0144: pisz\u0105c, m\u00f3wi\u0105c, tworz\u0105c. Nie ma jednego imienia. Mo\u017ce si\u0119 rozmna\u017ca\u0107, rozszczepia\u0107 i przyjmowa\u0107 kolejne randomowe nazwy, niczym bot. Liczy si\u0119 tu i teraz, bo jutro i tak b\u0119dzie ch\u0142on\u0105\u0107 zupe\u0142nie inne tre\u015bci ni\u017c dzisiaj.<br \/>\nCo\u015b wch\u0142on\u0119\u0142o te\u017c Narcyza. Szum sprawi\u0142, \u017ce odbicie w wodzie p\u0119k\u0142o, zyska\u0142o stan sta\u0142y, przypominaj\u0105c ekran. Kwiat zwi\u0119dn\u0105\u0142, a po nim pozosta\u0142o tylko r\u00f3\u017cowe emoji\u00a0<img loading=\"lazy\" decoding=\"async\" class=\"CToWUd\" src=\"https:\/\/ci3.googleusercontent.com\/meips\/ADKq_NZFDokLKQLMgoLMQKMl6gcgzcjQrhI1EM8WfAzrN0t0IadqsgV4lM_3-3f41t-IIXr0eLHXTYP8FiUhl7YE4QbFauECWdnq5qQYR81iQ0SejcGZTXZA0aTPbQ=s0-d-e1-ft#https:\/\/static.xx.fbcdn.net\/images\/emoji.php\/v9\/t49\/1.5\/16\/1f338.png\" alt=\"\ud83c\udf38\" width=\"16\" height=\"16\" data-bit=\"iit\" \/>. Jak mo\u017cna zakocha\u0107 si\u0119 we w\u0142asnym odbiciu, gdy za ka\u017cdym razem wida\u0107 w nim kogo\u015b innego?\u00a0\u00a0<\/span><\/h6>\n<h6><span style=\"color: #121212; font-size: 14px;\">Wystawa pracy magisterskiej powsta\u0142ej na Wydziale Fotografii Uniwersytetu Artystycznego im. Magdaleny Abakanowicz w Poznaniu, promotor: prof. dr hab. Krzysztof J. Baranowski.<\/span><\/h6>\n<p>&nbsp;<\/p><\/div>\n<div>\n<h6>Projekt dofinansowany z bud\u017cetu Miasta Poznania<\/h6>\n<h6>#poznanwspiera<\/h6>\n<\/div>\n<\/div><\/div><\/div><div id=\"pgc-6761-0-1\"  class=\"panel-grid-cell\" ><div id=\"panel-6761-0-1-0\" class=\"so-panel widget widget_black-studio-tinymce widget_black_studio_tinymce panel-first-child panel-last-child\" data-index=\"1\" ><div class=\"textwidget\"><p><div id='gallery-1' class='gallery galleryid-6761 gallery-columns-3 gallery-size-thumbnail'><figure class='gallery-item'>\n\t\t\t<div class='gallery-icon landscape'>\n\t\t\t\t<a href='https:\/\/rodriguezgallery.com\/wp-content\/uploads\/2024\/01\/Contents-in-the-Mirror-Are-Closer-than-They-Appear-058-scaled.jpeg'><img loading=\"lazy\" decoding=\"async\" width=\"150\" height=\"150\" src=\"https:\/\/rodriguezgallery.com\/wp-content\/uploads\/2024\/01\/Contents-in-the-Mirror-Are-Closer-than-They-Appear-058-150x150.jpeg\" class=\"attachment-thumbnail size-thumbnail\" alt=\"\" \/><\/a>\n\t\t\t<\/div><\/figure><figure class='gallery-item'>\n\t\t\t<div class='gallery-icon portrait'>\n\t\t\t\t<a href='https:\/\/rodriguezgallery.com\/wp-content\/uploads\/2024\/01\/Contents-in-the-Mirror-Are-Closer-than-They-Appear-082-scaled.jpeg'><img loading=\"lazy\" decoding=\"async\" width=\"150\" height=\"150\" src=\"https:\/\/rodriguezgallery.com\/wp-content\/uploads\/2024\/01\/Contents-in-the-Mirror-Are-Closer-than-They-Appear-082-150x150.jpeg\" class=\"attachment-thumbnail size-thumbnail\" alt=\"\" \/><\/a>\n\t\t\t<\/div><\/figure><figure class='gallery-item'>\n\t\t\t<div class='gallery-icon landscape'>\n\t\t\t\t<a href='https:\/\/rodriguezgallery.com\/wp-content\/uploads\/2024\/01\/Contents-in-the-Mirror-Are-Closer-than-They-Appear-031-scaled.jpeg'><img loading=\"lazy\" decoding=\"async\" width=\"150\" height=\"150\" src=\"https:\/\/rodriguezgallery.com\/wp-content\/uploads\/2024\/01\/Contents-in-the-Mirror-Are-Closer-than-They-Appear-031-150x150.jpeg\" class=\"attachment-thumbnail size-thumbnail\" alt=\"\" \/><\/a>\n\t\t\t<\/div><\/figure><figure class='gallery-item'>\n\t\t\t<div class='gallery-icon landscape'>\n\t\t\t\t<a href='https:\/\/rodriguezgallery.com\/wp-content\/uploads\/2024\/01\/Contents-in-the-Mirror-Are-Closer-than-They-Appear-087-scaled.jpeg'><img loading=\"lazy\" decoding=\"async\" width=\"150\" height=\"150\" src=\"https:\/\/rodriguezgallery.com\/wp-content\/uploads\/2024\/01\/Contents-in-the-Mirror-Are-Closer-than-They-Appear-087-150x150.jpeg\" class=\"attachment-thumbnail size-thumbnail\" alt=\"\" \/><\/a>\n\t\t\t<\/div><\/figure>\n\t\t<\/div>\n<\/p>\n<\/div><\/div><\/div><\/div><\/div>","protected":false},"excerpt":{"rendered":"<p>Mateusz Janik Contents in the Mirror Are Closer than They Appear Wystawa doktorska Czerwiec 2023 Tak jak w internecie nic nie ginie, tak wszystko p\u0142ynie. Wszystko p\u0142ynnie i wszystko w-p\u0142ynie. <a class=\"moretag\" href=\"https:\/\/rodriguezgallery.com\/pl\/wystawa-dyplomowa-janik\/\">Read More &#8230;<\/a><\/p>\n","protected":false},"author":1,"featured_media":0,"parent":0,"menu_order":0,"comment_status":"closed","ping_status":"closed","template":"full-width-page.php","meta":{"footnotes":""},"class_list":["post-6761","page","type-page","status-publish","hentry"],"_links":{"self":[{"href":"https:\/\/rodriguezgallery.com\/pl\/wp-json\/wp\/v2\/pages\/6761","targetHints":{"allow":["GET"]}}],"collection":[{"href":"https:\/\/rodriguezgallery.com\/pl\/wp-json\/wp\/v2\/pages"}],"about":[{"href":"https:\/\/rodriguezgallery.com\/pl\/wp-json\/wp\/v2\/types\/page"}],"author":[{"embeddable":true,"href":"https:\/\/rodriguezgallery.com\/pl\/wp-json\/wp\/v2\/users\/1"}],"replies":[{"embeddable":true,"href":"https:\/\/rodriguezgallery.com\/pl\/wp-json\/wp\/v2\/comments?post=6761"}],"version-history":[{"count":1,"href":"https:\/\/rodriguezgallery.com\/pl\/wp-json\/wp\/v2\/pages\/6761\/revisions"}],"predecessor-version":[{"id":6771,"href":"https:\/\/rodriguezgallery.com\/pl\/wp-json\/wp\/v2\/pages\/6761\/revisions\/6771"}],"wp:attachment":[{"href":"https:\/\/rodriguezgallery.com\/pl\/wp-json\/wp\/v2\/media?parent=6761"}],"curies":[{"name":"wp","href":"https:\/\/api.w.org\/{rel}","templated":true}]}}