{"id":6801,"date":"2024-02-27T13:24:47","date_gmt":"2024-02-27T11:24:47","guid":{"rendered":"https:\/\/rodriguezgallery.com\/?page_id=6801"},"modified":"2024-02-28T18:24:00","modified_gmt":"2024-02-28T16:24:00","slug":"agnieszka-grodzinska-summer-bankrupt","status":"publish","type":"page","link":"https:\/\/rodriguezgallery.com\/pl\/agnieszka-grodzinska-summer-bankrupt\/","title":{"rendered":"(English) Agnieszka Grodzi\u0144ska &#8211; Summer Bankrupt"},"content":{"rendered":"<div id=\"pl-6801\"  class=\"panel-layout\" ><div id=\"pg-6801-0\"  class=\"panel-grid panel-no-style\" ><div id=\"pgc-6801-0-0\"  class=\"panel-grid-cell\" ><div id=\"panel-6801-0-0-0\" class=\"so-panel widget widget_black-studio-tinymce widget_black_studio_tinymce panel-first-child panel-last-child\" data-index=\"0\" ><div class=\"textwidget\"><h6><span class=\"\" style=\"display:block;clear:both;height: 0px;padding-top: 20px;border-top-width:0px;border-bottom-width:0px;\"><\/span><\/h6>\n<h6><strong>Agnieszka Grodzi\u0144ska<\/strong><br \/>\n<em>Summer Bankrupt<\/p>\n<p><\/em><i>Summer Bankrupt<\/i>\u00a0- instalacja Agnieszki Grodzi\u0144skiej w oknie Rodriguez Gallery to projekt prezentowany tam podczas wakacyjnej przerwy. Obiekty w witrynie transformuj\u0105 charakter miejsca, mieszaj\u0105c skojarzenia pochodz\u0105ce z obszaru afirmacyjnej komercjalizacji oferowanych produkt\u00f3w i intymnego voyeuryzmu uprawianego przy przenikaniu spojrzeniem sklepowych wystaw. W przypadku\u00a0<i>Summer Bankrupt<\/i> kolejne warstwy dioramy uk\u0142adaj\u0105 si\u0119 w wizualn\u0105 refleksj\u0119 nad przegrzaniem informacyjnym i wakacyjnym, pandemicznym fiaskiem.<\/h6>\n<p>&nbsp;<\/p>\n<p>&nbsp;<\/p>\n<h6>Projekt dofinansowany z bud\u017cetu Miasta Poznania<\/h6>\n<h6><\/h6>\n<\/div><\/div><\/div><div id=\"pgc-6801-0-1\"  class=\"panel-grid-cell\" ><div id=\"panel-6801-0-1-0\" class=\"so-panel widget widget_black-studio-tinymce widget_black_studio_tinymce panel-first-child panel-last-child\" data-index=\"1\" ><div class=\"textwidget\"><p><span class=\"\" style=\"display:block;clear:both;height: 0px;padding-top: 20px;border-top-width:0px;border-bottom-width:0px;\"><\/span><\/p>\n<p><div id='gallery-1' class='gallery galleryid-6801 gallery-columns-3 gallery-size-thumbnail'><figure class='gallery-item'>\n\t\t\t<div class='gallery-icon landscape'>\n\t\t\t\t<a href='https:\/\/rodriguezgallery.com\/wp-content\/uploads\/2024\/02\/48-72.jpg'><img loading=\"lazy\" decoding=\"async\" width=\"150\" height=\"150\" src=\"https:\/\/rodriguezgallery.com\/wp-content\/uploads\/2024\/02\/48-72-150x150.jpg\" class=\"attachment-thumbnail size-thumbnail\" alt=\"\" \/><\/a>\n\t\t\t<\/div><\/figure><figure class='gallery-item'>\n\t\t\t<div class='gallery-icon landscape'>\n\t\t\t\t<a href='https:\/\/rodriguezgallery.com\/wp-content\/uploads\/2024\/02\/35-72.jpg'><img loading=\"lazy\" decoding=\"async\" width=\"150\" height=\"150\" src=\"https:\/\/rodriguezgallery.com\/wp-content\/uploads\/2024\/02\/35-72-150x150.jpg\" class=\"attachment-thumbnail size-thumbnail\" alt=\"\" \/><\/a>\n\t\t\t<\/div><\/figure><figure class='gallery-item'>\n\t\t\t<div class='gallery-icon landscape'>\n\t\t\t\t<a href='https:\/\/rodriguezgallery.com\/wp-content\/uploads\/2024\/02\/17-72.jpg'><img loading=\"lazy\" decoding=\"async\" width=\"150\" height=\"150\" src=\"https:\/\/rodriguezgallery.com\/wp-content\/uploads\/2024\/02\/17-72-150x150.jpg\" class=\"attachment-thumbnail size-thumbnail\" alt=\"\" \/><\/a>\n\t\t\t<\/div><\/figure><figure class='gallery-item'>\n\t\t\t<div class='gallery-icon landscape'>\n\t\t\t\t<a href='https:\/\/rodriguezgallery.com\/wp-content\/uploads\/2024\/02\/21-72.jpg'><img loading=\"lazy\" decoding=\"async\" width=\"150\" height=\"150\" src=\"https:\/\/rodriguezgallery.com\/wp-content\/uploads\/2024\/02\/21-72-150x150.jpg\" class=\"attachment-thumbnail size-thumbnail\" alt=\"\" \/><\/a>\n\t\t\t<\/div><\/figure><figure class='gallery-item'>\n\t\t\t<div class='gallery-icon portrait'>\n\t\t\t\t<a href='https:\/\/rodriguezgallery.com\/wp-content\/uploads\/2024\/02\/10-72.jpg'><img loading=\"lazy\" decoding=\"async\" width=\"150\" height=\"150\" src=\"https:\/\/rodriguezgallery.com\/wp-content\/uploads\/2024\/02\/10-72-150x150.jpg\" class=\"attachment-thumbnail size-thumbnail\" alt=\"\" \/><\/a>\n\t\t\t<\/div><\/figure>\n\t\t<\/div>\n<\/p>\n<p>&nbsp;<\/p>\n<\/div><\/div><\/div><\/div><\/div>","protected":false},"excerpt":{"rendered":"<p>Agnieszka Grodzi\u0144ska Summer Bankrupt Summer Bankrupt\u00a0&#8211; instalacja Agnieszki Grodzi\u0144skiej w oknie Rodriguez Gallery to projekt prezentowany tam podczas wakacyjnej przerwy. Obiekty w witrynie transformuj\u0105 charakter miejsca, mieszaj\u0105c skojarzenia pochodz\u0105ce z <a class=\"moretag\" href=\"https:\/\/rodriguezgallery.com\/pl\/agnieszka-grodzinska-summer-bankrupt\/\">Read More &#8230;<\/a><\/p>\n","protected":false},"author":1,"featured_media":0,"parent":0,"menu_order":0,"comment_status":"closed","ping_status":"closed","template":"full-width-page.php","meta":{"footnotes":""},"class_list":["post-6801","page","type-page","status-publish","hentry"],"_links":{"self":[{"href":"https:\/\/rodriguezgallery.com\/pl\/wp-json\/wp\/v2\/pages\/6801","targetHints":{"allow":["GET"]}}],"collection":[{"href":"https:\/\/rodriguezgallery.com\/pl\/wp-json\/wp\/v2\/pages"}],"about":[{"href":"https:\/\/rodriguezgallery.com\/pl\/wp-json\/wp\/v2\/types\/page"}],"author":[{"embeddable":true,"href":"https:\/\/rodriguezgallery.com\/pl\/wp-json\/wp\/v2\/users\/1"}],"replies":[{"embeddable":true,"href":"https:\/\/rodriguezgallery.com\/pl\/wp-json\/wp\/v2\/comments?post=6801"}],"version-history":[{"count":1,"href":"https:\/\/rodriguezgallery.com\/pl\/wp-json\/wp\/v2\/pages\/6801\/revisions"}],"predecessor-version":[{"id":6812,"href":"https:\/\/rodriguezgallery.com\/pl\/wp-json\/wp\/v2\/pages\/6801\/revisions\/6812"}],"wp:attachment":[{"href":"https:\/\/rodriguezgallery.com\/pl\/wp-json\/wp\/v2\/media?parent=6801"}],"curies":[{"name":"wp","href":"https:\/\/api.w.org\/{rel}","templated":true}]}}