{"id":6857,"date":"2024-04-11T17:42:17","date_gmt":"2024-04-11T15:42:17","guid":{"rendered":"https:\/\/rodriguezgallery.com\/?page_id=6857"},"modified":"2024-05-13T11:58:19","modified_gmt":"2024-05-13T09:58:19","slug":"michal-martychowiec-after","status":"publish","type":"page","link":"https:\/\/rodriguezgallery.com\/pl\/michal-martychowiec-after\/","title":{"rendered":"(English) Michal Martychowiec &#8211; After"},"content":{"rendered":"<div id=\"pl-6857\"  class=\"panel-layout\" ><div id=\"pg-6857-0\"  class=\"panel-grid panel-no-style\" ><div id=\"pgc-6857-0-0\"  class=\"panel-grid-cell\" ><div id=\"panel-6857-0-0-0\" class=\"so-panel widget widget_black-studio-tinymce widget_black_studio_tinymce panel-first-child panel-last-child\" data-index=\"0\" ><div class=\"textwidget\"><h6><span class=\"\" style=\"display:block;clear:both;height: 0px;padding-top: 20px;border-top-width:0px;border-bottom-width:0px;\"><\/span><br \/>\n<strong>Michal Martychowiec<\/strong><br \/>\n<em>After<\/em><br \/>\n19.04 - 20.05.2024<\/h6>\n<h6>Wszyscy znamy dzie\u0142a sztuki tworzone \u201cwed\u0142ug\u201d historycznie znacz\u0105cych mistrz\u00f3w. To na\u015bladownictwo historycznych styl\u00f3w artystycznych by\u0142o szczeg\u00f3lnie ciep\u0142o przyj\u0119te w XIX wieku, okresie definiowanym przez gorliwe kolekcjonowanie dziedzictwa artystycznego. Ta metoda przetrwa\u0142a do ponowoczesno\u015bci, \u0142\u0105cz\u0105c si\u0119 z takimi koncepcjami jak \u201ckoniec historii\u201d.<\/p>\n<p>Co ciekawe, mo\u017cna by uzna\u0107, \u017ce dzie\u0142a w tym stylu cz\u0119sto pokazuj\u0105 historyczny regres, a nie rozw\u00f3j wewn\u0105trz historycznej narracji. Nawet przy za\u0142o\u017ceniu, \u017ce ponowoczesne pastisze czasami zawieraj\u0105 cechy komentarza spo\u0142ecznego, samo s\u0142owo \u201cafter\u201d (,,wed\u0142ug\u201d lub \u201cpo\u201d) pochodzi ze staroangielskiego s\u0142owa \u201c\u00e6fter\u201d, kt\u00f3re przywo\u0142uje spadkobierstwo lub rozw\u00f3j, co widoczne jest przy wyra\u017ceniu \u201c\u00e6ftercn\u0113oresu\u201d, kt\u00f3re oznacza potomno\u015b\u0107.<\/p>\n<p>Mo\u017cliwe, \u017ce poszukiwanie \u201chistorycznego znaczenia\u201d tych stara\u0144 jest ca\u0142kowicie nietrafione. To zapytanie wychodzi od wsp\u00f3\u0142czesnego paragydmatu linearnego rozwoju spo\u0142ecznego oraz zachodniocentrycznego \u015bwiatopogl\u0105du, kt\u00f3ry zak\u0142ada utworzenie ko\u0144cowego kulturowego i spo\u0142ecznego zenitu. Ta trajektoria, zapowiadana przez Fukuyam\u0119 jako \u201ckoniec historii\u201d, tworzy obraz punktu kulminacyjnego, w kt\u00f3rym ewolucja spo\u0142eczna osi\u0105ga perfekcj\u0119.<\/p>\n<p>A jednak cz\u0142owiek zawsze potrzebuje \u2019\u2019wzrostu\u2019\u2019, podejmuj\u0105c niesko\u0144czone pr\u00f3by rozwoju i ulepszenia. Mimo wszystko wspomniane poszukiwania powinny by\u0107 osadzone w kontek\u015bcie szerszego kontinuum historycznego. Nie jest zatem zaskakuj\u0105ce, \u017ce po okresie sejsmicznych rewolucji kulturowych, jak te, kt\u00f3rych cz\u0142owiek do\u015bwiadczy\u0142 w Europie (Modernizm) czy Chinach (rewolucja kulturalna), arty\u015bci cz\u0119sto pr\u00f3buj\u0105 osadzi\u0107 si\u0119 w historii.<\/p>\n<p>W ten spos\u00f3b adaptacja styl\u00f3w oznaczonych jako \u201cafter\u2026\u201d obna\u017ca wsp\u00f3\u0142czesny impuls, by stworzy\u0107 po\u0142\u0105czenie z histori\u0105 w postulowanym nast\u0119pstwie jej zako\u0144czenia.<\/p>\n<p>W swojej praktyce Martychowiec cz\u0119sto wykorzystuje krytyczne \u015bledzenie rzekomego historycznego importu przypisywanego sztuce wewn\u0105trz kulturowych i spo\u0142ecznych ram. Poprzez zr\u0119czne przywo\u0142ywanie spektrum odniesie\u0144 artystyczno-historycznych, artysta systematycznie podwa\u017ca utart\u0105 koncepcj\u0119 linearnej progresji historycznej, gdzie historia toczy si\u0119 z okre\u015blonego pocz\u0105tku a\u017c do za\u0142o\u017conego ko\u0144ca. Artysta ocenia kluczow\u0105 rol\u0119 przyznan\u0105 sztuce w tej narracji. Chocia\u017c Martychowiec uznaje spo\u0142eczne transformacje za nieuniknione, prowokacyjnie twierdzi, \u017ce nie musz\u0105 one oznacza\u0107 rozwoju czy regresu. W swoich rozwa\u017caniach artysta podkre\u015bla ide\u0119, \u017ce wsp\u00f3\u0142czesno\u015b\u0107 nie jest jedynie punktem na skali historycznego kontinuum; zamiast tego reprezentuje ona dynamiczne \u201cteraz\u201d, ukszta\u0142towane przez wszystko, co mo\u017cemy wyczyta\u0107 z przesz\u0142o\u015bci i wyobrazi\u0107 sobie o przysz\u0142o\u015bci.<\/h6>\n<p>&nbsp;<\/p>\n<h6>Projekt dofinansowany z bud\u017cetu Miasta Poznania<br \/>\n<a role=\"link\" href=\"https:\/\/www.facebook.com\/hashtag\/poznanwspiera?__eep__=6&amp;__cft__[0]=AZWXP7NLUSI54e6LKJ10bJgWowqajXUzkk-XboysyKTIsDz6sJpje0qvcq4mCPqKNs4mEYbagK3jzJJzUkQp23dB7bAJgdj1HXvGsnQwZrT4TqgjkbFSolHpUtjjD7gatiA&amp;__tn__=q\" target=\"_blank\" rel=\"noopener\" data-saferedirecturl=\"https:\/\/www.google.com\/url?q=https:\/\/www.facebook.com\/hashtag\/poznanwspiera?__eep__%3D6%26__cft__%5B0%5D%3DAZWXP7NLUSI54e6LKJ10bJgWowqajXUzkk-XboysyKTIsDz6sJpje0qvcq4mCPqKNs4mEYbagK3jzJJzUkQp23dB7bAJgdj1HXvGsnQwZrT4TqgjkbFSolHpUtjjD7gatiA%26__tn__%3Dq&amp;source=gmail&amp;ust=1712929504478000&amp;usg=AOvVaw0UfV3YueYnNWVvk8C865xU\">#poznanwspiera<\/a><\/h6>\n<\/div><\/div><\/div><div id=\"pgc-6857-0-1\"  class=\"panel-grid-cell\" ><div id=\"panel-6857-0-1-0\" class=\"so-panel widget widget_black-studio-tinymce widget_black_studio_tinymce panel-first-child panel-last-child\" data-index=\"1\" ><div class=\"textwidget\"><p><span class=\"\" style=\"display:block;clear:both;height: 0px;padding-top: 20px;border-top-width:0px;border-bottom-width:0px;\"><\/span><\/p>\n<p><div id='gallery-1' class='gallery galleryid-6857 gallery-columns-3 gallery-size-thumbnail'><figure class='gallery-item'>\n\t\t\t<div class='gallery-icon landscape'>\n\t\t\t\t<a href='https:\/\/rodriguezgallery.com\/wp-content\/uploads\/2024\/05\/Rodriguez_MMartychowiec_IV_2024-1-korekta-scaled.jpg'><img loading=\"lazy\" decoding=\"async\" width=\"150\" height=\"150\" src=\"https:\/\/rodriguezgallery.com\/wp-content\/uploads\/2024\/05\/Rodriguez_MMartychowiec_IV_2024-1-korekta-150x150.jpg\" class=\"attachment-thumbnail size-thumbnail\" alt=\"\" \/><\/a>\n\t\t\t<\/div><\/figure><figure class='gallery-item'>\n\t\t\t<div class='gallery-icon landscape'>\n\t\t\t\t<a href='https:\/\/rodriguezgallery.com\/wp-content\/uploads\/2024\/05\/Rodriguez_MMartychowiec_IV_2024-2-korekta-scaled.jpg'><img loading=\"lazy\" decoding=\"async\" width=\"150\" height=\"150\" src=\"https:\/\/rodriguezgallery.com\/wp-content\/uploads\/2024\/05\/Rodriguez_MMartychowiec_IV_2024-2-korekta-150x150.jpg\" class=\"attachment-thumbnail size-thumbnail\" alt=\"\" \/><\/a>\n\t\t\t<\/div><\/figure><figure class='gallery-item'>\n\t\t\t<div class='gallery-icon landscape'>\n\t\t\t\t<a href='https:\/\/rodriguezgallery.com\/wp-content\/uploads\/2024\/05\/Rodriguez_MMartychowiec_IV_2024-3-scaled.jpg'><img loading=\"lazy\" decoding=\"async\" width=\"150\" height=\"150\" src=\"https:\/\/rodriguezgallery.com\/wp-content\/uploads\/2024\/05\/Rodriguez_MMartychowiec_IV_2024-3-150x150.jpg\" class=\"attachment-thumbnail size-thumbnail\" alt=\"\" \/><\/a>\n\t\t\t<\/div><\/figure><figure class='gallery-item'>\n\t\t\t<div class='gallery-icon landscape'>\n\t\t\t\t<a href='https:\/\/rodriguezgallery.com\/wp-content\/uploads\/2024\/05\/Rodriguez_MMartychowiec_IV_2024-5-scaled.jpg'><img loading=\"lazy\" decoding=\"async\" width=\"150\" height=\"150\" src=\"https:\/\/rodriguezgallery.com\/wp-content\/uploads\/2024\/05\/Rodriguez_MMartychowiec_IV_2024-5-150x150.jpg\" class=\"attachment-thumbnail size-thumbnail\" alt=\"\" \/><\/a>\n\t\t\t<\/div><\/figure><figure class='gallery-item'>\n\t\t\t<div class='gallery-icon portrait'>\n\t\t\t\t<a href='https:\/\/rodriguezgallery.com\/wp-content\/uploads\/2024\/05\/Rodriguez_MMartychowiec_IV_2024-6-scaled.jpg'><img loading=\"lazy\" decoding=\"async\" width=\"150\" height=\"150\" src=\"https:\/\/rodriguezgallery.com\/wp-content\/uploads\/2024\/05\/Rodriguez_MMartychowiec_IV_2024-6-150x150.jpg\" class=\"attachment-thumbnail size-thumbnail\" alt=\"\" \/><\/a>\n\t\t\t<\/div><\/figure><figure class='gallery-item'>\n\t\t\t<div class='gallery-icon portrait'>\n\t\t\t\t<a href='https:\/\/rodriguezgallery.com\/wp-content\/uploads\/2024\/05\/Rodriguez_MMartychowiec_IV_2024-7-scaled.jpg'><img loading=\"lazy\" decoding=\"async\" width=\"150\" height=\"150\" src=\"https:\/\/rodriguezgallery.com\/wp-content\/uploads\/2024\/05\/Rodriguez_MMartychowiec_IV_2024-7-150x150.jpg\" class=\"attachment-thumbnail size-thumbnail\" alt=\"\" \/><\/a>\n\t\t\t<\/div><\/figure>\n\t\t<\/div>\n<\/p>\n<\/div><\/div><\/div><\/div><\/div>","protected":false},"excerpt":{"rendered":"<p>Michal Martychowiec After 19.04 &#8211; 20.05.2024 Wszyscy znamy dzie\u0142a sztuki tworzone \u201cwed\u0142ug\u201d historycznie znacz\u0105cych mistrz\u00f3w. To na\u015bladownictwo historycznych styl\u00f3w artystycznych by\u0142o szczeg\u00f3lnie ciep\u0142o przyj\u0119te w XIX wieku, okresie definiowanym przez <a class=\"moretag\" href=\"https:\/\/rodriguezgallery.com\/pl\/michal-martychowiec-after\/\">Read More &#8230;<\/a><\/p>\n","protected":false},"author":1,"featured_media":0,"parent":0,"menu_order":0,"comment_status":"closed","ping_status":"closed","template":"full-width-page.php","meta":{"footnotes":""},"class_list":["post-6857","page","type-page","status-publish","hentry"],"_links":{"self":[{"href":"https:\/\/rodriguezgallery.com\/pl\/wp-json\/wp\/v2\/pages\/6857","targetHints":{"allow":["GET"]}}],"collection":[{"href":"https:\/\/rodriguezgallery.com\/pl\/wp-json\/wp\/v2\/pages"}],"about":[{"href":"https:\/\/rodriguezgallery.com\/pl\/wp-json\/wp\/v2\/types\/page"}],"author":[{"embeddable":true,"href":"https:\/\/rodriguezgallery.com\/pl\/wp-json\/wp\/v2\/users\/1"}],"replies":[{"embeddable":true,"href":"https:\/\/rodriguezgallery.com\/pl\/wp-json\/wp\/v2\/comments?post=6857"}],"version-history":[{"count":1,"href":"https:\/\/rodriguezgallery.com\/pl\/wp-json\/wp\/v2\/pages\/6857\/revisions"}],"predecessor-version":[{"id":6901,"href":"https:\/\/rodriguezgallery.com\/pl\/wp-json\/wp\/v2\/pages\/6857\/revisions\/6901"}],"wp:attachment":[{"href":"https:\/\/rodriguezgallery.com\/pl\/wp-json\/wp\/v2\/media?parent=6857"}],"curies":[{"name":"wp","href":"https:\/\/api.w.org\/{rel}","templated":true}]}}