{"id":6917,"date":"2024-07-03T16:37:30","date_gmt":"2024-07-03T14:37:30","guid":{"rendered":"https:\/\/rodriguezgallery.com\/?page_id=6917"},"modified":"2024-07-22T12:36:30","modified_gmt":"2024-07-22T10:36:30","slug":"pawel-jaskula-dreams","status":"publish","type":"page","link":"https:\/\/rodriguezgallery.com\/pl\/pawel-jaskula-dreams\/","title":{"rendered":"(English) Pawe\u0142 Franciszek Jasku\u0142a &#8211; DREAMS"},"content":{"rendered":"<div id=\"pl-6917\"  class=\"panel-layout\" ><div id=\"pg-6917-0\"  class=\"panel-grid panel-no-style\" ><div id=\"pgc-6917-0-0\"  class=\"panel-grid-cell\" ><div id=\"panel-6917-0-0-0\" class=\"so-panel widget widget_black-studio-tinymce widget_black_studio_tinymce panel-first-child panel-last-child\" data-index=\"0\" ><div class=\"textwidget\"><h6><span class=\"\" style=\"display:block;clear:both;height: 0px;padding-top: 20px;border-top-width:0px;border-bottom-width:0px;\"><\/span><\/h6>\n<h6><strong>Pawe\u0142 Franciszek Jasku\u0142a<\/strong><br \/>\n<em><strong>DREAMS<\/strong><\/em><\/h6>\n<h6 style=\"text-align: right;\"><em>Nigga, you's a window shopper<\/em><br \/>\n<em>Mad at me, I think I know why<\/em><br \/>\n<em>Nigga, you's a window shopper<\/em><br \/>\n<em>In the jewelery store, lookin' at shit you can't buy<\/em><br \/>\n<em>Nigga, you's a window shopper<\/em><br \/>\n<em>In the dealership, tryin' to get a test drive<\/em><br \/>\n<em>Nigga, you's a window shopper<\/em><br \/>\n<em>Mad as fuck when you see me ride by<\/em><\/h6>\n<h6 style=\"text-align: right;\">50 CENT - Window Shopper<br \/>\n<a href=\"https:\/\/www.youtube.com\/watch?v=bFLow5StvvU\" target=\"_blank\" rel=\"noopener\">https:\/\/www.youtube.com\/watch?v=bFLow5StvvU<\/a><\/h6>\n<p>&nbsp;<\/p>\n<h6>Projekt \u0142\u0105czy w sobie kilka sentyment\u00f3w.<br \/>\nNiespe\u0142nione marzenia i rozczarowanie niekt\u00f3rymi z nich, ale i<br \/>\nfakt, \u017ce s\u0105 one rzekomo w zasi\u0119gu r\u0119ki, za jedyne \"0 Z\u0141\".<\/h6>\n<h6>Neon nawi\u0105zuje do przecen i witryn sklepowych, stawiaj\u0105c \"marzenia\"<br \/>\nna r\u00f3wni z innymi produktami. Jednocze\u015bnie tworzy te\u017c dzi\u0119ki swojemu<br \/>\nroz\u015bwietleniu i otaczaj\u0105cemu go z\u0142otu, specyficzn\u0105 aur\u0119 nabo\u017cno\u015bci i istotno\u015bci.<\/h6>\n<h6>Z\u0142ota folia czy te\u017c koc termiczny zawiera w sobie proste skojarzenia<br \/>\nbogactwa ale i opieki, troski i wykluczenia, widmo ludzkiej tragedii.<\/h6>\n<h6>Te i inne elementy, by\u0107 mo\u017ce nieodczytane jeszcze nawet przez autora pracy, \u0142\u0105cz\u0105 si\u0119 ze sob\u0105 w zamkni\u0119tej na czas letni galerii sztuki, miejscu, w kt\u00f3rym spe\u0142niaj\u0105 si\u0119 marzenia niekt\u00f3rych artyst\u00f3w, a o kt\u00f3re to miejsce rozbijaj\u0105 si\u0119 marzenia innych.<\/h6>\n<h6>Finalnie jednak ciep\u0142o bij\u0105ce ze z\u0142ota witryny, neonowe \u015bwiat\u0142o roz\u015bwietlaj\u0105ce senny, letni wiecz\u00f3r pozostawiaj\u0105 w nas wi\u0119cej nadziei ni\u017c smutku.<\/h6>\n<h6><em><strong>\u00a0<\/strong><\/em><\/h6>\n<h6>Projekt dofinansowany z bud\u017cetu Miasta Poznania<\/h6>\n<\/div><\/div><\/div><div id=\"pgc-6917-0-1\"  class=\"panel-grid-cell\" ><div id=\"panel-6917-0-1-0\" class=\"so-panel widget widget_black-studio-tinymce widget_black_studio_tinymce panel-first-child panel-last-child\" data-index=\"1\" ><div class=\"textwidget\"><p><span class=\"\" style=\"display:block;clear:both;height: 0px;padding-top: 20px;border-top-width:0px;border-bottom-width:0px;\"><\/span><br \/>\n<a href=\"https:\/\/rodriguezgallery.com\/wp-content\/uploads\/2024\/07\/2-scaled.jpg\"><img loading=\"lazy\" decoding=\"async\" class=\"alignleft size-large wp-image-6921\" src=\"https:\/\/rodriguezgallery.com\/wp-content\/uploads\/2024\/07\/2-1024x578.jpg\" alt=\"\" width=\"700\" height=\"395\" srcset=\"https:\/\/rodriguezgallery.com\/wp-content\/uploads\/2024\/07\/2-1024x578.jpg 1024w, https:\/\/rodriguezgallery.com\/wp-content\/uploads\/2024\/07\/2-300x169.jpg 300w, https:\/\/rodriguezgallery.com\/wp-content\/uploads\/2024\/07\/2-768x433.jpg 768w, https:\/\/rodriguezgallery.com\/wp-content\/uploads\/2024\/07\/2-1536x866.jpg 1536w, https:\/\/rodriguezgallery.com\/wp-content\/uploads\/2024\/07\/2-2048x1155.jpg 2048w\" sizes=\"auto, (max-width: 700px) 100vw, 700px\" \/><\/a><\/p>\n<\/div><\/div><\/div><\/div><\/div>","protected":false},"excerpt":{"rendered":"<p>Pawe\u0142 Franciszek Jasku\u0142a DREAMS Nigga, you&#8217;s a window shopper Mad at me, I think I know why Nigga, you&#8217;s a window shopper In the jewelery store, lookin&#8217; at shit you <a class=\"moretag\" href=\"https:\/\/rodriguezgallery.com\/pl\/pawel-jaskula-dreams\/\">Read More &#8230;<\/a><\/p>\n","protected":false},"author":1,"featured_media":0,"parent":0,"menu_order":0,"comment_status":"closed","ping_status":"closed","template":"full-width-page.php","meta":{"footnotes":""},"class_list":["post-6917","page","type-page","status-publish","hentry"],"_links":{"self":[{"href":"https:\/\/rodriguezgallery.com\/pl\/wp-json\/wp\/v2\/pages\/6917","targetHints":{"allow":["GET"]}}],"collection":[{"href":"https:\/\/rodriguezgallery.com\/pl\/wp-json\/wp\/v2\/pages"}],"about":[{"href":"https:\/\/rodriguezgallery.com\/pl\/wp-json\/wp\/v2\/types\/page"}],"author":[{"embeddable":true,"href":"https:\/\/rodriguezgallery.com\/pl\/wp-json\/wp\/v2\/users\/1"}],"replies":[{"embeddable":true,"href":"https:\/\/rodriguezgallery.com\/pl\/wp-json\/wp\/v2\/comments?post=6917"}],"version-history":[{"count":1,"href":"https:\/\/rodriguezgallery.com\/pl\/wp-json\/wp\/v2\/pages\/6917\/revisions"}],"predecessor-version":[{"id":6929,"href":"https:\/\/rodriguezgallery.com\/pl\/wp-json\/wp\/v2\/pages\/6917\/revisions\/6929"}],"wp:attachment":[{"href":"https:\/\/rodriguezgallery.com\/pl\/wp-json\/wp\/v2\/media?parent=6917"}],"curies":[{"name":"wp","href":"https:\/\/api.w.org\/{rel}","templated":true}]}}