{"id":6932,"date":"2024-08-28T17:52:10","date_gmt":"2024-08-28T15:52:10","guid":{"rendered":"https:\/\/rodriguezgallery.com\/?page_id=6932"},"modified":"2024-08-28T17:52:10","modified_gmt":"2024-08-28T15:52:10","slug":"wystawa-dyplomowa-szwabe","status":"publish","type":"page","link":"https:\/\/rodriguezgallery.com\/pl\/wystawa-dyplomowa-szwabe\/","title":{"rendered":"(English) Wystawa dyplomowa &#8211; Szwabe"},"content":{"rendered":"<div id=\"pl-6932\"  class=\"panel-layout\" ><div id=\"pg-6932-0\"  class=\"panel-grid panel-no-style\" ><div id=\"pgc-6932-0-0\"  class=\"panel-grid-cell\" ><div id=\"panel-6932-0-0-0\" class=\"so-panel widget widget_black-studio-tinymce widget_black_studio_tinymce panel-first-child panel-last-child\" data-index=\"0\" ><div class=\"textwidget\"><h6><span class=\"\" style=\"display:block;clear:both;height: 0px;padding-top: 20px;border-top-width:0px;border-bottom-width:0px;\"><\/span><br \/>\n<strong>Andrzej Szwabe<\/strong><br \/>\n<em>Recital<\/em><br \/>\nWystawa dyplomowa<br \/>\nSierpie\u0144 2024<\/h6>\n<h6 dir=\"ltr\"><em>(...)<\/em><br \/>\n<em>12.06.2024 - \u0107wiczenie<\/em><br \/>\n<em>13.06.2024 - \u0107wiczenie<\/em><br \/>\n<em>14.06.2024 - \u0107wiczenie<\/em><br \/>\n<em>15.06.2024 - \u0107wiczenie<\/em><br \/>\n<em>16.06.2024 - \u0107wiczenie<\/em><br \/>\n<em>17.06.2024 - \u0107wiczenie<\/em><br \/>\n<em>18.06.2024 - \u0107wiczenie<\/em><br \/>\n<em>19.06.2024 - \u0107wiczenie<\/em><br \/>\n<em>20.06.2024 - \u0107wiczenie<\/em><br \/>\n<em>21.06.2024 - \u0107wiczenie<\/em><br \/>\n<em>22.06.2024 - \u0107wiczenie<\/em><br \/>\n<em>23.06.2024 - \u0107wiczenie<\/em><br \/>\n<em>24.06.2024 - \u0107wiczenie<\/em><br \/>\n<em>25.06.2024 - \u0107wiczenie<\/em><br \/>\n<em>26.06.2024 - podr\u00f3\u017c<\/em><br \/>\n<em>27.06.2024 - nie \u0107wiczy\u0142em<\/em><br \/>\n<em>28.06.2024 - nie \u0107wiczy\u0142em<\/em><br \/>\n<em>29.06.2024 - nie \u0107wiczy\u0142em<\/em><br \/>\n<em>(...)<\/em><br \/>\n<em>29.07.2024 - nie \u0107wiczy\u0142em<\/em><br \/>\n<em>30.07.2024 - nie \u0107wiczy\u0142em<\/em><br \/>\n<em>31.07.2024 - nie \u0107wiczy\u0142em<\/em><br \/>\n<em>01.08.2024 - nie \u0107wiczy\u0142em<\/em><br \/>\n<em>02.08.2024 - nie \u0107wiczy\u0142em<\/em><br \/>\n<em>03.08.2024 - nie \u0107wiczy\u0142em<\/em><br \/>\n<em>04.08.2024 - nie \u0107wiczy\u0142em<\/em><br \/>\n<em>05.08.2024 - nie \u0107wiczy\u0142em<\/em><br \/>\n<em>06.08.2024 - czytanie a vista<\/em><br \/>\n<em>07.08.2024 - \u0107wiczy\u0142em chwil\u0119\u00a0<\/em><br \/>\n<em>08.08.2024 - nie \u0107wiczy\u0142em<\/em><br \/>\n<em>09.08.2024 - nie \u0107wiczy\u0142em<\/em><br \/>\n<em>10.08.2024 - nie \u0107wiczy\u0142em<\/em><br \/>\n<em>11.08.2024 - \u0107wiczy\u0142em chwil\u0119\u00a0<\/em><br \/>\n<em>12.08.2024 - nie \u0107wiczy\u0142em\u00a0<\/em><br \/>\n<em>13.08.2024 - nie \u0107wiczy\u0142em\u00a0<\/em><br \/>\n<em>14.08.2024 - \u0107wiczenie<\/em><br \/>\n<em>15.08.2024 - \u0107wiczenie z akompaniamentem<\/em><br \/>\n<em>16.08.2024 - \u0107wiczenie z akompaniamentem<\/em><br \/>\n<em>17.08.2024 - \u0107wiczenie<\/em><br \/>\n<em>18.08.2024 - \u0107wiczenie z akompaniamentem<\/em><br \/>\n<em>19.08.2024 - \u0107wiczenie z akompaniamentem<\/em><br \/>\n<em>20.08.2024 - \u0107wiczenie z akompaniamentem<\/em><br \/>\n<em>21.08.2024 - \u0107wiczenie<\/em><br \/>\n<em>22.08.2024 - \u0107wiczenie z akompaniamentem<\/em><br \/>\n<em>23.08.2024 - \u0107wiczenie z akompaniamentem<\/em><br \/>\n<em>24.08.2024 - \u0107wiczenie z akompaniamentem<\/em><br \/>\n<em>25.08.2024 - \u0107wiczenie z akompaniamentem\u00a0<\/em><br \/>\n<em>26.08.2024 - \u0107wiczenie, pr\u00f3ba koncertu\u00a0<\/em><br \/>\n<em>27.08.2024 - \u0107wiczenie, pr\u00f3ba koncertu<\/em><br \/>\n<em>28.08.2024 - \u0107wiczenie, pr\u00f3ba koncertu<\/em><br \/>\n<em>29.08.2024 - \u0107wiczenie, pr\u00f3ba koncertu<\/em><br \/>\n<em>30.08.2024 - pr\u00f3ba z publiczno\u015bci\u0105\u00a0<\/em><br \/>\n<em>(\u2026)<\/em><br \/>\n<em>14.09.2024 - Koncert Dyplomowy<\/em><\/h6>\n<h6 dir=\"ltr\"><\/h6>\n<h6 dir=\"ltr\">Projekt dofinansowany z bud\u017cetu Miasta Poznania<\/h6>\n<h6>#poznanwspiera<\/h6>\n<\/div><\/div><\/div><div id=\"pgc-6932-0-1\"  class=\"panel-grid-cell\" ><div id=\"panel-6932-0-1-0\" class=\"so-panel widget widget_black-studio-tinymce widget_black_studio_tinymce panel-first-child panel-last-child\" data-index=\"1\" ><div class=\"textwidget\"><p><span class=\"\" style=\"display:block;clear:both;height: 0px;padding-top: 20px;border-top-width:0px;border-bottom-width:0px;\"><\/span><br \/>\n<a href=\"https:\/\/rodriguezgallery.com\/wp-content\/uploads\/2024\/08\/FullSizeRender-scaled.jpeg\"><img loading=\"lazy\" decoding=\"async\" class=\"alignleft wp-image-6933 size-large\" src=\"https:\/\/rodriguezgallery.com\/wp-content\/uploads\/2024\/08\/FullSizeRender-1024x576.jpeg\" alt=\"\" width=\"700\" height=\"394\" srcset=\"https:\/\/rodriguezgallery.com\/wp-content\/uploads\/2024\/08\/FullSizeRender-1024x576.jpeg 1024w, https:\/\/rodriguezgallery.com\/wp-content\/uploads\/2024\/08\/FullSizeRender-300x169.jpeg 300w, https:\/\/rodriguezgallery.com\/wp-content\/uploads\/2024\/08\/FullSizeRender-768x432.jpeg 768w, https:\/\/rodriguezgallery.com\/wp-content\/uploads\/2024\/08\/FullSizeRender-1536x864.jpeg 1536w, https:\/\/rodriguezgallery.com\/wp-content\/uploads\/2024\/08\/FullSizeRender-2048x1152.jpeg 2048w\" sizes=\"auto, (max-width: 700px) 100vw, 700px\" \/><\/a><\/p>\n<\/div><\/div><\/div><\/div><\/div>","protected":false},"excerpt":{"rendered":"<p>Andrzej Szwabe Recital Wystawa dyplomowa Sierpie\u0144 2024 (&#8230;) 12.06.2024 &#8211; \u0107wiczenie 13.06.2024 &#8211; \u0107wiczenie 14.06.2024 &#8211; \u0107wiczenie 15.06.2024 &#8211; \u0107wiczenie 16.06.2024 &#8211; \u0107wiczenie 17.06.2024 &#8211; \u0107wiczenie 18.06.2024 &#8211; \u0107wiczenie 19.06.2024 <a class=\"moretag\" href=\"https:\/\/rodriguezgallery.com\/pl\/wystawa-dyplomowa-szwabe\/\">Read More &#8230;<\/a><\/p>\n","protected":false},"author":1,"featured_media":0,"parent":0,"menu_order":0,"comment_status":"closed","ping_status":"closed","template":"full-width-page.php","meta":{"footnotes":""},"class_list":["post-6932","page","type-page","status-publish","hentry"],"_links":{"self":[{"href":"https:\/\/rodriguezgallery.com\/pl\/wp-json\/wp\/v2\/pages\/6932","targetHints":{"allow":["GET"]}}],"collection":[{"href":"https:\/\/rodriguezgallery.com\/pl\/wp-json\/wp\/v2\/pages"}],"about":[{"href":"https:\/\/rodriguezgallery.com\/pl\/wp-json\/wp\/v2\/types\/page"}],"author":[{"embeddable":true,"href":"https:\/\/rodriguezgallery.com\/pl\/wp-json\/wp\/v2\/users\/1"}],"replies":[{"embeddable":true,"href":"https:\/\/rodriguezgallery.com\/pl\/wp-json\/wp\/v2\/comments?post=6932"}],"version-history":[{"count":1,"href":"https:\/\/rodriguezgallery.com\/pl\/wp-json\/wp\/v2\/pages\/6932\/revisions"}],"predecessor-version":[{"id":6934,"href":"https:\/\/rodriguezgallery.com\/pl\/wp-json\/wp\/v2\/pages\/6932\/revisions\/6934"}],"wp:attachment":[{"href":"https:\/\/rodriguezgallery.com\/pl\/wp-json\/wp\/v2\/media?parent=6932"}],"curies":[{"name":"wp","href":"https:\/\/api.w.org\/{rel}","templated":true}]}}