{"id":6939,"date":"2024-09-11T14:02:46","date_gmt":"2024-09-11T12:02:46","guid":{"rendered":"https:\/\/rodriguezgallery.com\/?page_id=6939"},"modified":"2024-10-14T14:16:11","modified_gmt":"2024-10-14T12:16:11","slug":"pracownia-kuratorstwa-2024","status":"publish","type":"page","link":"https:\/\/rodriguezgallery.com\/pl\/pracownia-kuratorstwa-2024\/","title":{"rendered":"(English) Pracownia kuratorstwa 2024"},"content":{"rendered":"<div id=\"pl-6939\"  class=\"panel-layout\" ><div id=\"pg-6939-0\"  class=\"panel-grid panel-no-style\" ><div id=\"pgc-6939-0-0\"  class=\"panel-grid-cell\" ><div id=\"panel-6939-0-0-0\" class=\"so-panel widget widget_black-studio-tinymce widget_black_studio_tinymce panel-first-child panel-last-child\" data-index=\"0\" ><div class=\"textwidget\"><h6><span class=\"\" style=\"display:block;clear:both;height: 0px;padding-top: 20px;border-top-width:0px;border-bottom-width:0px;\"><\/span><br \/>\n<strong><em>w kr\u00f3tkim \u0142uku mi\u0119dzy ustami a ziemi\u0105<br \/>\n<\/em><\/strong>20 - 28.09.2024<\/h6>\n<h6>Splun\u0119\u0142am.<\/h6>\n<h6>Wszystko opada na ziemi\u0119.<\/h6>\n<h6>Cz\u0119sto nie pami\u0119tam momentu,<br \/>\npami\u0119tam uczucie.<\/h6>\n<h6>Wystawa <em>w kr\u00f3tkim \u0142uku mi\u0119dzy ustami a ziemi\u0105<\/em> przywo\u0142uje t\u0119sknot\u0119 za wsp\u00f3\u0142byciem, oferuj\u0105c je jako kontrapunkt do spekulatywnych wizji katastrofy. Skupia si\u0119 na uchwytnej rzeczywisto\u015bci, afirmuj\u0105c tu i teraz. Kuratorki dziel\u0105 si\u0119 swoim do\u015bwiadczeniem ukojenia materi\u0105 i uziemienia wywo\u0142anym przez prezentowane prace.<\/h6>\n<h6>Osoby artystyczne: Piotr Bury \u0141akomy, Anna Goebel, Natalia Karczewska, Adrianna Metryka, Zuzanna Piekoszewska-Smith, Bartek Walczak<\/h6>\n<h6>Kuratorki: Monika Czy\u017cniewska, Zofia Koprowska, Martyna Ziomek<\/h6>\n<h6>Identyfikacja wizualna : Nina Budzy\u0144ska<\/h6>\n<h6>Zesp\u00f3\u0142 kuratorski wy\u0142oniony zosta\u0142 w drodze konkursu. Wystawa podsumowuje pilota\u017cow\u0105 edycj\u0119 projektu Pracownia kuratorstwa 2024. Projekt zainicjowany zosta\u0142 przez Jagn\u0119 Dom\u017calsk\u0105, we wsp\u00f3\u0142pracy z Agat\u0105 Rodriguez i Fundacj\u0105 Rodriguez.<\/h6>\n<h6>foto Adrianna Metryka<\/h6>\n<h6>Projekt dofinansowany z bud\u017cetu Miasta Poznania<br \/>\n<a role=\"link\" href=\"https:\/\/www.facebook.com\/hashtag\/poznanwspiera?__eep__=6&amp;__cft__[0]=AZV6egDhsspOGgagV-dxw2xfnoB5tMAh6XPfWjg5BZwpm5D8o0lpgioH5OwvngWDBpU9QjrjG6GVEQVK1mNqM8ndx_fa1VrcNJwFgMheLnUa1FmdITcELudBnCvJIuM8dTcNY__zorj7GECd45ZPACUayrIUGSIHZSQfkoJ_gA3dQA&amp;__tn__=q\" target=\"_blank\" rel=\"noopener\" data-saferedirecturl=\"https:\/\/www.google.com\/url?q=https:\/\/www.facebook.com\/hashtag\/poznanwspiera?__eep__%3D6%26__cft__%5B0%5D%3DAZV6egDhsspOGgagV-dxw2xfnoB5tMAh6XPfWjg5BZwpm5D8o0lpgioH5OwvngWDBpU9QjrjG6GVEQVK1mNqM8ndx_fa1VrcNJwFgMheLnUa1FmdITcELudBnCvJIuM8dTcNY__zorj7GECd45ZPACUayrIUGSIHZSQfkoJ_gA3dQA%26__tn__%3Dq&amp;source=gmail&amp;ust=1726141212413000&amp;usg=AOvVaw2zG3fmmNwvjH9ROvFUlYe9\">#poznanwspiera<\/a><\/h6>\n<h6>_______________<br \/>\nNa pomara\u0144czowym tle znajduj\u0105 si\u0119 proste rysunki w kolorze czarnym. Po lewej u g\u00f3ry umieszczono planet\u0119 z narysowanym uk\u0142adem wsp\u00f3\u0142rz\u0119dnych. Z prawej towarzyszy jej ma\u0142a \u0142ezka. Praw\u0105 cz\u0119\u015b\u0107 plakatu zajmuje ilustracja przedstawiaj\u0105ca osob\u0119 z profilu, po\u0142\u0105czon\u0105 \u0142ukiem z p\u00f3\u0142kolist\u0105 ziemi\u0105. Rysunkom towarzysz\u0105 napisy. Po \u015brodku wypisane s\u0105 imiona i nazwiska os\u00f3b artystycznych. Przy ilustracji umieszczono tytu\u0142 wystawy : w kr\u00f3tkim \u0142uku mi\u0119dzy ustami a ziemi\u0105.<\/h6>\n<\/div><\/div><\/div><div id=\"pgc-6939-0-1\"  class=\"panel-grid-cell\" ><div id=\"panel-6939-0-1-0\" class=\"so-panel widget widget_black-studio-tinymce widget_black_studio_tinymce panel-first-child panel-last-child\" data-index=\"1\" ><div class=\"textwidget\"><p><div id='gallery-1' class='gallery galleryid-6939 gallery-columns-3 gallery-size-thumbnail'><figure class='gallery-item'>\n\t\t\t<div class='gallery-icon landscape'>\n\t\t\t\t<a href='https:\/\/rodriguezgallery.com\/wp-content\/uploads\/2024\/09\/Instagram.png'><img loading=\"lazy\" decoding=\"async\" width=\"150\" height=\"150\" src=\"https:\/\/rodriguezgallery.com\/wp-content\/uploads\/2024\/09\/Instagram-150x150.png\" class=\"attachment-thumbnail size-thumbnail\" alt=\"\" \/><\/a>\n\t\t\t<\/div><\/figure><figure class='gallery-item'>\n\t\t\t<div class='gallery-icon portrait'>\n\t\t\t\t<a href='https:\/\/rodriguezgallery.com\/wp-content\/uploads\/2024\/10\/dokumentacja1-scaled.jpeg'><img loading=\"lazy\" decoding=\"async\" width=\"150\" height=\"150\" src=\"https:\/\/rodriguezgallery.com\/wp-content\/uploads\/2024\/10\/dokumentacja1-150x150.jpeg\" class=\"attachment-thumbnail size-thumbnail\" alt=\"\" \/><\/a>\n\t\t\t<\/div><\/figure><figure class='gallery-item'>\n\t\t\t<div class='gallery-icon landscape'>\n\t\t\t\t<a href='https:\/\/rodriguezgallery.com\/wp-content\/uploads\/2024\/10\/dokumentacja2-scaled.jpeg'><img loading=\"lazy\" decoding=\"async\" width=\"150\" height=\"150\" src=\"https:\/\/rodriguezgallery.com\/wp-content\/uploads\/2024\/10\/dokumentacja2-150x150.jpeg\" class=\"attachment-thumbnail size-thumbnail\" alt=\"\" \/><\/a>\n\t\t\t<\/div><\/figure><figure class='gallery-item'>\n\t\t\t<div class='gallery-icon landscape'>\n\t\t\t\t<a href='https:\/\/rodriguezgallery.com\/wp-content\/uploads\/2024\/10\/dokumentacja3-scaled.jpeg'><img loading=\"lazy\" decoding=\"async\" width=\"150\" height=\"150\" src=\"https:\/\/rodriguezgallery.com\/wp-content\/uploads\/2024\/10\/dokumentacja3-150x150.jpeg\" class=\"attachment-thumbnail size-thumbnail\" alt=\"\" \/><\/a>\n\t\t\t<\/div><\/figure><figure class='gallery-item'>\n\t\t\t<div class='gallery-icon landscape'>\n\t\t\t\t<a href='https:\/\/rodriguezgallery.com\/wp-content\/uploads\/2024\/10\/dokumentacja4-scaled.jpeg'><img loading=\"lazy\" decoding=\"async\" width=\"150\" height=\"150\" src=\"https:\/\/rodriguezgallery.com\/wp-content\/uploads\/2024\/10\/dokumentacja4-150x150.jpeg\" class=\"attachment-thumbnail size-thumbnail\" alt=\"\" \/><\/a>\n\t\t\t<\/div><\/figure><figure class='gallery-item'>\n\t\t\t<div class='gallery-icon landscape'>\n\t\t\t\t<a href='https:\/\/rodriguezgallery.com\/wp-content\/uploads\/2024\/10\/dokumentacja5-scaled.jpeg'><img loading=\"lazy\" decoding=\"async\" width=\"150\" height=\"150\" src=\"https:\/\/rodriguezgallery.com\/wp-content\/uploads\/2024\/10\/dokumentacja5-150x150.jpeg\" class=\"attachment-thumbnail size-thumbnail\" alt=\"\" \/><\/a>\n\t\t\t<\/div><\/figure><figure class='gallery-item'>\n\t\t\t<div class='gallery-icon landscape'>\n\t\t\t\t<a href='https:\/\/rodriguezgallery.com\/wp-content\/uploads\/2024\/10\/dokumentacja6-scaled.jpeg'><img loading=\"lazy\" decoding=\"async\" width=\"150\" height=\"150\" src=\"https:\/\/rodriguezgallery.com\/wp-content\/uploads\/2024\/10\/dokumentacja6-150x150.jpeg\" class=\"attachment-thumbnail size-thumbnail\" alt=\"\" \/><\/a>\n\t\t\t<\/div><\/figure><figure class='gallery-item'>\n\t\t\t<div class='gallery-icon landscape'>\n\t\t\t\t<a href='https:\/\/rodriguezgallery.com\/wp-content\/uploads\/2024\/10\/dokumentacja7-scaled.jpeg'><img loading=\"lazy\" decoding=\"async\" width=\"150\" height=\"150\" src=\"https:\/\/rodriguezgallery.com\/wp-content\/uploads\/2024\/10\/dokumentacja7-150x150.jpeg\" class=\"attachment-thumbnail size-thumbnail\" alt=\"\" \/><\/a>\n\t\t\t<\/div><\/figure><figure class='gallery-item'>\n\t\t\t<div class='gallery-icon landscape'>\n\t\t\t\t<a href='https:\/\/rodriguezgallery.com\/wp-content\/uploads\/2024\/10\/dokumentacja8-scaled.jpeg'><img loading=\"lazy\" decoding=\"async\" width=\"150\" height=\"150\" src=\"https:\/\/rodriguezgallery.com\/wp-content\/uploads\/2024\/10\/dokumentacja8-150x150.jpeg\" class=\"attachment-thumbnail size-thumbnail\" alt=\"\" \/><\/a>\n\t\t\t<\/div><\/figure><figure class='gallery-item'>\n\t\t\t<div class='gallery-icon landscape'>\n\t\t\t\t<a href='https:\/\/rodriguezgallery.com\/wp-content\/uploads\/2024\/10\/dokumentacja9-scaled.jpeg'><img loading=\"lazy\" decoding=\"async\" width=\"150\" height=\"150\" src=\"https:\/\/rodriguezgallery.com\/wp-content\/uploads\/2024\/10\/dokumentacja9-150x150.jpeg\" class=\"attachment-thumbnail size-thumbnail\" alt=\"\" \/><\/a>\n\t\t\t<\/div><\/figure><figure class='gallery-item'>\n\t\t\t<div class='gallery-icon landscape'>\n\t\t\t\t<a href='https:\/\/rodriguezgallery.com\/wp-content\/uploads\/2024\/10\/dokumentacja10-scaled.jpeg'><img loading=\"lazy\" decoding=\"async\" width=\"150\" height=\"150\" src=\"https:\/\/rodriguezgallery.com\/wp-content\/uploads\/2024\/10\/dokumentacja10-150x150.jpeg\" class=\"attachment-thumbnail size-thumbnail\" alt=\"\" \/><\/a>\n\t\t\t<\/div><\/figure><figure class='gallery-item'>\n\t\t\t<div class='gallery-icon landscape'>\n\t\t\t\t<a href='https:\/\/rodriguezgallery.com\/wp-content\/uploads\/2024\/10\/dokumentacja11-scaled.jpeg'><img loading=\"lazy\" decoding=\"async\" width=\"150\" height=\"150\" src=\"https:\/\/rodriguezgallery.com\/wp-content\/uploads\/2024\/10\/dokumentacja11-150x150.jpeg\" class=\"attachment-thumbnail size-thumbnail\" alt=\"\" \/><\/a>\n\t\t\t<\/div><\/figure><figure class='gallery-item'>\n\t\t\t<div class='gallery-icon landscape'>\n\t\t\t\t<a href='https:\/\/rodriguezgallery.com\/wp-content\/uploads\/2024\/10\/dokumentacja12-scaled.jpeg'><img loading=\"lazy\" decoding=\"async\" width=\"150\" height=\"150\" src=\"https:\/\/rodriguezgallery.com\/wp-content\/uploads\/2024\/10\/dokumentacja12-150x150.jpeg\" class=\"attachment-thumbnail size-thumbnail\" alt=\"\" \/><\/a>\n\t\t\t<\/div><\/figure><figure class='gallery-item'>\n\t\t\t<div class='gallery-icon landscape'>\n\t\t\t\t<a href='https:\/\/rodriguezgallery.com\/wp-content\/uploads\/2024\/10\/dokumentacja13-scaled.jpeg'><img loading=\"lazy\" decoding=\"async\" width=\"150\" height=\"150\" src=\"https:\/\/rodriguezgallery.com\/wp-content\/uploads\/2024\/10\/dokumentacja13-150x150.jpeg\" class=\"attachment-thumbnail size-thumbnail\" alt=\"\" \/><\/a>\n\t\t\t<\/div><\/figure><figure class='gallery-item'>\n\t\t\t<div class='gallery-icon landscape'>\n\t\t\t\t<a href='https:\/\/rodriguezgallery.com\/wp-content\/uploads\/2024\/10\/dokumentacja14-scaled.jpeg'><img loading=\"lazy\" decoding=\"async\" width=\"150\" height=\"150\" src=\"https:\/\/rodriguezgallery.com\/wp-content\/uploads\/2024\/10\/dokumentacja14-150x150.jpeg\" class=\"attachment-thumbnail size-thumbnail\" alt=\"\" \/><\/a>\n\t\t\t<\/div><\/figure><figure class='gallery-item'>\n\t\t\t<div class='gallery-icon landscape'>\n\t\t\t\t<a href='https:\/\/rodriguezgallery.com\/wp-content\/uploads\/2024\/10\/dokumentacja15-scaled.jpeg'><img loading=\"lazy\" decoding=\"async\" width=\"150\" height=\"150\" src=\"https:\/\/rodriguezgallery.com\/wp-content\/uploads\/2024\/10\/dokumentacja15-150x150.jpeg\" class=\"attachment-thumbnail size-thumbnail\" alt=\"\" \/><\/a>\n\t\t\t<\/div><\/figure>\n\t\t<\/div>\n<\/p>\n<p><span class=\"\" style=\"display:block;clear:both;height: 0px;padding-top: 20px;border-top-width:0px;border-bottom-width:0px;\"><\/span><br \/>\n<a href=\"https:\/\/rodriguezgallery.com\/wp-content\/uploads\/2024\/09\/Instagram.png\"><img loading=\"lazy\" decoding=\"async\" class=\"aligncenter size-large wp-image-6940\" src=\"https:\/\/rodriguezgallery.com\/wp-content\/uploads\/2024\/09\/Instagram-1024x576.png\" alt=\"\" width=\"700\" height=\"394\" srcset=\"https:\/\/rodriguezgallery.com\/wp-content\/uploads\/2024\/09\/Instagram-1024x576.png 1024w, https:\/\/rodriguezgallery.com\/wp-content\/uploads\/2024\/09\/Instagram-300x169.png 300w, https:\/\/rodriguezgallery.com\/wp-content\/uploads\/2024\/09\/Instagram-768x432.png 768w, https:\/\/rodriguezgallery.com\/wp-content\/uploads\/2024\/09\/Instagram-1536x864.png 1536w, https:\/\/rodriguezgallery.com\/wp-content\/uploads\/2024\/09\/Instagram-2048x1152.png 2048w\" sizes=\"auto, (max-width: 700px) 100vw, 700px\" \/><\/a><\/p>\n<\/div><\/div><\/div><\/div><\/div>","protected":false},"excerpt":{"rendered":"<p>w kr\u00f3tkim \u0142uku mi\u0119dzy ustami a ziemi\u0105 20 &#8211; 28.09.2024 Splun\u0119\u0142am. Wszystko opada na ziemi\u0119. Cz\u0119sto nie pami\u0119tam momentu, pami\u0119tam uczucie. Wystawa w kr\u00f3tkim \u0142uku mi\u0119dzy ustami a ziemi\u0105 przywo\u0142uje <a class=\"moretag\" href=\"https:\/\/rodriguezgallery.com\/pl\/pracownia-kuratorstwa-2024\/\">Read More &#8230;<\/a><\/p>\n","protected":false},"author":1,"featured_media":0,"parent":0,"menu_order":0,"comment_status":"closed","ping_status":"closed","template":"full-width-page.php","meta":{"footnotes":""},"class_list":["post-6939","page","type-page","status-publish","hentry"],"_links":{"self":[{"href":"https:\/\/rodriguezgallery.com\/pl\/wp-json\/wp\/v2\/pages\/6939","targetHints":{"allow":["GET"]}}],"collection":[{"href":"https:\/\/rodriguezgallery.com\/pl\/wp-json\/wp\/v2\/pages"}],"about":[{"href":"https:\/\/rodriguezgallery.com\/pl\/wp-json\/wp\/v2\/types\/page"}],"author":[{"embeddable":true,"href":"https:\/\/rodriguezgallery.com\/pl\/wp-json\/wp\/v2\/users\/1"}],"replies":[{"embeddable":true,"href":"https:\/\/rodriguezgallery.com\/pl\/wp-json\/wp\/v2\/comments?post=6939"}],"version-history":[{"count":1,"href":"https:\/\/rodriguezgallery.com\/pl\/wp-json\/wp\/v2\/pages\/6939\/revisions"}],"predecessor-version":[{"id":7007,"href":"https:\/\/rodriguezgallery.com\/pl\/wp-json\/wp\/v2\/pages\/6939\/revisions\/7007"}],"wp:attachment":[{"href":"https:\/\/rodriguezgallery.com\/pl\/wp-json\/wp\/v2\/media?parent=6939"}],"curies":[{"name":"wp","href":"https:\/\/api.w.org\/{rel}","templated":true}]}}