{"id":6947,"date":"2024-09-27T15:05:41","date_gmt":"2024-09-27T13:05:41","guid":{"rendered":"https:\/\/rodriguezgallery.com\/?page_id=6947"},"modified":"2024-10-14T14:14:29","modified_gmt":"2024-10-14T12:14:29","slug":"julia-llerena-autumn-moon-over-still-lake","status":"publish","type":"page","link":"https:\/\/rodriguezgallery.com\/pl\/julia-llerena-autumn-moon-over-still-lake\/","title":{"rendered":"(English) Julia Llerena &#8211; Autumn Moon over Still Lake"},"content":{"rendered":"<div id=\"pl-6947\"  class=\"panel-layout\" ><div id=\"pg-6947-0\"  class=\"panel-grid panel-no-style\" ><div id=\"pgc-6947-0-0\"  class=\"panel-grid-cell\" ><div id=\"panel-6947-0-0-0\" class=\"so-panel widget widget_black-studio-tinymce widget_black_studio_tinymce panel-first-child panel-last-child\" data-index=\"0\" ><div class=\"textwidget\"><h6><span class=\"\" style=\"display:block;clear:both;height: 0px;padding-top: 20px;border-top-width:0px;border-bottom-width:0px;\"><\/span><br \/>\n<strong>Julia Llerena<\/strong><br \/>\n<em>Autumn Moon over Still Lake<\/em><br \/>\n04 - 30.10.2024<\/h6>\n<h6>P\u00f3\u0142senny pejza\u017c, wymarzony, zza zamkni\u0119tych powiek<\/p>\n<p>utkany z przenikaj\u0105cych si\u0119 warstw, od\u0142amk\u00f3w codzienno\u015bci, uczu\u0107, zachwyt\u00f3w<\/p>\n<p>rytmicznie, melodyjnie<\/p>\n<p>odkrywany poprzez ruch, uwa\u017cno\u015b\u0107 i odczucie<\/p>\n<p>niby nieuchwytny, p\u00f3\u0142przezroczysty a jak\u017ce namacalny<\/p>\n<p>zza matowej mg\u0142y ukazuje kolejne pow\u0142oki i przeb\u0142yski<\/p>\n<p>tak delikatny i kruchy, \u017ce trzeba by m\u00f3wi\u0107 szeptem, nie sp\u0142oszy\u0107 jego intymno\u015bci<\/p>\n<p>P\u00f3\u0142senny pejza\u017c, tak bliski cia\u0142u, tak osobisty<\/h6>\n<h6 style=\"font-weight: 400;\"><em>Proces pracy nad wystaw\u0105 zbieg\u0142 si\u0119 w czasie z wychowaniem dw\u00f3jki moich dzieci. Ka\u017cdej nocy najpierw k\u0142ad\u0119 do snu mojego 14-miesi\u0119cznego syna. Wszystko zaczyna si\u0119 w ciemnym pokoju, do kt\u00f3rego przez okno wpada jedynie nik\u0142e \u015bwiat\u0142o nocy. Le\u017cymy we dwoje, a kiedy go przykrywam, w tle gra muzyka kanto\u0144ska. Od tego momentu oboje wchodzimy w delikatny, nocny trans, on ku g\u0142\u0119bokiemu snowi, ja ku odczuciu spokoju i \u015bnienia (daydream), w kt\u00f3rym zwykle podr\u00f3\u017cuj\u0119 przez r\u00f3\u017cne etapy \u017cycia, przesz\u0142e i wyobra\u017cone. My\u015bl\u0119, \u017ce na le\u017c\u0105co wida\u0107 inaczej wewn\u0105trz siebie, tak jak gdyby przy spoczynku cia\u0142a my\u015bli odczuwa\u0142o si\u0119 z innego miejsca. Pewnej nocy, kiedy jego powieki ju\u017c opada\u0142y, a ja czu\u0142am si\u0119 ca\u0142kowicie spokojna, przeczyta\u0142am tytu\u0142 utworu, kt\u00f3ry s\u0142uchali\u015bmy: Autumn Moon over Still Lake\u00a0 (\u5e73\u6e56\u79cb\u6708; pinyin: P\u00edng H\u00fa Qi\u016b Yu\u00e8). By\u0142 to utw\u00f3r kanto\u0144ski napisany przez L\u00fc Wenchenga w latach trzydziestych. Skomponowa\u0142 on muzyk\u0119 podczas wizyty nad s\u0142ynnym Jeziorem Zachodnim w Hangzhou i jest ona idealnym wyrazem jego g\u0142\u0119bokiego szacunku do pi\u0119kna krajobrazu. Jezioro Zachodnie od czas\u00f3w staro\u017cytnych uwa\u017cane by\u0142o za miejsce spokoju i wyciszenia (serenity). Dzi\u0119ki sile intuicji wszystko nagle nabra\u0142o sensu i spotka\u0142o na jednej drodze, po\u0142\u0105czy\u0142am muzyk\u0119 i jej znaczenie z w\u0142asn\u0105 praktyk\u0105 artystyczn\u0105. Przezroczyste materia\u0142y, na kt\u00f3re losowo nak\u0142adam \u00a0pigmenty, akwarele i tusz, na kt\u00f3re naszywam drobne przedmioty i metalowe \u0142a\u0144cuszki, nie by\u0142y ju\u017c tylko impulsem poetyckim, sta\u0142y si\u0119 tak\u017ce sensorycznym krajobrazem. Nie zdaj\u0105c sobie z tego sprawy, na materia\u0142y przenios\u0142am kolory ziemi, zachodu s\u0142o\u0144ca, zieleni wody, suchych li\u015bci, przybli\u017caj\u0105c odcienie jesieni. Przywo\u0142a\u0142am przysz\u0142e wspomnienie, innego miejsca, by\u0107 mo\u017ce tego odleg\u0142ego Jeziora Zachodniego w Hangzhou.<\/p>\n<p><\/em><em>Na wystawie to miejsce istnieje wertykalnie, jawi si\u0119 jako krajobraz zen, jako haiku. Sceneria cicha i spokojna, w kt\u00f3rej mo\u017cna by\u0107, zapada\u0107 w sen, miejsce wyobra\u017cone z zamkni\u0119tymi oczami, kt\u00f3re tu, pewnego jesiennego dnia, otwieramy.<\/p>\n<p><\/em><em>Wed\u0142ug Ram\u00f3na Andr\u00e9sa (hiszpa\u0144skiego eseisty i poety), bior\u0105c pod uwag\u0119 nasz\u0105 kondycj\u0119 jako istot pe\u0142nych t\u0119sknoty (longing) pozostajemy w jednym miejscu, marz\u0105c o innych. Nasze cia\u0142a fizycznie umiejscawiamy tutaj, ale reszta znajduje si\u0119 tam, na granicy przestrzeni \u015bwiadomo\u015bci i nie\u015bwiadomo\u015bci. W instalacji \u015bwiat\u0142a, odcienie i cienie nak\u0142adaj\u0105 si\u0119 na siebie i kumuluj\u0105, jakby chcia\u0142y odkrywa\u0107 kolejne warstwy rzeczywisto\u015bci, w kt\u00f3rych postrzeganie nas samych si\u0119 rozmywa. \u015api\u0105ca w \u015bwiecie \u015bwiadomych lub \u015bwiadoma w \u015bwiecie \u015bpi\u0105cych.<\/em><\/h6>\n<p>&nbsp;<\/p>\n<h6>\nProjekt dofinansowany z bud\u017cetu Miasta Poznania<\/h6>\n<\/div><\/div><\/div><div id=\"pgc-6947-0-1\"  class=\"panel-grid-cell\" ><div id=\"panel-6947-0-1-0\" class=\"so-panel widget widget_black-studio-tinymce widget_black_studio_tinymce panel-first-child panel-last-child\" data-index=\"1\" ><div class=\"textwidget\"><p><span class=\"\" style=\"display:block;clear:both;height: 0px;padding-top: 20px;border-top-width:0px;border-bottom-width:0px;\"><\/span><\/p>\n<p><div id='gallery-1' class='gallery galleryid-6947 gallery-columns-3 gallery-size-thumbnail'><figure class='gallery-item'>\n\t\t\t<div class='gallery-icon landscape'>\n\t\t\t\t<a href='https:\/\/rodriguezgallery.com\/wp-content\/uploads\/2024\/10\/2024_RodriguezGallery_Julia_Llerena_fot.J.Czarnota_1_small.jpg'><img loading=\"lazy\" decoding=\"async\" width=\"150\" height=\"150\" src=\"https:\/\/rodriguezgallery.com\/wp-content\/uploads\/2024\/10\/2024_RodriguezGallery_Julia_Llerena_fot.J.Czarnota_1_small-150x150.jpg\" class=\"attachment-thumbnail size-thumbnail\" alt=\"\" \/><\/a>\n\t\t\t<\/div><\/figure><figure class='gallery-item'>\n\t\t\t<div class='gallery-icon landscape'>\n\t\t\t\t<a href='https:\/\/rodriguezgallery.com\/wp-content\/uploads\/2024\/10\/2024_RodriguezGallery_Julia_Llerena_fot.J.Czarnota_3_small.jpg'><img loading=\"lazy\" decoding=\"async\" width=\"150\" height=\"150\" src=\"https:\/\/rodriguezgallery.com\/wp-content\/uploads\/2024\/10\/2024_RodriguezGallery_Julia_Llerena_fot.J.Czarnota_3_small-150x150.jpg\" class=\"attachment-thumbnail size-thumbnail\" alt=\"\" \/><\/a>\n\t\t\t<\/div><\/figure><figure class='gallery-item'>\n\t\t\t<div class='gallery-icon landscape'>\n\t\t\t\t<a href='https:\/\/rodriguezgallery.com\/wp-content\/uploads\/2024\/10\/2024_RodriguezGallery_Julia_Llerena_fot.J.Czarnota_5_small.jpg'><img loading=\"lazy\" decoding=\"async\" width=\"150\" height=\"150\" src=\"https:\/\/rodriguezgallery.com\/wp-content\/uploads\/2024\/10\/2024_RodriguezGallery_Julia_Llerena_fot.J.Czarnota_5_small-150x150.jpg\" class=\"attachment-thumbnail size-thumbnail\" alt=\"\" \/><\/a>\n\t\t\t<\/div><\/figure><figure class='gallery-item'>\n\t\t\t<div class='gallery-icon portrait'>\n\t\t\t\t<a href='https:\/\/rodriguezgallery.com\/wp-content\/uploads\/2024\/10\/2024_RodriguezGallery_Julia_Llerena_fot.J.Czarnota_9_small.jpg'><img loading=\"lazy\" decoding=\"async\" width=\"150\" height=\"150\" src=\"https:\/\/rodriguezgallery.com\/wp-content\/uploads\/2024\/10\/2024_RodriguezGallery_Julia_Llerena_fot.J.Czarnota_9_small-150x150.jpg\" class=\"attachment-thumbnail size-thumbnail\" alt=\"\" \/><\/a>\n\t\t\t<\/div><\/figure><figure class='gallery-item'>\n\t\t\t<div class='gallery-icon landscape'>\n\t\t\t\t<a href='https:\/\/rodriguezgallery.com\/wp-content\/uploads\/2024\/10\/2024_RodriguezGallery_Julia_Llerena_fot.J.Czarnota_11_small.jpg'><img loading=\"lazy\" decoding=\"async\" width=\"150\" height=\"150\" src=\"https:\/\/rodriguezgallery.com\/wp-content\/uploads\/2024\/10\/2024_RodriguezGallery_Julia_Llerena_fot.J.Czarnota_11_small-150x150.jpg\" class=\"attachment-thumbnail size-thumbnail\" alt=\"\" \/><\/a>\n\t\t\t<\/div><\/figure><figure class='gallery-item'>\n\t\t\t<div class='gallery-icon portrait'>\n\t\t\t\t<a href='https:\/\/rodriguezgallery.com\/wp-content\/uploads\/2024\/10\/2024_RodriguezGallery_Julia_Llerena_fot.J.Czarnota_12_small.jpg'><img loading=\"lazy\" decoding=\"async\" width=\"150\" height=\"150\" src=\"https:\/\/rodriguezgallery.com\/wp-content\/uploads\/2024\/10\/2024_RodriguezGallery_Julia_Llerena_fot.J.Czarnota_12_small-150x150.jpg\" class=\"attachment-thumbnail size-thumbnail\" alt=\"\" \/><\/a>\n\t\t\t<\/div><\/figure><figure class='gallery-item'>\n\t\t\t<div class='gallery-icon landscape'>\n\t\t\t\t<a href='https:\/\/rodriguezgallery.com\/wp-content\/uploads\/2024\/10\/2024_RodriguezGallery_Julia_Llerena_fot.J.Czarnota_18_small.jpg'><img loading=\"lazy\" decoding=\"async\" width=\"150\" height=\"150\" src=\"https:\/\/rodriguezgallery.com\/wp-content\/uploads\/2024\/10\/2024_RodriguezGallery_Julia_Llerena_fot.J.Czarnota_18_small-150x150.jpg\" class=\"attachment-thumbnail size-thumbnail\" alt=\"\" \/><\/a>\n\t\t\t<\/div><\/figure><figure class='gallery-item'>\n\t\t\t<div class='gallery-icon landscape'>\n\t\t\t\t<a href='https:\/\/rodriguezgallery.com\/wp-content\/uploads\/2024\/10\/2024_RodriguezGallery_Julia_Llerena_fot.J.Czarnota_24_small.jpg'><img loading=\"lazy\" decoding=\"async\" width=\"150\" height=\"150\" src=\"https:\/\/rodriguezgallery.com\/wp-content\/uploads\/2024\/10\/2024_RodriguezGallery_Julia_Llerena_fot.J.Czarnota_24_small-150x150.jpg\" class=\"attachment-thumbnail size-thumbnail\" alt=\"\" \/><\/a>\n\t\t\t<\/div><\/figure><figure class='gallery-item'>\n\t\t\t<div class='gallery-icon landscape'>\n\t\t\t\t<a href='https:\/\/rodriguezgallery.com\/wp-content\/uploads\/2024\/10\/2024_RodriguezGallery_Julia_Llerena_fot.J.Czarnota_25_small.jpg'><img loading=\"lazy\" decoding=\"async\" width=\"150\" height=\"150\" src=\"https:\/\/rodriguezgallery.com\/wp-content\/uploads\/2024\/10\/2024_RodriguezGallery_Julia_Llerena_fot.J.Czarnota_25_small-150x150.jpg\" class=\"attachment-thumbnail size-thumbnail\" alt=\"\" \/><\/a>\n\t\t\t<\/div><\/figure><figure class='gallery-item'>\n\t\t\t<div class='gallery-icon landscape'>\n\t\t\t\t<a href='https:\/\/rodriguezgallery.com\/wp-content\/uploads\/2024\/10\/2024_RodriguezGallery_Julia_Llerena_fot.J.Czarnota_29_small.jpg'><img loading=\"lazy\" decoding=\"async\" width=\"150\" height=\"150\" src=\"https:\/\/rodriguezgallery.com\/wp-content\/uploads\/2024\/10\/2024_RodriguezGallery_Julia_Llerena_fot.J.Czarnota_29_small-150x150.jpg\" class=\"attachment-thumbnail size-thumbnail\" alt=\"\" \/><\/a>\n\t\t\t<\/div><\/figure><figure class='gallery-item'>\n\t\t\t<div class='gallery-icon landscape'>\n\t\t\t\t<a href='https:\/\/rodriguezgallery.com\/wp-content\/uploads\/2024\/10\/2024_RodriguezGallery_Julia_Llerena_fot.J.Czarnota_31_small.jpg'><img loading=\"lazy\" decoding=\"async\" width=\"150\" height=\"150\" src=\"https:\/\/rodriguezgallery.com\/wp-content\/uploads\/2024\/10\/2024_RodriguezGallery_Julia_Llerena_fot.J.Czarnota_31_small-150x150.jpg\" class=\"attachment-thumbnail size-thumbnail\" alt=\"\" \/><\/a>\n\t\t\t<\/div><\/figure><figure class='gallery-item'>\n\t\t\t<div class='gallery-icon portrait'>\n\t\t\t\t<a href='https:\/\/rodriguezgallery.com\/wp-content\/uploads\/2024\/10\/2024_RodriguezGallery_Julia_Llerena_fot.J.Czarnota_33_small.jpg'><img loading=\"lazy\" decoding=\"async\" width=\"150\" height=\"150\" src=\"https:\/\/rodriguezgallery.com\/wp-content\/uploads\/2024\/10\/2024_RodriguezGallery_Julia_Llerena_fot.J.Czarnota_33_small-150x150.jpg\" class=\"attachment-thumbnail size-thumbnail\" alt=\"\" \/><\/a>\n\t\t\t<\/div><\/figure><figure class='gallery-item'>\n\t\t\t<div class='gallery-icon portrait'>\n\t\t\t\t<a href='https:\/\/rodriguezgallery.com\/wp-content\/uploads\/2024\/10\/2024_RodriguezGallery_Julia_Llerena_fot.J.Czarnota_40_small.jpg'><img loading=\"lazy\" decoding=\"async\" width=\"150\" height=\"150\" src=\"https:\/\/rodriguezgallery.com\/wp-content\/uploads\/2024\/10\/2024_RodriguezGallery_Julia_Llerena_fot.J.Czarnota_40_small-150x150.jpg\" class=\"attachment-thumbnail size-thumbnail\" alt=\"\" \/><\/a>\n\t\t\t<\/div><\/figure><figure class='gallery-item'>\n\t\t\t<div class='gallery-icon portrait'>\n\t\t\t\t<a href='https:\/\/rodriguezgallery.com\/wp-content\/uploads\/2024\/10\/2024_RodriguezGallery_Julia_Llerena_fot.J.Czarnota_41_small.jpg'><img loading=\"lazy\" decoding=\"async\" width=\"150\" height=\"150\" src=\"https:\/\/rodriguezgallery.com\/wp-content\/uploads\/2024\/10\/2024_RodriguezGallery_Julia_Llerena_fot.J.Czarnota_41_small-150x150.jpg\" class=\"attachment-thumbnail size-thumbnail\" alt=\"\" \/><\/a>\n\t\t\t<\/div><\/figure><figure class='gallery-item'>\n\t\t\t<div class='gallery-icon landscape'>\n\t\t\t\t<a href='https:\/\/rodriguezgallery.com\/wp-content\/uploads\/2024\/10\/2024_RodriguezGallery_Julia_Llerena_fot.J.Czarnota_44_small.jpg'><img loading=\"lazy\" decoding=\"async\" width=\"150\" height=\"150\" src=\"https:\/\/rodriguezgallery.com\/wp-content\/uploads\/2024\/10\/2024_RodriguezGallery_Julia_Llerena_fot.J.Czarnota_44_small-150x150.jpg\" class=\"attachment-thumbnail size-thumbnail\" alt=\"\" \/><\/a>\n\t\t\t<\/div><\/figure><figure class='gallery-item'>\n\t\t\t<div class='gallery-icon landscape'>\n\t\t\t\t<a href='https:\/\/rodriguezgallery.com\/wp-content\/uploads\/2024\/10\/2024_RodriguezGallery_Julia_Llerena_fot.J.Czarnota_50_small.jpg'><img loading=\"lazy\" decoding=\"async\" width=\"150\" height=\"150\" src=\"https:\/\/rodriguezgallery.com\/wp-content\/uploads\/2024\/10\/2024_RodriguezGallery_Julia_Llerena_fot.J.Czarnota_50_small-150x150.jpg\" class=\"attachment-thumbnail size-thumbnail\" alt=\"\" \/><\/a>\n\t\t\t<\/div><\/figure>\n\t\t<\/div>\n<\/p>\n<\/div><\/div><\/div><\/div><\/div>","protected":false},"excerpt":{"rendered":"<p>Julia Llerena Autumn Moon over Still Lake 04 &#8211; 30.10.2024 P\u00f3\u0142senny pejza\u017c, wymarzony, zza zamkni\u0119tych powiek utkany z przenikaj\u0105cych si\u0119 warstw, od\u0142amk\u00f3w codzienno\u015bci, uczu\u0107, zachwyt\u00f3w rytmicznie, melodyjnie odkrywany poprzez ruch, <a class=\"moretag\" href=\"https:\/\/rodriguezgallery.com\/pl\/julia-llerena-autumn-moon-over-still-lake\/\">Read More &#8230;<\/a><\/p>\n","protected":false},"author":1,"featured_media":0,"parent":0,"menu_order":0,"comment_status":"closed","ping_status":"closed","template":"full-width-page.php","meta":{"footnotes":""},"class_list":["post-6947","page","type-page","status-publish","hentry"],"_links":{"self":[{"href":"https:\/\/rodriguezgallery.com\/pl\/wp-json\/wp\/v2\/pages\/6947","targetHints":{"allow":["GET"]}}],"collection":[{"href":"https:\/\/rodriguezgallery.com\/pl\/wp-json\/wp\/v2\/pages"}],"about":[{"href":"https:\/\/rodriguezgallery.com\/pl\/wp-json\/wp\/v2\/types\/page"}],"author":[{"embeddable":true,"href":"https:\/\/rodriguezgallery.com\/pl\/wp-json\/wp\/v2\/users\/1"}],"replies":[{"embeddable":true,"href":"https:\/\/rodriguezgallery.com\/pl\/wp-json\/wp\/v2\/comments?post=6947"}],"version-history":[{"count":1,"href":"https:\/\/rodriguezgallery.com\/pl\/wp-json\/wp\/v2\/pages\/6947\/revisions"}],"predecessor-version":[{"id":7005,"href":"https:\/\/rodriguezgallery.com\/pl\/wp-json\/wp\/v2\/pages\/6947\/revisions\/7005"}],"wp:attachment":[{"href":"https:\/\/rodriguezgallery.com\/pl\/wp-json\/wp\/v2\/media?parent=6947"}],"curies":[{"name":"wp","href":"https:\/\/api.w.org\/{rel}","templated":true}]}}