{"id":7025,"date":"2024-10-29T13:41:58","date_gmt":"2024-10-29T11:41:58","guid":{"rendered":"https:\/\/rodriguezgallery.com\/?page_id=7025"},"modified":"2024-11-27T14:39:44","modified_gmt":"2024-11-27T12:39:44","slug":"michal-smandek-biblioteka-pszczol","status":"publish","type":"page","link":"https:\/\/rodriguezgallery.com\/pl\/michal-smandek-biblioteka-pszczol\/","title":{"rendered":"(English) Michal Smandek &#8211; Biblioteka pszcz\u00f3\u0142"},"content":{"rendered":"<div id=\"pl-7025\"  class=\"panel-layout\" ><div id=\"pg-7025-0\"  class=\"panel-grid panel-no-style\" ><div id=\"pgc-7025-0-0\"  class=\"panel-grid-cell\" ><div id=\"panel-7025-0-0-0\" class=\"so-panel widget widget_black-studio-tinymce widget_black_studio_tinymce panel-first-child panel-last-child\" data-index=\"0\" ><div class=\"textwidget\"><h6><span class=\"\" style=\"display:block;clear:both;height: 0px;padding-top: 20px;border-top-width:0px;border-bottom-width:0px;\"><\/span><br \/>\n<strong>Micha\u0142 Smandek<\/strong><br \/>\n<em>Biblioteka Pszcz\u00f3\u0142<br \/>\n<\/em>8.11-6.12.2024<\/h6>\n<h6>Finissage:<br class=\"html-br\" \/>6 grudnia godz.18:00<\/h6>\n<h6 class=\"x11i5rnm xat24cr x1mh8g0r x1vvkbs xtlvy1s\">Micha\u0142 Smandek w swojej praktyce tw\u00f3rczej analizuje wsp\u00f3\u0142zale\u017cno\u015b\u0107 cz\u0142owieka i natury, a od kilku lat swoje poszukiwania skupia na badaniu zachowa\u0144 rodzin pszczelich, wskazuj\u0105c na \u015bcis\u0142\u0105 zale\u017cno\u015b\u0107 mi\u0119dzy kondycj\u0105 pszcz\u00f3\u0142 a dobrostanem ludzi.<br \/>\n<br class=\"html-br\" \/>Projekt <em>Biblioteka pszcz\u00f3\u0142<\/em>, kt\u00f3ry opiera si\u0119 na wsp\u00f3\u0142pracy z lokaln\u0105 spo\u0142eczno\u015bci\u0105 i dzia\u0142aniu kolektywnym, ma sk\u0142ania\u0107 do krytycznej refleksji wobec wszechobecnego prymatu indywidualizmu. Micha\u0142 Smandek zaprasza do udzia\u0142u w realizacji wieloelementowej instalacji przestrzennej z tkanin z wosku pszczelego. W trakcie wydarzenia, podczas cyklicznych warsztat\u00f3w, zainteresowane osoby b\u0119d\u0105 mia\u0142y szans\u0119 wp\u0142yn\u0105\u0107 na kszta\u0142t ekspozycji dok\u0142adaj\u0105c samodzielnie zrealizowany element. Smandek przesuwa w ten spos\u00f3b akcent z \u201eja\u201d na \u201emy\u201d. Poprzez partycypacyjny charakter projektu autorstwo instalacji zostaje roz\u0142o\u017cone na wiele jednostek, na wz\u00f3r pracy pszcz\u00f3\u0142 w ulu, a jej wizualny efekt ko\u0144cowy poznamy w momencie zako\u0144czenia ca\u0142ego wydarzenia.<br class=\"html-br\" \/>Drobne otwory w \u015bwietlisto-\u017c\u00f3\u0142tej materii tkanin tworz\u0105 struktur\u0119 przypominaj\u0105c\u0105 kod. Mo\u017cemy nazwa\u0107 go hipotetycznym zapisem \u201emowy\u201d pszczelej w formie nieznanego nam pisma, a pod\u0105\u017caj\u0105c tym tropem, ca\u0142o\u015b\u0107 instalacji Bibliotek\u0105 lub Archiwum wiedzy, kt\u00f3rej nie potrafimy odczyta\u0107. Podobne w swej strukturze formy zapisu znamy z j\u0119zyka Braille'a, kodu Morse'a, z perforowanych kart pami\u0119ci pierwszych komputer\u00f3w czy te\u017c z \u017cakardowych krosien tkackich.<\/h6>\n<h6 class=\"x11i5rnm xat24cr x1mh8g0r x1vvkbs xtlvy1s\">Istot\u0105 projektu jest spotkanie, wsp\u00f3\u0142praca i komunikacja s\u0142u\u017c\u0105ca nie tyle przekazywaniu informacji, co nawi\u0105zywaniu relacji i budowaniu wi\u0119zi. Rozumiane s\u0105 one jako punkt wyj\u015bcia do tworzenia nowych modeli my\u015blenia o przysz\u0142o\u015bci, kt\u00f3rej niepewno\u015b\u0107 w obliczu zmian klimatycznych przeczuwamy (i ju\u017c do\u015bwiadczamy).<\/h6>\n<h6 class=\"x11i5rnm xat24cr x1mh8g0r x1vvkbs xtlvy1s\"><\/h6>\n<h6 class=\"x11i5rnm xat24cr x1mh8g0r x1vvkbs xtlvy1s\">Projekt sfinansowano ze \u015brodk\u00f3w Fundacji Artystyczna Podr\u00f3\u017c Hestii.<br class=\"html-br\" \/>Partner Fundacja Artystyczna Podr\u00f3\u017c Hestii i STU ERGO Hestia S.A.<\/h6>\n<p><img loading=\"lazy\" decoding=\"async\" class=\"alignleft wp-image-7031 \" src=\"https:\/\/rodriguezgallery.com\/wp-content\/uploads\/2024\/10\/logo_ERGO-Hestia-300x214.jpg\" alt=\"\" width=\"165\" height=\"118\" srcset=\"https:\/\/rodriguezgallery.com\/wp-content\/uploads\/2024\/10\/logo_ERGO-Hestia-300x214.jpg 300w, https:\/\/rodriguezgallery.com\/wp-content\/uploads\/2024\/10\/logo_ERGO-Hestia-210x150.jpg 210w, https:\/\/rodriguezgallery.com\/wp-content\/uploads\/2024\/10\/logo_ERGO-Hestia.jpg 552w\" sizes=\"auto, (max-width: 165px) 100vw, 165px\" \/><\/p>\n<h6 class=\"x11i5rnm xat24cr x1mh8g0r x1vvkbs xtlvy1s\">Wst\u0119p na wszystkie wydarzenia jest bezp\u0142atny.<\/h6>\n<\/div><\/div><\/div><div id=\"pgc-7025-0-1\"  class=\"panel-grid-cell\" ><div id=\"panel-7025-0-1-0\" class=\"so-panel widget widget_black-studio-tinymce widget_black_studio_tinymce panel-first-child panel-last-child\" data-index=\"1\" ><div class=\"textwidget\"><h6><span class=\"\" style=\"display:block;clear:both;height: 0px;padding-top: 20px;border-top-width:0px;border-bottom-width:0px;\"><\/span><\/h6>\n<p><div id='gallery-1' class='gallery galleryid-7025 gallery-columns-2 gallery-size-thumbnail'><figure class='gallery-item'>\n\t\t\t<div class='gallery-icon landscape'>\n\t\t\t\t<a href='https:\/\/rodriguezgallery.com\/wp-content\/uploads\/2024\/11\/Michal-Smandek-Biblioteka-Pszczol-Rodriguez-Foundation-2024-fot.-Przeswit-Studio-scaled.jpg'><img loading=\"lazy\" decoding=\"async\" width=\"150\" height=\"150\" src=\"https:\/\/rodriguezgallery.com\/wp-content\/uploads\/2024\/11\/Michal-Smandek-Biblioteka-Pszczol-Rodriguez-Foundation-2024-fot.-Przeswit-Studio-150x150.jpg\" class=\"attachment-thumbnail size-thumbnail\" alt=\"\" \/><\/a>\n\t\t\t<\/div><\/figure><figure class='gallery-item'>\n\t\t\t<div class='gallery-icon landscape'>\n\t\t\t\t<a href='https:\/\/rodriguezgallery.com\/wp-content\/uploads\/2024\/10\/Michal-Smandek-Biblioteka-pszczol.jpg'><img loading=\"lazy\" decoding=\"async\" width=\"150\" height=\"150\" src=\"https:\/\/rodriguezgallery.com\/wp-content\/uploads\/2024\/10\/Michal-Smandek-Biblioteka-pszczol-150x150.jpg\" class=\"attachment-thumbnail size-thumbnail\" alt=\"\" \/><\/a>\n\t\t\t<\/div><\/figure>\n\t\t<\/div>\n<\/p>\n<p>&nbsp;<\/p>\n<\/div><\/div><\/div><\/div><\/div>","protected":false},"excerpt":{"rendered":"<p>Micha\u0142 Smandek Biblioteka Pszcz\u00f3\u0142 8.11-6.12.2024 Finissage:6 grudnia godz.18:00 Micha\u0142 Smandek w swojej praktyce tw\u00f3rczej analizuje wsp\u00f3\u0142zale\u017cno\u015b\u0107 cz\u0142owieka i natury, a od kilku lat swoje poszukiwania skupia na badaniu zachowa\u0144 rodzin <a class=\"moretag\" href=\"https:\/\/rodriguezgallery.com\/pl\/michal-smandek-biblioteka-pszczol\/\">Read More &#8230;<\/a><\/p>\n","protected":false},"author":1,"featured_media":0,"parent":0,"menu_order":0,"comment_status":"closed","ping_status":"closed","template":"full-width-page.php","meta":{"footnotes":""},"class_list":["post-7025","page","type-page","status-publish","hentry"],"_links":{"self":[{"href":"https:\/\/rodriguezgallery.com\/pl\/wp-json\/wp\/v2\/pages\/7025","targetHints":{"allow":["GET"]}}],"collection":[{"href":"https:\/\/rodriguezgallery.com\/pl\/wp-json\/wp\/v2\/pages"}],"about":[{"href":"https:\/\/rodriguezgallery.com\/pl\/wp-json\/wp\/v2\/types\/page"}],"author":[{"embeddable":true,"href":"https:\/\/rodriguezgallery.com\/pl\/wp-json\/wp\/v2\/users\/1"}],"replies":[{"embeddable":true,"href":"https:\/\/rodriguezgallery.com\/pl\/wp-json\/wp\/v2\/comments?post=7025"}],"version-history":[{"count":1,"href":"https:\/\/rodriguezgallery.com\/pl\/wp-json\/wp\/v2\/pages\/7025\/revisions"}],"predecessor-version":[{"id":7050,"href":"https:\/\/rodriguezgallery.com\/pl\/wp-json\/wp\/v2\/pages\/7025\/revisions\/7050"}],"wp:attachment":[{"href":"https:\/\/rodriguezgallery.com\/pl\/wp-json\/wp\/v2\/media?parent=7025"}],"curies":[{"name":"wp","href":"https:\/\/api.w.org\/{rel}","templated":true}]}}