{"id":7051,"date":"2024-12-05T11:53:51","date_gmt":"2024-12-05T09:53:51","guid":{"rendered":"https:\/\/rodriguezgallery.com\/?page_id=7051"},"modified":"2025-01-10T14:36:56","modified_gmt":"2025-01-10T12:36:56","slug":"adrian-kolerski-proba-rekonstrukcji","status":"publish","type":"page","link":"https:\/\/rodriguezgallery.com\/pl\/adrian-kolerski-proba-rekonstrukcji\/","title":{"rendered":"(English) Adrian Kolerski &#8211; Pr\u00f3ba rekonstrukcji"},"content":{"rendered":"<div id=\"pl-7051\"  class=\"panel-layout\" ><div id=\"pg-7051-0\"  class=\"panel-grid panel-no-style\" ><div id=\"pgc-7051-0-0\"  class=\"panel-grid-cell\" ><div id=\"panel-7051-0-0-0\" class=\"so-panel widget widget_black-studio-tinymce widget_black_studio_tinymce panel-first-child panel-last-child\" data-index=\"0\" ><div class=\"textwidget\"><h6><span class=\"\" style=\"display:block;clear:both;height: 0px;padding-top: 20px;border-top-width:0px;border-bottom-width:0px;\"><\/span><br \/>\n<strong>Adrian Kolerski<\/strong><br \/>\n<em>Pr\u00f3ba rekonstrukcji<br \/>\n<\/em>13.12.2024 - 22.01.2025<\/h6>\n<h6 class=\"x11i5rnm xat24cr x1mh8g0r x1vvkbs xtlvy1s\">\"Pr\u00f3ba rekonstrukcji\" podejmuje temat subiektywnej percepcji rzeczywisto\u015bci. Adrian Kolerski, poprzez procesy tw\u00f3rcze, przygl\u0105da si\u0119 z\u0142o\u017cono\u015bci relacji pomi\u0119dzy materialnymi wytworami, a ich mo\u017cliwymi znaczeniami. Wskutek zmiany sens\u00f3w lub utraty funkcji przedmioty oddalaj\u0105 si\u0119 od rzeczywisto\u015bci, kt\u00f3r\u0105 wsp\u00f3\u0142tworzy\u0142y \u2013 zagnie\u017cd\u017caj\u0105c si\u0119 gdzie\u015b na jej peryferiach. To cz\u0119sto nierozpoznawalne obiekty sprawiaj\u0105ce trudno\u015bci w identyfikacji i oporne w komunikacji. Pozbawione to\u017csamo\u015bci, wykluczone z w\u0142asnych historii, zdeformowane, gubi\u0105ce kszta\u0142ty, wymiary, kolory, stapiaj\u0105ce si\u0119 ze sob\u0105. Takie, kt\u00f3re utkn\u0119\u0142y pomi\u0119dzy tym czym by\u0142y, a mo\u017cliwo\u015bci\u0105 bycia czym\u015b jeszcze \u2013 byty liminalne w stanie zawieszenia. Zetkni\u0119cie si\u0119 z takimi formami mo\u017ce generowa\u0107 poczucie odrealnienia i wywo\u0142ywa\u0107 prze\u017cycie estetyczne \u2013 wizualne odurzenie uruchamiaj\u0105ce wspomnienia, skojarzenia czy stymuluj\u0105ce domys\u0142y, spekulacje i wyobra\u017cenia na ich temat. W tym kontek\u015bcie istotne staje si\u0119 poj\u0119cie \u201emo\u017cliwo\u015bci\u201d maj\u0105ce udzia\u0142 w tytu\u0142owej pr\u00f3bie rekonstrukcji, ujawniaj\u0105c jej tw\u00f3rczy potencja\u0142. W uj\u0119ciu autora wystawy nie polega ona na skrupulatnym odtwarzaniu, ale raczej na przetwarzaniu, nawi\u0105zywaniu, sugestii \u2013 w\u0142a\u015bnie na pr\u00f3bie, b\u0119d\u0105cej wynikiem stara\u0144 czy wysi\u0142ku, daj\u0105cej o nich jakie\u015b wyobra\u017cenie.<\/h6>\n<h6 class=\"x11i5rnm xat24cr x1mh8g0r x1vvkbs xtlvy1s\">Nieprzypadkowo \u201ePr\u00f3ba rekonstrukcji\u201d jest powt\u00f3rzeniem tytu\u0142u jednego z opowiada\u0144 Tadeusza R\u00f3\u017cewicza. Jego autor podejmuje si\u0119 w nim, codziennie na nowo, pr\u00f3by odbudowania minionego \u015bwiata ze strz\u0119p\u00f3w pami\u0119ci. Stara si\u0119 odtwarza\u0107 z\u0142o\u017cone do\u015bwiadczenia \u017cyciowe, kt\u00f3re w my\u015blach przywo\u0142uje, poprzez liczne obrazy i detale otaczaj\u0105cej go rzeczywisto\u015bci. Poddaje refleksjom poj\u0119cia takie jak pami\u0119\u0107 czy to\u017csamo\u015b\u0107 osadzone gdzie\u015b na osi przesz\u0142o\u015bci i tera\u017aniejszo\u015bci.<\/h6>\n<h6 class=\"x11i5rnm xat24cr x1mh8g0r x1vvkbs xtlvy1s\">Prezentowane dzie\u0142a przyjmuj\u0105 abstrakcyjna\u0328, metaforyczna\u0328 form\u0119, stanowi\u0105c materialny ekwiwalent mnogich do\u015bwiadcze\u0144. To zbi\u00f3r hybrydycznych obiekt\u00f3w przestrzennych i malarskich, sytuuj\u0105cych si\u0119 na pograniczu medi\u00f3w, tj. malarstwo, obiekt czy instalacja. Trudno\u015b\u0107 sprawia okre\u015blenie czy mamy do czynienia z fragmentem przedmiotu czy z jego ca\u0142o\u015bci\u0105. Cz\u0119\u015b\u0107 dzie\u0142 zdaje si\u0119 przepoczwarza\u0107 i zastyga\u0107 w zdeformowanych postaciach. Inne z kolei zdaja\u0328 si\u0119 rozwarstwia\u0107, spr\u0119\u017ca\u0107 lub na powr\u00f3t rozpr\u0119\u017ca\u0107, sugeruj\u0105c ci\u0105g\u0142o\u015b\u0107 proces\u00f3w, kt\u00f3rym s\u0105 poddawane.<\/h6>\n<h6 class=\"x11i5rnm xat24cr x1mh8g0r x1vvkbs xtlvy1s\">Anektuj\u0105c komponenty pochodz\u0105ce z otoczenia i \u0142\u0105cz\u0105c je z materia\u0142ami plastycznymi podkre\u015blony jest hybrydyczny charakter prac. Efektem jest zatracenie jednoznacznego charakteru dzie\u0142 i poszerzenie pola obrazu. Redukcja czytelnych tre\u015bci na powierzchni prac pozwala zwr\u00f3ci\u0107 uwag\u0119 na materialno\u015b\u0107 przedmiotu. Taki zabieg, sprawia, \u017ce z jednej strony \u2013 zachowuje on swoja\u0328 autonomie\u0328, z drugiej za\u015b \u2013 wywo\u0142uje wra\u017cenie \u201eczego\u015b znajomego\u201d, nie popadaj\u0105c w bycie jawna\u0328 reprezentacja\u0328 lub substytutem konkretnego przedmiotu. Poszukiwanie takiej progowej (liminalnej) postaci prac wi\u0105\u017ce si\u0119 z zainteresowaniem wobec samego przedmiotu jako pojemnej formu\u0142y \u2013 no\u015bnika mnogich to\u017csamo\u015bci. Owa mnogo\u015b\u0107, stanowi klucz do zrozumienia poetyki prac \u201eprawie okre\u015blonych\u201d, wobec kt\u00f3rych odpowiedni termin permanentnie spoczywa na ko\u0144cu j\u0119zyka.<\/h6>\n<h6><\/h6>\n<h6 class=\"x11i5rnm xat24cr x1mh8g0r x1vvkbs xtlvy1s\">Wydarzenie dofinansowane z bud\u017cetu Miasta Poznania.<\/h6>\n<\/div><\/div><\/div><div id=\"pgc-7051-0-1\"  class=\"panel-grid-cell\" ><div id=\"panel-7051-0-1-0\" class=\"so-panel widget widget_black-studio-tinymce widget_black_studio_tinymce panel-first-child panel-last-child\" data-index=\"1\" ><div class=\"textwidget\"><p><span class=\"\" style=\"display:block;clear:both;height: 0px;padding-top: 20px;border-top-width:0px;border-bottom-width:0px;\"><\/span><\/p>\n<p><div id='gallery-1' class='gallery galleryid-7051 gallery-columns-4 gallery-size-thumbnail'><figure class='gallery-item'>\n\t\t\t<div class='gallery-icon landscape'>\n\t\t\t\t<a href='https:\/\/rodriguezgallery.com\/wp-content\/uploads\/2025\/01\/Rodriguez-Adrian-Kolerski-XII-2024-fot-Czarnota-1.jpg'><img loading=\"lazy\" decoding=\"async\" width=\"150\" height=\"150\" src=\"https:\/\/rodriguezgallery.com\/wp-content\/uploads\/2025\/01\/Rodriguez-Adrian-Kolerski-XII-2024-fot-Czarnota-1-150x150.jpg\" class=\"attachment-thumbnail size-thumbnail\" alt=\"\" \/><\/a>\n\t\t\t<\/div><\/figure><figure class='gallery-item'>\n\t\t\t<div class='gallery-icon landscape'>\n\t\t\t\t<a href='https:\/\/rodriguezgallery.com\/wp-content\/uploads\/2025\/01\/Rodriguez-Adrian-Kolerski-XII-2024-fot-Czarnota-2.jpg'><img loading=\"lazy\" decoding=\"async\" width=\"150\" height=\"150\" src=\"https:\/\/rodriguezgallery.com\/wp-content\/uploads\/2025\/01\/Rodriguez-Adrian-Kolerski-XII-2024-fot-Czarnota-2-150x150.jpg\" class=\"attachment-thumbnail size-thumbnail\" alt=\"\" \/><\/a>\n\t\t\t<\/div><\/figure><figure class='gallery-item'>\n\t\t\t<div class='gallery-icon landscape'>\n\t\t\t\t<a href='https:\/\/rodriguezgallery.com\/wp-content\/uploads\/2025\/01\/Rodriguez-Adrian-Kolerski-XII-2024-fot-Czarnota-3.jpg'><img loading=\"lazy\" decoding=\"async\" width=\"150\" height=\"150\" src=\"https:\/\/rodriguezgallery.com\/wp-content\/uploads\/2025\/01\/Rodriguez-Adrian-Kolerski-XII-2024-fot-Czarnota-3-150x150.jpg\" class=\"attachment-thumbnail size-thumbnail\" alt=\"\" \/><\/a>\n\t\t\t<\/div><\/figure><figure class='gallery-item'>\n\t\t\t<div class='gallery-icon landscape'>\n\t\t\t\t<a href='https:\/\/rodriguezgallery.com\/wp-content\/uploads\/2025\/01\/Rodriguez-Adrian-Kolerski-XII-2024-fot-Czarnota-4.jpg'><img loading=\"lazy\" decoding=\"async\" width=\"150\" height=\"150\" src=\"https:\/\/rodriguezgallery.com\/wp-content\/uploads\/2025\/01\/Rodriguez-Adrian-Kolerski-XII-2024-fot-Czarnota-4-150x150.jpg\" class=\"attachment-thumbnail size-thumbnail\" alt=\"\" \/><\/a>\n\t\t\t<\/div><\/figure><figure class='gallery-item'>\n\t\t\t<div class='gallery-icon portrait'>\n\t\t\t\t<a href='https:\/\/rodriguezgallery.com\/wp-content\/uploads\/2025\/01\/Rodriguez-Adrian-Kolerski-XII-2024-fot-Czarnota-5.jpg'><img loading=\"lazy\" decoding=\"async\" width=\"150\" height=\"150\" src=\"https:\/\/rodriguezgallery.com\/wp-content\/uploads\/2025\/01\/Rodriguez-Adrian-Kolerski-XII-2024-fot-Czarnota-5-150x150.jpg\" class=\"attachment-thumbnail size-thumbnail\" alt=\"\" \/><\/a>\n\t\t\t<\/div><\/figure><figure class='gallery-item'>\n\t\t\t<div class='gallery-icon landscape'>\n\t\t\t\t<a href='https:\/\/rodriguezgallery.com\/wp-content\/uploads\/2025\/01\/Rodriguez-Adrian-Kolerski-XII-2024-fot-Czarnota-6.jpg'><img loading=\"lazy\" decoding=\"async\" width=\"150\" height=\"150\" src=\"https:\/\/rodriguezgallery.com\/wp-content\/uploads\/2025\/01\/Rodriguez-Adrian-Kolerski-XII-2024-fot-Czarnota-6-150x150.jpg\" class=\"attachment-thumbnail size-thumbnail\" alt=\"\" \/><\/a>\n\t\t\t<\/div><\/figure><figure class='gallery-item'>\n\t\t\t<div class='gallery-icon portrait'>\n\t\t\t\t<a href='https:\/\/rodriguezgallery.com\/wp-content\/uploads\/2025\/01\/Rodriguez-Adrian-Kolerski-XII-2024-fot-Czarnota-7.jpg'><img loading=\"lazy\" decoding=\"async\" width=\"150\" height=\"150\" src=\"https:\/\/rodriguezgallery.com\/wp-content\/uploads\/2025\/01\/Rodriguez-Adrian-Kolerski-XII-2024-fot-Czarnota-7-150x150.jpg\" class=\"attachment-thumbnail size-thumbnail\" alt=\"\" \/><\/a>\n\t\t\t<\/div><\/figure><figure class='gallery-item'>\n\t\t\t<div class='gallery-icon landscape'>\n\t\t\t\t<a href='https:\/\/rodriguezgallery.com\/wp-content\/uploads\/2025\/01\/Rodriguez-Adrian-Kolerski-XII-2024-fot-Czarnota-8.jpg'><img loading=\"lazy\" decoding=\"async\" width=\"150\" height=\"150\" src=\"https:\/\/rodriguezgallery.com\/wp-content\/uploads\/2025\/01\/Rodriguez-Adrian-Kolerski-XII-2024-fot-Czarnota-8-150x150.jpg\" class=\"attachment-thumbnail size-thumbnail\" alt=\"\" \/><\/a>\n\t\t\t<\/div><\/figure><figure class='gallery-item'>\n\t\t\t<div class='gallery-icon portrait'>\n\t\t\t\t<a href='https:\/\/rodriguezgallery.com\/wp-content\/uploads\/2025\/01\/Rodriguez-Adrian-Kolerski-XII-2024-fot-Czarnota-9.jpg'><img loading=\"lazy\" decoding=\"async\" width=\"150\" height=\"150\" src=\"https:\/\/rodriguezgallery.com\/wp-content\/uploads\/2025\/01\/Rodriguez-Adrian-Kolerski-XII-2024-fot-Czarnota-9-150x150.jpg\" class=\"attachment-thumbnail size-thumbnail\" alt=\"\" \/><\/a>\n\t\t\t<\/div><\/figure><figure class='gallery-item'>\n\t\t\t<div class='gallery-icon portrait'>\n\t\t\t\t<a href='https:\/\/rodriguezgallery.com\/wp-content\/uploads\/2025\/01\/Rodriguez-Adrian-Kolerski-XII-2024-fot-Czarnota-10.jpg'><img loading=\"lazy\" decoding=\"async\" width=\"150\" height=\"150\" src=\"https:\/\/rodriguezgallery.com\/wp-content\/uploads\/2025\/01\/Rodriguez-Adrian-Kolerski-XII-2024-fot-Czarnota-10-150x150.jpg\" class=\"attachment-thumbnail size-thumbnail\" alt=\"\" \/><\/a>\n\t\t\t<\/div><\/figure><figure class='gallery-item'>\n\t\t\t<div class='gallery-icon portrait'>\n\t\t\t\t<a href='https:\/\/rodriguezgallery.com\/wp-content\/uploads\/2025\/01\/Rodriguez-Adrian-Kolerski-XII-2024-fot-Czarnota-11.jpg'><img loading=\"lazy\" decoding=\"async\" width=\"150\" height=\"150\" src=\"https:\/\/rodriguezgallery.com\/wp-content\/uploads\/2025\/01\/Rodriguez-Adrian-Kolerski-XII-2024-fot-Czarnota-11-150x150.jpg\" class=\"attachment-thumbnail size-thumbnail\" alt=\"\" \/><\/a>\n\t\t\t<\/div><\/figure><figure class='gallery-item'>\n\t\t\t<div class='gallery-icon portrait'>\n\t\t\t\t<a href='https:\/\/rodriguezgallery.com\/wp-content\/uploads\/2025\/01\/Rodriguez-Adrian-Kolerski-XII-2024-fot-Czarnota-12.jpg'><img loading=\"lazy\" decoding=\"async\" width=\"150\" height=\"150\" src=\"https:\/\/rodriguezgallery.com\/wp-content\/uploads\/2025\/01\/Rodriguez-Adrian-Kolerski-XII-2024-fot-Czarnota-12-150x150.jpg\" class=\"attachment-thumbnail size-thumbnail\" alt=\"\" \/><\/a>\n\t\t\t<\/div><\/figure><figure class='gallery-item'>\n\t\t\t<div class='gallery-icon portrait'>\n\t\t\t\t<a href='https:\/\/rodriguezgallery.com\/wp-content\/uploads\/2025\/01\/Rodriguez-Adrian-Kolerski-XII-2024-fot-Czarnota-13.jpg'><img loading=\"lazy\" decoding=\"async\" width=\"150\" height=\"150\" src=\"https:\/\/rodriguezgallery.com\/wp-content\/uploads\/2025\/01\/Rodriguez-Adrian-Kolerski-XII-2024-fot-Czarnota-13-150x150.jpg\" class=\"attachment-thumbnail size-thumbnail\" alt=\"\" \/><\/a>\n\t\t\t<\/div><\/figure><figure class='gallery-item'>\n\t\t\t<div class='gallery-icon landscape'>\n\t\t\t\t<a href='https:\/\/rodriguezgallery.com\/wp-content\/uploads\/2025\/01\/Rodriguez-Adrian-Kolerski-XII-2024-fot-Czarnota-14.jpg'><img loading=\"lazy\" decoding=\"async\" width=\"150\" height=\"150\" src=\"https:\/\/rodriguezgallery.com\/wp-content\/uploads\/2025\/01\/Rodriguez-Adrian-Kolerski-XII-2024-fot-Czarnota-14-150x150.jpg\" class=\"attachment-thumbnail size-thumbnail\" alt=\"\" \/><\/a>\n\t\t\t<\/div><\/figure><figure class='gallery-item'>\n\t\t\t<div class='gallery-icon landscape'>\n\t\t\t\t<a href='https:\/\/rodriguezgallery.com\/wp-content\/uploads\/2025\/01\/Rodriguez-Adrian-Kolerski-XII-2024-fot-Czarnota-15.jpg'><img loading=\"lazy\" decoding=\"async\" width=\"150\" height=\"150\" src=\"https:\/\/rodriguezgallery.com\/wp-content\/uploads\/2025\/01\/Rodriguez-Adrian-Kolerski-XII-2024-fot-Czarnota-15-150x150.jpg\" class=\"attachment-thumbnail size-thumbnail\" alt=\"\" \/><\/a>\n\t\t\t<\/div><\/figure><figure class='gallery-item'>\n\t\t\t<div class='gallery-icon landscape'>\n\t\t\t\t<a href='https:\/\/rodriguezgallery.com\/wp-content\/uploads\/2025\/01\/Rodriguez-Adrian-Kolerski-XII-2024-fot-Czarnota-16.jpg'><img loading=\"lazy\" decoding=\"async\" width=\"150\" height=\"150\" src=\"https:\/\/rodriguezgallery.com\/wp-content\/uploads\/2025\/01\/Rodriguez-Adrian-Kolerski-XII-2024-fot-Czarnota-16-150x150.jpg\" class=\"attachment-thumbnail size-thumbnail\" alt=\"\" \/><\/a>\n\t\t\t<\/div><\/figure>\n\t\t<\/div>\n<\/p>\n<\/div><\/div><\/div><\/div><\/div>","protected":false},"excerpt":{"rendered":"<p>Adrian Kolerski Pr\u00f3ba rekonstrukcji 13.12.2024 &#8211; 22.01.2025 &#8222;Pr\u00f3ba rekonstrukcji&#8221; podejmuje temat subiektywnej percepcji rzeczywisto\u015bci. Adrian Kolerski, poprzez procesy tw\u00f3rcze, przygl\u0105da si\u0119 z\u0142o\u017cono\u015bci relacji pomi\u0119dzy materialnymi wytworami, a ich mo\u017cliwymi znaczeniami. <a class=\"moretag\" href=\"https:\/\/rodriguezgallery.com\/pl\/adrian-kolerski-proba-rekonstrukcji\/\">Read More &#8230;<\/a><\/p>\n","protected":false},"author":1,"featured_media":0,"parent":0,"menu_order":0,"comment_status":"closed","ping_status":"closed","template":"full-width-page.php","meta":{"footnotes":""},"class_list":["post-7051","page","type-page","status-publish","hentry"],"_links":{"self":[{"href":"https:\/\/rodriguezgallery.com\/pl\/wp-json\/wp\/v2\/pages\/7051","targetHints":{"allow":["GET"]}}],"collection":[{"href":"https:\/\/rodriguezgallery.com\/pl\/wp-json\/wp\/v2\/pages"}],"about":[{"href":"https:\/\/rodriguezgallery.com\/pl\/wp-json\/wp\/v2\/types\/page"}],"author":[{"embeddable":true,"href":"https:\/\/rodriguezgallery.com\/pl\/wp-json\/wp\/v2\/users\/1"}],"replies":[{"embeddable":true,"href":"https:\/\/rodriguezgallery.com\/pl\/wp-json\/wp\/v2\/comments?post=7051"}],"version-history":[{"count":1,"href":"https:\/\/rodriguezgallery.com\/pl\/wp-json\/wp\/v2\/pages\/7051\/revisions"}],"predecessor-version":[{"id":7083,"href":"https:\/\/rodriguezgallery.com\/pl\/wp-json\/wp\/v2\/pages\/7051\/revisions\/7083"}],"wp:attachment":[{"href":"https:\/\/rodriguezgallery.com\/pl\/wp-json\/wp\/v2\/media?parent=7051"}],"curies":[{"name":"wp","href":"https:\/\/api.w.org\/{rel}","templated":true}]}}