{"id":7097,"date":"2025-01-29T14:58:52","date_gmt":"2025-01-29T12:58:52","guid":{"rendered":"https:\/\/rodriguezgallery.com\/?page_id=7097"},"modified":"2025-01-31T13:58:53","modified_gmt":"2025-01-31T11:58:53","slug":"polski-wystawa-dyplomowa-mateusz-kowalczyk","status":"publish","type":"page","link":"https:\/\/rodriguezgallery.com\/pl\/polski-wystawa-dyplomowa-mateusz-kowalczyk\/","title":{"rendered":"(English) Wystawa dyplomowa &#8211; Mateusz Kowalczyk"},"content":{"rendered":"<div id=\"pl-7097\"  class=\"panel-layout\" ><div id=\"pg-7097-0\"  class=\"panel-grid panel-no-style\" ><div id=\"pgc-7097-0-0\"  class=\"panel-grid-cell\" ><div id=\"panel-7097-0-0-0\" class=\"so-panel widget widget_black-studio-tinymce widget_black_studio_tinymce panel-first-child panel-last-child\" data-index=\"0\" ><div class=\"textwidget\"><h6><span class=\"\" style=\"display:block;clear:both;height: 0px;padding-top: 20px;border-top-width:0px;border-bottom-width:0px;\"><\/span><br \/>\n<strong>Mateusz Kowalczyk<\/strong><br \/>\n<em>Nie mog\u0119 dopu\u015bci\u0107 do tego, by zapomnie\u0107<\/em><br \/>\nWystawa dyplomowa<br \/>\nCzerwiec 2024<\/h6>\n<h6><span style=\"font-family: arial, sans-serif;\">Kurator: Jaros\u0142aw Klup\u015b\u00a0<\/span><\/h6>\n<h6 class=\"gmail_default\"><span style=\"font-family: arial, sans-serif;\">My jako ludzie nie potrafimy wszystkiego spami\u0119ta\u0107 na tyle by wraca\u0107 do tych wspomnie\u0144 my\u015blami jak i obrazem. Cho\u0107 oczywi\u015bcie bywaj\u0105 pewne wyj\u0105tki. Jednak\u017ce obraz wizualny cz\u0119sto jest ukazywany przy przytaczaniu wspomnie\u0144 drugiej osobie, kt\u00f3ra ich nie pami\u0119ta lub nawet nie mia\u0142a prawa pami\u0119ta\u0107. Cz\u0142owiek jest bardzo z\u0142o\u017conym organizmem, a jego pami\u0119\u0107 potrafi magazynowa\u0107 wiele wspomnie\u0144, kt\u00f3re przez ca\u0142y okres naszego \u017cycia mog\u0105 chwilowo si\u0119 ulatnia\u0107, a nast\u0119pnie wraca\u0107. Odbite pi\u0119tno emocji z danego momentu, czy to radosnego, czy smutnego, potrafi zosta\u0107 z nami na zawsze, jak i zmieni\u0107 ca\u0142e nasze funkcjonowanie.<\/span><\/h6>\n<div class=\"gmail_default\">\n<h6><span style=\"font-family: arial, sans-serif;\">\u00a0<\/span><\/h6>\n<h6><span style=\"font-family: arial, sans-serif;\">Wydarzenie dofinansowane z bud\u017cetu Miasta Poznania<\/span><\/h6>\n<\/div>\n<\/div><\/div><\/div><div id=\"pgc-7097-0-1\"  class=\"panel-grid-cell\" ><div id=\"panel-7097-0-1-0\" class=\"so-panel widget widget_black-studio-tinymce widget_black_studio_tinymce panel-first-child panel-last-child\" data-index=\"1\" ><div class=\"textwidget\"><p><span class=\"\" style=\"display:block;clear:both;height: 0px;padding-top: 20px;border-top-width:0px;border-bottom-width:0px;\"><\/span><\/p>\n<p><div id='gallery-1' class='gallery galleryid-7097 gallery-columns-3 gallery-size-thumbnail'><figure class='gallery-item'>\n\t\t\t<div class='gallery-icon landscape'>\n\t\t\t\t<a href='https:\/\/rodriguezgallery.com\/wp-content\/uploads\/2025\/01\/Kowalczyk-Mateusz-Rodriguez-NMDDTBZ-2024-01-scaled.jpg'><img loading=\"lazy\" decoding=\"async\" width=\"150\" height=\"150\" src=\"https:\/\/rodriguezgallery.com\/wp-content\/uploads\/2025\/01\/Kowalczyk-Mateusz-Rodriguez-NMDDTBZ-2024-01-150x150.jpg\" class=\"attachment-thumbnail size-thumbnail\" alt=\"\" \/><\/a>\n\t\t\t<\/div><\/figure><figure class='gallery-item'>\n\t\t\t<div class='gallery-icon landscape'>\n\t\t\t\t<a href='https:\/\/rodriguezgallery.com\/wp-content\/uploads\/2025\/01\/Rodriguez-NMDDTBZ-2024-08.jpg'><img loading=\"lazy\" decoding=\"async\" width=\"150\" height=\"150\" src=\"https:\/\/rodriguezgallery.com\/wp-content\/uploads\/2025\/01\/Rodriguez-NMDDTBZ-2024-08-150x150.jpg\" class=\"attachment-thumbnail size-thumbnail\" alt=\"\" \/><\/a>\n\t\t\t<\/div><\/figure><figure class='gallery-item'>\n\t\t\t<div class='gallery-icon landscape'>\n\t\t\t\t<a href='https:\/\/rodriguezgallery.com\/wp-content\/uploads\/2025\/01\/Rodriguez-NMDDTBZ-2024-15-scaled.jpg'><img loading=\"lazy\" decoding=\"async\" width=\"150\" height=\"150\" src=\"https:\/\/rodriguezgallery.com\/wp-content\/uploads\/2025\/01\/Rodriguez-NMDDTBZ-2024-15-150x150.jpg\" class=\"attachment-thumbnail size-thumbnail\" alt=\"\" \/><\/a>\n\t\t\t<\/div><\/figure><figure class='gallery-item'>\n\t\t\t<div class='gallery-icon landscape'>\n\t\t\t\t<a href='https:\/\/rodriguezgallery.com\/wp-content\/uploads\/2025\/01\/Rodriguez-NMDDTBZ-2024-06-scaled.jpg'><img loading=\"lazy\" decoding=\"async\" width=\"150\" height=\"150\" src=\"https:\/\/rodriguezgallery.com\/wp-content\/uploads\/2025\/01\/Rodriguez-NMDDTBZ-2024-06-150x150.jpg\" class=\"attachment-thumbnail size-thumbnail\" alt=\"\" \/><\/a>\n\t\t\t<\/div><\/figure><figure class='gallery-item'>\n\t\t\t<div class='gallery-icon landscape'>\n\t\t\t\t<a href='https:\/\/rodriguezgallery.com\/wp-content\/uploads\/2025\/01\/Rodriguez-NMDDTBZ-2024-18-scaled.jpg'><img loading=\"lazy\" decoding=\"async\" width=\"150\" height=\"150\" src=\"https:\/\/rodriguezgallery.com\/wp-content\/uploads\/2025\/01\/Rodriguez-NMDDTBZ-2024-18-150x150.jpg\" class=\"attachment-thumbnail size-thumbnail\" alt=\"\" \/><\/a>\n\t\t\t<\/div><\/figure>\n\t\t<\/div>\n<\/p>\n<\/div><\/div><\/div><\/div><\/div>","protected":false},"excerpt":{"rendered":"<p>Mateusz Kowalczyk Nie mog\u0119 dopu\u015bci\u0107 do tego, by zapomnie\u0107 Wystawa dyplomowa Czerwiec 2024 Kurator: Jaros\u0142aw Klup\u015b\u00a0 My jako ludzie nie potrafimy wszystkiego spami\u0119ta\u0107 na tyle by wraca\u0107 do tych wspomnie\u0144 <a class=\"moretag\" href=\"https:\/\/rodriguezgallery.com\/pl\/polski-wystawa-dyplomowa-mateusz-kowalczyk\/\">Read More &#8230;<\/a><\/p>\n","protected":false},"author":1,"featured_media":0,"parent":0,"menu_order":0,"comment_status":"closed","ping_status":"closed","template":"full-width-page.php","meta":{"footnotes":""},"class_list":["post-7097","page","type-page","status-publish","hentry"],"_links":{"self":[{"href":"https:\/\/rodriguezgallery.com\/pl\/wp-json\/wp\/v2\/pages\/7097","targetHints":{"allow":["GET"]}}],"collection":[{"href":"https:\/\/rodriguezgallery.com\/pl\/wp-json\/wp\/v2\/pages"}],"about":[{"href":"https:\/\/rodriguezgallery.com\/pl\/wp-json\/wp\/v2\/types\/page"}],"author":[{"embeddable":true,"href":"https:\/\/rodriguezgallery.com\/pl\/wp-json\/wp\/v2\/users\/1"}],"replies":[{"embeddable":true,"href":"https:\/\/rodriguezgallery.com\/pl\/wp-json\/wp\/v2\/comments?post=7097"}],"version-history":[{"count":1,"href":"https:\/\/rodriguezgallery.com\/pl\/wp-json\/wp\/v2\/pages\/7097\/revisions"}],"predecessor-version":[{"id":7153,"href":"https:\/\/rodriguezgallery.com\/pl\/wp-json\/wp\/v2\/pages\/7097\/revisions\/7153"}],"wp:attachment":[{"href":"https:\/\/rodriguezgallery.com\/pl\/wp-json\/wp\/v2\/media?parent=7097"}],"curies":[{"name":"wp","href":"https:\/\/api.w.org\/{rel}","templated":true}]}}