{"id":7105,"date":"2025-01-29T15:04:26","date_gmt":"2025-01-29T13:04:26","guid":{"rendered":"https:\/\/rodriguezgallery.com\/?page_id=7105"},"modified":"2025-01-31T13:57:03","modified_gmt":"2025-01-31T11:57:03","slug":"polski-wystawa-dyplomowa-marcin-karalus","status":"publish","type":"page","link":"https:\/\/rodriguezgallery.com\/pl\/polski-wystawa-dyplomowa-marcin-karalus\/","title":{"rendered":"(English) Wystawa dyplomowa &#8211; Marcin Karalus"},"content":{"rendered":"<div id=\"pl-7105\"  class=\"panel-layout\" ><div id=\"pg-7105-0\"  class=\"panel-grid panel-no-style\" ><div id=\"pgc-7105-0-0\"  class=\"panel-grid-cell\" ><div id=\"panel-7105-0-0-0\" class=\"so-panel widget widget_black-studio-tinymce widget_black_studio_tinymce panel-first-child panel-last-child\" data-index=\"0\" ><div class=\"textwidget\"><h6><span class=\"\" style=\"display:block;clear:both;height: 0px;padding-top: 20px;border-top-width:0px;border-bottom-width:0px;\"><\/span><br \/>\n<strong>Marcin Karalus<\/strong><br \/>\n<em>Smugi<\/em><br \/>\nWystawa dyplomowa<br \/>\nCzerwiec 2024<\/h6>\n<h6 class=\"gmail_default\"><span style=\"font-family: arial, sans-serif;\">kurator: Jaros\u0142aw Klup\u015b\u00a0<b><\/b><\/span><\/h6>\n<h6 class=\"gmail_default\"><span style=\"font-family: arial, sans-serif;\">Wiele lat wcze\u015bniej, w trakcie rodzinnego spotkania moi bliscy wykonali pami\u0105tkow\u0105 fotografi\u0119. By\u0142a to jedyna fotografia z tamtego okresu, na kt\u00f3rej pojawili si\u0119 wszyscy cz\u0142onkowie rodziny. Mimo swojej szczeg\u00f3lnej warto\u015bci wszystkie odbitki wraz z negatywem zagin\u0119\u0142y kr\u00f3tko po powstaniu. Zdj\u0119cie jednak zosta\u0142o zapami\u0119tane przez uwiecznione na nim osoby na tyle dobrze by powraca\u0107 co jaki\u015b czas w opowie\u015bciach, za ka\u017cdym razem w nieco zmienionej formie.<br \/>\nSchody traktuje\u0328 jako swoisty nos\u0301nik wspomnien\u0301 oso\u0301b, kto\u0301re mia\u0142y pojawic\u0301 sie\u0328 na zdje\u0328ciu sprzed lat. Przeprowadzam z nimi d\u0142ugie rozmowy o ich odleg\u0142ych wspomnieniach poszukuja\u0328c najintensywniej zapamie\u0328tanych zdarzen\u0301, obiekto\u0301w, detali. W czasie rzeczywistym, podczas rozmo\u0301w wykorzystuje\u0328 oprogramowanie Blender jako szkicownik, w kto\u0301rym odtwarzam przekazywane wspomnienia. Wizualizuja\u0328c s\u0142owa moich rozmo\u0301wco\u0301w na ich oczach staram sie\u0328 minimalizowac\u0301 prawdopodobien\u0301stwo wypaczenia obrazu przez w\u0142asne dos\u0301wiadczenia, a przede wszystkim wspomagam proces przypominania kolejnych fragmento\u0301w ukrytych w pamie\u0328ci.<\/span><\/h6>\n<h6><b><span style=\"font-family: arial, sans-serif;\">\u00a0<\/span><\/b><\/h6>\n<\/div><\/div><\/div><div id=\"pgc-7105-0-1\"  class=\"panel-grid-cell\" ><div id=\"panel-7105-0-1-0\" class=\"so-panel widget widget_black-studio-tinymce widget_black_studio_tinymce panel-first-child panel-last-child\" data-index=\"1\" ><div class=\"textwidget\"><p><span class=\"\" style=\"display:block;clear:both;height: 0px;padding-top: 20px;border-top-width:0px;border-bottom-width:0px;\"><\/span><\/p>\n<\/div><\/div><\/div><\/div><\/div>","protected":false},"excerpt":{"rendered":"<p>Marcin Karalus Smugi Wystawa dyplomowa Czerwiec 2024 kurator: Jaros\u0142aw Klup\u015b\u00a0 Wiele lat wcze\u015bniej, w trakcie rodzinnego spotkania moi bliscy wykonali pami\u0105tkow\u0105 fotografi\u0119. By\u0142a to jedyna fotografia z tamtego okresu, na <a class=\"moretag\" href=\"https:\/\/rodriguezgallery.com\/pl\/polski-wystawa-dyplomowa-marcin-karalus\/\">Read More &#8230;<\/a><\/p>\n","protected":false},"author":1,"featured_media":0,"parent":0,"menu_order":0,"comment_status":"closed","ping_status":"closed","template":"full-width-page.php","meta":{"footnotes":""},"class_list":["post-7105","page","type-page","status-publish","hentry"],"_links":{"self":[{"href":"https:\/\/rodriguezgallery.com\/pl\/wp-json\/wp\/v2\/pages\/7105","targetHints":{"allow":["GET"]}}],"collection":[{"href":"https:\/\/rodriguezgallery.com\/pl\/wp-json\/wp\/v2\/pages"}],"about":[{"href":"https:\/\/rodriguezgallery.com\/pl\/wp-json\/wp\/v2\/types\/page"}],"author":[{"embeddable":true,"href":"https:\/\/rodriguezgallery.com\/pl\/wp-json\/wp\/v2\/users\/1"}],"replies":[{"embeddable":true,"href":"https:\/\/rodriguezgallery.com\/pl\/wp-json\/wp\/v2\/comments?post=7105"}],"version-history":[{"count":1,"href":"https:\/\/rodriguezgallery.com\/pl\/wp-json\/wp\/v2\/pages\/7105\/revisions"}],"predecessor-version":[{"id":7152,"href":"https:\/\/rodriguezgallery.com\/pl\/wp-json\/wp\/v2\/pages\/7105\/revisions\/7152"}],"wp:attachment":[{"href":"https:\/\/rodriguezgallery.com\/pl\/wp-json\/wp\/v2\/media?parent=7105"}],"curies":[{"name":"wp","href":"https:\/\/api.w.org\/{rel}","templated":true}]}}