{"id":7107,"date":"2025-01-29T15:16:26","date_gmt":"2025-01-29T13:16:26","guid":{"rendered":"https:\/\/rodriguezgallery.com\/?page_id=7107"},"modified":"2025-01-31T13:53:35","modified_gmt":"2025-01-31T11:53:35","slug":"polski-wystawa-dyplomowa-kacper-pietrzak","status":"publish","type":"page","link":"https:\/\/rodriguezgallery.com\/pl\/polski-wystawa-dyplomowa-kacper-pietrzak\/","title":{"rendered":"(English) Wystawa dyplomowa &#8211; Kacper Pietrzak"},"content":{"rendered":"<div id=\"pl-7107\"  class=\"panel-layout\" ><div id=\"pg-7107-0\"  class=\"panel-grid panel-no-style\" ><div id=\"pgc-7107-0-0\"  class=\"panel-grid-cell\" ><div id=\"panel-7107-0-0-0\" class=\"so-panel widget widget_black-studio-tinymce widget_black_studio_tinymce panel-first-child panel-last-child\" data-index=\"0\" ><div class=\"textwidget\"><h6><span class=\"\" style=\"display:block;clear:both;height: 0px;padding-top: 20px;border-top-width:0px;border-bottom-width:0px;\"><\/span><br \/>\n<strong>Kacper Pietrzak<\/strong><br \/>\n<em>Dzie\u0144, w kt\u00f3rym s\u0142o\u0144ce dotkn\u0119\u0142o mojej sk\u00f3ry<\/em><br \/>\nWystawa dyplomowa<br \/>\nCzerwiec 2024<\/h6>\n<h6><span style=\"font-family: arial, sans-serif;\">Kurator: Max Radawski<\/span><\/h6>\n<div class=\"gmail_default\">\n<h6><span style=\"font-family: arial, sans-serif;\">Ch\u0142opiec wznosi si\u0119 ku s\u0142o\u0144cu. Jego ramiona przyozdobione s\u0105 pierzem i woskiem, a wiatr dodaje mu pr\u0119dko\u015bci. M\u0142odzieniec, pomimo zakaz\u00f3w ojca, szybuje coraz wy\u017cej. Promienie s\u0142o\u0144ca powoli zaczynaj\u0105 muska\u0107 jego sk\u00f3r\u0119. Ukojony ciep\u0142ym dotykiem ch\u0142opak, nie chce ju\u017c obni\u017ca\u0107 poziomu swego lotu. Wosk stopniowo zaczyna si\u0119 rozpuszcza\u0107 i sp\u0142ywa\u0107. Po chwili nie zostaje nic, opr\u00f3cz opadaj\u0105cego pierza i szumu fal.<\/span><\/h6>\n<h6><span style=\"font-family: arial, sans-serif;\">\u201eDzie\u0144, w kt\u00f3rym s\u0142o\u0144ce dotkn\u0119\u0142o mojej sk\u00f3ry\u201d Kacpra Pietrzaka to wystawa po\u015bwi\u0119cona autorefleksji autora na temat w\u0142asnego miejsca w \u015bwiecie przepe\u0142nionym patriarchaln\u0105 przemocowo\u015bci\u0105. Jest to podr\u00f3\u017c przez intymn\u0105 mitologi\u0119, kt\u00f3ra na nowo kre\u015bli poj\u0119cie w\u0142asnej m\u0119sko\u015bci autora.<\/span><\/h6>\n<h6><span style=\"font-family: arial, sans-serif;\">\u00a0<\/span><\/h6>\n<h6><span style=\"font-family: arial, sans-serif;\">Wydarzenie dofinansowane z bud\u017cetu Miasta Poznania<\/span><\/h6>\n<\/div>\n<h6><\/h6>\n<\/div><\/div><\/div><div id=\"pgc-7107-0-1\"  class=\"panel-grid-cell\" ><div id=\"panel-7107-0-1-0\" class=\"so-panel widget widget_black-studio-tinymce widget_black_studio_tinymce panel-first-child panel-last-child\" data-index=\"1\" ><div class=\"textwidget\"><p><span class=\"\" style=\"display:block;clear:both;height: 0px;padding-top: 20px;border-top-width:0px;border-bottom-width:0px;\"><\/span><\/p>\n<p><div id='gallery-1' class='gallery galleryid-7107 gallery-columns-3 gallery-size-thumbnail'><figure class='gallery-item'>\n\t\t\t<div class='gallery-icon landscape'>\n\t\t\t\t<a href='https:\/\/rodriguezgallery.com\/wp-content\/uploads\/2025\/01\/MG_1635-scaled.jpeg'><img loading=\"lazy\" decoding=\"async\" width=\"150\" height=\"150\" src=\"https:\/\/rodriguezgallery.com\/wp-content\/uploads\/2025\/01\/MG_1635-150x150.jpeg\" class=\"attachment-thumbnail size-thumbnail\" alt=\"\" \/><\/a>\n\t\t\t<\/div><\/figure><figure class='gallery-item'>\n\t\t\t<div class='gallery-icon landscape'>\n\t\t\t\t<a href='https:\/\/rodriguezgallery.com\/wp-content\/uploads\/2025\/01\/MG_1651-scaled.jpeg'><img loading=\"lazy\" decoding=\"async\" width=\"150\" height=\"150\" src=\"https:\/\/rodriguezgallery.com\/wp-content\/uploads\/2025\/01\/MG_1651-150x150.jpeg\" class=\"attachment-thumbnail size-thumbnail\" alt=\"\" \/><\/a>\n\t\t\t<\/div><\/figure><figure class='gallery-item'>\n\t\t\t<div class='gallery-icon landscape'>\n\t\t\t\t<a href='https:\/\/rodriguezgallery.com\/wp-content\/uploads\/2025\/01\/MG_1658-scaled.jpeg'><img loading=\"lazy\" decoding=\"async\" width=\"150\" height=\"150\" src=\"https:\/\/rodriguezgallery.com\/wp-content\/uploads\/2025\/01\/MG_1658-150x150.jpeg\" class=\"attachment-thumbnail size-thumbnail\" alt=\"\" \/><\/a>\n\t\t\t<\/div><\/figure>\n\t\t<\/div>\n<\/p>\n<p>&nbsp;<\/p>\n<\/div><\/div><\/div><\/div><\/div>","protected":false},"excerpt":{"rendered":"<p>Kacper Pietrzak Dzie\u0144, w kt\u00f3rym s\u0142o\u0144ce dotkn\u0119\u0142o mojej sk\u00f3ry Wystawa dyplomowa Czerwiec 2024 Kurator: Max Radawski Ch\u0142opiec wznosi si\u0119 ku s\u0142o\u0144cu. Jego ramiona przyozdobione s\u0105 pierzem i woskiem, a wiatr <a class=\"moretag\" href=\"https:\/\/rodriguezgallery.com\/pl\/polski-wystawa-dyplomowa-kacper-pietrzak\/\">Read More &#8230;<\/a><\/p>\n","protected":false},"author":1,"featured_media":0,"parent":0,"menu_order":0,"comment_status":"closed","ping_status":"closed","template":"full-width-page.php","meta":{"footnotes":""},"class_list":["post-7107","page","type-page","status-publish","hentry"],"_links":{"self":[{"href":"https:\/\/rodriguezgallery.com\/pl\/wp-json\/wp\/v2\/pages\/7107","targetHints":{"allow":["GET"]}}],"collection":[{"href":"https:\/\/rodriguezgallery.com\/pl\/wp-json\/wp\/v2\/pages"}],"about":[{"href":"https:\/\/rodriguezgallery.com\/pl\/wp-json\/wp\/v2\/types\/page"}],"author":[{"embeddable":true,"href":"https:\/\/rodriguezgallery.com\/pl\/wp-json\/wp\/v2\/users\/1"}],"replies":[{"embeddable":true,"href":"https:\/\/rodriguezgallery.com\/pl\/wp-json\/wp\/v2\/comments?post=7107"}],"version-history":[{"count":1,"href":"https:\/\/rodriguezgallery.com\/pl\/wp-json\/wp\/v2\/pages\/7107\/revisions"}],"predecessor-version":[{"id":7151,"href":"https:\/\/rodriguezgallery.com\/pl\/wp-json\/wp\/v2\/pages\/7107\/revisions\/7151"}],"wp:attachment":[{"href":"https:\/\/rodriguezgallery.com\/pl\/wp-json\/wp\/v2\/media?parent=7107"}],"curies":[{"name":"wp","href":"https:\/\/api.w.org\/{rel}","templated":true}]}}