{"id":7113,"date":"2025-01-29T15:38:57","date_gmt":"2025-01-29T13:38:57","guid":{"rendered":"https:\/\/rodriguezgallery.com\/?page_id=7113"},"modified":"2025-01-31T13:51:00","modified_gmt":"2025-01-31T11:51:00","slug":"polski-wystawa-dyplomowa-maria-weslawska-gribina","status":"publish","type":"page","link":"https:\/\/rodriguezgallery.com\/pl\/polski-wystawa-dyplomowa-maria-weslawska-gribina\/","title":{"rendered":"(English) Wystawa dyplomowa &#8211; Maria W\u0119s\u0142awska-Gribina"},"content":{"rendered":"<div id=\"pl-7113\"  class=\"panel-layout\" ><div id=\"pg-7113-0\"  class=\"panel-grid panel-no-style\" ><div id=\"pgc-7113-0-0\"  class=\"panel-grid-cell\" ><div id=\"panel-7113-0-0-0\" class=\"so-panel widget widget_black-studio-tinymce widget_black_studio_tinymce panel-first-child panel-last-child\" data-index=\"0\" ><div class=\"textwidget\"><h6><span class=\"\" style=\"display:block;clear:both;height: 0px;padding-top: 20px;border-top-width:0px;border-bottom-width:0px;\"><\/span><br \/>\n<strong>Maria W\u0119s\u0142awska-Gribina<\/strong><br \/>\n<em>Azyl<\/em><br \/>\nWystawa dyplomowa<br \/>\nCzerwiec 2024<\/h6>\n<h6><span style=\"font-family: arial, sans-serif;\">Opieka kuratorska: Krzysztof J. Baranowski<\/span><\/h6>\n<h6 class=\"gmail_default\"><span style=\"font-family: arial, sans-serif;\">\u00a0<\/span><\/h6>\n<h6 class=\"gmail_default\"><span style=\"font-family: arial, sans-serif;\">\u201eAzyl\u201d Marii W\u0119s\u0142awskiej-Gribiny jest metafor\u0105 schronienia dla ca\u0142ej ludzko\u015bci, schronienia przed przemoc\u0105 i wojn\u0105.<br \/>\nW projekcie \u201eAzyl\u201d jednym z kluczowych temat\u00f3w zainteresowania artystki jest kwestia prawnej sytuacji kobiety w odniesieniu do spo\u0142ecze\u0144stwa i pa\u0144stwa, zw\u0142aszcza w kontek\u015bcie wsp\u00f3\u0142czesnym, gdy nasilaj\u0105 si\u0119 napi\u0119cia polityczne i militarne.<br \/>\nSzczeg\u00f3lnie interesuje j\u0105 wk\u0142ad kobiet w proces zapobiegania, rozwi\u0105zywania i zatrzymywania konflikt\u00f3w, wykorzystanie feministycznych metod aktywizmu w tym obszarze oraz strategie artystyczne do dyskusji na ten temat. Do wsp\u00f3lnej pracy artystka zaprasza kobiety, niezale\u017cnie od wieku, narodowo\u015bci, pochodzenia; uczestniczki tworz\u0105 sie\u0107 przypominaj\u0105c\u0105 struktur\u0105 maskuj\u0105c\u0105 siatk\u0119 wojenn\u0105, promuj\u0105c spo\u0142eczn\u0105 sp\u00f3jno\u015b\u0107 i dialog.<br \/>\nProjekt podkre\u015bla znaczenie kobiecego g\u0142osu w zapobieganiu konfliktom zbrojnym i \u0142\u0105czy pomys\u0142y Laury J. Shepherd na temat potrzeby \u201es\u0142uchania kobiet\u201d oraz do\u015bwiadczenia artyst\u00f3w-aktywist\u00f3w pracuj\u0105cych i tworz\u0105cych w ramach kraftywizmu, kt\u00f3rzy podkre\u015blaj\u0105 znaczenie wsp\u00f3\u0142pracy.<br \/>\nObiekt stworzony wsp\u00f3lnie jest \u015bwiadkiem dialogu i interakcji spo\u0142ecznych mi\u0119dzy kobietami, daje im g\u0142os i staje si\u0119 symbolem sanktuarium, gdzie ka\u017cdy ma zagwarantowane bezpiecze\u0144stwo i schronienie.<\/span><\/h6>\n<h6 class=\"gmail_default\"><span style=\"font-family: arial, sans-serif;\">\u00a0<\/span><\/h6>\n<h6 class=\"gmail_default\"><span style=\"font-family: arial, sans-serif;\">Wydarzenie dofinansowane z bud\u017cetu Miasta Poznania<\/span><\/h6>\n<h6><\/h6>\n<\/div><\/div><\/div><div id=\"pgc-7113-0-1\"  class=\"panel-grid-cell\" ><div id=\"panel-7113-0-1-0\" class=\"so-panel widget widget_black-studio-tinymce widget_black_studio_tinymce panel-first-child panel-last-child\" data-index=\"1\" ><div class=\"textwidget\"><p><span class=\"\" style=\"display:block;clear:both;height: 0px;padding-top: 20px;border-top-width:0px;border-bottom-width:0px;\"><\/span><\/p>\n<p><div id='gallery-1' class='gallery galleryid-7113 gallery-columns-3 gallery-size-thumbnail'><figure class='gallery-item'>\n\t\t\t<div class='gallery-icon landscape'>\n\t\t\t\t<a href='https:\/\/rodriguezgallery.com\/wp-content\/uploads\/2025\/01\/01-scaled.jpeg'><img loading=\"lazy\" decoding=\"async\" width=\"150\" height=\"150\" src=\"https:\/\/rodriguezgallery.com\/wp-content\/uploads\/2025\/01\/01-150x150.jpeg\" class=\"attachment-thumbnail size-thumbnail\" alt=\"\" \/><\/a>\n\t\t\t<\/div><\/figure><figure class='gallery-item'>\n\t\t\t<div class='gallery-icon landscape'>\n\t\t\t\t<a href='https:\/\/rodriguezgallery.com\/wp-content\/uploads\/2025\/01\/02-scaled.jpeg'><img loading=\"lazy\" decoding=\"async\" width=\"150\" height=\"150\" src=\"https:\/\/rodriguezgallery.com\/wp-content\/uploads\/2025\/01\/02-150x150.jpeg\" class=\"attachment-thumbnail size-thumbnail\" alt=\"\" \/><\/a>\n\t\t\t<\/div><\/figure><figure class='gallery-item'>\n\t\t\t<div class='gallery-icon landscape'>\n\t\t\t\t<a href='https:\/\/rodriguezgallery.com\/wp-content\/uploads\/2025\/01\/06-scaled.jpeg'><img loading=\"lazy\" decoding=\"async\" width=\"150\" height=\"150\" src=\"https:\/\/rodriguezgallery.com\/wp-content\/uploads\/2025\/01\/06-150x150.jpeg\" class=\"attachment-thumbnail size-thumbnail\" alt=\"\" \/><\/a>\n\t\t\t<\/div><\/figure><figure class='gallery-item'>\n\t\t\t<div class='gallery-icon landscape'>\n\t\t\t\t<a href='https:\/\/rodriguezgallery.com\/wp-content\/uploads\/2025\/01\/08-scaled.jpeg'><img loading=\"lazy\" decoding=\"async\" width=\"150\" height=\"150\" src=\"https:\/\/rodriguezgallery.com\/wp-content\/uploads\/2025\/01\/08-150x150.jpeg\" class=\"attachment-thumbnail size-thumbnail\" alt=\"\" \/><\/a>\n\t\t\t<\/div><\/figure><figure class='gallery-item'>\n\t\t\t<div class='gallery-icon landscape'>\n\t\t\t\t<a href='https:\/\/rodriguezgallery.com\/wp-content\/uploads\/2025\/01\/09-scaled.jpeg'><img loading=\"lazy\" decoding=\"async\" width=\"150\" height=\"150\" src=\"https:\/\/rodriguezgallery.com\/wp-content\/uploads\/2025\/01\/09-150x150.jpeg\" class=\"attachment-thumbnail size-thumbnail\" alt=\"\" \/><\/a>\n\t\t\t<\/div><\/figure>\n\t\t<\/div>\n<\/p>\n<\/div><\/div><\/div><\/div><\/div>","protected":false},"excerpt":{"rendered":"<p>Maria W\u0119s\u0142awska-Gribina Azyl Wystawa dyplomowa Czerwiec 2024 Opieka kuratorska: Krzysztof J. Baranowski \u00a0 \u201eAzyl\u201d Marii W\u0119s\u0142awskiej-Gribiny jest metafor\u0105 schronienia dla ca\u0142ej ludzko\u015bci, schronienia przed przemoc\u0105 i wojn\u0105. W projekcie \u201eAzyl\u201d <a class=\"moretag\" href=\"https:\/\/rodriguezgallery.com\/pl\/polski-wystawa-dyplomowa-maria-weslawska-gribina\/\">Read More &#8230;<\/a><\/p>\n","protected":false},"author":1,"featured_media":0,"parent":0,"menu_order":0,"comment_status":"closed","ping_status":"closed","template":"full-width-page.php","meta":{"footnotes":""},"class_list":["post-7113","page","type-page","status-publish","hentry"],"_links":{"self":[{"href":"https:\/\/rodriguezgallery.com\/pl\/wp-json\/wp\/v2\/pages\/7113","targetHints":{"allow":["GET"]}}],"collection":[{"href":"https:\/\/rodriguezgallery.com\/pl\/wp-json\/wp\/v2\/pages"}],"about":[{"href":"https:\/\/rodriguezgallery.com\/pl\/wp-json\/wp\/v2\/types\/page"}],"author":[{"embeddable":true,"href":"https:\/\/rodriguezgallery.com\/pl\/wp-json\/wp\/v2\/users\/1"}],"replies":[{"embeddable":true,"href":"https:\/\/rodriguezgallery.com\/pl\/wp-json\/wp\/v2\/comments?post=7113"}],"version-history":[{"count":1,"href":"https:\/\/rodriguezgallery.com\/pl\/wp-json\/wp\/v2\/pages\/7113\/revisions"}],"predecessor-version":[{"id":7150,"href":"https:\/\/rodriguezgallery.com\/pl\/wp-json\/wp\/v2\/pages\/7113\/revisions\/7150"}],"wp:attachment":[{"href":"https:\/\/rodriguezgallery.com\/pl\/wp-json\/wp\/v2\/media?parent=7113"}],"curies":[{"name":"wp","href":"https:\/\/api.w.org\/{rel}","templated":true}]}}