{"id":7121,"date":"2025-01-30T10:29:07","date_gmt":"2025-01-30T08:29:07","guid":{"rendered":"https:\/\/rodriguezgallery.com\/?page_id=7121"},"modified":"2025-01-31T13:47:29","modified_gmt":"2025-01-31T11:47:29","slug":"polski-wystawa-dyplomowa-open-the-portal-kur-kamil-gustaw-mizgala","status":"publish","type":"page","link":"https:\/\/rodriguezgallery.com\/pl\/polski-wystawa-dyplomowa-open-the-portal-kur-kamil-gustaw-mizgala\/","title":{"rendered":"(English) Wystawa dyplomowa &#8211; Open the Portal (kur. Kamil Gustaw Mizga\u0142a)"},"content":{"rendered":"<div id=\"pl-7121\"  class=\"panel-layout\" ><div id=\"pg-7121-0\"  class=\"panel-grid panel-no-style\" ><div id=\"pgc-7121-0-0\"  class=\"panel-grid-cell\" ><div id=\"panel-7121-0-0-0\" class=\"so-panel widget widget_black-studio-tinymce widget_black_studio_tinymce panel-first-child panel-last-child\" data-index=\"0\" ><div class=\"textwidget\"><h6><span class=\"\" style=\"display:block;clear:both;height: 0px;padding-top: 20px;border-top-width:0px;border-bottom-width:0px;\"><\/span><br \/>\n<span style=\"font-family: arial, sans-serif;\"><strong>Kamil Gustaw Mizga\u0142a (kurator)<\/strong><br \/>\n<em>Open the Portal<\/em><br \/>\nWystawa dyplomowa<br \/>\nCzerwiec 2024<br \/>\n<\/span><\/h6>\n<div>\n<h6 class=\"gmail_default\"><span style=\"font-family: arial, sans-serif;\">Wystawa dyplomowa realizowana na Kuratorstwie i Teorii Sztuki Uniwersytetu Artystycznego im. Magdaleny Abakanowicz w Poznaniu pod opiek\u0105 prof. dra hab. Izabeli Kowalczyk<\/span><\/h6>\n<h6><span style=\"font-family: arial, sans-serif;\">Osoby artystyczne: Emma Szumlas, Inside Job, Isaac Lythgoe, Kuba St\u0119pie\u0144, Marek Wodzis\u0142awski, Nils Alix-Tabeling<\/span><\/h6>\n<\/div>\n<h6><span style=\"font-family: arial, sans-serif;\">Kurator: Kamil Gustaw Mizgala<\/span><\/h6>\n<h6><span style=\"font-family: arial, sans-serif;\"><span style=\"font-family: arial, sans-serif;\">Performance: BULLDODGER Emma Szumlas<\/span><\/span><\/h6>\n<h6><span style=\"font-family: arial, sans-serif;\">Ch\u00f3r szeleszcz\u0105cych \u015bciek\u00f3w, morfuj\u0105cych \u015bci\u0119gien i skrzypi\u0105cej sk\u00f3ry. Chimeryczne istoty rozpuszczaj\u0105 granice cia\u0142a. Krystalizuj\u0105ca si\u0119 skorupa, ow\u0142osiony syntetyk, paruj\u0105ca toksyna \u2014aberracje materii konstruuj\u0105 siebie i animuj\u0105 dzikie powi\u0105zania. Pod\u0105\u017caj\u0105 za pulsem wielo\u015bci, kt\u00f3ry jest wszechogarniaj\u0105cy, a jednocze\u015bnie zmys\u0142owo niezg\u0142\u0119bialny. Pow\u0142oki okazuj\u0105 si\u0119 przenikalne. Powstaj\u0105 luki, kt\u00f3re prowadz\u0105 do zmiany perspektywy, inicjuj\u0105 poszukiwania niesamowitego.<\/span><\/h6>\n<h6><span style=\"font-family: arial, sans-serif;\">Przestylizowane warstwy s\u0142u\u017c\u0105 jako pot\u0119\u017cne symbole, przekazuj\u0105 przes\u0142ania nadziei. Postrz\u0119pione kraw\u0119dzie spiskuj\u0105 ze znanymi konturami; mieszaj\u0105c konteksty. Spotkanie staje si\u0119 wezwaniem do uznania ci\u0105g\u0142ych cykli zmian. Ods\u0142ania g\u0142\u0119bi\u0119 nieznanych intencji, kt\u00f3re kumuluj\u0105 si\u0119 w wyimaginowanym \u015bwiecie. Konfrontuje z dziwn\u0105 \u015bwiadomo\u015bci\u0105, sprawczo\u015bci\u0105 i wol\u0105.<\/span><\/h6>\n<h6><span style=\"font-family: arial, sans-serif;\">Wystawa wymyka si\u0119 ontologizacji, poprzedzaj\u0105c byt. Tym samym wydaje si\u0119 niesko\u0144czenie odleg\u0142a od rzeczywisto\u015bci, odosobniona estetycznie. Jej przestrze\u0144 jest spiral\u0105, poruszaj\u0105c\u0105 si\u0119 mi\u0119dzy fantastycznym i rzeczowym, powabem i nieobecno\u015bci\u0105. Tutaj akt samego ogl\u0105dania jest pod obserwacj\u0105. Im bli\u017cej rzeczywisto\u015bci, tym bardziej staje si\u0119 ona niewyobra\u017calna. Wobec prostoty binarnego porz\u0105dku, wystawa mo\u017ce jawi\u0107 si\u0119 jako tajemnicza i mrocznie s\u0142odka, jako co\u015b trudnego do rozpoznania. Polegaj\u0105c na afirmacji dziwno\u015bci i zachwianiu przejrzysto\u015bci, uruchamia fantazmaty, kt\u00f3rych dzia\u0142anie wykracza poza te oswojone.<\/span><\/h6>\n<h6><span style=\"font-family: arial, sans-serif;\">\u00a0<\/span><\/h6>\n<h6><span style=\"font-family: arial, sans-serif;\">Scenografia zapachowa: Alchembot<br \/>\nIdentyfikacja wizualna: Wojciech Pietryka<\/span><\/h6>\n<h6><span style=\"font-family: arial, sans-serif;\">\u00a0<\/span><\/h6>\n<h6><span style=\"font-family: arial, sans-serif;\">\u00a0<\/span><\/h6>\n<div>\n<h6 class=\"gmail_default\"><span style=\"font-family: arial, sans-serif;\">Wydarzenie dofinansowane z bud\u017cetu Miasta Poznania<\/span><\/h6>\n<\/div>\n<h6><\/h6>\n<\/div><\/div><\/div><div id=\"pgc-7121-0-1\"  class=\"panel-grid-cell\" ><div id=\"panel-7121-0-1-0\" class=\"so-panel widget widget_black-studio-tinymce widget_black_studio_tinymce panel-first-child panel-last-child\" data-index=\"1\" ><div class=\"textwidget\"><p><span class=\"\" style=\"display:block;clear:both;height: 0px;padding-top: 20px;border-top-width:0px;border-bottom-width:0px;\"><\/span><\/p>\n<p><div id='gallery-1' class='gallery galleryid-7121 gallery-columns-3 gallery-size-thumbnail'><figure class='gallery-item'>\n\t\t\t<div class='gallery-icon landscape'>\n\t\t\t\t<a href='https:\/\/rodriguezgallery.com\/wp-content\/uploads\/2025\/01\/07.-Wystawa-dyplomowa-kur.-Kamil-Mizgala.jpg'><img loading=\"lazy\" decoding=\"async\" width=\"150\" height=\"150\" src=\"https:\/\/rodriguezgallery.com\/wp-content\/uploads\/2025\/01\/07.-Wystawa-dyplomowa-kur.-Kamil-Mizgala-150x150.jpg\" class=\"attachment-thumbnail size-thumbnail\" alt=\"\" \/><\/a>\n\t\t\t<\/div><\/figure><figure class='gallery-item'>\n\t\t\t<div class='gallery-icon landscape'>\n\t\t\t\t<a href='https:\/\/rodriguezgallery.com\/wp-content\/uploads\/2025\/01\/7b014b27-1383-48c7-96c1-da8dc10fe8bd.jpg'><img loading=\"lazy\" decoding=\"async\" width=\"150\" height=\"150\" src=\"https:\/\/rodriguezgallery.com\/wp-content\/uploads\/2025\/01\/7b014b27-1383-48c7-96c1-da8dc10fe8bd-150x150.jpg\" class=\"attachment-thumbnail size-thumbnail\" alt=\"\" \/><\/a>\n\t\t\t<\/div><\/figure><figure class='gallery-item'>\n\t\t\t<div class='gallery-icon landscape'>\n\t\t\t\t<a href='https:\/\/rodriguezgallery.com\/wp-content\/uploads\/2025\/01\/bc79791c-c596-4303-a540-7ad4382772b8.jpg'><img loading=\"lazy\" decoding=\"async\" width=\"150\" height=\"150\" src=\"https:\/\/rodriguezgallery.com\/wp-content\/uploads\/2025\/01\/bc79791c-c596-4303-a540-7ad4382772b8-150x150.jpg\" class=\"attachment-thumbnail size-thumbnail\" alt=\"\" \/><\/a>\n\t\t\t<\/div><\/figure>\n\t\t<\/div>\n<\/p>\n<\/div><\/div><\/div><\/div><\/div>","protected":false},"excerpt":{"rendered":"<p>Kamil Gustaw Mizga\u0142a (kurator) Open the Portal Wystawa dyplomowa Czerwiec 2024 Wystawa dyplomowa realizowana na Kuratorstwie i Teorii Sztuki Uniwersytetu Artystycznego im. Magdaleny Abakanowicz w Poznaniu pod opiek\u0105 prof. dra <a class=\"moretag\" href=\"https:\/\/rodriguezgallery.com\/pl\/polski-wystawa-dyplomowa-open-the-portal-kur-kamil-gustaw-mizgala\/\">Read More &#8230;<\/a><\/p>\n","protected":false},"author":1,"featured_media":0,"parent":0,"menu_order":0,"comment_status":"closed","ping_status":"closed","template":"full-width-page.php","meta":{"footnotes":""},"class_list":["post-7121","page","type-page","status-publish","hentry"],"_links":{"self":[{"href":"https:\/\/rodriguezgallery.com\/pl\/wp-json\/wp\/v2\/pages\/7121","targetHints":{"allow":["GET"]}}],"collection":[{"href":"https:\/\/rodriguezgallery.com\/pl\/wp-json\/wp\/v2\/pages"}],"about":[{"href":"https:\/\/rodriguezgallery.com\/pl\/wp-json\/wp\/v2\/types\/page"}],"author":[{"embeddable":true,"href":"https:\/\/rodriguezgallery.com\/pl\/wp-json\/wp\/v2\/users\/1"}],"replies":[{"embeddable":true,"href":"https:\/\/rodriguezgallery.com\/pl\/wp-json\/wp\/v2\/comments?post=7121"}],"version-history":[{"count":1,"href":"https:\/\/rodriguezgallery.com\/pl\/wp-json\/wp\/v2\/pages\/7121\/revisions"}],"predecessor-version":[{"id":7148,"href":"https:\/\/rodriguezgallery.com\/pl\/wp-json\/wp\/v2\/pages\/7121\/revisions\/7148"}],"wp:attachment":[{"href":"https:\/\/rodriguezgallery.com\/pl\/wp-json\/wp\/v2\/media?parent=7121"}],"curies":[{"name":"wp","href":"https:\/\/api.w.org\/{rel}","templated":true}]}}