{"id":7129,"date":"2025-01-30T13:18:46","date_gmt":"2025-01-30T11:18:46","guid":{"rendered":"https:\/\/rodriguezgallery.com\/?page_id=7129"},"modified":"2025-01-31T14:24:23","modified_gmt":"2025-01-31T12:24:23","slug":"polski-warsztaty-2024-cykl-wystaw","status":"publish","type":"page","link":"https:\/\/rodriguezgallery.com\/pl\/polski-warsztaty-2024-cykl-wystaw\/","title":{"rendered":"(English) Warsztaty 2024 &#8211; cykl wystaw"},"content":{"rendered":"<div id=\"pl-7129\"  class=\"panel-layout\" ><div id=\"pg-7129-0\"  class=\"panel-grid panel-no-style\" ><div id=\"pgc-7129-0-0\"  class=\"panel-grid-cell\" ><div id=\"panel-7129-0-0-0\" class=\"so-panel widget widget_black-studio-tinymce widget_black_studio_tinymce panel-first-child panel-last-child\" data-index=\"0\" ><div class=\"textwidget\"><p><span class=\"\" style=\"display:block;clear:both;height: 0px;padding-top: 20px;border-top-width:0px;border-bottom-width:0px;\"><\/span><\/p>\n<h6><strong>Warsztaty dla dzieci\u00a0(w ramach: Cykl wystaw i dzia\u0142a\u0144 edukacyjnych w Rodriguez Gallery)<\/strong><\/h6>\n<h6>Projekt dofinansowany ze \u015brodk\u00f3w bud\u017cetu Miasta Poznania<\/h6>\n<h6><a href=\"https:\/\/rodriguezgallery.com\/wp-content\/uploads\/2025\/01\/SCENARIUSZ-WARSZTATOW-CYKL-Wystaw.pdf\" target=\"_blank\" rel=\"noopener\">Scenariusz warsztat\u00f3w I<\/a><\/h6>\n<p>&nbsp;<\/p>\n<p><img loading=\"lazy\" decoding=\"async\" class=\"wp-image-2924 alignleft\" src=\"https:\/\/rodriguezgallery.com\/wp-content\/uploads\/2017\/10\/LOGO_POZNAN_PL_RGB_bz.jpg\" alt=\"\" width=\"189\" height=\"65\" srcset=\"https:\/\/rodriguezgallery.com\/wp-content\/uploads\/2017\/10\/LOGO_POZNAN_PL_RGB_bz.jpg 2732w, https:\/\/rodriguezgallery.com\/wp-content\/uploads\/2017\/10\/LOGO_POZNAN_PL_RGB_bz-300x103.jpg 300w, https:\/\/rodriguezgallery.com\/wp-content\/uploads\/2017\/10\/LOGO_POZNAN_PL_RGB_bz-768x264.jpg 768w, https:\/\/rodriguezgallery.com\/wp-content\/uploads\/2017\/10\/LOGO_POZNAN_PL_RGB_bz-1024x352.jpg 1024w\" sizes=\"auto, (max-width: 189px) 100vw, 189px\" \/><\/p>\n<\/div><\/div><\/div><div id=\"pgc-7129-0-1\"  class=\"panel-grid-cell\" ><div id=\"panel-7129-0-1-0\" class=\"so-panel widget widget_black-studio-tinymce widget_black_studio_tinymce panel-first-child panel-last-child\" data-index=\"1\" ><div class=\"textwidget\"><p><span class=\"\" style=\"display:block;clear:both;height: 0px;padding-top: 20px;border-top-width:0px;border-bottom-width:0px;\"><\/span><br \/>\n<img loading=\"lazy\" decoding=\"async\" class=\"alignleft size-medium wp-image-7130\" src=\"https:\/\/rodriguezgallery.com\/wp-content\/uploads\/2025\/01\/poznan-266x300.jpg\" alt=\"\" width=\"266\" height=\"300\" srcset=\"https:\/\/rodriguezgallery.com\/wp-content\/uploads\/2025\/01\/poznan-266x300.jpg 266w, https:\/\/rodriguezgallery.com\/wp-content\/uploads\/2025\/01\/poznan-909x1024.jpg 909w, https:\/\/rodriguezgallery.com\/wp-content\/uploads\/2025\/01\/poznan-768x865.jpg 768w, https:\/\/rodriguezgallery.com\/wp-content\/uploads\/2025\/01\/poznan-1363x1536.jpg 1363w, https:\/\/rodriguezgallery.com\/wp-content\/uploads\/2025\/01\/poznan-1818x2048.jpg 1818w, https:\/\/rodriguezgallery.com\/wp-content\/uploads\/2025\/01\/poznan-300x338.jpg 300w\" sizes=\"auto, (max-width: 266px) 100vw, 266px\" \/><\/p>\n<\/div><\/div><\/div><\/div><\/div>","protected":false},"excerpt":{"rendered":"<p>Warsztaty dla dzieci\u00a0(w ramach: Cykl wystaw i dzia\u0142a\u0144 edukacyjnych w Rodriguez Gallery) Projekt dofinansowany ze \u015brodk\u00f3w bud\u017cetu Miasta Poznania Scenariusz warsztat\u00f3w I &nbsp;<\/p>\n","protected":false},"author":1,"featured_media":0,"parent":0,"menu_order":0,"comment_status":"closed","ping_status":"closed","template":"full-width-page.php","meta":{"footnotes":""},"class_list":["post-7129","page","type-page","status-publish","hentry"],"_links":{"self":[{"href":"https:\/\/rodriguezgallery.com\/pl\/wp-json\/wp\/v2\/pages\/7129","targetHints":{"allow":["GET"]}}],"collection":[{"href":"https:\/\/rodriguezgallery.com\/pl\/wp-json\/wp\/v2\/pages"}],"about":[{"href":"https:\/\/rodriguezgallery.com\/pl\/wp-json\/wp\/v2\/types\/page"}],"author":[{"embeddable":true,"href":"https:\/\/rodriguezgallery.com\/pl\/wp-json\/wp\/v2\/users\/1"}],"replies":[{"embeddable":true,"href":"https:\/\/rodriguezgallery.com\/pl\/wp-json\/wp\/v2\/comments?post=7129"}],"version-history":[{"count":1,"href":"https:\/\/rodriguezgallery.com\/pl\/wp-json\/wp\/v2\/pages\/7129\/revisions"}],"predecessor-version":[{"id":7161,"href":"https:\/\/rodriguezgallery.com\/pl\/wp-json\/wp\/v2\/pages\/7129\/revisions\/7161"}],"wp:attachment":[{"href":"https:\/\/rodriguezgallery.com\/pl\/wp-json\/wp\/v2\/media?parent=7129"}],"curies":[{"name":"wp","href":"https:\/\/api.w.org\/{rel}","templated":true}]}}