{"id":7132,"date":"2025-01-30T13:49:52","date_gmt":"2025-01-30T11:49:52","guid":{"rendered":"https:\/\/rodriguezgallery.com\/?page_id=7132"},"modified":"2025-01-31T14:22:44","modified_gmt":"2025-01-31T12:22:44","slug":"polski-warsztaty-2024-cykl-warsztatow","status":"publish","type":"page","link":"https:\/\/rodriguezgallery.com\/pl\/polski-warsztaty-2024-cykl-warsztatow\/","title":{"rendered":"(English) Warsztaty 2024 &#8211; cykl warsztat\u00f3w"},"content":{"rendered":"<div id=\"pl-7132\"  class=\"panel-layout\" ><div id=\"pg-7132-0\"  class=\"panel-grid panel-no-style\" ><div id=\"pgc-7132-0-0\"  class=\"panel-grid-cell\" ><div id=\"panel-7132-0-0-0\" class=\"so-panel widget widget_black-studio-tinymce widget_black_studio_tinymce panel-first-child panel-last-child\" data-index=\"0\" ><div class=\"textwidget\"><p><span class=\"\" style=\"display:block;clear:both;height: 0px;padding-top: 20px;border-top-width:0px;border-bottom-width:0px;\"><\/span><\/p>\n<h6>W<strong>arsztaty dla dzieci\u00a0(w ramach: Pierwsze spotkanie ze sztuk\u0105 wsp\u00f3\u0142czesn\u0105 \u2013 cykl warsztat\u00f3w dla dzieci )<\/strong><\/h6>\n<h6>Projekt dofinansowany ze \u015brodk\u00f3w Samorz\u0105du Wojew\u00f3dztwa Wielkopolskiego.<\/h6>\n<h6><a href=\"https:\/\/rodriguezgallery.com\/wp-content\/uploads\/2025\/01\/SCENARIUSZ-WARSZTATOW-CYKL-Warsztatow-3.pdf\" target=\"_blank\" rel=\"noopener\">Scenariusz warsztat\u00f3w<\/a><\/h6>\n<p>&nbsp;<\/p>\n<p><img loading=\"lazy\" decoding=\"async\" class=\"wp-image-3254 alignleft\" src=\"https:\/\/rodriguezgallery.com\/wp-content\/uploads\/2018\/01\/26827920_10156995613823136_398906106_o.jpg\" alt=\"\" width=\"321\" height=\"100\" srcset=\"https:\/\/rodriguezgallery.com\/wp-content\/uploads\/2018\/01\/26827920_10156995613823136_398906106_o.jpg 1404w, https:\/\/rodriguezgallery.com\/wp-content\/uploads\/2018\/01\/26827920_10156995613823136_398906106_o-300x94.jpg 300w, https:\/\/rodriguezgallery.com\/wp-content\/uploads\/2018\/01\/26827920_10156995613823136_398906106_o-768x240.jpg 768w, https:\/\/rodriguezgallery.com\/wp-content\/uploads\/2018\/01\/26827920_10156995613823136_398906106_o-1024x319.jpg 1024w\" sizes=\"auto, (max-width: 321px) 100vw, 321px\" \/><\/p>\n<p>&nbsp;<\/p>\n<p>&nbsp;<\/p>\n<h6><\/h6>\n<\/div><\/div><\/div><div id=\"pgc-7132-0-1\"  class=\"panel-grid-cell\" ><div id=\"panel-7132-0-1-0\" class=\"so-panel widget widget_black-studio-tinymce widget_black_studio_tinymce panel-first-child panel-last-child\" data-index=\"1\" ><div class=\"textwidget\"><p><span class=\"\" style=\"display:block;clear:both;height: 0px;padding-top: 20px;border-top-width:0px;border-bottom-width:0px;\"><\/span><br \/>\n<img loading=\"lazy\" decoding=\"async\" class=\"alignleft size-medium wp-image-7136\" src=\"https:\/\/rodriguezgallery.com\/wp-content\/uploads\/2025\/01\/wojewodztwo-2-213x300.jpg\" alt=\"\" width=\"213\" height=\"300\" srcset=\"https:\/\/rodriguezgallery.com\/wp-content\/uploads\/2025\/01\/wojewodztwo-2-213x300.jpg 213w, https:\/\/rodriguezgallery.com\/wp-content\/uploads\/2025\/01\/wojewodztwo-2-729x1024.jpg 729w, https:\/\/rodriguezgallery.com\/wp-content\/uploads\/2025\/01\/wojewodztwo-2-768x1079.jpg 768w, https:\/\/rodriguezgallery.com\/wp-content\/uploads\/2025\/01\/wojewodztwo-2-1093x1536.jpg 1093w, https:\/\/rodriguezgallery.com\/wp-content\/uploads\/2025\/01\/wojewodztwo-2-1457x2048.jpg 1457w, https:\/\/rodriguezgallery.com\/wp-content\/uploads\/2025\/01\/wojewodztwo-2-300x422.jpg 300w, https:\/\/rodriguezgallery.com\/wp-content\/uploads\/2025\/01\/wojewodztwo-2.jpg 1779w\" sizes=\"auto, (max-width: 213px) 100vw, 213px\" \/><\/p>\n<\/div><\/div><\/div><\/div><\/div>","protected":false},"excerpt":{"rendered":"<p>Warsztaty dla dzieci\u00a0(w ramach: Pierwsze spotkanie ze sztuk\u0105 wsp\u00f3\u0142czesn\u0105 \u2013 cykl warsztat\u00f3w dla dzieci ) Projekt dofinansowany ze \u015brodk\u00f3w Samorz\u0105du Wojew\u00f3dztwa Wielkopolskiego. Scenariusz warsztat\u00f3w &nbsp; &nbsp; &nbsp;<\/p>\n","protected":false},"author":1,"featured_media":0,"parent":0,"menu_order":0,"comment_status":"closed","ping_status":"closed","template":"full-width-page.php","meta":{"footnotes":""},"class_list":["post-7132","page","type-page","status-publish","hentry"],"_links":{"self":[{"href":"https:\/\/rodriguezgallery.com\/pl\/wp-json\/wp\/v2\/pages\/7132","targetHints":{"allow":["GET"]}}],"collection":[{"href":"https:\/\/rodriguezgallery.com\/pl\/wp-json\/wp\/v2\/pages"}],"about":[{"href":"https:\/\/rodriguezgallery.com\/pl\/wp-json\/wp\/v2\/types\/page"}],"author":[{"embeddable":true,"href":"https:\/\/rodriguezgallery.com\/pl\/wp-json\/wp\/v2\/users\/1"}],"replies":[{"embeddable":true,"href":"https:\/\/rodriguezgallery.com\/pl\/wp-json\/wp\/v2\/comments?post=7132"}],"version-history":[{"count":1,"href":"https:\/\/rodriguezgallery.com\/pl\/wp-json\/wp\/v2\/pages\/7132\/revisions"}],"predecessor-version":[{"id":7159,"href":"https:\/\/rodriguezgallery.com\/pl\/wp-json\/wp\/v2\/pages\/7132\/revisions\/7159"}],"wp:attachment":[{"href":"https:\/\/rodriguezgallery.com\/pl\/wp-json\/wp\/v2\/media?parent=7132"}],"curies":[{"name":"wp","href":"https:\/\/api.w.org\/{rel}","templated":true}]}}