{"id":7168,"date":"2025-03-20T10:48:46","date_gmt":"2025-03-20T08:48:46","guid":{"rendered":"https:\/\/rodriguezgallery.com\/?page_id=7168"},"modified":"2025-03-25T11:31:36","modified_gmt":"2025-03-25T09:31:36","slug":"kinomanual-sklep-z-planetami","status":"publish","type":"page","link":"https:\/\/rodriguezgallery.com\/pl\/kinomanual-sklep-z-planetami\/","title":{"rendered":"(English) KinoManual &#8211; Sklep z planetami"},"content":{"rendered":"<div id=\"pl-7168\"  class=\"panel-layout\" ><div id=\"pg-7168-0\"  class=\"panel-grid panel-no-style\" ><div id=\"pgc-7168-0-0\"  class=\"panel-grid-cell\" ><div id=\"panel-7168-0-0-0\" class=\"so-panel widget widget_black-studio-tinymce widget_black_studio_tinymce panel-first-child panel-last-child\" data-index=\"0\" ><div class=\"textwidget\"><h6><span class=\"\" style=\"display:block;clear:both;height: 0px;padding-top: 20px;border-top-width:0px;border-bottom-width:0px;\"><\/span><br \/>\n<strong>kinoMANUAL<br \/>\n<\/strong><i>Sklep z planetami<br \/>\n<\/i>14.02 - 28.03.2025<\/h6>\n<h6 style=\"font-weight: 400;\"><strong>Wszystko kr\u0119ci si\u0119 wok\u00f3\u0142 planet naszego Uk\u0142adu S\u0142onecznego, bo to one wyznaczaj\u0105 cykliczno\u015b\u0107 \u017cycia.<\/strong><br \/>\nObserwacja i eksploracja kosmosu od zawsze nap\u0119dza\u0142y ludzk\u0105 ciekawo\u015b\u0107 i pragnienia, jednocze\u015bnie przyczyniaj\u0105c si\u0119 do ogromnego post\u0119pu technologicznego. Technologie kosmiczne, kt\u00f3re kiedy\u015b by\u0142y niedost\u0119pne i wydawa\u0142y si\u0119 zarezerwowane wy\u0142\u0105cznie dla naukowc\u00f3w, dzi\u015b maj\u0105 coraz wi\u0119kszy wp\u0142yw na codzienne \u017cycie. To wszystko sprawia, \u017ce odleg\u0142e planety i przestrze\u0144 kosmiczna staj\u0105 si\u0119 bliskie jak nigdy wcze\u015bniej.<\/h6>\n<h6 style=\"font-weight: 400;\">Wystawa <strong>Sklep z planetami<\/strong>\u00a0nawi\u0105zuje do witryn sklepowych, w kt\u00f3rych w lipcu 1969 roku mo\u017cna by\u0142o zobaczy\u0107 transmisj\u0119 z pierwszego l\u0105dowania cz\u0142owieka na Ksi\u0119\u017cycu w ramach misji Apollo 11. Telewizory w nich eksponowane sta\u0142y si\u0119 wtedy czym\u015b wi\u0119cej ni\u017c tylko produktami \u2013 oknami na \u015bwiat i na wszech\u015bwiat. W tym niezwyk\u0142ym momencie pe\u0142ni\u0142y rol\u0119 publicznego teatru technologii, umo\u017cliwiaj\u0105c wsp\u00f3lne prze\u017cywanie historycznego wydarzenia. Dla wielu ludzi by\u0142o to pierwsze zetkni\u0119cie z globaln\u0105 transmisj\u0105 na \u017cywo, co wzbudza\u0142o ogromne emocje i poczucie uczestnictwa w czym\u015b wyj\u0105tkowym.<\/h6>\n<h6 style=\"font-weight: 400;\">Jeszcze kilka dekad temu marzenia o eksploracji kosmosu nap\u0119dza\u0142y naukowy post\u0119p i d\u0105\u017cenie do odkrywania nieznanego. L\u0105dowanie na Ksi\u0119\u017cycu, misje na Marsa czy badania odleg\u0142ych galaktyk by\u0142y symbolem ambicji ca\u0142ej ludzko\u015bci. Dzi\u015b jednak kosmos coraz cz\u0119\u015bciej staje si\u0119 luksusowym kierunkiem podr\u00f3\u017cy dla najbogatszych, a prywatne firmy kosmiczne skupiaj\u0105 si\u0119 na rozwoju turystyki suborbitalnej zamiast na dalszej eksploracji.<\/h6>\n<h6 style=\"font-weight: 400;\">Podczas gdy miliony dolar\u00f3w s\u0105 wydawane na kilku- minutowe loty w przestrze\u0144, badania naukowe i programy kosmiczne finansowane z funduszy publicznych cz\u0119sto borykaj\u0105 si\u0119 z ograniczeniami bud\u017cetowymi.<\/h6>\n<h6 style=\"font-weight: 400;\">Tym samym eksploracja kosmosu, niegdy\u015b postrzegana jako wsp\u00f3lne dziedzictwo ludzko\u015bci, zaczyna s\u0142u\u017cy\u0107 g\u0142\u00f3wnie tym, kt\u00f3rzy mog\u0105 sobie na ni\u0105 pozwoli\u0107. To budzi pytanie: czy w pogoni za komercyjnym sukcesem nie zatracili\u015bmy prawdziwego sensu patrzenia w gwiazdy?<\/h6>\n<h6 style=\"font-weight: 400;\">W lutym na kilka tygodni zmieniamy Galeri\u0119 Rodriguez w \u201cSklep z Planetami\u201d. To miejsce, gdzie niczego nie mo\u017cna kupi\u0107, ale zawsze mo\u017cna popatrze\u0107 \u2013 a marzenia, jak wiemy, nic nie kosztuj\u0105. Wystawa b\u0119dzie rozwini\u0119ciem pomys\u0142u zrealizowanego rok temu we wroc\u0142awskiej Galerii FOTO-GEN.<\/h6>\n<h6 style=\"font-weight: 400;\">Wtedy, w \u015brodku zimy, zaprosili\u015bmy do rozgoszczenia si\u0119 w Salonie zimowym\u201d, a \u201cSklep z Planetami\u201d to przestrze\u0144, kt\u00f3ra prowadzi w stron\u0119 gwiazd. kinoMANUAL to ma\u0142a, niezale\u017cna manufaktura audiowizualna z Wroc\u0142awia, za\u0142o\u017cona przez dw\u00f3jk\u0119 artyst\u00f3w: Ag\u0119 Jarz\u0105b i Ma\u0107ka B\u0105czyka. Od 2014 roku wsp\u00f3lnie tworz\u0105 filmy, fotografie, obiekty i instalacje, kontynuuj\u0105c awangardowe tradycje light artu, sztuki kinetycznej, animacji i kina eksperymentalnego. Prace duetu akcentuj\u0105 fizyczny kontakt z tworzywem oraz natur\u0119 narz\u0119dzi, kt\u00f3rymi operuj\u0105.<\/h6>\n<h6 style=\"font-weight: 400;\"><strong>kinoMANUAL<\/strong> wsp\u00f3\u0142pracuje z kolektywami artystycznymi w Europie, tworzy identyfikacje wizualne, realizuje wystawy i performansy w Polsce i za granic\u0105. Od 2015 roku stale wsp\u00f3\u0142pracuj\u0105 z festiwalem Punto y Raya w Hiszpanii, Filmverkstaden z Finlandii oraz Festiwalem Film\u00f3w Polskich O!Pla w Polsce.<\/h6>\n<h6 style=\"font-weight: 400;\">kinoMANUAL prowadzi warsztaty animacji dla doros\u0142ych i dzieci podczas festiwali animacji i filmu, targ\u00f3w sztuki i przegl\u0105d\u00f3w kulturalnych. Ich filmy s\u0105 nagradzane na festiwalach animacji i kina eksperymentalnego. Od 2017 roku wyst\u0119puj\u0105 wsp\u00f3lnie z zespo\u0142em Pin Park, dla kt\u00f3rego tworz\u0105 wizualizacje i videoklipy.<\/h6>\n<h6 style=\"font-weight: 400;\"><\/h6>\n<h6 style=\"font-weight: 400;\">Pawe\u0142 B\u0105kowski \/ kurator<\/h6>\n<h6><\/h6>\n<\/div><\/div><\/div><div id=\"pgc-7168-0-1\"  class=\"panel-grid-cell\" ><div id=\"panel-7168-0-1-0\" class=\"so-panel widget widget_black-studio-tinymce widget_black_studio_tinymce panel-first-child panel-last-child\" data-index=\"1\" ><div class=\"textwidget\"><p><span class=\"\" style=\"display:block;clear:both;height: 0px;padding-top: 20px;border-top-width:0px;border-bottom-width:0px;\"><\/span><\/p>\n<p><div id='gallery-1' class='gallery galleryid-7168 gallery-columns-3 gallery-size-thumbnail'><figure class='gallery-item'>\n\t\t\t<div class='gallery-icon landscape'>\n\t\t\t\t<a href='https:\/\/rodriguezgallery.com\/wp-content\/uploads\/2025\/03\/009A7714-scaled.jpeg'><img loading=\"lazy\" decoding=\"async\" width=\"150\" height=\"150\" src=\"https:\/\/rodriguezgallery.com\/wp-content\/uploads\/2025\/03\/009A7714-150x150.jpeg\" class=\"attachment-thumbnail size-thumbnail\" alt=\"\" \/><\/a>\n\t\t\t<\/div><\/figure><figure class='gallery-item'>\n\t\t\t<div class='gallery-icon portrait'>\n\t\t\t\t<a href='https:\/\/rodriguezgallery.com\/wp-content\/uploads\/2025\/03\/009A7780-scaled.jpeg'><img loading=\"lazy\" decoding=\"async\" width=\"150\" height=\"150\" src=\"https:\/\/rodriguezgallery.com\/wp-content\/uploads\/2025\/03\/009A7780-150x150.jpeg\" class=\"attachment-thumbnail size-thumbnail\" alt=\"\" \/><\/a>\n\t\t\t<\/div><\/figure><figure class='gallery-item'>\n\t\t\t<div class='gallery-icon landscape'>\n\t\t\t\t<a href='https:\/\/rodriguezgallery.com\/wp-content\/uploads\/2025\/03\/Klaudia-Pawlak-scaled.jpeg'><img loading=\"lazy\" decoding=\"async\" width=\"150\" height=\"150\" src=\"https:\/\/rodriguezgallery.com\/wp-content\/uploads\/2025\/03\/Klaudia-Pawlak-150x150.jpeg\" class=\"attachment-thumbnail size-thumbnail\" alt=\"\" \/><\/a>\n\t\t\t<\/div><\/figure><figure class='gallery-item'>\n\t\t\t<div class='gallery-icon portrait'>\n\t\t\t\t<a href='https:\/\/rodriguezgallery.com\/wp-content\/uploads\/2025\/03\/009A7730-scaled.jpeg'><img loading=\"lazy\" decoding=\"async\" width=\"150\" height=\"150\" src=\"https:\/\/rodriguezgallery.com\/wp-content\/uploads\/2025\/03\/009A7730-150x150.jpeg\" class=\"attachment-thumbnail size-thumbnail\" alt=\"\" \/><\/a>\n\t\t\t<\/div><\/figure><figure class='gallery-item'>\n\t\t\t<div class='gallery-icon landscape'>\n\t\t\t\t<a href='https:\/\/rodriguezgallery.com\/wp-content\/uploads\/2025\/03\/009A7915-scaled.jpeg'><img loading=\"lazy\" decoding=\"async\" width=\"150\" height=\"150\" src=\"https:\/\/rodriguezgallery.com\/wp-content\/uploads\/2025\/03\/009A7915-150x150.jpeg\" class=\"attachment-thumbnail size-thumbnail\" alt=\"\" \/><\/a>\n\t\t\t<\/div><\/figure><figure class='gallery-item'>\n\t\t\t<div class='gallery-icon landscape'>\n\t\t\t\t<a href='https:\/\/rodriguezgallery.com\/wp-content\/uploads\/2025\/03\/Klaudia-Pawlak-2-scaled.jpeg'><img loading=\"lazy\" decoding=\"async\" width=\"150\" height=\"150\" src=\"https:\/\/rodriguezgallery.com\/wp-content\/uploads\/2025\/03\/Klaudia-Pawlak-2-150x150.jpeg\" class=\"attachment-thumbnail size-thumbnail\" alt=\"\" \/><\/a>\n\t\t\t<\/div><\/figure>\n\t\t<\/div>\n<\/p>\n<\/div><\/div><\/div><\/div><\/div>","protected":false},"excerpt":{"rendered":"<p>kinoMANUAL Sklep z planetami 14.02 &#8211; 28.03.2025 Wszystko kr\u0119ci si\u0119 wok\u00f3\u0142 planet naszego Uk\u0142adu S\u0142onecznego, bo to one wyznaczaj\u0105 cykliczno\u015b\u0107 \u017cycia. Obserwacja i eksploracja kosmosu od zawsze nap\u0119dza\u0142y ludzk\u0105 ciekawo\u015b\u0107 <a class=\"moretag\" href=\"https:\/\/rodriguezgallery.com\/pl\/kinomanual-sklep-z-planetami\/\">Read More &#8230;<\/a><\/p>\n","protected":false},"author":1,"featured_media":0,"parent":0,"menu_order":0,"comment_status":"closed","ping_status":"closed","template":"full-width-page.php","meta":{"footnotes":""},"class_list":["post-7168","page","type-page","status-publish","hentry"],"_links":{"self":[{"href":"https:\/\/rodriguezgallery.com\/pl\/wp-json\/wp\/v2\/pages\/7168","targetHints":{"allow":["GET"]}}],"collection":[{"href":"https:\/\/rodriguezgallery.com\/pl\/wp-json\/wp\/v2\/pages"}],"about":[{"href":"https:\/\/rodriguezgallery.com\/pl\/wp-json\/wp\/v2\/types\/page"}],"author":[{"embeddable":true,"href":"https:\/\/rodriguezgallery.com\/pl\/wp-json\/wp\/v2\/users\/1"}],"replies":[{"embeddable":true,"href":"https:\/\/rodriguezgallery.com\/pl\/wp-json\/wp\/v2\/comments?post=7168"}],"version-history":[{"count":1,"href":"https:\/\/rodriguezgallery.com\/pl\/wp-json\/wp\/v2\/pages\/7168\/revisions"}],"predecessor-version":[{"id":7180,"href":"https:\/\/rodriguezgallery.com\/pl\/wp-json\/wp\/v2\/pages\/7168\/revisions\/7180"}],"wp:attachment":[{"href":"https:\/\/rodriguezgallery.com\/pl\/wp-json\/wp\/v2\/media?parent=7168"}],"curies":[{"name":"wp","href":"https:\/\/api.w.org\/{rel}","templated":true}]}}