{"id":7193,"date":"2025-04-22T13:10:44","date_gmt":"2025-04-22T11:10:44","guid":{"rendered":"https:\/\/rodriguezgallery.com\/?page_id=7193"},"modified":"2025-04-22T13:10:44","modified_gmt":"2025-04-22T11:10:44","slug":"wystawa-doktorska-katarzyna-gorczynska","status":"publish","type":"page","link":"https:\/\/rodriguezgallery.com\/pl\/wystawa-doktorska-katarzyna-gorczynska\/","title":{"rendered":"(English) Wystawa doktorska &#8211; Katarzyna G\u00f3rczy\u0144ska"},"content":{"rendered":"<div id=\"pl-7193\"  class=\"panel-layout\" ><div id=\"pg-7193-0\"  class=\"panel-grid panel-no-style\" ><div id=\"pgc-7193-0-0\"  class=\"panel-grid-cell\" ><div id=\"panel-7193-0-0-0\" class=\"so-panel widget widget_black-studio-tinymce widget_black_studio_tinymce panel-first-child panel-last-child\" data-index=\"0\" ><div class=\"textwidget\"><h6><span class=\"\" style=\"display:block;clear:both;height: 0px;padding-top: 20px;border-top-width:0px;border-bottom-width:0px;\"><\/span><br \/>\n<strong>Katarzyna G\u00f3rczy\u0144ska<\/strong><br \/>\n<em>Kszta\u0142t niewidzialnego<\/em><br \/>\nImprowizacja wobec strategii w sztuce performans.<br \/>\nWystawa doktorska<\/p>\n<p>28.04.2025 godz. 17:00 - obrona pracy doktorskiej<br \/>\n29.04.2025 godz. 17:00 - prezentacja pracy doktorskiej - performans<\/h6>\n<h6 class=\"gmail_default\">Jak widzie\u0107 niewidzialne?<\/p>\n<p>Poszukiwanie \u015blad\u00f3w niewidzialnego w przestrzeniach granicznych dyscyplin sztuki. Przy pomocy r\u00f3\u017cnych \u015brodk\u00f3w artystycznych sprawdzimy, jak mo\u017cna materializowa\u0107 to, co ukryte, wyparte, intuicyjne, niematerialne.<br \/>\nTo przestrze\u0144 pr\u00f3b, znak\u00f3w, potencjalno\u015bci.<br \/>\nGdzie ko\u0144czy si\u0119 widzialno\u015b\u0107, zaczyna si\u0119 tw\u00f3rcze widzenie.<\/h6>\n<h6>\ud835\uddfb\ud835\uddf6\ud835\uddf7\ud835\uddee\ud835\uddf8<\/p>\n<p>Tam i sam w p\u00f3\u0142mroku z wewn\u0119trznego<br \/>\ndo zewn\u0119trznego p\u00f3\u0142mroku<br \/>\nz nieprzeniknionego siebie do nieprzeniknionego<br \/>\nnie-siebie<br \/>\nnijak<br \/>\njak mi\u0119dzy dwoma \u015bwietlistymi schronieniami,<br \/>\nkt\u00f3rych drzwi, ledwo zbli\u017cy\u0107 si\u0119 do nich, zamykaj\u0105<br \/>\nsi\u0119 wolno, ledwo odwr\u00f3ci\u0107 si\u0119 od nich, wolno<br \/>\nuchylaj\u0105 si\u0119 znowu<br \/>\nby\u0107 przyzywanym tak w k\u00f3\u0142ko i odwraca\u0107 si\u0119<br \/>\nnie bacz\u0105c jak, w zapatrzeniu w jeden lub drugi<br \/>\nblask<br \/>\nbrzmi\u0105 tylko nies\u0142yszalne kroki<br \/>\na\u017c wreszcie zatrzyma\u0107 si\u0119 na dobre, na dobre<br \/>\nwyby\u0107 z siebie i tamtego<br \/>\nwtedy cisza<br \/>\ni wolno nie gasn\u0105ce \u015bwiat\u0142o na tego niebacznego<br \/>\nna owo nijak<br \/>\nniewys\u0142awialny dom<\/h6>\n<h6>Samuel Beckett \u201cNeither\u201d, prze\u0142o\u017cy\u0142 Antoni Libera<\/h6>\n<h6><\/h6>\n<h6><\/h6>\n<h6>Wydarzenie dofinansowane z bud\u017cetu Miasta Poznania.<\/h6>\n<\/div><\/div><\/div><div id=\"pgc-7193-0-1\"  class=\"panel-grid-cell\" ><div id=\"panel-7193-0-1-0\" class=\"so-panel widget widget_black-studio-tinymce widget_black_studio_tinymce panel-first-child panel-last-child\" data-index=\"1\" ><div class=\"textwidget\"><p><span class=\"\" style=\"display:block;clear:both;height: 0px;padding-top: 20px;border-top-width:0px;border-bottom-width:0px;\"><\/span><br \/>\n<img loading=\"lazy\" decoding=\"async\" class=\"alignleft wp-image-7194 size-full\" src=\"https:\/\/rodriguezgallery.com\/wp-content\/uploads\/2025\/04\/plakat_dok_last.jpg\" alt=\"\" width=\"1920\" height=\"1005\" srcset=\"https:\/\/rodriguezgallery.com\/wp-content\/uploads\/2025\/04\/plakat_dok_last.jpg 1920w, https:\/\/rodriguezgallery.com\/wp-content\/uploads\/2025\/04\/plakat_dok_last-300x157.jpg 300w, https:\/\/rodriguezgallery.com\/wp-content\/uploads\/2025\/04\/plakat_dok_last-1024x536.jpg 1024w, https:\/\/rodriguezgallery.com\/wp-content\/uploads\/2025\/04\/plakat_dok_last-768x402.jpg 768w, https:\/\/rodriguezgallery.com\/wp-content\/uploads\/2025\/04\/plakat_dok_last-1536x804.jpg 1536w\" sizes=\"auto, (max-width: 1920px) 100vw, 1920px\" \/><\/p>\n<\/div><\/div><\/div><\/div><\/div>","protected":false},"excerpt":{"rendered":"<p>Katarzyna G\u00f3rczy\u0144ska Kszta\u0142t niewidzialnego Improwizacja wobec strategii w sztuce performans. Wystawa doktorska 28.04.2025 godz. 17:00 &#8211; obrona pracy doktorskiej 29.04.2025 godz. 17:00 &#8211; prezentacja pracy doktorskiej &#8211; performans Jak widzie\u0107 <a class=\"moretag\" href=\"https:\/\/rodriguezgallery.com\/pl\/wystawa-doktorska-katarzyna-gorczynska\/\">Read More &#8230;<\/a><\/p>\n","protected":false},"author":1,"featured_media":0,"parent":0,"menu_order":0,"comment_status":"closed","ping_status":"closed","template":"full-width-page.php","meta":{"footnotes":""},"class_list":["post-7193","page","type-page","status-publish","hentry"],"_links":{"self":[{"href":"https:\/\/rodriguezgallery.com\/pl\/wp-json\/wp\/v2\/pages\/7193","targetHints":{"allow":["GET"]}}],"collection":[{"href":"https:\/\/rodriguezgallery.com\/pl\/wp-json\/wp\/v2\/pages"}],"about":[{"href":"https:\/\/rodriguezgallery.com\/pl\/wp-json\/wp\/v2\/types\/page"}],"author":[{"embeddable":true,"href":"https:\/\/rodriguezgallery.com\/pl\/wp-json\/wp\/v2\/users\/1"}],"replies":[{"embeddable":true,"href":"https:\/\/rodriguezgallery.com\/pl\/wp-json\/wp\/v2\/comments?post=7193"}],"version-history":[{"count":1,"href":"https:\/\/rodriguezgallery.com\/pl\/wp-json\/wp\/v2\/pages\/7193\/revisions"}],"predecessor-version":[{"id":7195,"href":"https:\/\/rodriguezgallery.com\/pl\/wp-json\/wp\/v2\/pages\/7193\/revisions\/7195"}],"wp:attachment":[{"href":"https:\/\/rodriguezgallery.com\/pl\/wp-json\/wp\/v2\/media?parent=7193"}],"curies":[{"name":"wp","href":"https:\/\/api.w.org\/{rel}","templated":true}]}}