{"id":7237,"date":"2025-06-27T11:26:04","date_gmt":"2025-06-27T09:26:04","guid":{"rendered":"https:\/\/rodriguezgallery.com\/?page_id=7237"},"modified":"2025-07-02T13:03:39","modified_gmt":"2025-07-02T11:03:39","slug":"wystawa-witrynowa-2025","status":"publish","type":"page","link":"https:\/\/rodriguezgallery.com\/pl\/wystawa-witrynowa-2025\/","title":{"rendered":"(English) Wystawa witrynowa 2025"},"content":{"rendered":"<div id=\"pl-7237\"  class=\"panel-layout\" ><div id=\"pg-7237-0\"  class=\"panel-grid panel-no-style\" ><div id=\"pgc-7237-0-0\"  class=\"panel-grid-cell\" ><div id=\"panel-7237-0-0-0\" class=\"so-panel widget widget_black-studio-tinymce widget_black_studio_tinymce panel-first-child panel-last-child\" data-index=\"0\" ><div class=\"textwidget\"><h6><span class=\"\" style=\"display:block;clear:both;height: 0px;padding-top: 20px;border-top-width:0px;border-bottom-width:0px;\"><\/span><br \/>\n<strong>Julia Kr\u00f3likowska<\/strong><br \/>\n<em>Zanurzenie<br \/>\n<\/em>4.07 - 24.08.2025<em><br \/>\n<\/em><\/h6>\n<h6 class=\"x14z9mp xat24cr x1lziwak x1vvkbs xtlvy1s\">Otwarcie: 4.07.2025 godz. 19:00<br class=\"html-br\" \/>Wystawa: 05.07-24.08.2025<br class=\"html-br\" \/>Mo\u017cna j\u0105 zobaczy\u0107 codziennie \/ 24h<\/h6>\n<h6 class=\"x14z9mp xat24cr x1lziwak x1vvkbs xtlvy1s\"><\/h6>\n<h6 class=\"x14z9mp xat24cr x1lziwak x1vvkbs xtlvy1s\">Kszta\u0142ty malowane na p\u00f3\u0142-transparentnych tkaninach odwo\u0142uj\u0105 si\u0119 do form z g\u0142\u0119bin. Splataj\u0105ce si\u0119 linie, tworz\u0105ce sie\u0107, nawi\u0105zuj\u0105 do ro\u015blinno\u015bci oraz obszar\u00f3w z wn\u0119trza naszego cia\u0142a. Obce dla tkanki miejskiej formy zach\u0119caj\u0105 do zanurzania si\u0119 i \u0142apania oddechu. Materia pod\u015bwietlana po zmroku, a w ci\u0105gu dnia natomiast przenikana \u015bwiat\u0142em z zewn\u0105trz, zmienia sw\u00f3j charakter z zale\u017cno\u015bci od cyklu dobowego i rytmu ulicy.<\/h6>\n<h6 class=\"x14z9mp xat24cr x1lziwak x1vvkbs xtlvy1s\"><\/h6>\n<h6 class=\"x14z9mp xat24cr x1lziwak x1vvkbs xtlvy1s\">Projekt dofinansowany z bud\u017cetu Miasta Poznania<\/h6>\n<\/div><\/div><\/div><div id=\"pgc-7237-0-1\"  class=\"panel-grid-cell\" ><div id=\"panel-7237-0-1-0\" class=\"so-panel widget widget_black-studio-tinymce widget_black_studio_tinymce panel-first-child panel-last-child\" data-index=\"1\" ><div class=\"textwidget\"><p><span class=\"\" style=\"display:block;clear:both;height: 0px;padding-top: 20px;border-top-width:0px;border-bottom-width:0px;\"><\/span><br \/>\n<a href=\"https:\/\/rodriguezgallery.com\/wp-content\/uploads\/2025\/07\/Julia-Krolikowska_Zanurzenie_fb_event_format.jpg\"><img loading=\"lazy\" decoding=\"async\" class=\"alignleft wp-image-7242 size-large\" src=\"https:\/\/rodriguezgallery.com\/wp-content\/uploads\/2025\/07\/Julia-Krolikowska_Zanurzenie_fb_event_format-1024x536.jpg\" alt=\"\" width=\"700\" height=\"366\" srcset=\"https:\/\/rodriguezgallery.com\/wp-content\/uploads\/2025\/07\/Julia-Krolikowska_Zanurzenie_fb_event_format-1024x536.jpg 1024w, https:\/\/rodriguezgallery.com\/wp-content\/uploads\/2025\/07\/Julia-Krolikowska_Zanurzenie_fb_event_format-300x157.jpg 300w, https:\/\/rodriguezgallery.com\/wp-content\/uploads\/2025\/07\/Julia-Krolikowska_Zanurzenie_fb_event_format-768x402.jpg 768w, https:\/\/rodriguezgallery.com\/wp-content\/uploads\/2025\/07\/Julia-Krolikowska_Zanurzenie_fb_event_format.jpg 1200w\" sizes=\"auto, (max-width: 700px) 100vw, 700px\" \/><\/a><\/p>\n<\/div><\/div><\/div><\/div><\/div>","protected":false},"excerpt":{"rendered":"<p>Julia Kr\u00f3likowska Zanurzenie 4.07 &#8211; 24.08.2025 Otwarcie: 4.07.2025 godz. 19:00Wystawa: 05.07-24.08.2025Mo\u017cna j\u0105 zobaczy\u0107 codziennie \/ 24h Kszta\u0142ty malowane na p\u00f3\u0142-transparentnych tkaninach odwo\u0142uj\u0105 si\u0119 do form z g\u0142\u0119bin. Splataj\u0105ce si\u0119 linie, <a class=\"moretag\" href=\"https:\/\/rodriguezgallery.com\/pl\/wystawa-witrynowa-2025\/\">Read More &#8230;<\/a><\/p>\n","protected":false},"author":1,"featured_media":0,"parent":0,"menu_order":0,"comment_status":"closed","ping_status":"closed","template":"full-width-page.php","meta":{"footnotes":""},"class_list":["post-7237","page","type-page","status-publish","hentry"],"_links":{"self":[{"href":"https:\/\/rodriguezgallery.com\/pl\/wp-json\/wp\/v2\/pages\/7237","targetHints":{"allow":["GET"]}}],"collection":[{"href":"https:\/\/rodriguezgallery.com\/pl\/wp-json\/wp\/v2\/pages"}],"about":[{"href":"https:\/\/rodriguezgallery.com\/pl\/wp-json\/wp\/v2\/types\/page"}],"author":[{"embeddable":true,"href":"https:\/\/rodriguezgallery.com\/pl\/wp-json\/wp\/v2\/users\/1"}],"replies":[{"embeddable":true,"href":"https:\/\/rodriguezgallery.com\/pl\/wp-json\/wp\/v2\/comments?post=7237"}],"version-history":[{"count":1,"href":"https:\/\/rodriguezgallery.com\/pl\/wp-json\/wp\/v2\/pages\/7237\/revisions"}],"predecessor-version":[{"id":7243,"href":"https:\/\/rodriguezgallery.com\/pl\/wp-json\/wp\/v2\/pages\/7237\/revisions\/7243"}],"wp:attachment":[{"href":"https:\/\/rodriguezgallery.com\/pl\/wp-json\/wp\/v2\/media?parent=7237"}],"curies":[{"name":"wp","href":"https:\/\/api.w.org\/{rel}","templated":true}]}}