{"id":7246,"date":"2025-07-28T17:07:09","date_gmt":"2025-07-28T15:07:09","guid":{"rendered":"https:\/\/rodriguezgallery.com\/?page_id=7246"},"modified":"2025-08-11T10:38:17","modified_gmt":"2025-08-11T08:38:17","slug":"wystawa-dyplomowa-piotr-lewandowski","status":"publish","type":"page","link":"https:\/\/rodriguezgallery.com\/pl\/wystawa-dyplomowa-piotr-lewandowski\/","title":{"rendered":"(English) Wystawa dyplomowa &#8211; Piotr Lewandowski"},"content":{"rendered":"<div id=\"pl-7246\"  class=\"panel-layout\" ><div id=\"pg-7246-0\"  class=\"panel-grid panel-no-style\" ><div id=\"pgc-7246-0-0\"  class=\"panel-grid-cell\" ><div id=\"panel-7246-0-0-0\" class=\"so-panel widget widget_black-studio-tinymce widget_black_studio_tinymce panel-first-child panel-last-child\" data-index=\"0\" ><div class=\"textwidget\"><h6><span class=\"\" style=\"display:block;clear:both;height: 0px;padding-top: 20px;border-top-width:0px;border-bottom-width:0px;\"><\/span><br \/>\n<strong>Piotr Lewandowski<\/strong><br \/>\n<em>Lightworkers<br \/>\n01-05.06.2025<\/em><\/h6>\n<h6>Ci\u0119\u017cko jest opisa\u0107 bycie, a w szczeg\u00f3lno\u015bci bycie z kim\u015b. To co ukrywa si\u0119 w ciele, bywa nieuchwytne, cz\u0119sto zawiera si\u0119 w gestach, w czystej obecno\u015bci. Gdy zapada zmrok, nie jeste\u015bmy siebie w stanie dostrzec, ale wci\u0105\u017c wiemy, \u017ce jeste\u015bmy razem. Przyj\u0119\u0142o si\u0119, \u017ce droga prowadz\u0105ca ku \u015bwiat\u0142u, to podr\u00f3\u017c ku o\u015bwieceniu. Je\u015bli obejm\u0119 co\u015b spojrzeniem \u2013 poznam to, je\u015bli co\u015b poznam \u2013 to zrozumiem. Kultura Zachodu na sta\u0142e zagarn\u0119\u0142a na swoj\u0105 korzy\u015b\u0107 promienie s\u0142o\u0144ca i jego ciep\u0142o, uto\u017csamiaj\u0105c je z intelektualnym poznaniem. Rozum wypar\u0142 na margines zmys\u0142owo\u015b\u0107 cia\u0142a, jego mi\u0119sisto\u015b\u0107 i relacyjno\u015b\u0107.<br \/>\n<em>Lightworkers<\/em> to zaaran\u017cowana przez Piotra Lewandowskiego sytuacja do\u015bwiadczeniowoartystyczna w przestrzeni Rodriguez Foundation, kt\u00f3ra dekonstruuje zakodowan\u0105 w kulturze zachodu symbolik\u0119 \u015bwiat\u0142a. Przestaje ono by\u0107 czym\u015b zewn\u0119trznym, odleg\u0142ym od cz\u0142owieka. W interpretacji artysty wynika bowiem z samego bycia.<\/h6>\n<h6>G\u0142\u00f3wny element ekspozycji to prezentowany przestrzennie performance dokamerowy.<br \/>\n\u015awiat\u0142o migocze mi\u0119dzy opuszkami palc\u00f3w, rozprasza si\u0119 na sk\u00f3rze, wychodzi z ludzkiego \u015brodka. Stanowi medium, kt\u00f3re wydobywa si\u0119 ze swojej cielesnej pow\u0142oki, znajduj\u0105c miejsce uj\u015bcia. Osoby performerskie czyni\u0105 z niego no\u015bnik znacze\u0144 zast\u0119puj\u0105c w ten spos\u00f3b tradycyjn\u0105 komunikacj\u0119. Du\u0144sko-islandzki artysta Olafur Eliasson zauwa\u017cy\u0142, \u017ce to w\u0142a\u015bnie \u015bwiat\u0142o pozwala jednostkom na kolektywne do\u015bwiadczanie przestrzeni, gdy\u017c integruje nasz\u0105 percepcj\u0119 i towarzyszy z ukrycia ka\u017cdej wytworzonej relacji1. To trudne opisa\u0107 dotyk cia\u0142a, tym bardziej dotyk \u015bwiat\u0142a. Muska ono sk\u00f3r\u0119 b\u0105d\u017a wydobywa si\u0119 z trzewi performer\u00f3w. Jest w tym pewien dyskomfort \u2013 czy ka\u017cdy z nas jest zdolny do emanacji \u015bwiat\u0142a? A w\u0142a\u015bciwie, do dokonania aktu unaocznienia w\u0142asnej obecno\u015bci?<\/h6>\n<h6>Pozosta\u0142e prezentowane obiekty na wystawie s\u0142u\u017c\u0105 pog\u0142\u0119bieniu immersji os\u00f3b odbiorczych. 400 lux to okr\u0105g reaguj\u0105cy na nat\u0119\u017cenie d\u017awi\u0119ku wykrywanego w przestrzeni galerii. Im jest wi\u0119ksze, tym mocniej widoczna jest kolektywnie wytwarzaj\u0105ca je wsp\u00f3lnota. 400 luks\u00f3w stanowi bowiem warto\u015b\u0107 nat\u0119\u017cenia \u015bwiat\u0142a, kt\u00f3rej odpowiadaj\u0105 wschody i zachody s\u0142o\u0144ca przy bezchmurnym niebie. To co naturalne, ponownie wraca do ludzi, to oni s\u0105 sprawcami rozb\u0142ysku. Na oknie umieszczono natomiast instalacj\u0119 site-specific, kt\u00f3ra transformuje zewn\u0119trzne promienie s\u0142o\u0144ca i dostosowuje je do warunk\u00f3w przestrzennych galerii, czyni je widocznymi. 1 Eliasson O, Olafur Eliasson: Life in Space 3, pod red. Engberg-Pedersen A., Kragelund C., Studio Olafur Eliasson, Dornbirn 2008.<\/h6>\n<h6>Najwa\u017cniejsza jednak jest obecno\u015b\u0107 odbiorc\u00f3w, kt\u00f3rzy zostaj\u0105 wrzuceni w przestrze\u0144, kt\u00f3ra niczego nie wymaga. We wsp\u00f3\u0142czesnej duchowo\u015bci termin \u201eLightworkers\u201d oznacza osoby \u201epracuj\u0105ce ze \u015bwiat\u0142em\u201d jako energi\u0105, d\u0105\u017c\u0105c do uzdrowienia i przemiany \u015bwiadomo\u015bci. Jak twierdzi artysta: \u201cwsp\u00f3\u0142czesna kultura i sztuka, w\u0142a\u015bnie dlatego jest tak interesuj\u0105ca, poniewa\u017c dowodzi, \u017ce mo\u017cliwe jest stworzenie przestrzeni wra\u017cliwej zar\u00f3wno na indywidualizm jak i zbiorowo\u015b\u0107. Chodzi o przyczynowo\u015b\u0107 i konsekwencje, o to jak \u0142\u0105czymy my\u015blenie i dzia\u0142anie. Co znajduje si\u0119 pomi\u0119dzy tymi czynno\u015bciami? Wed\u0142ug mnie to do\u015bwiadczenie, kt\u00f3re obdarzone jest odpowiedzialno\u015bci\u0105. Do\u015bwiadczaj\u0105c stajemy si\u0119 cz\u0119\u015bci\u0105 \u015bwiata, a maj\u0105c w nim udzia\u0142, wsp\u00f3\u0142dzielimy odpowiedzialno\u015b\u0107.\u201d Mo\u017cna wi\u0119c powiedzie\u0107, \u017ce mit plato\u0144skiej jaskini upada - \u015bwiat\u0142a nie szuka si\u0119 na zewn\u0105trz, lecz wewn\u0105trz. Wystarczy do tego wsp\u00f3\u0142bycie, kt\u00f3re wyjawi, \u017ce prawda tkwi w naszej blisko\u015bci.<\/h6>\n<h6>Tekst kuratorski: Monika Czy\u017cniewska<br \/>\nWystawa dyplomowa realizowana pod opiek\u0105 dr hab. Konrada Kuzyszyna<br \/>\nUniwersytet Artystyczny im. Magdaleny Abakanowicz w Poznaniu, Wydzia\u0142 Fotografii<\/h6>\n<h6><\/h6>\n<h6>Projekt dofinansowany z bud\u017cetu Miasta Poznania<\/h6>\n<\/div><\/div><\/div><div id=\"pgc-7246-0-1\"  class=\"panel-grid-cell\" ><div id=\"panel-7246-0-1-0\" class=\"so-panel widget widget_black-studio-tinymce widget_black_studio_tinymce panel-first-child panel-last-child\" data-index=\"1\" ><div class=\"textwidget\"><p><span class=\"\" style=\"display:block;clear:both;height: 0px;padding-top: 20px;border-top-width:0px;border-bottom-width:0px;\"><\/span><\/p>\n<p><div id='gallery-1' class='gallery galleryid-7246 gallery-columns-2 gallery-size-thumbnail'><figure class='gallery-item'>\n\t\t\t<div class='gallery-icon landscape'>\n\t\t\t\t<a href='https:\/\/rodriguezgallery.com\/wp-content\/uploads\/2025\/07\/PLewandowski_Lightworkers_01-scaled.jpeg'><img loading=\"lazy\" decoding=\"async\" width=\"150\" height=\"150\" src=\"https:\/\/rodriguezgallery.com\/wp-content\/uploads\/2025\/07\/PLewandowski_Lightworkers_01-150x150.jpeg\" class=\"attachment-thumbnail size-thumbnail\" alt=\"\" \/><\/a>\n\t\t\t<\/div><\/figure><figure class='gallery-item'>\n\t\t\t<div class='gallery-icon landscape'>\n\t\t\t\t<a href='https:\/\/rodriguezgallery.com\/wp-content\/uploads\/2025\/07\/PLewandowski_Lightworkers_03-min-scaled.jpeg'><img loading=\"lazy\" decoding=\"async\" width=\"150\" height=\"150\" src=\"https:\/\/rodriguezgallery.com\/wp-content\/uploads\/2025\/07\/PLewandowski_Lightworkers_03-min-150x150.jpeg\" class=\"attachment-thumbnail size-thumbnail\" alt=\"\" \/><\/a>\n\t\t\t<\/div><\/figure><figure class='gallery-item'>\n\t\t\t<div class='gallery-icon landscape'>\n\t\t\t\t<a href='https:\/\/rodriguezgallery.com\/wp-content\/uploads\/2025\/07\/PLewandowski_Lightworkers_02-scaled.jpeg'><img loading=\"lazy\" decoding=\"async\" width=\"150\" height=\"150\" src=\"https:\/\/rodriguezgallery.com\/wp-content\/uploads\/2025\/07\/PLewandowski_Lightworkers_02-150x150.jpeg\" class=\"attachment-thumbnail size-thumbnail\" alt=\"\" \/><\/a>\n\t\t\t<\/div><\/figure><figure class='gallery-item'>\n\t\t\t<div class='gallery-icon landscape'>\n\t\t\t\t<a href='https:\/\/rodriguezgallery.com\/wp-content\/uploads\/2025\/07\/PLewandowski_Lightworkers_10-scaled.jpeg'><img loading=\"lazy\" decoding=\"async\" width=\"150\" height=\"150\" src=\"https:\/\/rodriguezgallery.com\/wp-content\/uploads\/2025\/07\/PLewandowski_Lightworkers_10-150x150.jpeg\" class=\"attachment-thumbnail size-thumbnail\" alt=\"\" \/><\/a>\n\t\t\t<\/div><\/figure>\n\t\t<\/div>\n<\/p>\n<\/div><\/div><\/div><\/div><\/div>","protected":false},"excerpt":{"rendered":"<p>Piotr Lewandowski Lightworkers 01-05.06.2025 Ci\u0119\u017cko jest opisa\u0107 bycie, a w szczeg\u00f3lno\u015bci bycie z kim\u015b. To co ukrywa si\u0119 w ciele, bywa nieuchwytne, cz\u0119sto zawiera si\u0119 w gestach, w czystej obecno\u015bci. <a class=\"moretag\" href=\"https:\/\/rodriguezgallery.com\/pl\/wystawa-dyplomowa-piotr-lewandowski\/\">Read More &#8230;<\/a><\/p>\n","protected":false},"author":1,"featured_media":0,"parent":0,"menu_order":0,"comment_status":"closed","ping_status":"closed","template":"full-width-page.php","meta":{"footnotes":""},"class_list":["post-7246","page","type-page","status-publish","hentry"],"_links":{"self":[{"href":"https:\/\/rodriguezgallery.com\/pl\/wp-json\/wp\/v2\/pages\/7246","targetHints":{"allow":["GET"]}}],"collection":[{"href":"https:\/\/rodriguezgallery.com\/pl\/wp-json\/wp\/v2\/pages"}],"about":[{"href":"https:\/\/rodriguezgallery.com\/pl\/wp-json\/wp\/v2\/types\/page"}],"author":[{"embeddable":true,"href":"https:\/\/rodriguezgallery.com\/pl\/wp-json\/wp\/v2\/users\/1"}],"replies":[{"embeddable":true,"href":"https:\/\/rodriguezgallery.com\/pl\/wp-json\/wp\/v2\/comments?post=7246"}],"version-history":[{"count":1,"href":"https:\/\/rodriguezgallery.com\/pl\/wp-json\/wp\/v2\/pages\/7246\/revisions"}],"predecessor-version":[{"id":7287,"href":"https:\/\/rodriguezgallery.com\/pl\/wp-json\/wp\/v2\/pages\/7246\/revisions\/7287"}],"wp:attachment":[{"href":"https:\/\/rodriguezgallery.com\/pl\/wp-json\/wp\/v2\/media?parent=7246"}],"curies":[{"name":"wp","href":"https:\/\/api.w.org\/{rel}","templated":true}]}}