{"id":7252,"date":"2025-07-28T17:16:06","date_gmt":"2025-07-28T15:16:06","guid":{"rendered":"https:\/\/rodriguezgallery.com\/?page_id=7252"},"modified":"2025-08-11T10:35:55","modified_gmt":"2025-08-11T08:35:55","slug":"wystawa-dyplomowa-hubert-krawczyk","status":"publish","type":"page","link":"https:\/\/rodriguezgallery.com\/pl\/wystawa-dyplomowa-hubert-krawczyk\/","title":{"rendered":"(English) Wystawa dyplomowa &#8211; Hubert Krawczyk"},"content":{"rendered":"<div id=\"pl-7252\"  class=\"panel-layout\" ><div id=\"pg-7252-0\"  class=\"panel-grid panel-no-style\" ><div id=\"pgc-7252-0-0\"  class=\"panel-grid-cell\" ><div id=\"panel-7252-0-0-0\" class=\"so-panel widget widget_black-studio-tinymce widget_black_studio_tinymce panel-first-child panel-last-child\" data-index=\"0\" ><div class=\"textwidget\"><h6><span class=\"\" style=\"display:block;clear:both;height: 0px;padding-top: 20px;border-top-width:0px;border-bottom-width:0px;\"><\/span><br \/>\n<strong>Hubert Krawczyk<\/strong><br \/>\n<em><span lang=\"PL\">KERAMOS LIMINAL<\/span><\/em><\/h6>\n<p>&nbsp;<\/p>\n<h6 style=\"font-weight: 400;\">Projekt to artystyczne badanie styku fotografii i rze\u017aby. W pracy ukazuj\u0119 fascynacj\u0119 ruchem i r\u00f3\u017cne sposoby jego zatrzymania za pomoc\u0105 tych medi\u00f3w, eksploruj\u0105c napi\u0119cia mi\u0119dzy momentem a trwaniem, p\u0142askim obrazem a tr\u00f3jwymiarowym obiektem oraz cyfrowym a analogowym zapisem. Glitch, zar\u00f3wno cyfrowy jak i materialny, staje si\u0119 narz\u0119dziem ekspresji i refleksji nad mo\u017cliwo\u015bci\u0105 przedstawienia ruchu, gdzie wa\u017cn\u0105 rol\u0119 odgrywa cielesno\u015b\u0107, fragmenty cia\u0142a staj\u0105 si\u0119 no\u015bnikami ruchu i pami\u0119ci materii. Prace staj\u0105 si\u0119 przestrzeni\u0105 eksperymentu, gdzie media spotykaj\u0105 si\u0119 i prowadz\u0105 dialog, tworz\u0105c now\u0105 jako\u015b\u0107 na granicy fotografii i rze\u017aby.<\/h6>\n<h6><span lang=\"PL\"><span style=\"font-weight: 400;\">Promotor<br \/>\ndr hab. Krzysztof J. Baranowski<br \/>\nWydzia\u0142 Fotografii UAP<\/span><\/span><\/h6>\n<p>&nbsp;<\/p>\n<h6><span lang=\"PL\">Projekt dofinansowany z bud\u017cetu Miasta Poznania<\/span><\/h6>\n<\/div><\/div><\/div><div id=\"pgc-7252-0-1\"  class=\"panel-grid-cell\" ><div id=\"panel-7252-0-1-0\" class=\"so-panel widget widget_black-studio-tinymce widget_black_studio_tinymce panel-first-child panel-last-child\" data-index=\"1\" ><div class=\"textwidget\"><p><span class=\"\" style=\"display:block;clear:both;height: 0px;padding-top: 20px;border-top-width:0px;border-bottom-width:0px;\"><\/span><\/p>\n<p><div id='gallery-1' class='gallery galleryid-7252 gallery-columns-2 gallery-size-thumbnail'><figure class='gallery-item'>\n\t\t\t<div class='gallery-icon landscape'>\n\t\t\t\t<a href='https:\/\/rodriguezgallery.com\/wp-content\/uploads\/2025\/07\/KERAMOS-LIMINAL-05-min-scaled.jpg'><img loading=\"lazy\" decoding=\"async\" width=\"150\" height=\"150\" src=\"https:\/\/rodriguezgallery.com\/wp-content\/uploads\/2025\/07\/KERAMOS-LIMINAL-05-min-150x150.jpg\" class=\"attachment-thumbnail size-thumbnail\" alt=\"\" \/><\/a>\n\t\t\t<\/div><\/figure><figure class='gallery-item'>\n\t\t\t<div class='gallery-icon landscape'>\n\t\t\t\t<a href='https:\/\/rodriguezgallery.com\/wp-content\/uploads\/2025\/07\/KERAMOS-LIMINAL-04-min-scaled.jpeg'><img loading=\"lazy\" decoding=\"async\" width=\"150\" height=\"150\" src=\"https:\/\/rodriguezgallery.com\/wp-content\/uploads\/2025\/07\/KERAMOS-LIMINAL-04-min-150x150.jpeg\" class=\"attachment-thumbnail size-thumbnail\" alt=\"\" \/><\/a>\n\t\t\t<\/div><\/figure><figure class='gallery-item'>\n\t\t\t<div class='gallery-icon landscape'>\n\t\t\t\t<a href='https:\/\/rodriguezgallery.com\/wp-content\/uploads\/2025\/07\/KERAMOS-LIMINAL-09-min-scaled.jpg'><img loading=\"lazy\" decoding=\"async\" width=\"150\" height=\"150\" src=\"https:\/\/rodriguezgallery.com\/wp-content\/uploads\/2025\/07\/KERAMOS-LIMINAL-09-min-150x150.jpg\" class=\"attachment-thumbnail size-thumbnail\" alt=\"\" \/><\/a>\n\t\t\t<\/div><\/figure><figure class='gallery-item'>\n\t\t\t<div class='gallery-icon landscape'>\n\t\t\t\t<a href='https:\/\/rodriguezgallery.com\/wp-content\/uploads\/2025\/07\/KERAMOS-LIMINAL-01-min-scaled.jpg'><img loading=\"lazy\" decoding=\"async\" width=\"150\" height=\"150\" src=\"https:\/\/rodriguezgallery.com\/wp-content\/uploads\/2025\/07\/KERAMOS-LIMINAL-01-min-150x150.jpg\" class=\"attachment-thumbnail size-thumbnail\" alt=\"\" \/><\/a>\n\t\t\t<\/div><\/figure>\n\t\t<\/div>\n<\/p>\n<p>&nbsp;<\/p>\n<p>&nbsp;<\/p>\n<\/div><\/div><\/div><\/div><\/div>","protected":false},"excerpt":{"rendered":"<p>Hubert Krawczyk KERAMOS LIMINAL &nbsp; Projekt to artystyczne badanie styku fotografii i rze\u017aby. W pracy ukazuj\u0119 fascynacj\u0119 ruchem i r\u00f3\u017cne sposoby jego zatrzymania za pomoc\u0105 tych medi\u00f3w, eksploruj\u0105c napi\u0119cia mi\u0119dzy <a class=\"moretag\" href=\"https:\/\/rodriguezgallery.com\/pl\/wystawa-dyplomowa-hubert-krawczyk\/\">Read More &#8230;<\/a><\/p>\n","protected":false},"author":1,"featured_media":0,"parent":0,"menu_order":0,"comment_status":"closed","ping_status":"closed","template":"full-width-page.php","meta":{"footnotes":""},"class_list":["post-7252","page","type-page","status-publish","hentry"],"_links":{"self":[{"href":"https:\/\/rodriguezgallery.com\/pl\/wp-json\/wp\/v2\/pages\/7252","targetHints":{"allow":["GET"]}}],"collection":[{"href":"https:\/\/rodriguezgallery.com\/pl\/wp-json\/wp\/v2\/pages"}],"about":[{"href":"https:\/\/rodriguezgallery.com\/pl\/wp-json\/wp\/v2\/types\/page"}],"author":[{"embeddable":true,"href":"https:\/\/rodriguezgallery.com\/pl\/wp-json\/wp\/v2\/users\/1"}],"replies":[{"embeddable":true,"href":"https:\/\/rodriguezgallery.com\/pl\/wp-json\/wp\/v2\/comments?post=7252"}],"version-history":[{"count":1,"href":"https:\/\/rodriguezgallery.com\/pl\/wp-json\/wp\/v2\/pages\/7252\/revisions"}],"predecessor-version":[{"id":7286,"href":"https:\/\/rodriguezgallery.com\/pl\/wp-json\/wp\/v2\/pages\/7252\/revisions\/7286"}],"wp:attachment":[{"href":"https:\/\/rodriguezgallery.com\/pl\/wp-json\/wp\/v2\/media?parent=7252"}],"curies":[{"name":"wp","href":"https:\/\/api.w.org\/{rel}","templated":true}]}}