{"id":7258,"date":"2025-07-28T17:26:54","date_gmt":"2025-07-28T15:26:54","guid":{"rendered":"https:\/\/rodriguezgallery.com\/?page_id=7258"},"modified":"2025-08-11T10:34:57","modified_gmt":"2025-08-11T08:34:57","slug":"wystawa-dyplomowa-jan-mioduchowski","status":"publish","type":"page","link":"https:\/\/rodriguezgallery.com\/pl\/wystawa-dyplomowa-jan-mioduchowski\/","title":{"rendered":"(English) Wystawa dyplomowa &#8211; Jan Mioduchowski"},"content":{"rendered":"<div id=\"pl-7258\"  class=\"panel-layout\" ><div id=\"pg-7258-0\"  class=\"panel-grid panel-no-style\" ><div id=\"pgc-7258-0-0\"  class=\"panel-grid-cell\" ><div id=\"panel-7258-0-0-0\" class=\"so-panel widget widget_black-studio-tinymce widget_black_studio_tinymce panel-first-child panel-last-child\" data-index=\"0\" ><div class=\"textwidget\"><h6><span class=\"\" style=\"display:block;clear:both;height: 0px;padding-top: 20px;border-top-width:0px;border-bottom-width:0px;\"><\/span><br \/>\n<strong>Jan Mioduchowski<\/strong><br \/>\n<em>Brudne oczu korytarze<br \/>\n<\/em>12-15.06.2025<\/h6>\n<h6>Rozp\u0119dzone my\u015bli jak rozmyty pejza\u017c za oknem przedzia\u0142u poci\u0105gowego. Poszukujesz w\u0142asnego miejsca, patrz\u0105c w dal. Odnajdujesz siebie w obrazie przemijaj\u0105cym wraz z ka\u017cdym u\u0142amkiem sekundy.<br \/>\nFormy naocznie pod\u0105\u017caj\u0105 do przodu. Synteza fal \u015bwiat\u0142a buduje obraz w tunelach. Codziennie oko utrwala czas, kt\u00f3rego odbicie odnajdujesz we wspomnieniach.<br \/>\nWielokrotna ekspozycja rzeczywisto\u015bci tworzy gruby od warstw zapis, mo\u017cliwy do interpretacji z wielu perspektyw. Pozorne spojrzenia, tworz\u0105 \u015blady kszta\u0142tuj\u0105ce ludzk\u0105 to\u017csamo\u015b\u0107.<br \/>\nPrzypadek stanowi najmniej przypadkowy element \u017cycia. Atlas wydarze\u0144 pe\u0142ni rol\u0119 zwierciad\u0142a - narz\u0119dzia maj\u0105cego na celu zrozumienie w\u0142asnej percepcji. Ka\u017cdy element niesie w sobie odr\u0119bne historie.<br \/>\nWszystko to jest cz\u0119\u015bci\u0105 wielkiego kola\u017cu, kt\u00f3rym jest niesko\u0144czono\u015b\u0107. Urodzony w chaosie, nigdy nie mo\u017cesz go do\u015bwiadczy\u0107...zaledwie spojrzysz, a tworzy si\u0119 porz\u0105dek.<\/h6>\n<h6>promotor: dr hab. S\u0142awomir Decyk<br \/>\nWydzia\u0142 Fotografii UAP<\/h6>\n<h6>Projekt dofinansowany z bud\u017cetu Miasta Poznania<\/h6>\n<\/div><\/div><\/div><div id=\"pgc-7258-0-1\"  class=\"panel-grid-cell\" ><div id=\"panel-7258-0-1-0\" class=\"so-panel widget widget_black-studio-tinymce widget_black_studio_tinymce panel-first-child panel-last-child\" data-index=\"1\" ><div class=\"textwidget\"><p><span class=\"\" style=\"display:block;clear:both;height: 0px;padding-top: 20px;border-top-width:0px;border-bottom-width:0px;\"><\/span><\/p>\n<p><div id='gallery-1' class='gallery galleryid-7258 gallery-columns-2 gallery-size-thumbnail'><figure class='gallery-item'>\n\t\t\t<div class='gallery-icon landscape'>\n\t\t\t\t<a href='https:\/\/rodriguezgallery.com\/wp-content\/uploads\/2025\/07\/DSC06665-min-scaled.jpg'><img loading=\"lazy\" decoding=\"async\" width=\"150\" height=\"150\" src=\"https:\/\/rodriguezgallery.com\/wp-content\/uploads\/2025\/07\/DSC06665-min-150x150.jpg\" class=\"attachment-thumbnail size-thumbnail\" alt=\"\" \/><\/a>\n\t\t\t<\/div><\/figure><figure class='gallery-item'>\n\t\t\t<div class='gallery-icon landscape'>\n\t\t\t\t<a href='https:\/\/rodriguezgallery.com\/wp-content\/uploads\/2025\/07\/DSC06697-min-scaled.jpg'><img loading=\"lazy\" decoding=\"async\" width=\"150\" height=\"150\" src=\"https:\/\/rodriguezgallery.com\/wp-content\/uploads\/2025\/07\/DSC06697-min-150x150.jpg\" class=\"attachment-thumbnail size-thumbnail\" alt=\"\" \/><\/a>\n\t\t\t<\/div><\/figure><figure class='gallery-item'>\n\t\t\t<div class='gallery-icon landscape'>\n\t\t\t\t<a href='https:\/\/rodriguezgallery.com\/wp-content\/uploads\/2025\/07\/DSC06703-min-scaled.jpg'><img loading=\"lazy\" decoding=\"async\" width=\"150\" height=\"150\" src=\"https:\/\/rodriguezgallery.com\/wp-content\/uploads\/2025\/07\/DSC06703-min-150x150.jpg\" class=\"attachment-thumbnail size-thumbnail\" alt=\"\" \/><\/a>\n\t\t\t<\/div><\/figure><figure class='gallery-item'>\n\t\t\t<div class='gallery-icon landscape'>\n\t\t\t\t<a href='https:\/\/rodriguezgallery.com\/wp-content\/uploads\/2025\/07\/DSC06819-min-scaled.jpg'><img loading=\"lazy\" decoding=\"async\" width=\"150\" height=\"150\" src=\"https:\/\/rodriguezgallery.com\/wp-content\/uploads\/2025\/07\/DSC06819-min-150x150.jpg\" class=\"attachment-thumbnail size-thumbnail\" alt=\"\" \/><\/a>\n\t\t\t<\/div><\/figure>\n\t\t<\/div>\n<\/p>\n<\/div><\/div><\/div><\/div><\/div>","protected":false},"excerpt":{"rendered":"<p>Jan Mioduchowski Brudne oczu korytarze 12-15.06.2025 Rozp\u0119dzone my\u015bli jak rozmyty pejza\u017c za oknem przedzia\u0142u poci\u0105gowego. Poszukujesz w\u0142asnego miejsca, patrz\u0105c w dal. Odnajdujesz siebie w obrazie przemijaj\u0105cym wraz z ka\u017cdym u\u0142amkiem <a class=\"moretag\" href=\"https:\/\/rodriguezgallery.com\/pl\/wystawa-dyplomowa-jan-mioduchowski\/\">Read More &#8230;<\/a><\/p>\n","protected":false},"author":1,"featured_media":0,"parent":0,"menu_order":0,"comment_status":"closed","ping_status":"closed","template":"full-width-page.php","meta":{"footnotes":""},"class_list":["post-7258","page","type-page","status-publish","hentry"],"_links":{"self":[{"href":"https:\/\/rodriguezgallery.com\/pl\/wp-json\/wp\/v2\/pages\/7258","targetHints":{"allow":["GET"]}}],"collection":[{"href":"https:\/\/rodriguezgallery.com\/pl\/wp-json\/wp\/v2\/pages"}],"about":[{"href":"https:\/\/rodriguezgallery.com\/pl\/wp-json\/wp\/v2\/types\/page"}],"author":[{"embeddable":true,"href":"https:\/\/rodriguezgallery.com\/pl\/wp-json\/wp\/v2\/users\/1"}],"replies":[{"embeddable":true,"href":"https:\/\/rodriguezgallery.com\/pl\/wp-json\/wp\/v2\/comments?post=7258"}],"version-history":[{"count":1,"href":"https:\/\/rodriguezgallery.com\/pl\/wp-json\/wp\/v2\/pages\/7258\/revisions"}],"predecessor-version":[{"id":7285,"href":"https:\/\/rodriguezgallery.com\/pl\/wp-json\/wp\/v2\/pages\/7258\/revisions\/7285"}],"wp:attachment":[{"href":"https:\/\/rodriguezgallery.com\/pl\/wp-json\/wp\/v2\/media?parent=7258"}],"curies":[{"name":"wp","href":"https:\/\/api.w.org\/{rel}","templated":true}]}}