{"id":7264,"date":"2025-07-28T17:35:48","date_gmt":"2025-07-28T15:35:48","guid":{"rendered":"https:\/\/rodriguezgallery.com\/?page_id=7264"},"modified":"2025-08-11T10:31:59","modified_gmt":"2025-08-11T08:31:59","slug":"wystawa-dyplomowa-jakub-zwirello","status":"publish","type":"page","link":"https:\/\/rodriguezgallery.com\/pl\/wystawa-dyplomowa-jakub-zwirello\/","title":{"rendered":"(English) Wystawa Dyplomowa &#8211; Jakub \u017bwire\u0142\u0142o"},"content":{"rendered":"<div id=\"pl-7264\"  class=\"panel-layout\" ><div id=\"pg-7264-0\"  class=\"panel-grid panel-no-style\" ><div id=\"pgc-7264-0-0\"  class=\"panel-grid-cell\" ><div id=\"panel-7264-0-0-0\" class=\"so-panel widget widget_black-studio-tinymce widget_black_studio_tinymce panel-first-child panel-last-child\" data-index=\"0\" ><div class=\"textwidget\"><h6><span class=\"\" style=\"display:block;clear:both;height: 0px;padding-top: 20px;border-top-width:0px;border-bottom-width:0px;\"><\/span><br \/>\n<strong>Jakub \u017bwire\u0142\u0142o<\/strong><br \/>\n<em>Leave them all behind \/ Za sob\u0105 tylko \u015blady<\/em><br \/>\n16-20.06.2025<\/h6>\n<h6>Wystawa przygl\u0105da si\u0119 motoryzacji jako przestrzeni formowania pami\u0119ci i cia\u0142a \u2014 nie jako symbolowi post\u0119pu, ale jako no\u015bnikowi zu\u017cycia, zm\u0119czenia i napi\u0119cia.<br \/>\nTo, co techniczne \u2014 paliwo, plastik, ochrona \u2014 styka si\u0119 z tym, co emocjonalne i spo\u0142eczne: klasowo\u015bci\u0105, dost\u0119pem, pragnieniem ruchu.<br \/>\nTo opowie\u015b\u0107 o energii, kt\u00f3ra nie znika, ale zmienia stan. O przedmiotach, kt\u00f3re co\u015b przesz\u0142y i dzi\u015b funkcjonuj\u0105 jako \u015blady.<br \/>\nSamoch\u00f3d nie jest tu celem, lecz narz\u0119dziem \u2014 punktem wej\u015bcia w relacj\u0119 mi\u0119dzy tym, co prywatne, a tym, co systemowe.<br \/>\nTo opowie\u015b\u0107 o infrastrukturze emocjonalnej, kt\u00f3ra zostaje w materii \u2014 nawet po tym, jak wszystko ju\u017c si\u0119 zatrzyma\u0142o.<\/h6>\n<h6><span class=\"s2\">\u2217\u2217\u2217<\/span><\/h6>\n<h6>\u201eW mie\u015bcie nie ma wi\u0119kszego, bezpo\u015bredniego zagro\u017cenia dla \u017cycia ni\u017c wypadek komunikacyjny.<br \/>\nPo obu stronach takiego zdarzenia stoj\u0105 cz\u0119sto zwierz\u0119ta tego samego gatunku.<br \/>\nPe\u0142ni\u0105 dla siebie wzajemnie zar\u00f3wno rol\u0119 ofiary, jak i napastnika.<br \/>\nSame dla siebie s\u0105 pastuchem i dojark\u0105 \u2014 to tak, jakby \u0142a\u0144cuch pokarmowy pl\u0105ta\u0142 si\u0119 u swojego ko\u0144ca.\u201d<\/h6>\n<h6>Fragment tekstu do wystawy Filipa Po\u0142anieckiego<\/h6>\n<h6>Promotor: prof. Piotr Kurka<br \/>\nKonsultacje: dr Daniel Koniusz<br \/>\nWydzia\u0142 Animacji i Intermedi\u00f3w UAP<\/h6>\n<h6>Projekt dofinansowany z bud\u017cetu Miasta Poznania<\/h6>\n<\/div><\/div><\/div><div id=\"pgc-7264-0-1\"  class=\"panel-grid-cell\" ><div id=\"panel-7264-0-1-0\" class=\"so-panel widget widget_black-studio-tinymce widget_black_studio_tinymce panel-first-child panel-last-child\" data-index=\"1\" ><div class=\"textwidget\"><p><span class=\"\" style=\"display:block;clear:both;height: 0px;padding-top: 20px;border-top-width:0px;border-bottom-width:0px;\"><\/span><\/p>\n<p><div id='gallery-1' class='gallery galleryid-7264 gallery-columns-2 gallery-size-thumbnail'><figure class='gallery-item'>\n\t\t\t<div class='gallery-icon landscape'>\n\t\t\t\t<a href='https:\/\/rodriguezgallery.com\/wp-content\/uploads\/2025\/07\/Leave-them-all-behind-exhibition-view-2.jpg'><img loading=\"lazy\" decoding=\"async\" width=\"150\" height=\"150\" src=\"https:\/\/rodriguezgallery.com\/wp-content\/uploads\/2025\/07\/Leave-them-all-behind-exhibition-view-2-150x150.jpg\" class=\"attachment-thumbnail size-thumbnail\" alt=\"\" \/><\/a>\n\t\t\t<\/div><\/figure><figure class='gallery-item'>\n\t\t\t<div class='gallery-icon landscape'>\n\t\t\t\t<a href='https:\/\/rodriguezgallery.com\/wp-content\/uploads\/2025\/07\/Leave-them-all-behind-exhibition-view-3.jpg'><img loading=\"lazy\" decoding=\"async\" width=\"150\" height=\"150\" src=\"https:\/\/rodriguezgallery.com\/wp-content\/uploads\/2025\/07\/Leave-them-all-behind-exhibition-view-3-150x150.jpg\" class=\"attachment-thumbnail size-thumbnail\" alt=\"\" \/><\/a>\n\t\t\t<\/div><\/figure><figure class='gallery-item'>\n\t\t\t<div class='gallery-icon landscape'>\n\t\t\t\t<a href='https:\/\/rodriguezgallery.com\/wp-content\/uploads\/2025\/07\/Fot.-Filip-Polaniecki.jpg'><img loading=\"lazy\" decoding=\"async\" width=\"150\" height=\"150\" src=\"https:\/\/rodriguezgallery.com\/wp-content\/uploads\/2025\/07\/Fot.-Filip-Polaniecki-150x150.jpg\" class=\"attachment-thumbnail size-thumbnail\" alt=\"\" \/><\/a>\n\t\t\t<\/div><\/figure><figure class='gallery-item'>\n\t\t\t<div class='gallery-icon portrait'>\n\t\t\t\t<a href='https:\/\/rodriguezgallery.com\/wp-content\/uploads\/2025\/07\/Nothing-Keeps.jpg'><img loading=\"lazy\" decoding=\"async\" width=\"150\" height=\"150\" src=\"https:\/\/rodriguezgallery.com\/wp-content\/uploads\/2025\/07\/Nothing-Keeps-150x150.jpg\" class=\"attachment-thumbnail size-thumbnail\" alt=\"\" \/><\/a>\n\t\t\t<\/div><\/figure><figure class='gallery-item'>\n\t\t\t<div class='gallery-icon landscape'>\n\t\t\t\t<a href='https:\/\/rodriguezgallery.com\/wp-content\/uploads\/2025\/07\/Leave-them-all-behind-exhibition-view-1.jpg'><img loading=\"lazy\" decoding=\"async\" width=\"150\" height=\"150\" src=\"https:\/\/rodriguezgallery.com\/wp-content\/uploads\/2025\/07\/Leave-them-all-behind-exhibition-view-1-150x150.jpg\" class=\"attachment-thumbnail size-thumbnail\" alt=\"\" \/><\/a>\n\t\t\t<\/div><\/figure>\n\t\t<\/div>\n<\/p>\n<\/div><\/div><\/div><\/div><\/div>","protected":false},"excerpt":{"rendered":"<p>Jakub \u017bwire\u0142\u0142o Leave them all behind \/ Za sob\u0105 tylko \u015blady 16-20.06.2025 Wystawa przygl\u0105da si\u0119 motoryzacji jako przestrzeni formowania pami\u0119ci i cia\u0142a \u2014 nie jako symbolowi post\u0119pu, ale jako no\u015bnikowi <a class=\"moretag\" href=\"https:\/\/rodriguezgallery.com\/pl\/wystawa-dyplomowa-jakub-zwirello\/\">Read More &#8230;<\/a><\/p>\n","protected":false},"author":1,"featured_media":0,"parent":0,"menu_order":0,"comment_status":"closed","ping_status":"closed","template":"full-width-page.php","meta":{"footnotes":""},"class_list":["post-7264","page","type-page","status-publish","hentry"],"_links":{"self":[{"href":"https:\/\/rodriguezgallery.com\/pl\/wp-json\/wp\/v2\/pages\/7264","targetHints":{"allow":["GET"]}}],"collection":[{"href":"https:\/\/rodriguezgallery.com\/pl\/wp-json\/wp\/v2\/pages"}],"about":[{"href":"https:\/\/rodriguezgallery.com\/pl\/wp-json\/wp\/v2\/types\/page"}],"author":[{"embeddable":true,"href":"https:\/\/rodriguezgallery.com\/pl\/wp-json\/wp\/v2\/users\/1"}],"replies":[{"embeddable":true,"href":"https:\/\/rodriguezgallery.com\/pl\/wp-json\/wp\/v2\/comments?post=7264"}],"version-history":[{"count":1,"href":"https:\/\/rodriguezgallery.com\/pl\/wp-json\/wp\/v2\/pages\/7264\/revisions"}],"predecessor-version":[{"id":7284,"href":"https:\/\/rodriguezgallery.com\/pl\/wp-json\/wp\/v2\/pages\/7264\/revisions\/7284"}],"wp:attachment":[{"href":"https:\/\/rodriguezgallery.com\/pl\/wp-json\/wp\/v2\/media?parent=7264"}],"curies":[{"name":"wp","href":"https:\/\/api.w.org\/{rel}","templated":true}]}}