{"id":7271,"date":"2025-07-28T17:48:11","date_gmt":"2025-07-28T15:48:11","guid":{"rendered":"https:\/\/rodriguezgallery.com\/?page_id=7271"},"modified":"2025-08-11T10:27:55","modified_gmt":"2025-08-11T08:27:55","slug":"wystawa-dyplomowa-monika-czyzniewska","status":"publish","type":"page","link":"https:\/\/rodriguezgallery.com\/pl\/wystawa-dyplomowa-monika-czyzniewska\/","title":{"rendered":"(English) Wystawa dyplomowa &#8211; Monika Czy\u017cniewska"},"content":{"rendered":"<div id=\"pl-7271\"  class=\"panel-layout\" ><div id=\"pg-7271-0\"  class=\"panel-grid panel-no-style\" ><div id=\"pgc-7271-0-0\"  class=\"panel-grid-cell\" ><div id=\"panel-7271-0-0-0\" class=\"so-panel widget widget_black-studio-tinymce widget_black_studio_tinymce panel-first-child panel-last-child\" data-index=\"0\" ><div class=\"textwidget\"><h6><span class=\"\" style=\"display:block;clear:both;height: 0px;padding-top: 20px;border-top-width:0px;border-bottom-width:0px;\"><\/span><br \/>\n<em>Tales of refusal\/Opowiastki niesforne<br \/>\n<\/em><strong>Kuratorka: Monika Czy\u017cniewska<br \/>\n<\/strong>Osoby artystyczne : Tamara Olga Briks, Alicja Cybertowicz, Piotr Jakubik, Daniel Kotowski, Helena Minginowicz, Mrozia 11, Piotr Lewandowski<br \/>\n24-30.06.2025<\/h6>\n<h6>Wystawa Niesforne opowiastki snuje si\u0119 przez reprezentacje dotyku, spojrze\u0144, gest\u00f3w \u2013 przez to, co trudno opisa\u0107 s\u0142owami. Cia\u0142a, kt\u00f3re cz\u0119sto s\u0105 marginalizowane w przestrzeni wystawienniczej nie tylko s\u0105 medium artystycznej ekspresji, stanowi\u0105c temat przedstawie\u0144, ale zapraszaj\u0105 do wsp\u00f3\u0142czuwania w galerii. Ich pozorna niesforno\u015b\u0107 to \u017caden kulturowy i obyczajowy defekt, lecz nawo\u0142ywanie do wielozmys\u0142owego bycia i wzajemnego odczuwania \u2013 siebie, przestrzeni, sztuki.<br \/>\nZebrane dzie\u0142a prezentuj\u0105 cielesny sprzeciw wobec spo\u0142ecznych norm, kt\u00f3re wykluczaj\u0105 inno\u015b\u0107 i emocjonalne tabu. Tutaj, cia\u0142a nie musz\u0105 si\u0119 t\u0142umaczy\u0107 ze swoich do\u015bwiadcze\u0144, a zamiast tego zaczynaj\u0105 tworzy\u0107 now\u0105, w\u0142asn\u0105 opowie\u015b\u0107. Mog\u0105 w ko\u0144cu wybrzmie\u0107.<\/h6>\n<h6>Wystawa stara si\u0119 zakwestionowa\u0107 dominuj\u0105cy model odbioru sztuki, otwieraj\u0105c odwiedzaj\u0105cych na rozmaite bod\u017ace zmys\u0142owe, oferuj\u0105c zapachy, d\u017awi\u0119ki i pomoce dotykowe.<\/h6>\n<h6>Wystawa dyplomowa realizowana na Kuratorstwie i Teorii Sztuki Uniwersytetu<br \/>\nArtystycznego im. Magdaleny Abakanowicz w Poznaniu pod opiek\u0105 prof. dra hab.<br \/>\nMarty Smoli\u0144skiej.<\/h6>\n<h6>Identyfikacja wizualna: Natasza Bosiacka<br \/>\nFot. Piotr Lewandowski<\/h6>\n<h6>Projekt dofinansowany z bud\u017cetu Miasta Poznania<\/h6>\n<\/div><\/div><\/div><div id=\"pgc-7271-0-1\"  class=\"panel-grid-cell\" ><div id=\"panel-7271-0-1-0\" class=\"so-panel widget widget_black-studio-tinymce widget_black_studio_tinymce panel-first-child panel-last-child\" data-index=\"1\" ><div class=\"textwidget\"><p><span class=\"\" style=\"display:block;clear:both;height: 0px;padding-top: 20px;border-top-width:0px;border-bottom-width:0px;\"><\/span><\/p>\n<p><div id='gallery-1' class='gallery galleryid-7271 gallery-columns-2 gallery-size-thumbnail'><figure class='gallery-item'>\n\t\t\t<div class='gallery-icon landscape'>\n\t\t\t\t<a href='https:\/\/rodriguezgallery.com\/wp-content\/uploads\/2025\/07\/TalesOfRefusal_Docu_-1-Fot.-Piotr-Lewandowski-min-scaled.jpg'><img loading=\"lazy\" decoding=\"async\" width=\"150\" height=\"150\" src=\"https:\/\/rodriguezgallery.com\/wp-content\/uploads\/2025\/07\/TalesOfRefusal_Docu_-1-Fot.-Piotr-Lewandowski-min-150x150.jpg\" class=\"attachment-thumbnail size-thumbnail\" alt=\"\" \/><\/a>\n\t\t\t<\/div><\/figure><figure class='gallery-item'>\n\t\t\t<div class='gallery-icon landscape'>\n\t\t\t\t<a href='https:\/\/rodriguezgallery.com\/wp-content\/uploads\/2025\/07\/TalesOfRefusal_Docu_-6-min-scaled.jpg'><img loading=\"lazy\" decoding=\"async\" width=\"150\" height=\"150\" src=\"https:\/\/rodriguezgallery.com\/wp-content\/uploads\/2025\/07\/TalesOfRefusal_Docu_-6-min-150x150.jpg\" class=\"attachment-thumbnail size-thumbnail\" alt=\"\" \/><\/a>\n\t\t\t<\/div><\/figure><figure class='gallery-item'>\n\t\t\t<div class='gallery-icon landscape'>\n\t\t\t\t<a href='https:\/\/rodriguezgallery.com\/wp-content\/uploads\/2025\/07\/TalesOfRefusal_Docu_-10-min-scaled.jpg'><img loading=\"lazy\" decoding=\"async\" width=\"150\" height=\"150\" src=\"https:\/\/rodriguezgallery.com\/wp-content\/uploads\/2025\/07\/TalesOfRefusal_Docu_-10-min-150x150.jpg\" class=\"attachment-thumbnail size-thumbnail\" alt=\"\" \/><\/a>\n\t\t\t<\/div><\/figure><figure class='gallery-item'>\n\t\t\t<div class='gallery-icon landscape'>\n\t\t\t\t<a href='https:\/\/rodriguezgallery.com\/wp-content\/uploads\/2025\/07\/TalesOfRefusal_Docu_-11-min-scaled.jpg'><img loading=\"lazy\" decoding=\"async\" width=\"150\" height=\"150\" src=\"https:\/\/rodriguezgallery.com\/wp-content\/uploads\/2025\/07\/TalesOfRefusal_Docu_-11-min-150x150.jpg\" class=\"attachment-thumbnail size-thumbnail\" alt=\"\" \/><\/a>\n\t\t\t<\/div><\/figure>\n\t\t<\/div>\n<\/p>\n<\/div><\/div><\/div><\/div><\/div>","protected":false},"excerpt":{"rendered":"<p>Tales of refusal\/Opowiastki niesforne Kuratorka: Monika Czy\u017cniewska Osoby artystyczne : Tamara Olga Briks, Alicja Cybertowicz, Piotr Jakubik, Daniel Kotowski, Helena Minginowicz, Mrozia 11, Piotr Lewandowski 24-30.06.2025 Wystawa Niesforne opowiastki snuje <a class=\"moretag\" href=\"https:\/\/rodriguezgallery.com\/pl\/wystawa-dyplomowa-monika-czyzniewska\/\">Read More &#8230;<\/a><\/p>\n","protected":false},"author":1,"featured_media":0,"parent":0,"menu_order":0,"comment_status":"closed","ping_status":"closed","template":"full-width-page.php","meta":{"footnotes":""},"class_list":["post-7271","page","type-page","status-publish","hentry"],"_links":{"self":[{"href":"https:\/\/rodriguezgallery.com\/pl\/wp-json\/wp\/v2\/pages\/7271","targetHints":{"allow":["GET"]}}],"collection":[{"href":"https:\/\/rodriguezgallery.com\/pl\/wp-json\/wp\/v2\/pages"}],"about":[{"href":"https:\/\/rodriguezgallery.com\/pl\/wp-json\/wp\/v2\/types\/page"}],"author":[{"embeddable":true,"href":"https:\/\/rodriguezgallery.com\/pl\/wp-json\/wp\/v2\/users\/1"}],"replies":[{"embeddable":true,"href":"https:\/\/rodriguezgallery.com\/pl\/wp-json\/wp\/v2\/comments?post=7271"}],"version-history":[{"count":1,"href":"https:\/\/rodriguezgallery.com\/pl\/wp-json\/wp\/v2\/pages\/7271\/revisions"}],"predecessor-version":[{"id":7283,"href":"https:\/\/rodriguezgallery.com\/pl\/wp-json\/wp\/v2\/pages\/7271\/revisions\/7283"}],"wp:attachment":[{"href":"https:\/\/rodriguezgallery.com\/pl\/wp-json\/wp\/v2\/media?parent=7271"}],"curies":[{"name":"wp","href":"https:\/\/api.w.org\/{rel}","templated":true}]}}