{"id":7294,"date":"2025-09-04T17:05:19","date_gmt":"2025-09-04T15:05:19","guid":{"rendered":"https:\/\/rodriguezgallery.com\/?page_id=7294"},"modified":"2025-10-02T10:57:39","modified_gmt":"2025-10-02T08:57:39","slug":"adolfo-bimer-life-between","status":"publish","type":"page","link":"https:\/\/rodriguezgallery.com\/pl\/adolfo-bimer-life-between\/","title":{"rendered":"(English) Adolfo Bimer &#8211; Life Between"},"content":{"rendered":"<div id=\"pl-7294\"  class=\"panel-layout\" ><div id=\"pg-7294-0\"  class=\"panel-grid panel-no-style\" ><div id=\"pgc-7294-0-0\"  class=\"panel-grid-cell\" ><div id=\"panel-7294-0-0-0\" class=\"so-panel widget widget_black-studio-tinymce widget_black_studio_tinymce panel-first-child panel-last-child\" data-index=\"0\" ><div class=\"textwidget\"><h6><span class=\"\" style=\"display:block;clear:both;height: 0px;padding-top: 20px;border-top-width:0px;border-bottom-width:0px;\"><\/span><br \/>\n<strong>Adolfo Bimer<\/strong><br \/>\n<em>Life Between<\/em><br \/>\n12.09 - 11.10.2025<\/h6>\n<h6>Rodriguez Foundation zmienia si\u0119 w swoist\u0105 poczekalni\u0119. Tu czas si\u0119 rozmywa, a przestrze\u0144 wci\u0105ga, tworz\u0105c miejsce na refleksj\u0119, kt\u00f3ra mo\u017ce dotyka\u0107 bardzo g\u0142\u0119boko.<\/h6>\n<h6>Wystawa Adolfo Bimera jest niezwykle osobista .Wieloletnie do\u015bwiadczenia zwi\u0105zane z towarzyszeniem chorej matce w instytucjach medycznych uczyni\u0142y z takich miejsc codzienno\u015b\u0107 i naturalny punkt wyj\u015bcia do tworzenia sztuki, kt\u00f3ra pozwala oswoi\u0107 rzeczywisto\u015b\u0107.Osobisty wymiar wystawy mo\u017ce sta\u0107 si\u0119 r\u00f3wnie\u017c naszym do\u015bwiadczeniem. Z pozoru sterylna przestrze\u0144 kusi swoj\u0105 zagadkowo\u015bci\u0105, a poszczeg\u00f3lne prace umo\u017cliwiaj\u0105 cia\u0142u odnalezienie si\u0119 w niej i odkrycie w\u0142asnej cielesno\u015bci. Rozci\u0105gni\u0119ta woko\u0142o por\u0119cz daje metaforyczne i fizyczne oparcie, prowadz\u0105c w g\u0142\u0105b\u2013 a poczekalniane krzese\u0142ka pozwalaj\u0105 na poczucie zlewania i stapiania si\u0119 z cia\u0142em. Zmys\u0142y odnajduj\u0105 znane faktury i materia\u0142y \u2013 fizyczne, bliskie, intymne.<\/p>\n<p>Blisko\u015b\u0107 t\u0119 odczuwa\u0107 mo\u017cemy wielowymiarowo \u2013 zar\u00f3wno w warstwie estetyki, jak i materii. J\u0119zyk wizualny Bimera wykorzystuj\u0105cy obrazy ze \u015bwiata nauki i mikrobiologii, na pierwszy rzut oka mo\u017ce wydawa\u0107 si\u0119 abstrakcyjny. Obrazy medyczne s\u0105 trudne do odczytania, budz\u0105 poczucie odrealnienia, obco\u015bci i dehumanizacji, a przecie\u017c w rzeczywisto\u015bci stanowi\u0105 g\u0142\u0119boko osobisty portret ludzkiego organizmu. W krzes\u0142ach, zatytu\u0142owanych <em>Employed Time (Czas po\u015bwi\u0119cony)<\/em> niczym w zdj\u0119ciach rentgenowskich, odczytujemy kszta\u0142ty szkieletu, w mikro i makro skali, a jednocze\u015bnie staj\u0105 si\u0119 one przed\u0142u\u017ceniem naszego cia\u0142a, przyjmuj\u0105c je i podtrzymuj\u0105c. Z\u0142o\u017cona z element\u00f3w przypominaj\u0105cych szkie\u0142ka laboratoryjne, pokrytych tabletkami i minera\u0142ami naturalnie obecnymi w ciele, praca <em>Kwiecie\u0144<\/em> wr\u0119cz nasycona jest \u017cyciem w jego biologicznym wymiarze. Przezroczysta por\u0119cz <em>Lifespan (Czas \u017cycia)<\/em> wype\u0142niona mieszank\u0105 medykament\u00f3w, witamin, nawoz\u00f3w, pestycyd\u00f3w, mikro plastiku i innych sypkich substancji staje si\u0119 przekrojem odpad\u00f3w naszej cywilizacji \u2013 geologicznym \u015bwiadectwem kultury.<\/p>\n<p>Czas na wystawie jest niemal tak namacalny jak sama materia. Traci granice, rozlewa si\u0119, przekracza typowe ramy kalendarza. W tym \u015bwiecie do\u015bwiadczenie zawieszenia i oczekiwania splata si\u0119 z jego up\u0142ywem, z przemijaniem. Rytm ten przerywaj\u0105 prace malarskie ,kt\u00f3re przywo\u0142uj\u0105 pocz\u0105tek, \u017ar\u00f3d\u0142o, narodziny \u2013 powstaj\u0105ce w dialogu z artyst\u0105, kt\u00f3ry inicjuje proces, lecz pozwala materii samej kszta\u0142towa\u0107 swoj\u0105 form\u0119. Czas zawisa wi\u0119c pomi\u0119dzy pocz\u0105tkiem a ko\u0144cem, powstawaniem materii i jej zanikiem, \u017cyciem i krucho\u015bci\u0105 tego, co nie mo\u017ce oprze\u0107 si\u0119 zu\u017cyciu.<\/p>\n<p>Wystawa Adolfo Bimera pozostawia nas z poczuciem g\u0142\u0119bokiego uczestnictwa \u2013 nie tylko obserwujemy prace,<br \/>\nale stajemy si\u0119 cz\u0119\u015bci\u0105 przestrzeni, w kt\u00f3rej materi\u0119 i czas odczuwamy fizycznie. To do\u015bwiadczenie subtelne,<br \/>\nintymne i wielowymiarowe, sk\u0142aniaj\u0105ce do refleksji nad tym, jak kruche jest \u017cycie, oraz jak codzienno\u015b\u0107 i osobiste<br \/>\nhistorie przenikaj\u0105 nasz\u0105 percepcj\u0119 \u015bwiata. W tej wystawie ka\u017cdy detal jest zaproszeniem do zatrzymania si\u0119<br \/>\ni do wnikni\u0119cia w moment \u201cpomi\u0119dzy\u201d.<\/h6>\n<h6><\/h6>\n<h6>Projekt dofinansowany z bud\u017cetu Miasta Poznania<\/h6>\n<\/div><\/div><\/div><div id=\"pgc-7294-0-1\"  class=\"panel-grid-cell\" ><div id=\"panel-7294-0-1-0\" class=\"so-panel widget widget_black-studio-tinymce widget_black_studio_tinymce panel-first-child panel-last-child\" data-index=\"1\" ><div class=\"textwidget\"><p><span class=\"\" style=\"display:block;clear:both;height: 0px;padding-top: 20px;border-top-width:0px;border-bottom-width:0px;\"><\/span><\/p>\n<p><div id='gallery-1' class='gallery galleryid-7294 gallery-columns-4 gallery-size-thumbnail'><figure class='gallery-item'>\n\t\t\t<div class='gallery-icon landscape'>\n\t\t\t\t<a href='https:\/\/rodriguezgallery.com\/wp-content\/uploads\/2025\/10\/DSC03834-scaled.jpg'><img loading=\"lazy\" decoding=\"async\" width=\"150\" height=\"150\" src=\"https:\/\/rodriguezgallery.com\/wp-content\/uploads\/2025\/10\/DSC03834-150x150.jpg\" class=\"attachment-thumbnail size-thumbnail\" alt=\"\" \/><\/a>\n\t\t\t<\/div><\/figure><figure class='gallery-item'>\n\t\t\t<div class='gallery-icon portrait'>\n\t\t\t\t<a href='https:\/\/rodriguezgallery.com\/wp-content\/uploads\/2025\/10\/DSC03838-scaled.jpg'><img loading=\"lazy\" decoding=\"async\" width=\"150\" height=\"150\" src=\"https:\/\/rodriguezgallery.com\/wp-content\/uploads\/2025\/10\/DSC03838-150x150.jpg\" class=\"attachment-thumbnail size-thumbnail\" alt=\"\" \/><\/a>\n\t\t\t<\/div><\/figure><figure class='gallery-item'>\n\t\t\t<div class='gallery-icon landscape'>\n\t\t\t\t<a href='https:\/\/rodriguezgallery.com\/wp-content\/uploads\/2025\/10\/DSC03916-scaled.jpg'><img loading=\"lazy\" decoding=\"async\" width=\"150\" height=\"150\" src=\"https:\/\/rodriguezgallery.com\/wp-content\/uploads\/2025\/10\/DSC03916-150x150.jpg\" class=\"attachment-thumbnail size-thumbnail\" alt=\"\" \/><\/a>\n\t\t\t<\/div><\/figure><figure class='gallery-item'>\n\t\t\t<div class='gallery-icon landscape'>\n\t\t\t\t<a href='https:\/\/rodriguezgallery.com\/wp-content\/uploads\/2025\/10\/DSC03735-scaled.jpg'><img loading=\"lazy\" decoding=\"async\" width=\"150\" height=\"150\" src=\"https:\/\/rodriguezgallery.com\/wp-content\/uploads\/2025\/10\/DSC03735-150x150.jpg\" class=\"attachment-thumbnail size-thumbnail\" alt=\"\" \/><\/a>\n\t\t\t<\/div><\/figure><figure class='gallery-item'>\n\t\t\t<div class='gallery-icon landscape'>\n\t\t\t\t<a href='https:\/\/rodriguezgallery.com\/wp-content\/uploads\/2025\/10\/DSC03760-scaled.jpg'><img loading=\"lazy\" decoding=\"async\" width=\"150\" height=\"150\" src=\"https:\/\/rodriguezgallery.com\/wp-content\/uploads\/2025\/10\/DSC03760-150x150.jpg\" class=\"attachment-thumbnail size-thumbnail\" alt=\"\" \/><\/a>\n\t\t\t<\/div><\/figure><figure class='gallery-item'>\n\t\t\t<div class='gallery-icon landscape'>\n\t\t\t\t<a href='https:\/\/rodriguezgallery.com\/wp-content\/uploads\/2025\/10\/DSC03825-scaled.jpg'><img loading=\"lazy\" decoding=\"async\" width=\"150\" height=\"150\" src=\"https:\/\/rodriguezgallery.com\/wp-content\/uploads\/2025\/10\/DSC03825-150x150.jpg\" class=\"attachment-thumbnail size-thumbnail\" alt=\"\" \/><\/a>\n\t\t\t<\/div><\/figure><figure class='gallery-item'>\n\t\t\t<div class='gallery-icon landscape'>\n\t\t\t\t<a href='https:\/\/rodriguezgallery.com\/wp-content\/uploads\/2025\/10\/DSC03907-scaled.jpg'><img loading=\"lazy\" decoding=\"async\" width=\"150\" height=\"150\" src=\"https:\/\/rodriguezgallery.com\/wp-content\/uploads\/2025\/10\/DSC03907-150x150.jpg\" class=\"attachment-thumbnail size-thumbnail\" alt=\"\" \/><\/a>\n\t\t\t<\/div><\/figure><figure class='gallery-item'>\n\t\t\t<div class='gallery-icon landscape'>\n\t\t\t\t<a href='https:\/\/rodriguezgallery.com\/wp-content\/uploads\/2025\/10\/DSC03807-Edit-scaled.jpg'><img loading=\"lazy\" decoding=\"async\" width=\"150\" height=\"150\" src=\"https:\/\/rodriguezgallery.com\/wp-content\/uploads\/2025\/10\/DSC03807-Edit-150x150.jpg\" class=\"attachment-thumbnail size-thumbnail\" alt=\"\" \/><\/a>\n\t\t\t<\/div><\/figure><figure class='gallery-item'>\n\t\t\t<div class='gallery-icon landscape'>\n\t\t\t\t<a href='https:\/\/rodriguezgallery.com\/wp-content\/uploads\/2025\/10\/DSC03790-scaled.jpg'><img loading=\"lazy\" decoding=\"async\" width=\"150\" height=\"150\" src=\"https:\/\/rodriguezgallery.com\/wp-content\/uploads\/2025\/10\/DSC03790-150x150.jpg\" class=\"attachment-thumbnail size-thumbnail\" alt=\"\" \/><\/a>\n\t\t\t<\/div><\/figure><figure class='gallery-item'>\n\t\t\t<div class='gallery-icon landscape'>\n\t\t\t\t<a href='https:\/\/rodriguezgallery.com\/wp-content\/uploads\/2025\/10\/DSC03799-scaled.jpg'><img loading=\"lazy\" decoding=\"async\" width=\"150\" height=\"150\" src=\"https:\/\/rodriguezgallery.com\/wp-content\/uploads\/2025\/10\/DSC03799-150x150.jpg\" class=\"attachment-thumbnail size-thumbnail\" alt=\"\" \/><\/a>\n\t\t\t<\/div><\/figure><figure class='gallery-item'>\n\t\t\t<div class='gallery-icon landscape'>\n\t\t\t\t<a href='https:\/\/rodriguezgallery.com\/wp-content\/uploads\/2025\/10\/DSC03875-scaled.jpg'><img loading=\"lazy\" decoding=\"async\" width=\"150\" height=\"150\" src=\"https:\/\/rodriguezgallery.com\/wp-content\/uploads\/2025\/10\/DSC03875-150x150.jpg\" class=\"attachment-thumbnail size-thumbnail\" alt=\"\" \/><\/a>\n\t\t\t<\/div><\/figure><figure class='gallery-item'>\n\t\t\t<div class='gallery-icon portrait'>\n\t\t\t\t<a href='https:\/\/rodriguezgallery.com\/wp-content\/uploads\/2025\/10\/DSC03884-scaled.jpg'><img loading=\"lazy\" decoding=\"async\" width=\"150\" height=\"150\" src=\"https:\/\/rodriguezgallery.com\/wp-content\/uploads\/2025\/10\/DSC03884-150x150.jpg\" class=\"attachment-thumbnail size-thumbnail\" alt=\"\" \/><\/a>\n\t\t\t<\/div><\/figure>\n\t\t<\/div>\n<\/p>\n<p>&nbsp;<\/p>\n<h6>Photography: nrup.de<\/h6>\n<\/div><\/div><\/div><\/div><\/div>","protected":false},"excerpt":{"rendered":"<p>Adolfo Bimer Life Between 12.09 &#8211; 11.10.2025 Rodriguez Foundation zmienia si\u0119 w swoist\u0105 poczekalni\u0119. Tu czas si\u0119 rozmywa, a przestrze\u0144 wci\u0105ga, tworz\u0105c miejsce na refleksj\u0119, kt\u00f3ra mo\u017ce dotyka\u0107 bardzo g\u0142\u0119boko. <a class=\"moretag\" href=\"https:\/\/rodriguezgallery.com\/pl\/adolfo-bimer-life-between\/\">Read More &#8230;<\/a><\/p>\n","protected":false},"author":1,"featured_media":0,"parent":0,"menu_order":0,"comment_status":"closed","ping_status":"closed","template":"full-width-page.php","meta":{"footnotes":""},"class_list":["post-7294","page","type-page","status-publish","hentry"],"_links":{"self":[{"href":"https:\/\/rodriguezgallery.com\/pl\/wp-json\/wp\/v2\/pages\/7294","targetHints":{"allow":["GET"]}}],"collection":[{"href":"https:\/\/rodriguezgallery.com\/pl\/wp-json\/wp\/v2\/pages"}],"about":[{"href":"https:\/\/rodriguezgallery.com\/pl\/wp-json\/wp\/v2\/types\/page"}],"author":[{"embeddable":true,"href":"https:\/\/rodriguezgallery.com\/pl\/wp-json\/wp\/v2\/users\/1"}],"replies":[{"embeddable":true,"href":"https:\/\/rodriguezgallery.com\/pl\/wp-json\/wp\/v2\/comments?post=7294"}],"version-history":[{"count":1,"href":"https:\/\/rodriguezgallery.com\/pl\/wp-json\/wp\/v2\/pages\/7294\/revisions"}],"predecessor-version":[{"id":7321,"href":"https:\/\/rodriguezgallery.com\/pl\/wp-json\/wp\/v2\/pages\/7294\/revisions\/7321"}],"wp:attachment":[{"href":"https:\/\/rodriguezgallery.com\/pl\/wp-json\/wp\/v2\/media?parent=7294"}],"curies":[{"name":"wp","href":"https:\/\/api.w.org\/{rel}","templated":true}]}}