{"id":7356,"date":"2026-01-30T13:48:18","date_gmt":"2026-01-30T11:48:18","guid":{"rendered":"https:\/\/rodriguezgallery.com\/?page_id=7356"},"modified":"2026-02-09T13:51:12","modified_gmt":"2026-02-09T11:51:12","slug":"warsztaty-2025-cykl-warsztatow","status":"publish","type":"page","link":"https:\/\/rodriguezgallery.com\/pl\/warsztaty-2025-cykl-warsztatow\/","title":{"rendered":"(English) Warsztaty 2025 &#8211; cykl warsztat\u00f3w"},"content":{"rendered":"<div id=\"pl-7356\"  class=\"panel-layout\" ><div id=\"pg-7356-0\"  class=\"panel-grid panel-no-style\" ><div id=\"pgc-7356-0-0\"  class=\"panel-grid-cell\" ><div id=\"panel-7356-0-0-0\" class=\"so-panel widget widget_black-studio-tinymce widget_black_studio_tinymce panel-first-child panel-last-child\" data-index=\"0\" ><div class=\"textwidget\"><p><span class=\"\" style=\"display:block;clear:both;height: 0px;padding-top: 20px;border-top-width:0px;border-bottom-width:0px;\"><\/span><\/p>\n<h6>W<strong>arsztaty dla dzieci\u00a0(w ramach: Pierwsze spotkanie ze sztuk\u0105 wsp\u00f3\u0142czesn\u0105 \u2013 cykl warsztat\u00f3w dla dzieci )<\/strong><\/h6>\n<h6>Projekt dofinansowany ze \u015brodk\u00f3w Samorz\u0105du Wojew\u00f3dztwa Wielkopolskiego.<\/h6>\n<h6><a href=\"https:\/\/rodriguezgallery.com\/wp-content\/uploads\/2026\/01\/SCENARIUSZ-WARSZTATOW-CYKL-Warsztatow-4.pdf\" target=\"_blank\" rel=\"noopener\">Scenariusz warsztat\u00f3w<\/a><\/h6>\n<p>&nbsp;<\/p>\n<p><img loading=\"lazy\" decoding=\"async\" class=\"alignleft wp-image-7371 size-medium\" src=\"https:\/\/rodriguezgallery.com\/wp-content\/uploads\/2026\/02\/Logo-Marszalkowski-300x113.jpeg\" alt=\"\" width=\"300\" height=\"113\" srcset=\"https:\/\/rodriguezgallery.com\/wp-content\/uploads\/2026\/02\/Logo-Marszalkowski-300x113.jpeg 300w, https:\/\/rodriguezgallery.com\/wp-content\/uploads\/2026\/02\/Logo-Marszalkowski-1024x384.jpeg 1024w, https:\/\/rodriguezgallery.com\/wp-content\/uploads\/2026\/02\/Logo-Marszalkowski-768x288.jpeg 768w, https:\/\/rodriguezgallery.com\/wp-content\/uploads\/2026\/02\/Logo-Marszalkowski-1536x576.jpeg 1536w, https:\/\/rodriguezgallery.com\/wp-content\/uploads\/2026\/02\/Logo-Marszalkowski.jpeg 1920w\" sizes=\"auto, (max-width: 300px) 100vw, 300px\" \/><\/p>\n<p>&nbsp;<\/p>\n<p>&nbsp;<\/p>\n<h6><\/h6>\n<\/div><\/div><\/div><div id=\"pgc-7356-0-1\"  class=\"panel-grid-cell\" ><div id=\"panel-7356-0-1-0\" class=\"so-panel widget widget_black-studio-tinymce widget_black_studio_tinymce panel-first-child panel-last-child\" data-index=\"1\" ><div class=\"textwidget\"><p><span class=\"\" style=\"display:block;clear:both;height: 0px;padding-top: 20px;border-top-width:0px;border-bottom-width:0px;\"><\/span><br \/>\n<img loading=\"lazy\" decoding=\"async\" class=\"alignleft wp-image-7357 size-full\" src=\"https:\/\/rodriguezgallery.com\/wp-content\/uploads\/2026\/01\/WhatsApp-Image-2025-03-27-at-09.29.23.jpeg\" alt=\"\" width=\"1600\" height=\"1200\" srcset=\"https:\/\/rodriguezgallery.com\/wp-content\/uploads\/2026\/01\/WhatsApp-Image-2025-03-27-at-09.29.23.jpeg 1600w, https:\/\/rodriguezgallery.com\/wp-content\/uploads\/2026\/01\/WhatsApp-Image-2025-03-27-at-09.29.23-300x225.jpeg 300w, https:\/\/rodriguezgallery.com\/wp-content\/uploads\/2026\/01\/WhatsApp-Image-2025-03-27-at-09.29.23-1024x768.jpeg 1024w, https:\/\/rodriguezgallery.com\/wp-content\/uploads\/2026\/01\/WhatsApp-Image-2025-03-27-at-09.29.23-768x576.jpeg 768w, https:\/\/rodriguezgallery.com\/wp-content\/uploads\/2026\/01\/WhatsApp-Image-2025-03-27-at-09.29.23-1536x1152.jpeg 1536w\" sizes=\"auto, (max-width: 1600px) 100vw, 1600px\" \/><\/p>\n<\/div><\/div><\/div><\/div><\/div>","protected":false},"excerpt":{"rendered":"<p>Warsztaty dla dzieci\u00a0(w ramach: Pierwsze spotkanie ze sztuk\u0105 wsp\u00f3\u0142czesn\u0105 \u2013 cykl warsztat\u00f3w dla dzieci ) Projekt dofinansowany ze \u015brodk\u00f3w Samorz\u0105du Wojew\u00f3dztwa Wielkopolskiego. Scenariusz warsztat\u00f3w &nbsp; &nbsp; &nbsp;<\/p>\n","protected":false},"author":1,"featured_media":0,"parent":0,"menu_order":0,"comment_status":"closed","ping_status":"closed","template":"full-width-page.php","meta":{"footnotes":""},"class_list":["post-7356","page","type-page","status-publish","hentry"],"_links":{"self":[{"href":"https:\/\/rodriguezgallery.com\/pl\/wp-json\/wp\/v2\/pages\/7356","targetHints":{"allow":["GET"]}}],"collection":[{"href":"https:\/\/rodriguezgallery.com\/pl\/wp-json\/wp\/v2\/pages"}],"about":[{"href":"https:\/\/rodriguezgallery.com\/pl\/wp-json\/wp\/v2\/types\/page"}],"author":[{"embeddable":true,"href":"https:\/\/rodriguezgallery.com\/pl\/wp-json\/wp\/v2\/users\/1"}],"replies":[{"embeddable":true,"href":"https:\/\/rodriguezgallery.com\/pl\/wp-json\/wp\/v2\/comments?post=7356"}],"version-history":[{"count":1,"href":"https:\/\/rodriguezgallery.com\/pl\/wp-json\/wp\/v2\/pages\/7356\/revisions"}],"predecessor-version":[{"id":7372,"href":"https:\/\/rodriguezgallery.com\/pl\/wp-json\/wp\/v2\/pages\/7356\/revisions\/7372"}],"wp:attachment":[{"href":"https:\/\/rodriguezgallery.com\/pl\/wp-json\/wp\/v2\/media?parent=7356"}],"curies":[{"name":"wp","href":"https:\/\/api.w.org\/{rel}","templated":true}]}}