{"id":7364,"date":"2026-01-30T14:00:16","date_gmt":"2026-01-30T12:00:16","guid":{"rendered":"https:\/\/rodriguezgallery.com\/?page_id=7364"},"modified":"2026-01-30T14:02:32","modified_gmt":"2026-01-30T12:02:32","slug":"warsztaty-2025-cykl-wystaw","status":"publish","type":"page","link":"https:\/\/rodriguezgallery.com\/pl\/warsztaty-2025-cykl-wystaw\/","title":{"rendered":"(English) Warsztaty 2025 &#8211; cykl wystaw"},"content":{"rendered":"<div id=\"pl-7364\"  class=\"panel-layout\" ><div id=\"pg-7364-0\"  class=\"panel-grid panel-no-style\" ><div id=\"pgc-7364-0-0\"  class=\"panel-grid-cell\" ><div id=\"panel-7364-0-0-0\" class=\"so-panel widget widget_black-studio-tinymce widget_black_studio_tinymce panel-first-child panel-last-child\" data-index=\"0\" ><div class=\"textwidget\"><p><span class=\"\" style=\"display:block;clear:both;height: 0px;padding-top: 20px;border-top-width:0px;border-bottom-width:0px;\"><\/span><\/p>\n<h6><strong>Warsztaty dla dzieci\u00a0(w ramach: Cykl wystaw i dzia\u0142a\u0144 edukacyjnych w Rodriguez Gallery)<\/strong><\/h6>\n<h6>Projekt dofinansowany ze \u015brodk\u00f3w bud\u017cetu Miasta Poznania<\/h6>\n<h6><a href=\"https:\/\/rodriguezgallery.com\/wp-content\/uploads\/2026\/01\/SCENARIUSZ-WARSZTATOW-CYKL-wystaw-2.pdf\" target=\"_blank\" rel=\"noopener\">Scenariusz warsztat\u00f3w I<\/a><\/h6>\n<p>&nbsp;<\/p>\n<p><img loading=\"lazy\" decoding=\"async\" class=\"wp-image-2924 alignleft\" src=\"https:\/\/rodriguezgallery.com\/wp-content\/uploads\/2017\/10\/LOGO_POZNAN_PL_RGB_bz.jpg\" alt=\"\" width=\"189\" height=\"65\" srcset=\"https:\/\/rodriguezgallery.com\/wp-content\/uploads\/2017\/10\/LOGO_POZNAN_PL_RGB_bz.jpg 2732w, https:\/\/rodriguezgallery.com\/wp-content\/uploads\/2017\/10\/LOGO_POZNAN_PL_RGB_bz-300x103.jpg 300w, https:\/\/rodriguezgallery.com\/wp-content\/uploads\/2017\/10\/LOGO_POZNAN_PL_RGB_bz-768x264.jpg 768w, https:\/\/rodriguezgallery.com\/wp-content\/uploads\/2017\/10\/LOGO_POZNAN_PL_RGB_bz-1024x352.jpg 1024w\" sizes=\"auto, (max-width: 189px) 100vw, 189px\" \/><\/p>\n<\/div><\/div><\/div><div id=\"pgc-7364-0-1\"  class=\"panel-grid-cell\" ><div id=\"panel-7364-0-1-0\" class=\"so-panel widget widget_black-studio-tinymce widget_black_studio_tinymce panel-first-child panel-last-child\" data-index=\"1\" ><div class=\"textwidget\"><p><span class=\"\" style=\"display:block;clear:both;height: 0px;padding-top: 20px;border-top-width:0px;border-bottom-width:0px;\"><\/span><br \/>\n<img loading=\"lazy\" decoding=\"async\" class=\"alignleft size-medium wp-image-7363\" src=\"https:\/\/rodriguezgallery.com\/wp-content\/uploads\/2026\/01\/WhatsApp-Image-2025-03-20-at-12.48.34-1-300x225.jpeg\" alt=\"\" width=\"300\" height=\"225\" srcset=\"https:\/\/rodriguezgallery.com\/wp-content\/uploads\/2026\/01\/WhatsApp-Image-2025-03-20-at-12.48.34-1-300x225.jpeg 300w, https:\/\/rodriguezgallery.com\/wp-content\/uploads\/2026\/01\/WhatsApp-Image-2025-03-20-at-12.48.34-1-1024x768.jpeg 1024w, https:\/\/rodriguezgallery.com\/wp-content\/uploads\/2026\/01\/WhatsApp-Image-2025-03-20-at-12.48.34-1-768x576.jpeg 768w, https:\/\/rodriguezgallery.com\/wp-content\/uploads\/2026\/01\/WhatsApp-Image-2025-03-20-at-12.48.34-1-1536x1152.jpeg 1536w, https:\/\/rodriguezgallery.com\/wp-content\/uploads\/2026\/01\/WhatsApp-Image-2025-03-20-at-12.48.34-1.jpeg 1600w\" sizes=\"auto, (max-width: 300px) 100vw, 300px\" \/><\/p>\n<\/div><\/div><\/div><\/div><\/div>","protected":false},"excerpt":{"rendered":"<p>Warsztaty dla dzieci\u00a0(w ramach: Cykl wystaw i dzia\u0142a\u0144 edukacyjnych w Rodriguez Gallery) Projekt dofinansowany ze \u015brodk\u00f3w bud\u017cetu Miasta Poznania Scenariusz warsztat\u00f3w I &nbsp;<\/p>\n","protected":false},"author":1,"featured_media":0,"parent":0,"menu_order":0,"comment_status":"closed","ping_status":"closed","template":"full-width-page.php","meta":{"footnotes":""},"class_list":["post-7364","page","type-page","status-publish","hentry"],"_links":{"self":[{"href":"https:\/\/rodriguezgallery.com\/pl\/wp-json\/wp\/v2\/pages\/7364","targetHints":{"allow":["GET"]}}],"collection":[{"href":"https:\/\/rodriguezgallery.com\/pl\/wp-json\/wp\/v2\/pages"}],"about":[{"href":"https:\/\/rodriguezgallery.com\/pl\/wp-json\/wp\/v2\/types\/page"}],"author":[{"embeddable":true,"href":"https:\/\/rodriguezgallery.com\/pl\/wp-json\/wp\/v2\/users\/1"}],"replies":[{"embeddable":true,"href":"https:\/\/rodriguezgallery.com\/pl\/wp-json\/wp\/v2\/comments?post=7364"}],"version-history":[{"count":1,"href":"https:\/\/rodriguezgallery.com\/pl\/wp-json\/wp\/v2\/pages\/7364\/revisions"}],"predecessor-version":[{"id":7368,"href":"https:\/\/rodriguezgallery.com\/pl\/wp-json\/wp\/v2\/pages\/7364\/revisions\/7368"}],"wp:attachment":[{"href":"https:\/\/rodriguezgallery.com\/pl\/wp-json\/wp\/v2\/media?parent=7364"}],"curies":[{"name":"wp","href":"https:\/\/api.w.org\/{rel}","templated":true}]}}