{"id":7395,"date":"2026-02-24T13:44:04","date_gmt":"2026-02-24T11:44:04","guid":{"rendered":"https:\/\/rodriguezgallery.com\/?page_id=7395"},"modified":"2026-03-03T12:44:38","modified_gmt":"2026-03-03T10:44:38","slug":"spotkania-inspiracje","status":"publish","type":"page","link":"https:\/\/rodriguezgallery.com\/pl\/spotkania-inspiracje\/","title":{"rendered":"(English) SPOTKANIA-INSPIRACJE"},"content":{"rendered":"<div id=\"pl-7395\"  class=\"panel-layout\" ><div id=\"pg-7395-0\"  class=\"panel-grid panel-no-style\" ><div id=\"pgc-7395-0-0\"  class=\"panel-grid-cell panel-grid-cell-empty\" ><\/div><\/div><div id=\"pg-7395-1\"  class=\"panel-grid panel-no-style\" ><div id=\"pgc-7395-1-0\"  class=\"panel-grid-cell panel-grid-cell-empty\" ><\/div><div id=\"pgc-7395-1-1\"  class=\"panel-grid-cell panel-grid-cell-mobile-last\" ><div id=\"panel-7395-1-1-0\" class=\"so-panel widget widget_black-studio-tinymce widget_black_studio_tinymce panel-first-child panel-last-child\" data-index=\"0\" ><div class=\"textwidget\"><h6><span class=\"\" style=\"display:block;clear:both;height: 0px;padding-top: 20px;border-top-width:0px;border-bottom-width:0px;\"><\/span><br \/>\n<img loading=\"lazy\" decoding=\"async\" class=\"aligncenter wp-image-7402 size-full\" src=\"https:\/\/rodriguezgallery.com\/wp-content\/uploads\/2026\/02\/Spotkania-Inspiracje-Event-Template-bez-info-e1771936270906.jpg\" alt=\"\" width=\"1920\" height=\"850\" srcset=\"https:\/\/rodriguezgallery.com\/wp-content\/uploads\/2026\/02\/Spotkania-Inspiracje-Event-Template-bez-info-e1771936270906.jpg 1920w, https:\/\/rodriguezgallery.com\/wp-content\/uploads\/2026\/02\/Spotkania-Inspiracje-Event-Template-bez-info-e1771936270906-300x133.jpg 300w, https:\/\/rodriguezgallery.com\/wp-content\/uploads\/2026\/02\/Spotkania-Inspiracje-Event-Template-bez-info-e1771936270906-1024x453.jpg 1024w, https:\/\/rodriguezgallery.com\/wp-content\/uploads\/2026\/02\/Spotkania-Inspiracje-Event-Template-bez-info-e1771936270906-768x340.jpg 768w, https:\/\/rodriguezgallery.com\/wp-content\/uploads\/2026\/02\/Spotkania-Inspiracje-Event-Template-bez-info-e1771936270906-1536x680.jpg 1536w\" sizes=\"auto, (max-width: 1920px) 100vw, 1920px\" \/><\/h6>\n<\/div><\/div><\/div><div id=\"pgc-7395-1-2\"  class=\"panel-grid-cell panel-grid-cell-empty\" ><\/div><\/div><div id=\"pg-7395-2\"  class=\"panel-grid panel-no-style\" ><div id=\"pgc-7395-2-0\"  class=\"panel-grid-cell panel-grid-cell-empty\" ><\/div><div id=\"pgc-7395-2-1\"  class=\"panel-grid-cell\" ><div id=\"panel-7395-2-1-0\" class=\"so-panel widget widget_black-studio-tinymce widget_black_studio_tinymce panel-first-child panel-last-child\" data-index=\"1\" ><div class=\"textwidget\"><h6><strong>SPOTKANIA-INSPIRACJE <\/strong><\/h6>\n<h6 style=\"font-weight: 400;\">Spotkanie Inspiracje to cykl rozm\u00f3w z osobami tw\u00f3rczymi, kt\u00f3re dzia\u0142aj\u0105 w \u015bwiecie sztuki i\/lub na rynku sztuki w inspiruj\u0105cy spos\u00f3b \u2014 wypracowuj\u0105c w\u0142asne miejsce i rozpoznawalny g\u0142os w \u015brodowisku artystycznym.<\/h6>\n<h6 style=\"font-weight: 400;\">Zaproszeni go\u015bcie opowiadaj\u0105 o swoich do\u015bwiadczeniach, \u015bcie\u017ckach rozwoju, wyzwaniach i dobrych praktykach. Spotkania s\u0105 okazj\u0105 do swobodnej rozmowy, wymiany refleksji i zadawania pyta\u0144, na kt\u00f3re cz\u0119sto brakuje przestrzeni w innych kontekstach \u2014 zw\u0142aszcza dla m\u0142odych tw\u00f3rc\u00f3w, kt\u00f3rzy dopiero rozpoczynaj\u0105 swoj\u0105 drog\u0119 artystyczn\u0105.<\/h6>\n<h6 style=\"font-weight: 400;\">Szczeg\u00f3\u0142owe info (zapowiedzi wydarze\u0144, zapisy i zasady znajduj\u0105 si\u0119 na naszej stronie FB i IG<\/h6>\n<h6 style=\"font-weight: 400;\">Wydarzenie dofinansowano ze \u015brodk\u00f3w bud\u017cetowych Miasta Poznania.<\/h6>\n<h6 style=\"font-weight: 400;\">Obowi\u0105zuj\u0105 zapisy przez <a href=\"https:\/\/docs.google.com\/forms\/d\/e\/1FAIpQLSdbUZ8UZ_1AESLhGeWvZmInM75kurX4HVh0BrYHAYzRPYkb1g\/viewform?fbclid=IwY2xjawQTk25leHRuA2FlbQIxMABicmlkETBaNlRUaDhrZmNMNWRxQkFGc3J0YwZhcHBfaWQQMjIyMDM5MTc4ODIwMDg5MgABHgByZ1nbMaioPrVDZt-sY_JAdsZtLWodnPbSeDpgj1cfrM_0BifS98E0JNZp_aem_xeAACryC5iN8gmpt3vAl8A\" target=\"_blank\" rel=\"noopener\"><strong>FORMULARZ<\/strong><\/a><\/h6>\n<\/div><\/div><\/div><div id=\"pgc-7395-2-2\"  class=\"panel-grid-cell panel-grid-cell-empty\" ><\/div><div id=\"pgc-7395-2-3\"  class=\"panel-grid-cell panel-grid-cell-mobile-last\" ><div id=\"panel-7395-2-3-0\" class=\"so-panel widget widget_black-studio-tinymce widget_black_studio_tinymce panel-first-child panel-last-child\" data-index=\"2\" ><div class=\"textwidget\"><h6>HARMONOGRAM<\/h6>\n<h6><strong>2026<\/strong><\/h6>\n<h6><span style=\"text-decoration: underline;\">10\/03 (wtorek)<\/span><br \/>\nDominik Lejman - 19:00<br \/>\n<br class=\"html-br\" \/><span style=\"text-decoration: underline;\">11\/03 (\u015broda)<\/span><br \/>\nMarek Wasilewski - 17:30<br \/>\nR\u00f3\u017ca i Rafa\u0142 Tomikowscy (kolekcjonerzy) - 19:00<br \/>\n<br class=\"html-br\" \/><span style=\"text-decoration: underline;\">12\/03 (czwartek)<\/span><br \/>\nMa\u0142gorzata Szymankiewicz - 17:30<br \/>\nMateusz Sadowski - 19:00<\/h6>\n<h6><strong>2025<\/strong><\/h6>\n<h6><span style=\"text-decoration: underline;\">07\/11 (pi\u0105tek)<\/span><br \/>\nPiotr Bury \u0141akomy - 17:00<br \/>\nInside Job (Ula Luci\u0144ska, Micha\u0142 Knychaus) - 19:00<\/h6>\n<h6><\/h6>\n<\/div><\/div><\/div><div id=\"pgc-7395-2-4\"  class=\"panel-grid-cell panel-grid-cell-empty\" ><\/div><\/div><\/div>","protected":false},"excerpt":{"rendered":"<p>SPOTKANIA-INSPIRACJE Spotkanie Inspiracje to cykl rozm\u00f3w z osobami tw\u00f3rczymi, kt\u00f3re dzia\u0142aj\u0105 w \u015bwiecie sztuki i\/lub na rynku sztuki w inspiruj\u0105cy spos\u00f3b \u2014 wypracowuj\u0105c w\u0142asne miejsce i rozpoznawalny g\u0142os w \u015brodowisku <a class=\"moretag\" href=\"https:\/\/rodriguezgallery.com\/pl\/spotkania-inspiracje\/\">Read More &#8230;<\/a><\/p>\n","protected":false},"author":1,"featured_media":0,"parent":0,"menu_order":0,"comment_status":"closed","ping_status":"closed","template":"full-width-page.php","meta":{"footnotes":""},"class_list":["post-7395","page","type-page","status-publish","hentry"],"_links":{"self":[{"href":"https:\/\/rodriguezgallery.com\/pl\/wp-json\/wp\/v2\/pages\/7395","targetHints":{"allow":["GET"]}}],"collection":[{"href":"https:\/\/rodriguezgallery.com\/pl\/wp-json\/wp\/v2\/pages"}],"about":[{"href":"https:\/\/rodriguezgallery.com\/pl\/wp-json\/wp\/v2\/types\/page"}],"author":[{"embeddable":true,"href":"https:\/\/rodriguezgallery.com\/pl\/wp-json\/wp\/v2\/users\/1"}],"replies":[{"embeddable":true,"href":"https:\/\/rodriguezgallery.com\/pl\/wp-json\/wp\/v2\/comments?post=7395"}],"version-history":[{"count":1,"href":"https:\/\/rodriguezgallery.com\/pl\/wp-json\/wp\/v2\/pages\/7395\/revisions"}],"predecessor-version":[{"id":7526,"href":"https:\/\/rodriguezgallery.com\/pl\/wp-json\/wp\/v2\/pages\/7395\/revisions\/7526"}],"wp:attachment":[{"href":"https:\/\/rodriguezgallery.com\/pl\/wp-json\/wp\/v2\/media?parent=7395"}],"curies":[{"name":"wp","href":"https:\/\/api.w.org\/{rel}","templated":true}]}}