{"id":74,"date":"2015-06-30T18:27:32","date_gmt":"2015-06-30T18:27:32","guid":{"rendered":"http:\/\/rodriguezgallery.com\/?page_id=74"},"modified":"2026-04-11T15:38:43","modified_gmt":"2026-04-11T13:38:43","slug":"contact","status":"publish","type":"page","link":"https:\/\/rodriguezgallery.com\/pl\/contact\/","title":{"rendered":"Kontakt"},"content":{"rendered":"<div id=\"pl-74\"  class=\"panel-layout\" ><div id=\"pg-74-0\"  class=\"panel-grid panel-no-style\" ><div id=\"pgc-74-0-0\"  class=\"panel-grid-cell panel-grid-cell-empty\" ><\/div><\/div><div id=\"pg-74-1\"  class=\"panel-grid panel-no-style\" ><div id=\"pgc-74-1-0\"  class=\"panel-grid-cell\" ><div id=\"panel-74-1-0-0\" class=\"so-panel widget widget_black-studio-tinymce widget_black_studio_tinymce panel-first-child panel-last-child\" data-index=\"0\" ><div class=\"textwidget\"><hr \/>\n<h6><span style=\"color: #000000;\"><strong>Rodr\u00edguez Foundation<\/strong><\/span><strong><span style=\"color: #000000;\">\u00a0<\/span><\/strong><br \/>\n<span style=\"color: #808080;\">ul.Wodna 13\/4<br \/>\n61-782 Pozna\u0144, Poland<\/span><\/h6>\n<h6><span style=\"color: #000000;\">\u015ar - Sb : 13 - 18\u00a0<\/span><\/h6>\n<h6><span style=\"color: #000000;\">Godziny otwarcia galerii w czasie trwania wystaw<\/p>\n<p><\/span><\/h6>\n<h6>+48 606908087<\/h6>\n<h6><span style=\"text-decoration: underline; color: #000000;\"><strong>Agata Rodr\u00edguez-J\u0119drusiak<\/strong><\/span>\u00a0<strong><span style=\"color: #000000;\">\u00a0<\/span><\/strong><br \/>\n<span style=\"color: #808080;\">agata@rodriguezgallery.com<\/span><\/h6>\n<h6><span style=\"text-decoration: underline; color: #000000;\"><strong>Carlos Rodr\u00edguez Sainz-Pardo<\/strong><\/span><br \/>\n<span style=\"color: #808080;\">carlos@rodriguezgallery.com<\/span><\/h6>\n<h6>Plan Galerii <a href=\"https:\/\/rodriguezgallery.com\/wp-content\/uploads\/2024\/10\/Gallery-Floor-Plan.pdf\" target=\"_blank\" rel=\"noopener\">tutaj<\/a><\/h6>\n<h6>Projekty wystawy przyjmujemy jedynie w ramach og\u0142aszanych Open Call<\/h6>\n<h6><a href=\"https:\/\/rodriguezgallery.com\/wp-content\/uploads\/2018\/08\/Polityka-ochrony-i-dost\u0119pu-do-danych-osobowych.pdf\" target=\"_blank\" rel=\"noopener\">Polityka ochrony i dost\u0119pu do danych osobowych (RODO)<\/a><\/h6>\n<hr \/>\n<\/div><\/div><\/div><div id=\"pgc-74-1-1\"  class=\"panel-grid-cell\" ><div id=\"panel-74-1-1-0\" class=\"so-panel widget widget_wpforms-widget wpforms-widget panel-first-child panel-last-child\" data-index=\"1\" ><h3 class=\"widget-title\">Newsletter<\/h3><div class=\"wpforms-container wpforms-container-full wpforms-one-line wpforms-render-modern\" id=\"wpforms-7415\"><form id=\"wpforms-form-7415\" class=\"wpforms-validate wpforms-form wpforms-ajax-form\" data-formid=\"7415\" method=\"post\" enctype=\"multipart\/form-data\" action=\"\/pl\/wp-json\/wp\/v2\/pages\/74\" data-token=\"7f2aca66adf22dfff59c3c869d0ade9d\" data-token-time=\"1777059662\"><noscript class=\"wpforms-error-noscript\">Aby wype\u0142ni\u0107 ten formularz, w\u0142\u0105cz obs\u0142ug\u0119 JavaScript w przegl\u0105darce.<\/noscript><div id=\"wpforms-error-noscript\" style=\"display: none;\">Aby wype\u0142ni\u0107 ten formularz, w\u0142\u0105cz obs\u0142ug\u0119 JavaScript w przegl\u0105darce.<\/div><div class=\"wpforms-field-container\"><div id=\"wpforms-7415-field_1-container\" class=\"wpforms-field wpforms-field-name\" data-field-id=\"1\"><label class=\"wpforms-field-label wpforms-label-hide\" for=\"wpforms-7415-field_1\" aria-hidden=\"false\">Name<\/label><input type=\"text\" id=\"wpforms-7415-field_1\" class=\"wpforms-field-large\" name=\"wpforms[fields][1]\" placeholder=\"Name\" aria-errormessage=\"wpforms-7415-field_1-error\" ><\/div>\t\t<div id=\"wpforms-7415-field_3-container\"\n\t\t\tclass=\"wpforms-field wpforms-field-text\"\n\t\t\tdata-field-type=\"text\"\n\t\t\tdata-field-id=\"3\"\n\t\t\t>\n\t\t\t<label class=\"wpforms-field-label\" for=\"wpforms-7415-field_3\" >Name Email<\/label>\n\t\t\t<input type=\"text\" id=\"wpforms-7415-field_3\" class=\"wpforms-field-medium\" name=\"wpforms[fields][3]\" >\n\t\t<\/div>\n\t\t<div id=\"wpforms-7415-field_2-container\" class=\"wpforms-field wpforms-field-email\" data-field-id=\"2\"><label class=\"wpforms-field-label wpforms-label-hide\" for=\"wpforms-7415-field_2\" aria-hidden=\"false\">Email <span class=\"wpforms-required-label\" aria-hidden=\"true\">*<\/span><\/label><input type=\"email\" id=\"wpforms-7415-field_2\" class=\"wpforms-field-large wpforms-field-required\" name=\"wpforms[fields][2]\" placeholder=\"Email\" spellcheck=\"false\" aria-errormessage=\"wpforms-7415-field_2-error\" required><\/div><script>\n\t\t\t\t( function() {\n\t\t\t\t\tconst style = document.createElement( 'style' );\n\t\t\t\t\tstyle.appendChild( document.createTextNode( '#wpforms-7415-field_3-container { position: absolute !important; overflow: hidden !important; display: inline !important; height: 1px !important; width: 1px !important; z-index: -1000 !important; padding: 0 !important; } #wpforms-7415-field_3-container input { visibility: hidden; } #wpforms-conversational-form-page #wpforms-7415-field_3-container label { counter-increment: none; }' ) );\n\t\t\t\t\tdocument.head.appendChild( style );\n\t\t\t\t\tdocument.currentScript?.remove();\n\t\t\t\t} )();\n\t\t\t<\/script><\/div><!-- .wpforms-field-container --><div class=\"wpforms-submit-container\" ><input type=\"hidden\" name=\"wpforms[id]\" value=\"7415\"><input type=\"hidden\" name=\"page_title\" value=\"\"><input type=\"hidden\" name=\"page_url\" value=\"https:\/\/rodriguezgallery.com\/pl\/wp-json\/wp\/v2\/pages\/74\"><input type=\"hidden\" name=\"url_referer\" value=\"\"><button type=\"submit\" name=\"wpforms[submit]\" id=\"wpforms-submit-7415\" class=\"wpforms-submit\" data-alt-text=\"Sending...\" data-submit-text=\"Subscribe\" aria-live=\"assertive\" value=\"wpforms-submit\">Subscribe<\/button><img loading=\"lazy\" decoding=\"async\" src=\"https:\/\/rodriguezgallery.com\/wp-content\/plugins\/wpforms-lite\/assets\/images\/submit-spin.svg\" class=\"wpforms-submit-spinner\" style=\"display: none;\" width=\"26\" height=\"26\" alt=\"Wczytywanie\"><\/div><\/form><\/div>  <!-- .wpforms-container --><\/div><\/div><\/div><div id=\"pg-74-2\"  class=\"panel-grid panel-no-style\" ><div id=\"pgc-74-2-0\"  class=\"panel-grid-cell panel-grid-cell-mobile-last\" ><div id=\"panel-74-2-0-0\" class=\"so-panel widget widget_black-studio-tinymce widget_black_studio_tinymce panel-first-child panel-last-child\" data-index=\"2\" ><div class=\"textwidget\"><h6><a href=\"https:\/\/www.facebook.com\/Rodriguezgallery\" target=\"_blank\" rel=\"noopener\"><img loading=\"lazy\" decoding=\"async\" class=\"alignnone wp-image-718 size-full\" src=\"https:\/\/rodriguezgallery.com\/wp-content\/uploads\/2015\/06\/facebook-icon-40.png\" alt=\"facebook icon 40\" width=\"40\" height=\"40\" \/><\/a>\u00a0<a href=\"https:\/\/instagram.com\/rodriguez_gallery\/\" target=\"_blank\" rel=\"noopener\"><img loading=\"lazy\" decoding=\"async\" class=\"alignnone wp-image-713 size-full\" src=\"https:\/\/rodriguezgallery.com\/wp-content\/uploads\/2015\/09\/instagram-icon-40.png\" alt=\"instagram icon 40\" width=\"41\" height=\"40\" \/><\/a><\/h6>\n<p>&nbsp;<\/p>\n<\/div><\/div><\/div><div id=\"pgc-74-2-1\"  class=\"panel-grid-cell panel-grid-cell-empty\" ><\/div><\/div><div id=\"pg-74-3\"  class=\"panel-grid panel-no-style\" ><div id=\"pgc-74-3-0\"  class=\"panel-grid-cell panel-grid-cell-empty panel-grid-cell-mobile-last\" ><\/div><div id=\"pgc-74-3-1\"  class=\"panel-grid-cell panel-grid-cell-empty\" ><\/div><\/div><\/div>","protected":false},"excerpt":{"rendered":"<p>Rodr\u00edguez Foundation\u00a0 ul.Wodna 13\/4 61-782 Pozna\u0144, Poland \u015ar &#8211; Sb : 13 &#8211; 18\u00a0 Godziny otwarcia galerii w czasie trwania wystaw +48 606908087 Agata Rodr\u00edguez-J\u0119drusiak\u00a0\u00a0 agata@rodriguezgallery.com Carlos Rodr\u00edguez Sainz-Pardo carlos@rodriguezgallery.com <a class=\"moretag\" href=\"https:\/\/rodriguezgallery.com\/pl\/contact\/\">Read More &#8230;<\/a><\/p>\n","protected":false},"author":1,"featured_media":0,"parent":0,"menu_order":0,"comment_status":"closed","ping_status":"open","template":"full-width-page.php","meta":{"footnotes":""},"class_list":["post-74","page","type-page","status-publish","hentry"],"_links":{"self":[{"href":"https:\/\/rodriguezgallery.com\/pl\/wp-json\/wp\/v2\/pages\/74","targetHints":{"allow":["GET"]}}],"collection":[{"href":"https:\/\/rodriguezgallery.com\/pl\/wp-json\/wp\/v2\/pages"}],"about":[{"href":"https:\/\/rodriguezgallery.com\/pl\/wp-json\/wp\/v2\/types\/page"}],"author":[{"embeddable":true,"href":"https:\/\/rodriguezgallery.com\/pl\/wp-json\/wp\/v2\/users\/1"}],"replies":[{"embeddable":true,"href":"https:\/\/rodriguezgallery.com\/pl\/wp-json\/wp\/v2\/comments?post=74"}],"version-history":[{"count":1,"href":"https:\/\/rodriguezgallery.com\/pl\/wp-json\/wp\/v2\/pages\/74\/revisions"}],"predecessor-version":[{"id":7599,"href":"https:\/\/rodriguezgallery.com\/pl\/wp-json\/wp\/v2\/pages\/74\/revisions\/7599"}],"wp:attachment":[{"href":"https:\/\/rodriguezgallery.com\/pl\/wp-json\/wp\/v2\/media?parent=74"}],"curies":[{"name":"wp","href":"https:\/\/api.w.org\/{rel}","templated":true}]}}