{"id":7549,"date":"2026-03-14T13:15:05","date_gmt":"2026-03-14T11:15:05","guid":{"rendered":"https:\/\/rodriguezgallery.com\/?page_id=7549"},"modified":"2026-03-14T14:02:10","modified_gmt":"2026-03-14T12:02:10","slug":"pracownia-kuratorstwa","status":"publish","type":"page","link":"https:\/\/rodriguezgallery.com\/pl\/pracownia-kuratorstwa\/","title":{"rendered":"(English) PRACOWNIA KURATORSTWA"},"content":{"rendered":"<div id=\"pl-7549\"  class=\"panel-layout\" ><div id=\"pg-7549-0\"  class=\"panel-grid panel-no-style\" ><div id=\"pgc-7549-0-0\"  class=\"panel-grid-cell panel-grid-cell-empty\" ><\/div><\/div><div id=\"pg-7549-1\"  class=\"panel-grid panel-no-style\" ><div id=\"pgc-7549-1-0\"  class=\"panel-grid-cell panel-grid-cell-empty\" ><\/div><div id=\"pgc-7549-1-1\"  class=\"panel-grid-cell panel-grid-cell-mobile-last\" ><div id=\"panel-7549-1-1-0\" class=\"so-panel widget widget_black-studio-tinymce widget_black_studio_tinymce panel-first-child panel-last-child\" data-index=\"0\" ><div class=\"textwidget\"><p><span class=\"\" style=\"display:block;clear:both;height: 0px;padding-top: 20px;border-top-width:0px;border-bottom-width:0px;\"><\/span><br \/>\n<img loading=\"lazy\" decoding=\"async\" class=\"alignleft wp-image-7566 size-full\" src=\"https:\/\/rodriguezgallery.com\/wp-content\/uploads\/2026\/03\/PRACOWNIA-KURATORSTWA-facebook-event-beige.png\" alt=\"\" width=\"1920\" height=\"1005\" srcset=\"https:\/\/rodriguezgallery.com\/wp-content\/uploads\/2026\/03\/PRACOWNIA-KURATORSTWA-facebook-event-beige.png 1920w, https:\/\/rodriguezgallery.com\/wp-content\/uploads\/2026\/03\/PRACOWNIA-KURATORSTWA-facebook-event-beige-300x157.png 300w, https:\/\/rodriguezgallery.com\/wp-content\/uploads\/2026\/03\/PRACOWNIA-KURATORSTWA-facebook-event-beige-1024x536.png 1024w, https:\/\/rodriguezgallery.com\/wp-content\/uploads\/2026\/03\/PRACOWNIA-KURATORSTWA-facebook-event-beige-768x402.png 768w, https:\/\/rodriguezgallery.com\/wp-content\/uploads\/2026\/03\/PRACOWNIA-KURATORSTWA-facebook-event-beige-1536x804.png 1536w\" sizes=\"auto, (max-width: 1920px) 100vw, 1920px\" \/><\/p>\n<\/div><\/div><\/div><div id=\"pgc-7549-1-2\"  class=\"panel-grid-cell panel-grid-cell-empty\" ><\/div><\/div><div id=\"pg-7549-2\"  class=\"panel-grid panel-no-style\" ><div id=\"pgc-7549-2-0\"  class=\"panel-grid-cell panel-grid-cell-empty\" ><\/div><div id=\"pgc-7549-2-1\"  class=\"panel-grid-cell\" ><div id=\"panel-7549-2-1-0\" class=\"so-panel widget widget_black-studio-tinymce widget_black_studio_tinymce panel-first-child panel-last-child\" data-index=\"1\" ><div class=\"textwidget\"><h6 style=\"font-weight: 400;\"><strong>PRACOWNIA KURATORSTWA<\/strong><\/h6>\n<h6 class=\"gmail_default\">Pracownia kuratorstwa to autorski program edukacyjny stworzony przez Jagn\u0119 Dom\u017calsk\u0105 we wsp\u00f3\u0142pracy z Rodriguez Foundation. Dedykowany jest osobom, kt\u00f3re pr\u00f3buj\u0105 kuratorstwa i szukaj\u0105 szczeg\u00f3lnie do\u015bwiadczenia pracy z przestrzeni\u0105 wystawiennicz\u0105. Mo\u017cliwo\u015b\u0107 praktycznej realizacji wystawy jest kluczowym etapem dla rozpoznania oraz wypracowywania swojej w\u0142asnej metody pracy.<\/h6>\n<h6>Projekt upowszechnia my\u015blenie o tym zawodzie jako o zaj\u0119ciu nie tylko teoretycznym, a wymagaj\u0105cym wra\u017cliwo\u015bci wizualnej, czujno\u015bci percepcji i umiej\u0119tno\u015bci kompozycyjnych, a tak\u017ce reagowania na konkretne miejsce i jego uwarunkowania. Traktuj\u0105c kuratorstwo jako dzia\u0142anie tw\u00f3rcze, autorka projektu przyr\u00f3wnuje je do kierunk\u00f3w artystycznych i proponuje model nauczania metod\u0105 pracowni.<\/h6>\n<h6>Jagna Dom\u017calska prowadzi zatem Pracowni\u0119 Kuratorstwa w galerii Fundacji. Staje si\u0119 ona miejscem zaj\u0119\u0107, do kt\u00f3rego uczestniczki i uczestnicy b\u0119d\u0105 maj\u0105 sta\u0142y dost\u0119p. Mog\u0105 tam przygotowywa\u0107 swoje zadania i projekty, rozmawia\u0107, wymienia\u0107 si\u0119 do\u015bwiadczeniami, a przede wszystkim zapoznawa\u0107 si\u0119 przestrzeni\u0105, w kt\u00f3rej na ko\u0144cu realizuj\u0105 wystaw\u0119. Fundacja Rodriguez natomiast zapewnia zaplecze logistyczne oraz prowadzi blok zwi\u0105zany z praktycznymi aspektami pracy nad wystaw\u0105 (tworzenie um\u00f3w, ubezpieczenie, transport, logistyka, wsp\u00f3\u0142praca z osobami artystycznymi, promocja itp.)<\/h6>\n<h6 style=\"font-weight: 400;\"><\/h6>\n<h6><\/h6>\n<\/div><\/div><\/div><div id=\"pgc-7549-2-2\"  class=\"panel-grid-cell panel-grid-cell-empty\" ><\/div><div id=\"pgc-7549-2-3\"  class=\"panel-grid-cell panel-grid-cell-mobile-last\" ><div id=\"panel-7549-2-3-0\" class=\"so-panel widget widget_black-studio-tinymce widget_black_studio_tinymce panel-first-child panel-last-child\" data-index=\"2\" ><div class=\"textwidget\"><h6>EDYCJE<\/h6>\n<h6 class=\"gmail_default\"><a href=\"https:\/\/rodriguezgallery.com\/pracownia-kuratorstwa-2026\/\">Pracownia Kuratorstwa 2026\u00a0<\/a> (Trwa Open Call)<\/h6>\n<h6><a href=\"https:\/\/rodriguezgallery.com\/pracownia-kuratorska-2025\/\">Pracownia Kuratorstwa 2025<\/a><\/h6>\n<h6><a href=\"https:\/\/rodriguezgallery.com\/pracownia-kuratorstwa-2024\/\">Pracownia Kuratorstwa 2024<\/a><\/h6>\n<\/div><\/div><\/div><div id=\"pgc-7549-2-4\"  class=\"panel-grid-cell panel-grid-cell-empty\" ><\/div><\/div><\/div>","protected":false},"excerpt":{"rendered":"<p>PRACOWNIA KURATORSTWA Pracownia kuratorstwa to autorski program edukacyjny stworzony przez Jagn\u0119 Dom\u017calsk\u0105 we wsp\u00f3\u0142pracy z Rodriguez Foundation. Dedykowany jest osobom, kt\u00f3re pr\u00f3buj\u0105 kuratorstwa i szukaj\u0105 szczeg\u00f3lnie do\u015bwiadczenia pracy z przestrzeni\u0105 <a class=\"moretag\" href=\"https:\/\/rodriguezgallery.com\/pl\/pracownia-kuratorstwa\/\">Read More &#8230;<\/a><\/p>\n","protected":false},"author":1,"featured_media":0,"parent":0,"menu_order":0,"comment_status":"closed","ping_status":"closed","template":"full-width-page.php","meta":{"footnotes":""},"class_list":["post-7549","page","type-page","status-publish","hentry"],"_links":{"self":[{"href":"https:\/\/rodriguezgallery.com\/pl\/wp-json\/wp\/v2\/pages\/7549","targetHints":{"allow":["GET"]}}],"collection":[{"href":"https:\/\/rodriguezgallery.com\/pl\/wp-json\/wp\/v2\/pages"}],"about":[{"href":"https:\/\/rodriguezgallery.com\/pl\/wp-json\/wp\/v2\/types\/page"}],"author":[{"embeddable":true,"href":"https:\/\/rodriguezgallery.com\/pl\/wp-json\/wp\/v2\/users\/1"}],"replies":[{"embeddable":true,"href":"https:\/\/rodriguezgallery.com\/pl\/wp-json\/wp\/v2\/comments?post=7549"}],"version-history":[{"count":1,"href":"https:\/\/rodriguezgallery.com\/pl\/wp-json\/wp\/v2\/pages\/7549\/revisions"}],"predecessor-version":[{"id":7567,"href":"https:\/\/rodriguezgallery.com\/pl\/wp-json\/wp\/v2\/pages\/7549\/revisions\/7567"}],"wp:attachment":[{"href":"https:\/\/rodriguezgallery.com\/pl\/wp-json\/wp\/v2\/media?parent=7549"}],"curies":[{"name":"wp","href":"https:\/\/api.w.org\/{rel}","templated":true}]}}