{"id":7577,"date":"2026-03-23T14:09:13","date_gmt":"2026-03-23T12:09:13","guid":{"rendered":"https:\/\/rodriguezgallery.com\/?page_id=7577"},"modified":"2026-04-14T09:43:57","modified_gmt":"2026-04-14T07:43:57","slug":"spacer-z-agata-rodriguez","status":"publish","type":"page","link":"https:\/\/rodriguezgallery.com\/pl\/spacer-z-agata-rodriguez\/","title":{"rendered":"(English) SPACER Z AGATA RODRIGUEZ"},"content":{"rendered":"<div id=\"pl-7577\"  class=\"panel-layout\" ><div id=\"pg-7577-0\"  class=\"panel-grid panel-no-style\" ><div id=\"pgc-7577-0-0\"  class=\"panel-grid-cell panel-grid-cell-empty\" ><\/div><\/div><div id=\"pg-7577-1\"  class=\"panel-grid panel-no-style\" ><div id=\"pgc-7577-1-0\"  class=\"panel-grid-cell panel-grid-cell-empty\" ><\/div><div id=\"pgc-7577-1-1\"  class=\"panel-grid-cell panel-grid-cell-mobile-last\" ><div id=\"panel-7577-1-1-0\" class=\"so-panel widget widget_black-studio-tinymce widget_black_studio_tinymce panel-first-child panel-last-child\" data-index=\"0\" ><div class=\"textwidget\"><p><span class=\"\" style=\"display:block;clear:both;height: 0px;padding-top: 20px;border-top-width:0px;border-bottom-width:0px;\"><\/span><br \/>\n<img loading=\"lazy\" decoding=\"async\" class=\"aligncenter wp-image-7570 size-full\" src=\"https:\/\/rodriguezgallery.com\/wp-content\/uploads\/2026\/03\/Spacer-z-Agata_-Facebook-Post-e1774267185602.jpg\" alt=\"\" width=\"1920\" height=\"900\" srcset=\"https:\/\/rodriguezgallery.com\/wp-content\/uploads\/2026\/03\/Spacer-z-Agata_-Facebook-Post-e1774267185602.jpg 1920w, https:\/\/rodriguezgallery.com\/wp-content\/uploads\/2026\/03\/Spacer-z-Agata_-Facebook-Post-e1774267185602-300x141.jpg 300w, https:\/\/rodriguezgallery.com\/wp-content\/uploads\/2026\/03\/Spacer-z-Agata_-Facebook-Post-e1774267185602-1024x480.jpg 1024w, https:\/\/rodriguezgallery.com\/wp-content\/uploads\/2026\/03\/Spacer-z-Agata_-Facebook-Post-e1774267185602-768x360.jpg 768w, https:\/\/rodriguezgallery.com\/wp-content\/uploads\/2026\/03\/Spacer-z-Agata_-Facebook-Post-e1774267185602-1536x720.jpg 1536w\" sizes=\"auto, (max-width: 1920px) 100vw, 1920px\" \/><\/p>\n<\/div><\/div><\/div><div id=\"pgc-7577-1-2\"  class=\"panel-grid-cell panel-grid-cell-empty\" ><\/div><\/div><div id=\"pg-7577-2\"  class=\"panel-grid panel-no-style\" ><div id=\"pgc-7577-2-0\"  class=\"panel-grid-cell panel-grid-cell-empty\" ><\/div><div id=\"pgc-7577-2-1\"  class=\"panel-grid-cell\" ><div id=\"panel-7577-2-1-0\" class=\"so-panel widget widget_black-studio-tinymce widget_black_studio_tinymce panel-first-child panel-last-child\" data-index=\"1\" ><div class=\"textwidget\"><h6><strong>SPACERY PO GALERIACH SZTUKI Z AGAT\u0104 RODRIGUEZ<\/strong><\/p>\n<p>Spacerownik Artystyczny: Sztuka Wsp\u00f3\u0142czesna w Poznaniu to projekt Agaty Rodriguez, kt\u00f3ry zaprasza do odkrywania sztuki wsp\u00f3\u0142czesnej w bardziej otwarty, przyst\u0119pny i interaktywny spos\u00f3b.<br \/>\nPowsta\u0142 z my\u015bl\u0105 o osobach, kt\u00f3re chc\u0105 lepiej zrozumie\u0107 wsp\u00f3\u0142czesny j\u0119zyk sztuki, ale te\u017c po prostu sp\u0119dzi\u0107 czas w inspiruj\u0105cym, tw\u00f3rczym \u015brodowisku. Ka\u017cdy spacer to okazja do spotkania ze sztuk\u0105, rozmowy i wsp\u00f3lnego do\u015bwiadczenia.<\/p>\n<p>W ramach projektu organizujemy 26 spacer\u00f3w po galeriach, wystawach i przestrzeni miejskiej Poznania \u2013 zar\u00f3wno tych znanych, jak i mniej oczywistych.<\/p>\n<p>Program zosta\u0142 zaprojektowany z my\u015bl\u0105 o r\u00f3\u017cnych grupach:<\/p>\n<p>- spacery otwarte dla wszystkich (z warsztatami dla ch\u0119tnych),<\/p>\n<p>- spacery dla dzieci w formie gry miejskiej,<\/p>\n<p>- spokojniejsze spotkania dla senior\u00f3w z czasem na rozmow\u0119,<\/p>\n<p>- wizyty w pracowniach artyst\u00f3w, daj\u0105ce wgl\u0105d w proces tw\u00f3rczy.<\/p>\n<p>Projekt rozwija autorsk\u0105 metod\u0119 pracy con publiczno\u015bci\u0105, opart\u0105 na do\u015bwiadczeniach wcze\u015bniejszych spacer\u00f3w organizowanych przez Rodriguez Foundation. Pokazuje, \u017ce kontakt ze sztuk\u0105 wsp\u00f3\u0142czesn\u0105 nie musi by\u0107 trudny ani onie\u015bmielaj\u0105cy \u2013 wystarczy odpowiednia przestrze\u0144 do wsp\u00f3lnego odkrywania i zadawania pyta\u0144.<\/p>\n<p>Do spaceru mo\u017cna do\u0142\u0105czy\u0107 w ka\u017cdym momencie.<\/p>\n<p>Udzia\u0142 jest bezp\u0142atny.<\/p>\n<p><img src=https:\/\/rodriguezgallery.com\/wp-content\/uploads\/2026\/03\/logo_MKiDN-1.png style=\"width: 200px; height: auto; margin-bottom: 20px;\"><br \/>\nZrealizowano w ramach stypendium<br \/>\nMinistra Kultury i Dziedzictwa Narodowego:<br \/>\nSpacerownik Artystyczny: Sztuka Wsp\u00f3\u0142czesna w Poznaniu.<\/h6>\n<\/div><\/div><\/div><div id=\"pgc-7577-2-2\"  class=\"panel-grid-cell panel-grid-cell-empty\" ><\/div><div id=\"pgc-7577-2-3\"  class=\"panel-grid-cell panel-grid-cell-mobile-last\" ><div id=\"panel-7577-2-3-0\" class=\"so-panel widget widget_black-studio-tinymce widget_black_studio_tinymce panel-first-child panel-last-child\" data-index=\"2\" ><div class=\"textwidget\"><h6>\n<\/h6>\n<h6>SPACERY<\/h6>\n<h6>23\/04\/2026<br \/>\nSpacer po galeriach sztuki<br \/>\n(Galeria Artis,\u00a0Galeria AT,\u00a0Fundacja Czas Kobiet,\u00a0Galeria Centrala,\u00a0Galeria Skala,\u00a0Galeria Jak,\u00a0Galeria Pyramida,\u00a0Rodriguez Foundation)<\/h6>\n<h6>18\/03\/2026<br \/>\nSpacer po galeriach sztuki<br \/>\n(Galeria u Jezuit\u00f3w, Galeria Szewska, Galeria Miejska Arsena\u0142, Galeria Na Wysokim Poziomie, Curators\u2019LAB, Galeria Szokart)<\/h6>\n<h6>04\/02\/2026<br \/>\nSpacer dla os\u00f3b w wieku senioralnym<br \/>\nKlub Osiedlowy Kopernik Sp\u00f3\u0142dzielni Mieszkaniowej \"Grunwald\".<\/h6>\n<h6>Dzi\u0119ki: Monice Kurmin-Winterhagen<\/h6>\n<h6><\/h6>\n<\/div><\/div><\/div><div id=\"pgc-7577-2-4\"  class=\"panel-grid-cell panel-grid-cell-empty\" ><\/div><\/div><\/div>","protected":false},"excerpt":{"rendered":"<p>SPACERY PO GALERIACH SZTUKI Z AGAT\u0104 RODRIGUEZ Spacerownik Artystyczny: Sztuka Wsp\u00f3\u0142czesna w Poznaniu to projekt Agaty Rodriguez, kt\u00f3ry zaprasza do odkrywania sztuki wsp\u00f3\u0142czesnej w bardziej otwarty, przyst\u0119pny i interaktywny spos\u00f3b. <a class=\"moretag\" href=\"https:\/\/rodriguezgallery.com\/pl\/spacer-z-agata-rodriguez\/\">Read More &#8230;<\/a><\/p>\n","protected":false},"author":1,"featured_media":0,"parent":0,"menu_order":0,"comment_status":"closed","ping_status":"closed","template":"full-width-page.php","meta":{"footnotes":""},"class_list":["post-7577","page","type-page","status-publish","hentry"],"_links":{"self":[{"href":"https:\/\/rodriguezgallery.com\/pl\/wp-json\/wp\/v2\/pages\/7577","targetHints":{"allow":["GET"]}}],"collection":[{"href":"https:\/\/rodriguezgallery.com\/pl\/wp-json\/wp\/v2\/pages"}],"about":[{"href":"https:\/\/rodriguezgallery.com\/pl\/wp-json\/wp\/v2\/types\/page"}],"author":[{"embeddable":true,"href":"https:\/\/rodriguezgallery.com\/pl\/wp-json\/wp\/v2\/users\/1"}],"replies":[{"embeddable":true,"href":"https:\/\/rodriguezgallery.com\/pl\/wp-json\/wp\/v2\/comments?post=7577"}],"version-history":[{"count":1,"href":"https:\/\/rodriguezgallery.com\/pl\/wp-json\/wp\/v2\/pages\/7577\/revisions"}],"predecessor-version":[{"id":7604,"href":"https:\/\/rodriguezgallery.com\/pl\/wp-json\/wp\/v2\/pages\/7577\/revisions\/7604"}],"wp:attachment":[{"href":"https:\/\/rodriguezgallery.com\/pl\/wp-json\/wp\/v2\/media?parent=7577"}],"curies":[{"name":"wp","href":"https:\/\/api.w.org\/{rel}","templated":true}]}}