{"id":82,"date":"2015-07-01T08:58:40","date_gmt":"2015-07-01T08:58:40","guid":{"rendered":"http:\/\/rodriguezgallery.com\/?page_id=82"},"modified":"2015-10-22T13:44:44","modified_gmt":"2015-10-22T11:44:44","slug":"jakub-jasiukiewicz","status":"publish","type":"page","link":"https:\/\/rodriguezgallery.com\/pl\/jakub-jasiukiewicz\/","title":{"rendered":"Jakub Jasiukiewicz"},"content":{"rendered":"<div id=\"pl-82\"  class=\"panel-layout\" ><div id=\"pg-82-0\"  class=\"panel-grid panel-no-style\" ><div id=\"pgc-82-0-0\"  class=\"panel-grid-cell\" ><div id=\"panel-82-0-0-0\" class=\"so-panel widget widget_black-studio-tinymce widget_black_studio_tinymce panel-first-child panel-last-child\" data-index=\"0\" ><div class=\"textwidget\"><h6 style=\"text-align: justify;\"><span class=\"\" style=\"display:block;clear:both;height: 0px;padding-top: 30px;border-top-width:0px;border-bottom-width:0px;\"><\/span><\/h6>\n<h4 style=\"text-align: justify;\"><strong>Jakub Jasiukiewicz\u00a0(1983, Szczecin, Polska)<\/strong><\/h4>\n<h6 style=\"text-align: justify;\">Jakub Jasiukiewicz jest artyst\u0105 pos\u0142uguj\u0105cym si\u0119 r\u00f3\u017cnymi mediami, takimi jak fotografia, obiekt, wideo czy instalacja multimedialna.<\/p>\n<p>W swojej praktyce artystycznej porusza zazwyczaj trudne kwestie dotycz\u0105ce niepokoj\u00f3w, l\u0119k\u00f3w, zagro\u017ce\u0144. Szereg jego prac odnosi si\u0119 do moment\u00f3w granicznych, dotykaj\u0105cych ka\u017cdego cz\u0142owieka, takich chocia\u017cby jak granica mi\u0119dzy \u017cyciem a \u015bmierci\u0105. Artysta zdaje si\u0119 przygl\u0105da\u0107 \u015bmierci z bliska (<em>Dirty Bomb<\/em>) czy nawet w pewnym sensie jej do\u015bwiadcza\u0107 (<em>13 minut<\/em>), mierz\u0105c si\u0119 tym samym z w\u0142asnymi fobiami i traumami. Z drugiej strony, fascynuj\u0105ce Jasiukiewicza niepokoje, to tak\u017ce te irracjonalne, istniej\u0105ce raczej jako efekt naszych wyobra\u017ce\u0144 o niebezpiecze\u0144stwie, kt\u00f3re w spo\u0142ecze\u0144stwie wywo\u0142ywane s\u0105 przez pot\u0119gowo rosn\u0105c\u0105 liczb\u0105 coraz to nowych zagro\u017ce\u0144, od terroryzmu przez choroby, epidemie, a\u017c do nieuchronnego ko\u0144ca \u015bwiata w 2012 (<em>Nibiru<\/em>).<\/p>\n<p>Przyjmuj\u0105ce najr\u00f3\u017cniejsze formy poj\u0119cie niepokoju, Jasiukiewicz poddaje g\u0142\u0119bokiej refleksji i poprzez swoj\u0105 sztuk\u0119, zdaje si\u0119 niejako oswaja\u0107. Istotnym elementem tej praktyki jest przy tym charakterystyczny, mimo powagi tematu, humor autora oraz prowadzona niezwykle subtelnie, gra z widzem. W swych projektach, wykorzystuj\u0105c mo\u017cliwo\u015bci r\u00f3\u017cnych medi\u00f3w, aran\u017cuje on niejednoznaczne sytuacje i z premedytacj\u0105 wprowadza widza w konfuzj\u0119. Naprowadza nas na pewne tropy rozumienia, by zaraz potem z zaskoczenia zepchn\u0105\u0107 z utartego my\u015blowego szlaku i zmusi\u0107 do poszukiwania nowych i mniej jednoznacznych sens\u00f3w, udowadniaj\u0105c tym samym, \u017ce na proste pytania istniej\u0105 zazwyczaj tylko trudne odpowiedzi.<\/p>\n<p>W ostatniej serii swoich prac (<em>Tarcie i grawitacja<\/em>) Jasiukiewicz stopniowo zwraca si\u0119 ku nieco innej tematyce. Powracaj\u0105cym motywem pozostaje tu temat momentu granicznego, tyle \u017ce teraz, granica ta staje si\u0119 bardziej namacalna i zwi\u0105zana z problematyk\u0105 niezwykle blisk\u0105 cz\u0142owiekowi \u2013 problematyk\u0105 cia\u0142a.<\/h6>\n<h6 style=\"text-align: justify;\"><span style=\"line-height: 1.2;\"><\/span><\/h6>\n<\/div><\/div><\/div><div id=\"pgc-82-0-1\"  class=\"panel-grid-cell\" ><div id=\"panel-82-0-1-0\" class=\"so-panel widget widget_black-studio-tinymce widget_black_studio_tinymce panel-first-child panel-last-child\" data-index=\"1\" ><div class=\"textwidget\"><h6><span class=\"\" style=\"display:block;clear:both;height: 0px;padding-top: 30px;border-top-width:0px;border-bottom-width:0px;\"><\/span><\/h6>\n<h6 style=\"text-align: center;\"><a href=\"http:\/\/rodriguezgallery.com\/jakub-jasiukiewicz-works\/\">PRACE<\/a>\u00a0 \u00a0\u00a0<a href=\"http:\/\/rodriguezgallery.com\/jakub-jasiukiewicz-cv\/\">CV <\/a>\u00a0 \u00a0<a href=\"http:\/\/www.jasiukiewicz.com\/\" target=\"_blank\">WEB ARTYSTY<\/a>\u00a0 \u00a0 <a href=\"http:\/\/rodriguezgallery.com\/jakub-jasiukiewicz-gravity-friction\/\">WYSTAWY<\/a><\/p>\n<p><img loading=\"lazy\" decoding=\"async\" class=\"wp-image-540 size-full aligncenter\" src=\"http:\/\/rodriguezgallery.com\/wp-content\/uploads\/2015\/07\/Horyzont758x1137700px.jpg\" alt=\"\" width=\"467\" height=\"700\" srcset=\"https:\/\/rodriguezgallery.com\/wp-content\/uploads\/2015\/07\/Horyzont758x1137700px.jpg 467w, https:\/\/rodriguezgallery.com\/wp-content\/uploads\/2015\/07\/Horyzont758x1137700px-200x300.jpg 200w, https:\/\/rodriguezgallery.com\/wp-content\/uploads\/2015\/07\/Horyzont758x1137700px-300x450.jpg 300w\" sizes=\"auto, (max-width: 467px) 100vw, 467px\" \/><\/h6>\n<\/div><\/div><\/div><\/div><\/div>","protected":false},"excerpt":{"rendered":"<p>Jakub Jasiukiewicz\u00a0(1983, Szczecin, Polska)Jakub Jasiukiewicz jest artyst\u0105 pos\u0142uguj\u0105cym si\u0119 r\u00f3\u017cnymi mediami, takimi jak fotografia, obiekt, wideo czy instalacja multimedialna.W swojej praktyce artystycznej porusza zazwyczaj trudne kwestie dotycz\u0105ce niepokoj\u00f3w, l\u0119k\u00f3w, zagro\u017ce\u0144. <a class=\"moretag\" href=\"https:\/\/rodriguezgallery.com\/pl\/jakub-jasiukiewicz\/\">Read More &#8230;<\/a><\/p>\n","protected":false},"author":1,"featured_media":0,"parent":0,"menu_order":0,"comment_status":"closed","ping_status":"closed","template":"full-width-page.php","meta":{"footnotes":""},"class_list":["post-82","page","type-page","status-publish","hentry"],"_links":{"self":[{"href":"https:\/\/rodriguezgallery.com\/pl\/wp-json\/wp\/v2\/pages\/82","targetHints":{"allow":["GET"]}}],"collection":[{"href":"https:\/\/rodriguezgallery.com\/pl\/wp-json\/wp\/v2\/pages"}],"about":[{"href":"https:\/\/rodriguezgallery.com\/pl\/wp-json\/wp\/v2\/types\/page"}],"author":[{"embeddable":true,"href":"https:\/\/rodriguezgallery.com\/pl\/wp-json\/wp\/v2\/users\/1"}],"replies":[{"embeddable":true,"href":"https:\/\/rodriguezgallery.com\/pl\/wp-json\/wp\/v2\/comments?post=82"}],"version-history":[{"count":1,"href":"https:\/\/rodriguezgallery.com\/pl\/wp-json\/wp\/v2\/pages\/82\/revisions"}],"predecessor-version":[{"id":786,"href":"https:\/\/rodriguezgallery.com\/pl\/wp-json\/wp\/v2\/pages\/82\/revisions\/786"}],"wp:attachment":[{"href":"https:\/\/rodriguezgallery.com\/pl\/wp-json\/wp\/v2\/media?parent=82"}],"curies":[{"name":"wp","href":"https:\/\/api.w.org\/{rel}","templated":true}]}}