{"id":886,"date":"2015-12-02T17:35:07","date_gmt":"2015-12-02T15:35:07","guid":{"rendered":"http:\/\/rodriguezgallery.com\/?page_id=886"},"modified":"2022-10-26T10:25:00","modified_gmt":"2022-10-26T08:25:00","slug":"news-2","status":"publish","type":"page","link":"https:\/\/rodriguezgallery.com\/pl\/news-2\/","title":{"rendered":"Aktualno\u015bci"},"content":{"rendered":"<div id=\"pl-886\"  class=\"panel-layout\" ><div id=\"pg-886-0\"  class=\"panel-grid panel-no-style\" ><div id=\"pgc-886-0-0\"  class=\"panel-grid-cell panel-grid-cell-empty\" ><\/div><div id=\"pgc-886-0-1\"  class=\"panel-grid-cell panel-grid-cell-mobile-last\" ><div id=\"panel-886-0-1-0\" class=\"so-panel widget widget_black-studio-tinymce widget_black_studio_tinymce panel-first-child panel-last-child\" data-index=\"0\" ><div class=\"textwidget\"><h6><span class=\"\" style=\"display:block;clear:both;height: 0px;padding-top: 30px;border-top-width:0px;border-bottom-width:0px;\"><\/span><\/h6>\n<h6><strong>Sreshta Rit Premnath<\/strong><br \/>\n<em><a href=\"https:\/\/icasandiego.org\/art\/sreshta-rit-premnath\/\" target=\"_blank\" rel=\"noopener\">Grave\/Grove<\/a><br \/>\n<\/em>ICA San Diego, CL<br \/>\n30.09.2022 - 26.02.2023<\/h6>\n<h6><strong>Cristina Mej\u00edas<\/strong><br \/>\nWinner of Obra Abierta International Award<br \/>\n<a href=\"http:\/\/cristina-mejias.com\/temps-vecu\/\" target=\"_blank\" rel=\"noopener\">Temps Vecu<\/a><\/h6>\n<h6>Agnieszka Grodzi\u0144ska<br \/>\n<a href=\"https:\/\/x.pragovka.com\/en\/the-white-room-gallery\/current-programme\" target=\"_blank\" rel=\"noopener\"><em>Headquarters. The Act of Factocracy and Co-desire<\/em><\/a>. Curated by Jagna Dom\u017calska<br \/>\nThe White Room, Pragovka, Prague<br \/>\n17.09 \/ 17.12.2022<\/h6>\n<h6><strong>Keke Vilabelda<\/strong><br \/>\nWinner of National Painting Award Juan Franc\u00e9s de X\u00e1tiva<\/h6>\n<h6><strong>Michal Martychowiec<\/strong><br \/>\nWinner of the <a href=\"https:\/\/www.blueprojectfoundation.org\/en\/residences\/winners\" target=\"_blank\" rel=\"noopener\">Blueproject Foundation Production Prize 2022<\/a><\/h6>\n<h6><strong>Jimena Kato<\/strong><br \/>\nIberoamericana de Toro. Mujer &amp; Artes Visuales XXI<br \/>\n01.07 - 16.10.2022<\/h6>\n<h6><strong>Micha\u0142 Smandek<\/strong><br \/>\n<a href=\"http:\/\/rondosztuki.pl\/wydarzenie.php?id=851\" target=\"_blank\" rel=\"noopener\"><em>Wszech\u015bwiaty R\u00f3wnoleg\u0142e<\/em><\/a>, curated by Alexandre Devaux<br \/>\nRondo Sztuki, Katowice, Poland<br \/>\n12.11 - 12.12.2021<\/h6>\n<h6><strong>Sreshta Rit Premnath<\/strong><br \/>\n<em><a href=\"https:\/\/listart.mit.edu\/exhibitions\/sreshta-rit-premnath\" target=\"_blank\" rel=\"noopener\">Grave\/Grove<\/a><\/em>, curated by Natalie Bell<br \/>\nMIT List Visual Arts Center, Massachusetts<br \/>\n22.10.2021 - 13.02.2022<\/h6>\n<h6><strong>Jimena Kato<\/strong><br \/>\n<em>Dialecto CA2M<\/em>, curated by Manuel Segade and Tania Pardo<br \/>\nCentro de Arte 2 de Mayo, Madrid, Spain<br \/>\n22.10.2021 - 09.01.2022<\/h6>\n<h6><strong>Cristina Mej\u00edas<\/strong><br \/>\n<a href=\"https:\/\/fundacionrafaelboti.com\/agenda\/actividad\/error-de-calculo\/\" target=\"_blank\" rel=\"noopener\"><em>Error de c\u00e1lculo<\/em><\/a>, curated by Jes\u00fas Alcaide<br \/>\nFundaci\u00f3n Rafael Boti, C\u00f3rdoba, Spain<br \/>\n21.10 - 12.12.2021<\/h6>\n<h6><strong>Sreshta Rit Premnath<\/strong><br \/>\n<a href=\"https:\/\/www.contemporaryartscenter.org\/exhibitions\/2021\/09\/sreshta-rit-premnath-gravegrove\" target=\"_blank\" rel=\"noopener\"><em>Grave\/Grove<\/em><\/a>, curated by Amara Antilla<br \/>\nContemporary Arts Center Cincinnati<br \/>\n17.09.2021 - 27.02.2022<\/h6>\n<h6><strong>Sreshta Rit Premnath<\/strong><br \/>\n<a href=\"https:\/\/jameelartscentre.org\/whats-on\/the-distance-from-here\/\" target=\"_blank\" rel=\"noopener\"><em>The Distance from Here<\/em><\/a><br \/>\nJameel Arts Centre, Dubai<br \/>\n08.09.2021 - 22.01.2022<\/h6>\n<h6><strong>Michal Martychowiec<\/strong><br \/>\n<em>Berlin Masters 2021<\/em><br \/>\nHallen #2Wilhelm Hallen, Berlin, Germany<br \/>\n05.09 - 19.09.2021<\/h6>\n<h6><strong>Dalila Gon\u00e7alves<\/strong><br \/>\n<em>Colunas de Ar \/ Air Pillars<\/em>, curated by Luisa Santos<br \/>\nGaler\u00eda Municipal de Lisboa, Quadrum<br \/>\n17.07 - 29.08.2021<\/h6>\n<h6><strong>Micha\u0142 Smandek<\/strong><br \/>\n<em><a href=\"https:\/\/www.kronika.org.pl\/wystawy\/wystawy-bie\u017c\u0105ce\/item\/1082-zycie-ludzi\" target=\"_blank\" rel=\"noopener\">\u017bycie ludzi<\/a><br \/>\n<\/em>Centrum Sztuki Wsp\u00f3\u0142czesnej Kronika, Bytom<\/h6>\n<h6><strong>Marlon de Azambuja<\/strong><br \/>\n<a href=\"https:\/\/hangar.com.pt\/fundacao-marlon-de-azambuja\/\" target=\"_blank\" rel=\"noopener\"><em>FUNDA\u00c7\u00c3O<\/em><\/a>,\u00a0curated by Bruno Leit\u00e3o<br \/>\nHANGAR Centro de Investiga\u00e7\u00e3o Art\u00edstica, Lisbon<br \/>\n06.01- 13.02.2021<\/h6>\n<h6><strong>Dalila Gon\u00e7alves<\/strong><br \/>\n<a href=\"https:\/\/nmwa.org\/whats-on\/exhibitions\/online\/paper-routes-women-to-watch-2020\/\" target=\"_blank\" rel=\"noopener\"><em>Paper Routes - Women to Watch 2020<\/em><\/a><br \/>\nNational Museum of Women in the Arts, Washington<br \/>\n08.10.2020 - 18.01.2021<\/h6>\n<h6><strong>Michal Martychowiec<\/strong><br \/>\n<a href=\"https:\/\/kunsthalle-baden-baden.de\/en\/program\/body-gaze-power\/\" target=\"_blank\" rel=\"noopener\"><em>Body. Gaze. Power. A Cultural History of the Bath<\/em><\/a><br \/>\nStaatliche Kunsthalle Baden-Baden<br \/>\n07.03 - 21.06.2020<\/h6>\n<h6><strong>Marlon de Azambuja<\/strong><br \/>\nDhaka Art Summit 2020, Bangladesh<br \/>\n<a href=\"https:\/\/www.dhakaartsummit.org\" target=\"_blank\" rel=\"noopener\">https:\/\/www.dhakaartsummit.org<\/a><\/h6>\n<h6><strong>Dalila Gon\u00e7alves<\/strong><br \/>\nResidency at Fundaci\u00f3n MARSO, Mexico City<\/h6>\n<h6><strong>Marlon de Azambuja<\/strong><br \/>\n<a href=\"http:\/\/meiac.es\/exhibiciones\/marlon-de-azambuja-22\/\" target=\"_blank\" rel=\"noopener\"><em>Sentir la visi\u00f3n<\/em><\/a>, curated by Jos\u00e9 Jim\u00e9nez<br \/>\nMEIAC, Museo Extreme\u00f1o e Iberoamericano de Arte Contempor\u00e1neo<br \/>\n25.10.2019 - 25.01.2020<\/h6>\n<h6><strong>Gonzalo Elvira<\/strong><br \/>\nRecipient of the prestigious Fundaci\u00f3n Bot\u00edn International Visual Arts Grant 2019<\/h6>\n<h6><strong>Sreshta Rit Premnath<\/strong><br \/>\n<a href=\"https:\/\/www.contemporaryartgallery.ca\/exhibitions\/sreshta-rit-premnath\/\" target=\"_blank\" rel=\"noopener\"><em>Those Who Wait<\/em><\/a><br \/>\nContemporary Art Gallery, Vancouver<br \/>\n11.10.2019 - 05.01.2020<\/h6>\n<h6><strong>Mar\u00eda Tinaut<\/strong><br \/>\n<a href=\"https:\/\/www.denovo-gallery.com\" target=\"_blank\" rel=\"noopener\"><em>Fictive Certainties<\/em><\/a> (duo show with Ginevra Shay)<br \/>\nde novo gallery, Washington DC<br \/>\n07.09 - 05.10.2019<\/h6>\n<h6><strong>Agnieszka Grodzi\u0144ska<\/strong><br \/>\n<em>Traffic of Favours\u00a0<\/em>(solo show)<br \/>\nMAK Gallery, Venice<br \/>\n20.07 - 09.08.2019<\/h6>\n<h6><strong>Micha\u0142 Martychowiec<\/strong><br \/>\n<a href=\"https:\/\/www.migrantbirdspace.com\/project\/71\" target=\"_blank\" rel=\"noopener\"><em>Winter kept us warm<\/em> <\/a>(solo show)<br \/>\nMigrant Bird Space, Berlin<br \/>\n21.06 - 09.08.2019<\/h6>\n<h6><strong>Mar\u00eda Tinaut<\/strong><br \/>\nSkowhegan School of Painting and Sculpture, Maine, US<br \/>\nArtist residency<\/h6>\n<h6><strong>Sreshta Rit Premnath<\/strong><br \/>\n<a href=\"https:\/\/www.westfaelischer-kunstverein.de\/ausstellungen\/aktuell\/intrus\/\" target=\"_blank\" rel=\"noopener\"><em>L'Intrus REDUX<\/em><\/a><br \/>\nNew commission supported by Westf\u00e4lischen Kunstverein and The Foundation fro Contemporary Art Emergency Grant<br \/>\nWestf\u00e4lischen Kunstverein, M\u00fcnster<br \/>\n15.06 - 18.08.2019<\/h6>\n<h6><strong>Agnieszka Grodzi\u0144ska<\/strong><br \/>\nGyeongju International Residency Art Festa<br \/>\nGyeongju, South Korea<\/h6>\n<h6><strong>Micha\u0142 Martychowiec<\/strong><br \/>\n<em>Empty Room<\/em><br \/>\nSpazio Cordis, Verona<br \/>\n13.04 - 8.06.2019<\/h6>\n<h6><strong>Mar\u00eda Tinaut<\/strong><br \/>\n<a href=\"https:\/\/museoph.org\/noticia\/exposicion-maria-tinaut-sobre-la-fotografia\" target=\"_blank\" rel=\"noopener\"><em>Mar\u00eda Tinaut. Sobre la fotograf\u00eda<\/em><\/a><br \/>\nMuseo Patio Herreriano, Valladolid<br \/>\n07.02 - 31.03.2019<\/h6>\n<h6><strong>Marlon de Azambuja<\/strong><br \/>\n<a href=\"http:\/\/www.arsenal.art.pl\/en\/exhibitions\/medio-cuerpo\/\" target=\"_blank\" rel=\"noopener\"><em>Medio Cuerpo<\/em><\/a><br \/>\ncurated by Agata Rodr\u00edguez<br \/>\nArsenal Municipal Gallery, Poznan<br \/>\n11.01 - 3.03.2019<\/h6>\n<h6><strong>Micha\u0142 Smandek<\/strong><br \/>\n<a href=\"https:\/\/vimeo.com\/310769172?fbclid=IwAR1UKrZ5Wzu2f3J1U8b3vDGWPnXK5JWCIwp5So2NrlFF4Ih2jVVO2e1oCCg\" target=\"_blank\" rel=\"noopener\"><em>The Horizon<\/em><\/a>\u00a0(music performance\/concert with Patryk Pi\u0142asiewicz),<br \/>\nZamek Culture Centre, Poznan<br \/>\n05.12.2018<\/h6>\n<h6><strong>Dalila Gon\u00e7alves<\/strong><br \/>\n<a href=\"http:\/\/www.centrodeartealcobendas.org\/es\/orquideas-mesa-billar-dalila-goncalves\" target=\"_blank\" rel=\"noopener\"><em>Orqu\u00eddeas en la mesa de billar<\/em><\/a><br \/>\nCentro de Arte Alcobendas<br \/>\n06.09 - 13.10.2018<\/h6>\n<h6><strong>Micha\u0142 Martychowiec<\/strong><br \/>\n<a href=\"http:\/\/michalmartychowiec.com\/tears-of-iblis\/\" target=\"_blank\" rel=\"noopener\"><em>Tears of Iblis<\/em><\/a><br \/>\nMigrant Bird Space, Beijing<br \/>\n29.06 - 27.07.2018<\/h6>\n<h6><strong>Jimena Kato<\/strong><br \/>\nWinner of the Nebrija's University Prize<br \/>\nCentro Cultural Galileo, Madrid<\/h6>\n<h6><strong>Micha\u0142 Martychowiec<\/strong><br \/>\n<a href=\"http:\/\/signum.art.pl\/en\/\" target=\"_blank\" rel=\"noopener\">Cycle of solo exhibitions at Signum Foundation, \u0141\u00f3d\u017a<\/a><br \/>\n<em>Reading history, What remains the poets provide, The Tears of Iblis, Journey to the West<\/em><\/h6>\n<h6><strong>Micha\u0142 Martychowiec<br \/>\n<\/strong><em><a href=\"http:\/\/www.weserburg.de\/index.php?id=956&amp;L=1\" target=\"_blank\" rel=\"noopener\">Where does your heart belong?<\/a><br \/>\n<\/em>Weserburg Museum of Modern Art in Bremen<br \/>\n16.03 - 02.09.2018<\/h6>\n<h6><strong>Gonzalo Elvira<\/strong><br \/>\n<a href=\"http:\/\/www.macba.cat\/en\/exhibition-oscar-masotta-theory-as-action\/1\/exhibitions\/expo\" target=\"_blank\" rel=\"noopener\"><em>Oscar Masotta. Theory as Action<\/em><\/a><br \/>\nMACBA, Barcelona Museum of Contemporary Art<br \/>\n23.03 - 11.09.2018<\/h6>\n<h6><strong>Mar\u00eda Tinaut<\/strong><br \/>\nResidency at the Atelierhaus Salzamt in Linz (Austria)<br \/>\nFebruary 2018<\/h6>\n<h6><strong>Francizsek Or\u0142owski<\/strong><br \/>\n<em><a href=\"http:\/\/trafo.art\/en\/swag-threat\/\" target=\"_blank\" rel=\"noopener\">PRZECHWA\u0141KI I POGR\u00d3\u017bKI<\/a><\/em><br \/>\nTrafostacja Sztuki w Szczecinie<br \/>\n07.12.2017 - 28.01.2018<\/h6>\n<h6><strong>Micha\u0142 Martychowiec<\/strong><br \/>\n<a href=\"http:\/\/www.fasv.it\/en\/\"><em>Neon revolution<\/em> at Videoinsight Centre<\/a><br \/>\nArtists: Joel Andrianomearisoa, Mahmoud Bakhshi, Yael Bartana, Liu Ding, Joseph Kosuth, Michal Martychowiec, Alice Ronchi, Gabriele de Santis, Ronald Ventura<\/h6>\n<h6><strong>Micha\u0142 Smandek<\/strong><br \/>\n<em>Plant Care. 'Wujek' Coal Mine<\/em><strong><br \/>\n<\/strong>Silesian Museum, Katowice<br \/>\n19.10 - 19.11.2017<\/h6>\n<h6><strong>Anna Talens<\/strong><br \/>\n<i>Fragmentos para la eternidad. Po\u00e9ticas en torno a la Ruina<\/i>.<br \/>\nFundacion Chirivella Soriano, Valencia<\/h6>\n<h6><strong>Micha\u0142 Martychowiec<\/strong><br \/>\n<em>The urge to create visions 1929-2017<\/em><br \/>\nCenter of Polish Sculpture in Oro\u0144sko<br \/>\n25.05 - 17.09.2017<\/h6>\n<h6><strong>Anna Talens<br \/>\n<\/strong><em>Un fin feliz y dorado<\/em><br \/>\npazYcomedias Gallery, Valencia<br \/>\n29.09.2017<\/h6>\n<h6><strong>Warsaw Gallery Weekend 2017<br \/>\n<\/strong><em>D \/ I \/ S \/ R \/ U \/ P \/ T \u00a0(part 2)<br \/>\n<\/em>Marlon de Azambuja, Piotr Bosacki, Cristina Garrido, Agnieszka Grodzi\u0144ska, Jimena Kato, Julia LLerena, Franciszek Or\u0142owski, Maya Saravia, Micha\u0142 Smandek, Mauro Vallejo<br \/>\n22.09 - 03.10.2017<\/h6>\n<h6><strong>Keke Vilabelda<br \/>\n<\/strong><em>Estratos y Sedimentos<\/em><br \/>\nKir Royal Gallery, Madrid<br \/>\n12.09 - 18.10.2017<\/h6>\n<h6><strong>Gonzalo Elvira<\/strong><br \/>\n<em>155. La balada de Sim\u00f3n<br \/>\n<\/em>La Virreina Centre de la Imatge, Barcelona<br \/>\n07.07 - 08.10.2017<\/h6>\n<h6><strong>Gonzalo Elvira<\/strong><br \/>\n<em>12 canciones concretas<\/em><br \/>\nCentro de Arte Alcobendas, Madrid<br \/>\n19.01 - 25.02.2017<\/h6>\n<h6><strong>Warsaw Gallery Weekend 2016<\/strong><br \/>\nPep Vidal: <em>How Green Was My Valley<\/em><br \/>\n23.09 - 04.10.2017<\/h6>\n<h6><strong>Micha\u0142 Smandek<\/strong><br \/>\n<em>The Sun Extinguished<\/em><br \/>\nWozownia Art Gallery, Torun<br \/>\n01.04 - 03.05.2016<\/h6>\n<h6><strong>Micha\u0142 Smandek<\/strong><br \/>\n<em>Drawings<\/em><br \/>\nGaleria Starter, Warsaw<br \/>\n04.02 - 27.02.2016<\/h6>\n<h6><strong>Jakub Jasiukiewicz, Micha\u0142 Martychowiec, Franciszek Or\u0142owski<\/strong><br \/>\n<em>Illegibility. The contexts of script<\/em> (group show)<br \/>\nArt Stations, Poznan<br \/>\n23.02 - 17.05.2016<\/h6>\n<h6><strong>Keke Vilabelda<\/strong><br \/>\n<em>Flow<\/em><br \/>\nKir Royal gallery, Valencia<br \/>\n21.01 - 04.03.2016<\/h6>\n<h6><strong>Jakub Jasiukiewicz<\/strong><br \/>\n<em>Canis Lupus<\/em><br \/>\nWroc\u0142aw-Copernicus Airport<br \/>\nAs part of the European Capital of Culture 2016 programme<\/h6>\n<\/div><\/div><\/div><div id=\"pgc-886-0-2\"  class=\"panel-grid-cell panel-grid-cell-empty\" ><\/div><\/div><\/div>","protected":false},"excerpt":{"rendered":"<p>Sreshta Rit Premnath Grave\/Grove ICA San Diego, CL 30.09.2022 &#8211; 26.02.2023 Cristina Mej\u00edas Winner of Obra Abierta International Award Temps Vecu Agnieszka Grodzi\u0144ska Headquarters. The Act of Factocracy and Co-desire. <a class=\"moretag\" href=\"https:\/\/rodriguezgallery.com\/pl\/news-2\/\">Read More &#8230;<\/a><\/p>\n","protected":false},"author":1,"featured_media":0,"parent":0,"menu_order":0,"comment_status":"closed","ping_status":"closed","template":"full-width-page.php","meta":{"footnotes":""},"class_list":["post-886","page","type-page","status-publish","hentry"],"_links":{"self":[{"href":"https:\/\/rodriguezgallery.com\/pl\/wp-json\/wp\/v2\/pages\/886","targetHints":{"allow":["GET"]}}],"collection":[{"href":"https:\/\/rodriguezgallery.com\/pl\/wp-json\/wp\/v2\/pages"}],"about":[{"href":"https:\/\/rodriguezgallery.com\/pl\/wp-json\/wp\/v2\/types\/page"}],"author":[{"embeddable":true,"href":"https:\/\/rodriguezgallery.com\/pl\/wp-json\/wp\/v2\/users\/1"}],"replies":[{"embeddable":true,"href":"https:\/\/rodriguezgallery.com\/pl\/wp-json\/wp\/v2\/comments?post=886"}],"version-history":[{"count":1,"href":"https:\/\/rodriguezgallery.com\/pl\/wp-json\/wp\/v2\/pages\/886\/revisions"}],"predecessor-version":[{"id":6462,"href":"https:\/\/rodriguezgallery.com\/pl\/wp-json\/wp\/v2\/pages\/886\/revisions\/6462"}],"wp:attachment":[{"href":"https:\/\/rodriguezgallery.com\/pl\/wp-json\/wp\/v2\/media?parent=886"}],"curies":[{"name":"wp","href":"https:\/\/api.w.org\/{rel}","templated":true}]}}