{"id":96,"date":"2015-07-01T09:15:00","date_gmt":"2015-07-01T09:15:00","guid":{"rendered":"http:\/\/rodriguezgallery.com\/?page_id=96"},"modified":"2025-10-10T15:01:18","modified_gmt":"2025-10-10T13:01:18","slug":"artists-2","status":"publish","type":"page","link":"https:\/\/rodriguezgallery.com\/pl\/artists-2\/","title":{"rendered":"Arty\u015bci"},"content":{"rendered":"<div id=\"pl-96\"  class=\"panel-layout\" ><div id=\"pg-96-0\"  class=\"panel-grid panel-no-style\" ><div id=\"pgc-96-0-0\"  class=\"panel-grid-cell panel-grid-cell-empty\" ><\/div><\/div><div id=\"pg-96-1\"  class=\"panel-grid panel-has-style\" ><div class=\"panel-row-style panel-row-style-for-96-1\" ><div id=\"pgc-96-1-0\"  class=\"panel-grid-cell panel-grid-cell-empty\" ><\/div><div id=\"pgc-96-1-1\"  class=\"panel-grid-cell\" ><div id=\"panel-96-1-1-0\" class=\"so-panel widget widget_black-studio-tinymce widget_black_studio_tinymce panel-first-child panel-last-child\" data-index=\"0\" ><div class=\"textwidget\"><h4 style=\"text-align: left;\"><strong>Wsp\u00f3\u0142praca<\/strong><\/h4>\n<h4 style=\"text-align: left;\"><a href=\"https:\/\/rodriguezgallery.com\/dalila-goncalves\/\">Dalila Gon\u00e7alves<\/a><br \/>\n<a href=\"http:\/\/agnieszkagrodzinska.com\" target=\"_blank\" rel=\"noopener\">Agnieszka Grodzi\u0144ska<\/a><br \/>\n<a href=\"https:\/\/rodriguezgallery.com\/jimena-kato\/\">Jimena Kato<\/a><br \/>\n<a href=\"https:\/\/rodriguezgallery.com\/marlena-kudlicka\/\">Marlena Kudlicka<\/a><br \/>\n<a href=\"https:\/\/rodriguezgallery.com\/michal-martychowiec\/\">Michal Martychowiec<\/a><br \/>\n<a href=\"https:\/\/rodriguezgallery.com\/cristina-mejias\/\">Cristina Mej\u00edas<\/a><br \/>\n<a href=\"http:\/\/www.maxradawski.com\" target=\"_blank\" rel=\"noopener\">Max Radawski<\/a><br \/>\n<a href=\"https:\/\/rodriguezgallery.com\/sreshta-rit-premnath\/\">Sreshta Rit Premnath<\/a><br \/>\n<a href=\"https:\/\/rodriguezgallery.com\/michal-smandek-2\/\">Micha\u0142 Smandek<\/a><br \/>\n<a href=\"https:\/\/rodriguezgallery.com\/keke-vilabelda-2\/\">Keke Vilabelda<\/a><\/h4>\n<\/div><\/div><\/div><div id=\"pgc-96-1-2\"  class=\"panel-grid-cell panel-grid-cell-mobile-last\" ><div id=\"panel-96-1-2-0\" class=\"so-panel widget widget_black-studio-tinymce widget_black_studio_tinymce panel-first-child panel-last-child\" data-index=\"1\" ><div class=\"textwidget\"><h4 style=\"text-align: left;\"><strong>Pokazywani arty\u015bci <\/strong><\/h4>\n<h4 style=\"text-align: left;\"><a href=\"https:\/\/www.noraaurrekoetxea.com\" target=\"_blank\" rel=\"noopener\">Nora Aurrekoetxea<\/a><br \/>\n<a href=\"https:\/\/rodriguezgallery.com\/marlon-de-azambuja\/\">Marlon de Azambuja<\/a><br \/>\n<a href=\"http:\/\/www.bazowska.com\" target=\"_blank\" rel=\"noopener\">Natalia Ba\u017cowska<\/a><br \/>\n<a href=\"http:\/\/www.anamarybilbao.com\" target=\"_blank\" rel=\"noopener\">AnaMary Bilbao<\/a><br \/>\n<a href=\"https:\/\/adolfobimer.com\" target=\"_blank\" rel=\"noopener\">Adolfo Bimer<\/a><br \/>\nViktor Briestensky<br \/>\n<a href=\"https:\/\/rodriguezgallery.com\/dorota-buczkowska\/\">Dorota Buczkowska<\/a><br \/>\n<a href=\"https:\/\/paintings.henrychapman.com\" target=\"_blank\" rel=\"noopener\">Henry Chapman<\/a><br \/>\n<a href=\"https:\/\/cieslewicz.art\" target=\"_blank\" rel=\"noopener\">Aleksandra Cie\u015blewicz<\/a><br \/>\n<a href=\"http:\/\/www.alicjadobrucka.com\" target=\"_blank\" rel=\"noopener\">Alicja Dobrucka<\/a><br \/>\n<a href=\"http:\/\/gonzaloelvira.com\" target=\"_blank\" rel=\"noopener\">Gonzalo Elvira<\/a><br \/>\n<a href=\"https:\/\/www.irenefenara.com\" target=\"_blank\" rel=\"noopener\">Irene Fenara<\/a><br \/>\n<a href=\"http:\/\/www.cristina-garrido.com\" target=\"_blank\" rel=\"noopener noreferrer\">Cristina Garrido<\/a><br \/>\n<a href=\"https:\/\/www.pierregerard.eu\" target=\"_blank\" rel=\"noopener\">Pierre Gerard<\/a><br \/>\n<a href=\"https:\/\/rodriguezgallery.com\/regina-gimenez\/\">Regina Gim\u00e9nez<\/a><br \/>\n<a href=\"http:\/\/www.whoisisoya.com\" target=\"_blank\" rel=\"noopener\">Hirofumi Isoya<\/a><br \/>\nKornel Janczy<br \/>\n<a href=\"https:\/\/rodriguezgallery.com\/jakub-jasiukiewicz\/\">Jakub Jasiukiewicz<\/a><br \/>\n<a href=\"http:\/\/pfjaskula.pl\" target=\"_blank\" rel=\"noopener\">Pawe\u0142 Franciszek Jasku\u0142a<\/a><a href=\"https:\/\/rodriguezgallery.com\/hirofumi-isoya\/\"><br \/>\n<\/a><a href=\"https:\/\/rodriguezgallery.com\/dong-yoon-kim\/\">Dong Yoon Kim<\/a><br \/>\n<a href=\"http:\/\/floriankiniques.com\" target=\"_blank\" rel=\"noopener\">Florian Kiniques<\/a><br \/>\n<a href=\"https:\/\/kinomanual.pl\" target=\"_blank\" rel=\"noopener\">kinoMANUAL<\/a><br \/>\n<a href=\"https:\/\/adriankolerski.com\" target=\"_blank\" rel=\"noopener\">Adrian Kolerski<\/a><br \/>\n<a href=\"https:\/\/rodriguezgallery.com\/diana-lelonek\/\">Diana Lelonek<br \/>\n<\/a><a href=\"http:\/\/www.juliallerena.com\" target=\"_blank\" rel=\"noopener noreferrer\">Julia Llerena<\/a><br \/>\nXisco Mensua<br \/>\nFranciszek Or\u0142owski<a href=\"http:\/\/www.juliallerena.com\" target=\"_blank\" rel=\"noopener noreferrer\"><br \/>\n<\/a><a href=\"http:\/\/witekorski.com\" target=\"_blank\" rel=\"noopener\">Witek Orski<\/a><br \/>\n<a href=\"https:\/\/www.andrespachon.com\" target=\"_blank\" rel=\"noopener\">Andr\u00e9s Pach\u00f3n<\/a><br \/>\nChlo\u00e9 Quenum<br \/>\nManuel M. Romero<a href=\"https:\/\/www.andrespachon.com\" target=\"_blank\" rel=\"noopener\"><br \/>\n<\/a><a href=\"http:\/\/mayasaravia.com\" target=\"_blank\" rel=\"noopener\">Maya Saravia<\/a><br \/>\nJana Shostak<br \/>\n<a href=\"https:\/\/www.mariannespurr.com\" target=\"_blank\" rel=\"noopener\">Marianne Spurr<\/a><br \/>\nMa\u0142gorzata Szymankiewicz<br \/>\n<a href=\"https:\/\/www.annatalens.com\" target=\"_blank\" rel=\"noopener\">Anna Talens<\/a><br \/>\n<a href=\"https:\/\/mariatinaut.com\" target=\"_blank\" rel=\"noopener\">Mar\u00eda Tinaut<\/a><br \/>\n<a href=\"http:\/\/www.davidetrabucco.it\" target=\"_blank\" rel=\"noopener\">Davide Trabucco<\/a><br \/>\n<a href=\"http:\/\/maurovallejo.com\" target=\"_blank\" rel=\"noopener noreferrer\">Mauro Vallejo<\/a><br \/>\n<a href=\"http:\/\/www.pepvidal.com\" target=\"_blank\" rel=\"noopener\">Pep Vidal<\/a><br \/>\n<a href=\"https:\/\/ianwaelder.info\" target=\"_blank\" rel=\"noopener\">Ian Waelder<\/a><\/h4>\n<\/div><\/div><\/div><div id=\"pgc-96-1-3\"  class=\"panel-grid-cell panel-grid-cell-empty\" ><\/div><\/div><\/div><\/div>","protected":false},"excerpt":{"rendered":"<p>Wsp\u00f3\u0142praca Dalila Gon\u00e7alves Agnieszka Grodzi\u0144ska Jimena Kato Marlena Kudlicka Michal Martychowiec Cristina Mej\u00edas Max Radawski Sreshta Rit Premnath Micha\u0142 Smandek Keke Vilabelda Pokazywani arty\u015bci Nora Aurrekoetxea Marlon de Azambuja Natalia <a class=\"moretag\" href=\"https:\/\/rodriguezgallery.com\/pl\/artists-2\/\">Read More &#8230;<\/a><\/p>\n","protected":false},"author":1,"featured_media":0,"parent":0,"menu_order":0,"comment_status":"closed","ping_status":"open","template":"full-width-page.php","meta":{"footnotes":""},"class_list":["post-96","page","type-page","status-publish","hentry"],"_links":{"self":[{"href":"https:\/\/rodriguezgallery.com\/pl\/wp-json\/wp\/v2\/pages\/96","targetHints":{"allow":["GET"]}}],"collection":[{"href":"https:\/\/rodriguezgallery.com\/pl\/wp-json\/wp\/v2\/pages"}],"about":[{"href":"https:\/\/rodriguezgallery.com\/pl\/wp-json\/wp\/v2\/types\/page"}],"author":[{"embeddable":true,"href":"https:\/\/rodriguezgallery.com\/pl\/wp-json\/wp\/v2\/users\/1"}],"replies":[{"embeddable":true,"href":"https:\/\/rodriguezgallery.com\/pl\/wp-json\/wp\/v2\/comments?post=96"}],"version-history":[{"count":1,"href":"https:\/\/rodriguezgallery.com\/pl\/wp-json\/wp\/v2\/pages\/96\/revisions"}],"predecessor-version":[{"id":7322,"href":"https:\/\/rodriguezgallery.com\/pl\/wp-json\/wp\/v2\/pages\/96\/revisions\/7322"}],"wp:attachment":[{"href":"https:\/\/rodriguezgallery.com\/pl\/wp-json\/wp\/v2\/media?parent=96"}],"curies":[{"name":"wp","href":"https:\/\/api.w.org\/{rel}","templated":true}]}}