{"id":985,"date":"2015-12-15T17:08:37","date_gmt":"2015-12-15T15:08:37","guid":{"rendered":"http:\/\/rodriguezgallery.com\/?page_id=985"},"modified":"2019-09-16T16:22:04","modified_gmt":"2019-09-16T14:22:04","slug":"natalia-bazowska-steppe-soul","status":"publish","type":"page","link":"https:\/\/rodriguezgallery.com\/pl\/natalia-bazowska-steppe-soul\/","title":{"rendered":"Natalia Ba\u017cowska Steppe Soul"},"content":{"rendered":"<div id=\"pl-985\"  class=\"panel-layout\" ><div id=\"pg-985-0\"  class=\"panel-grid panel-no-style\" ><div id=\"pgc-985-0-0\"  class=\"panel-grid-cell panel-grid-cell-empty\" ><\/div><\/div><div id=\"pg-985-1\"  class=\"panel-grid panel-no-style\" ><div id=\"pgc-985-1-0\"  class=\"panel-grid-cell\" ><div id=\"panel-985-1-0-0\" class=\"so-panel widget widget_black-studio-tinymce widget_black_studio_tinymce panel-first-child panel-last-child\" data-index=\"0\" ><div class=\"textwidget\"><h4><em><strong><span style=\"text-decoration: underline;\"><\/span><\/strong><\/em><strong><span style=\"text-decoration: underline;\">Natalia Ba\u017cowska<\/span><\/strong><strong><span style=\"text-decoration: underline;\">:<\/span><\/strong><em><strong><span style=\"text-decoration: underline;\">\u00a0Stepowa Dusza<\/span><\/strong><\/em><strong>\u00a0 \u00a0 <br \/>15.01.2016 - 13.02.2016<\/strong><\/h4>\n<h6>Punktem wyj\u015bcia pierwszej wystawy Natalii Ba\u017cowskiej w Rodriguez Gallery, jest tytu\u0142owa stepowa dusza. Artystka stworzy\u0142a ten termin, aby zdefiniowa\u0107 instynkt, wewn\u0119trzn\u0105 si\u0142\u0119, kt\u00f3ra sk\u0142ania do nieustannej w\u0119dr\u00f3wki, poznawania i zdobywania nowych, nieznanych teren\u00f3w, nie tylko w podr\u00f3\u017cy, ale przez ca\u0142e \u017cycie.<\/p>\n<p>Wystawa zaaran\u017cowana zosta\u0142a jako swoista opowie\u015b\u0107, kt\u00f3ra stopniowo pozwala widzowi zag\u0142\u0119bi\u0107 si\u0119 w intymny \u015bwiat artystki. Jednocze\u015bnie, pod\u0105\u017caj\u0105c za ni\u0105, odkrywamy r\u00f3\u017cnorodne, przeplataj\u0105ce si\u0119 ze sob\u0105 w\u0105tki, do kt\u00f3rych podj\u0119cia sk\u0142aniaj\u0105 poszczeg\u00f3lne dzie\u0142a. \u00a0<\/p>\n<p><em>Mikro\u015bwiaty<\/em>, skomponowane w s\u0142ojach i u\u0142o\u017cone na p\u00f3\u0142kach niczym w muzeum historii naturalnej, to znaleziska przywiezione przez artystk\u0119 z jej licznych w\u0119dr\u00f3wek. Funkcjonuj\u0105 tu nie tylko, jako \u015bwiadectwo podr\u00f3\u017cy i kontaktu z natur\u0105, ale przede wszystkim, jako istota rodz\u0105cych si\u0119 w cz\u0142owieku\u00a0wspomnie\u0144. Pochodz\u0105ce z konkretnych miejsc organiczne \u201eskarby\u201d, zosta\u0142y ze sob\u0105 zmieszane i u\u0142o\u017cone w estetyczne kompozycje, zyskuj\u0105c ca\u0142kowicie now\u0105 jako\u015b\u0107. Tak jak w naszym umy\u015ble zaciera si\u0119 obraz konkretnego miejsca i tworzy si\u0119 nowy \u201e\u015bwiat\u201d, tak i tutaj powstaje \u201e\u015bwiat\u201d, kt\u00f3rego wa\u017cnymi sk\u0142adnikami s\u0105 pami\u0119\u0107 i do\u015bwiadczenie, a kt\u00f3ry staje si\u0119 bardziej realny i namacalny od rzeczywistego miejsca\/zdarzenia.<\/p>\n<p>Analityczne i nieco badawcze podej\u015bcie tw\u00f3rcze artystki, kt\u00f3re odczyta\u0107 mo\u017cna w <em>Mikro\u015bwiatach<\/em>, harmonijnie \u0142\u0105czy si\u0119 z bardziej intuicyjnym prze\u017cywaniem natury w pracach malarskich. Ekspresyjne p\u0142\u00f3tna skupiaj\u0105 si\u0119 przede wszystkim na wa\u017cnym aspekcie posiadania \u201estepowej duszy\u201d, a mianowicie problemie zjednoczenia z natur\u0105. Z jednej strony ukazuj\u0105 one symboliczn\u0105 posta\u0107\/dusz\u0119, stworzon\u0105 z tej samej materii, co otaczaj\u0105cy j\u0105 \u015bwiat i wtapiaj\u0105c\u0105 si\u0119 niejako w pejza\u017c. Z drugiej strony posta\u0107 ta, zdaje si\u0119 delikatnie tej naturze wyrywa\u0107, wybiega\u0107 ponad. Ten pozorny dualizm przedstawienia, w tw\u00f3rczy spos\u00f3b ukazuje prawdziw\u0105 natur\u0119 \u201estepowej duszy\u201d, kt\u00f3ra tak jak przyroda jest niespokojna i d\u0105\u017cy do ci\u0105g\u0142ej zmiany. \u00a0\u00a0<\/p>\n<p>Oba, pojawiaj\u0105ce si\u0119 w poprzednich pracach, w\u0105tki poruszaj\u0105 tak\u017ce fotografie oraz praca wideo <em>Stepowa dusza<\/em>. Traktowane s\u0105 one jako zapiski z podr\u00f3\u017cy, swoisty pami\u0119tnik, w kt\u00f3rym rozwini\u0119ty zostaje problem pami\u0119ci, mapy ich wzajemnych powi\u0105za\u0144 i zatartych lub dopowiedzianych element\u00f3w, kt\u00f3re razem sk\u0142adaj\u0105 si\u0119 na nasze wspomnienie.\u00a0W\u0105tek zjednoczenia z natur\u0105 natomiast, jeszcze wyra\u017aniej uwidacznia si\u0119 w umieszczonej centralnie fotografii, ukazuj\u0105cej uchwycon\u0105 od ty\u0142u sylwetk\u0119 artystki, spogl\u0105daj\u0105c\u0105 na horyzont. Widoczne jest tutaj odwo\u0142anie do kompozycji obrazu Caspara Davida Friedricha, w kt\u00f3rym tw\u00f3rca, niczym Demiurg, przygl\u0105da si\u0119 z wysoka nieujarzmionej przyrodzie, wyra\u017anie odcinaj\u0105c si\u0119 od niej. Ba\u017cowska, w swojej pracy, przemienia ten motyw w bardziej intymn\u0105 i subteln\u0105 wypowied\u017a, w kt\u00f3rej centralna posta\u0107 wtapia si\u0119 i wr\u0119cz rozmywa w krajobrazie. Romantyczne pojmowanie natury i zachwyt nad ni\u0105, przeistacza si\u0119 tu w obraz harmonii i blisko\u015bci z otaczaj\u0105cym nas \u015bwiatem.\u00a0<\/p>\n<p>Punktem kulminacyjnym pojawiaj\u0105cych si\u0119 refleksji oraz kompozycji samej wystawy jest <em>Pok\u00f3j Wiatru<\/em>, wykreowany w przestrzeni galerii. Czuj\u0105c piasek pod stopami, obserwuj\u0105c rozci\u0105gaj\u0105c\u0105 si\u0119 przed nami burz\u0119 piaskow\u0105, wystawieni jeste\u015bmy na dzia\u0142anie podmuchu wiatru. To w tym miejscu, tak naprawd\u0119, najpe\u0142niej wnikamy w \u015bwiat artystki, to tu wszystkimi zmys\u0142ami do\u015bwiadczy\u0107 mo\u017cemy cho\u0107 namiastki tego, co jest kwintesencj\u0105 stepowej duszy \u2013 poczucia wolno\u015bci, si\u0142y i prawdziwej jedno\u015bci z natur\u0105.<\/h6>\n<p>\u00a0<\/p>\n<h6>Pobierz pe\u0142n\u0105 dokumentacj\u0119 wystawy tutaj:<br \/><a href=\"https:\/\/rodriguezgallery.com\/wp-content\/uploads\/2016\/06\/Natalia-Bazowska-Dokumentacja.pdf\" target=\"_blank\">Stepowa dusza PL<\/a><\/h6>\n<h6 style=\"text-align: justify;\"><\/h6>\n<\/div><\/div><\/div><div id=\"pgc-985-1-1\"  class=\"panel-grid-cell\" ><div id=\"panel-985-1-1-0\" class=\"so-panel widget widget_black-studio-tinymce widget_black_studio_tinymce panel-first-child panel-last-child\" data-index=\"1\" ><div class=\"textwidget\"><h6 style=\"text-align: center;\"><\/h6>\n<p><div id='gallery-1' class='gallery galleryid-985 gallery-columns-4 gallery-size-thumbnail'><figure class='gallery-item'>\n\t\t\t<div class='gallery-icon landscape'>\n\t\t\t\t<a href='https:\/\/rodriguezgallery.com\/wp-content\/uploads\/2015\/12\/IMG_4955.6.jpg'><img loading=\"lazy\" decoding=\"async\" width=\"150\" height=\"150\" src=\"https:\/\/rodriguezgallery.com\/wp-content\/uploads\/2015\/12\/IMG_4955.6-150x150.jpg\" class=\"attachment-thumbnail size-thumbnail\" alt=\"\" \/><\/a>\n\t\t\t<\/div><\/figure><figure class='gallery-item'>\n\t\t\t<div class='gallery-icon landscape'>\n\t\t\t\t<a href='https:\/\/rodriguezgallery.com\/wp-content\/uploads\/2015\/12\/IMG_4941.jpg'><img loading=\"lazy\" decoding=\"async\" width=\"150\" height=\"150\" src=\"https:\/\/rodriguezgallery.com\/wp-content\/uploads\/2015\/12\/IMG_4941-150x150.jpg\" class=\"attachment-thumbnail size-thumbnail\" alt=\"\" \/><\/a>\n\t\t\t<\/div><\/figure><figure class='gallery-item'>\n\t\t\t<div class='gallery-icon landscape'>\n\t\t\t\t<a href='https:\/\/rodriguezgallery.com\/wp-content\/uploads\/2015\/12\/IMG_4955.jpg'><img loading=\"lazy\" decoding=\"async\" width=\"150\" height=\"150\" src=\"https:\/\/rodriguezgallery.com\/wp-content\/uploads\/2015\/12\/IMG_4955-150x150.jpg\" class=\"attachment-thumbnail size-thumbnail\" alt=\"\" \/><\/a>\n\t\t\t<\/div><\/figure><figure class='gallery-item'>\n\t\t\t<div class='gallery-icon landscape'>\n\t\t\t\t<a href='https:\/\/rodriguezgallery.com\/wp-content\/uploads\/2015\/12\/IMG_4956.jpg'><img loading=\"lazy\" decoding=\"async\" width=\"150\" height=\"150\" src=\"https:\/\/rodriguezgallery.com\/wp-content\/uploads\/2015\/12\/IMG_4956-150x150.jpg\" class=\"attachment-thumbnail size-thumbnail\" alt=\"\" \/><\/a>\n\t\t\t<\/div><\/figure><figure class='gallery-item'>\n\t\t\t<div class='gallery-icon landscape'>\n\t\t\t\t<a href='https:\/\/rodriguezgallery.com\/wp-content\/uploads\/2015\/12\/IMG_4958.jpg'><img loading=\"lazy\" decoding=\"async\" width=\"150\" height=\"150\" src=\"https:\/\/rodriguezgallery.com\/wp-content\/uploads\/2015\/12\/IMG_4958-150x150.jpg\" class=\"attachment-thumbnail size-thumbnail\" alt=\"\" \/><\/a>\n\t\t\t<\/div><\/figure><figure class='gallery-item'>\n\t\t\t<div class='gallery-icon portrait'>\n\t\t\t\t<a href='https:\/\/rodriguezgallery.com\/wp-content\/uploads\/2015\/12\/IMG_4918.jpg'><img loading=\"lazy\" decoding=\"async\" width=\"150\" height=\"150\" src=\"https:\/\/rodriguezgallery.com\/wp-content\/uploads\/2015\/12\/IMG_4918-150x150.jpg\" class=\"attachment-thumbnail size-thumbnail\" alt=\"\" \/><\/a>\n\t\t\t<\/div><\/figure><figure class='gallery-item'>\n\t\t\t<div class='gallery-icon landscape'>\n\t\t\t\t<a href='https:\/\/rodriguezgallery.com\/wp-content\/uploads\/2015\/12\/20_29-2015.jpeg'><img loading=\"lazy\" decoding=\"async\" width=\"150\" height=\"150\" src=\"https:\/\/rodriguezgallery.com\/wp-content\/uploads\/2015\/12\/20_29-2015-150x150.jpeg\" class=\"attachment-thumbnail size-thumbnail\" alt=\"\" \/><\/a>\n\t\t\t<\/div><\/figure><figure class='gallery-item'>\n\t\t\t<div class='gallery-icon landscape'>\n\t\t\t\t<a href='https:\/\/rodriguezgallery.com\/wp-content\/uploads\/2015\/12\/bez-tytulu-2015-20_29.jpeg'><img loading=\"lazy\" decoding=\"async\" width=\"150\" height=\"150\" src=\"https:\/\/rodriguezgallery.com\/wp-content\/uploads\/2015\/12\/bez-tytulu-2015-20_29-150x150.jpeg\" class=\"attachment-thumbnail size-thumbnail\" alt=\"\" \/><\/a>\n\t\t\t<\/div><\/figure><figure class='gallery-item'>\n\t\t\t<div class='gallery-icon portrait'>\n\t\t\t\t<a href='https:\/\/rodriguezgallery.com\/wp-content\/uploads\/2015\/12\/lotne-20_29-2015.jpeg'><img loading=\"lazy\" decoding=\"async\" width=\"150\" height=\"150\" src=\"https:\/\/rodriguezgallery.com\/wp-content\/uploads\/2015\/12\/lotne-20_29-2015-150x150.jpeg\" class=\"attachment-thumbnail size-thumbnail\" alt=\"\" \/><\/a>\n\t\t\t<\/div><\/figure><figure class='gallery-item'>\n\t\t\t<div class='gallery-icon landscape'>\n\t\t\t\t<a href='https:\/\/rodriguezgallery.com\/wp-content\/uploads\/2015\/12\/przestrzen-1-20015-20_29.jpeg'><img loading=\"lazy\" decoding=\"async\" width=\"150\" height=\"150\" src=\"https:\/\/rodriguezgallery.com\/wp-content\/uploads\/2015\/12\/przestrzen-1-20015-20_29-150x150.jpeg\" class=\"attachment-thumbnail size-thumbnail\" alt=\"\" \/><\/a>\n\t\t\t<\/div><\/figure><figure class='gallery-item'>\n\t\t\t<div class='gallery-icon portrait'>\n\t\t\t\t<a href='https:\/\/rodriguezgallery.com\/wp-content\/uploads\/2015\/12\/stepowa-dusza-20_29-2015.jpeg'><img loading=\"lazy\" decoding=\"async\" width=\"150\" height=\"150\" src=\"https:\/\/rodriguezgallery.com\/wp-content\/uploads\/2015\/12\/stepowa-dusza-20_29-2015-150x150.jpeg\" class=\"attachment-thumbnail size-thumbnail\" alt=\"\" \/><\/a>\n\t\t\t<\/div><\/figure><figure class='gallery-item'>\n\t\t\t<div class='gallery-icon landscape'>\n\t\t\t\t<a href='https:\/\/rodriguezgallery.com\/wp-content\/uploads\/2015\/12\/wedrowiec-4-20_29-2015.jpeg'><img loading=\"lazy\" decoding=\"async\" width=\"150\" height=\"150\" src=\"https:\/\/rodriguezgallery.com\/wp-content\/uploads\/2015\/12\/wedrowiec-4-20_29-2015-150x150.jpeg\" class=\"attachment-thumbnail size-thumbnail\" alt=\"\" \/><\/a>\n\t\t\t<\/div><\/figure><figure class='gallery-item'>\n\t\t\t<div class='gallery-icon portrait'>\n\t\t\t\t<a href='https:\/\/rodriguezgallery.com\/wp-content\/uploads\/2015\/12\/w\u0119drowiec-6-2__29-2014.jpeg'><img loading=\"lazy\" decoding=\"async\" width=\"150\" height=\"150\" src=\"https:\/\/rodriguezgallery.com\/wp-content\/uploads\/2015\/12\/w\u0119drowiec-6-2__29-2014-150x150.jpeg\" class=\"attachment-thumbnail size-thumbnail\" alt=\"\" \/><\/a>\n\t\t\t<\/div><\/figure><figure class='gallery-item'>\n\t\t\t<div class='gallery-icon landscape'>\n\t\t\t\t<a href='https:\/\/rodriguezgallery.com\/wp-content\/uploads\/2015\/12\/wedrowka-20_29-2015.jpeg'><img loading=\"lazy\" decoding=\"async\" width=\"150\" height=\"150\" src=\"https:\/\/rodriguezgallery.com\/wp-content\/uploads\/2015\/12\/wedrowka-20_29-2015-150x150.jpeg\" class=\"attachment-thumbnail size-thumbnail\" alt=\"\" \/><\/a>\n\t\t\t<\/div><\/figure><figure class='gallery-item'>\n\t\t\t<div class='gallery-icon portrait'>\n\t\t\t\t<a href='https:\/\/rodriguezgallery.com\/wp-content\/uploads\/2015\/12\/wieczor-20_29-2015.jpeg'><img loading=\"lazy\" decoding=\"async\" width=\"150\" height=\"150\" src=\"https:\/\/rodriguezgallery.com\/wp-content\/uploads\/2015\/12\/wieczor-20_29-2015-150x150.jpeg\" class=\"attachment-thumbnail size-thumbnail\" alt=\"\" \/><\/a>\n\t\t\t<\/div><\/figure><figure class='gallery-item'>\n\t\t\t<div class='gallery-icon portrait'>\n\t\t\t\t<a href='https:\/\/rodriguezgallery.com\/wp-content\/uploads\/2015\/12\/mikro-swiat2.jpeg'><img loading=\"lazy\" decoding=\"async\" width=\"150\" height=\"150\" src=\"https:\/\/rodriguezgallery.com\/wp-content\/uploads\/2015\/12\/mikro-swiat2-150x150.jpeg\" class=\"attachment-thumbnail size-thumbnail\" alt=\"\" \/><\/a>\n\t\t\t<\/div><\/figure><figure class='gallery-item'>\n\t\t\t<div class='gallery-icon portrait'>\n\t\t\t\t<a href='https:\/\/rodriguezgallery.com\/wp-content\/uploads\/2015\/12\/mikro-swiat3.jpeg'><img loading=\"lazy\" decoding=\"async\" width=\"150\" height=\"150\" src=\"https:\/\/rodriguezgallery.com\/wp-content\/uploads\/2015\/12\/mikro-swiat3-150x150.jpeg\" class=\"attachment-thumbnail size-thumbnail\" alt=\"\" \/><\/a>\n\t\t\t<\/div><\/figure><figure class='gallery-item'>\n\t\t\t<div class='gallery-icon portrait'>\n\t\t\t\t<a href='https:\/\/rodriguezgallery.com\/wp-content\/uploads\/2015\/12\/mikro-swiat11.jpeg'><img loading=\"lazy\" decoding=\"async\" width=\"150\" height=\"150\" src=\"https:\/\/rodriguezgallery.com\/wp-content\/uploads\/2015\/12\/mikro-swiat11-150x150.jpeg\" class=\"attachment-thumbnail size-thumbnail\" alt=\"\" \/><\/a>\n\t\t\t<\/div><\/figure><figure class='gallery-item'>\n\t\t\t<div class='gallery-icon portrait'>\n\t\t\t\t<a href='https:\/\/rodriguezgallery.com\/wp-content\/uploads\/2015\/12\/mikro-swiat14.jpeg'><img loading=\"lazy\" decoding=\"async\" width=\"150\" height=\"150\" src=\"https:\/\/rodriguezgallery.com\/wp-content\/uploads\/2015\/12\/mikro-swiat14-150x150.jpeg\" class=\"attachment-thumbnail size-thumbnail\" alt=\"\" \/><\/a>\n\t\t\t<\/div><\/figure><figure class='gallery-item'>\n\t\t\t<div class='gallery-icon landscape'>\n\t\t\t\t<a href='https:\/\/rodriguezgallery.com\/wp-content\/uploads\/2015\/12\/Stepowa-dusza-1-40_50-2015_1.jpg'><img loading=\"lazy\" decoding=\"async\" width=\"150\" height=\"150\" src=\"https:\/\/rodriguezgallery.com\/wp-content\/uploads\/2015\/12\/Stepowa-dusza-1-40_50-2015_1-150x150.jpg\" class=\"attachment-thumbnail size-thumbnail\" alt=\"\" \/><\/a>\n\t\t\t<\/div><\/figure><figure class='gallery-item'>\n\t\t\t<div class='gallery-icon landscape'>\n\t\t\t\t<a href='https:\/\/rodriguezgallery.com\/wp-content\/uploads\/2015\/12\/Stepowa-Dusza-2-2015-40_50-cm_1.jpg'><img loading=\"lazy\" decoding=\"async\" width=\"150\" height=\"150\" src=\"https:\/\/rodriguezgallery.com\/wp-content\/uploads\/2015\/12\/Stepowa-Dusza-2-2015-40_50-cm_1-150x150.jpg\" class=\"attachment-thumbnail size-thumbnail\" alt=\"\" \/><\/a>\n\t\t\t<\/div><\/figure><figure class='gallery-item'>\n\t\t\t<div class='gallery-icon landscape'>\n\t\t\t\t<a href='https:\/\/rodriguezgallery.com\/wp-content\/uploads\/2015\/12\/Stepowa-Dusza-3-40_50-cm-2015_1.jpg'><img loading=\"lazy\" decoding=\"async\" width=\"150\" height=\"150\" src=\"https:\/\/rodriguezgallery.com\/wp-content\/uploads\/2015\/12\/Stepowa-Dusza-3-40_50-cm-2015_1-150x150.jpg\" class=\"attachment-thumbnail size-thumbnail\" alt=\"\" \/><\/a>\n\t\t\t<\/div><\/figure><figure class='gallery-item'>\n\t\t\t<div class='gallery-icon landscape'>\n\t\t\t\t<a href='https:\/\/rodriguezgallery.com\/wp-content\/uploads\/2015\/12\/Stepowa-Dusza-4-40_50-cm-2015_1.jpg'><img loading=\"lazy\" decoding=\"async\" width=\"150\" height=\"150\" src=\"https:\/\/rodriguezgallery.com\/wp-content\/uploads\/2015\/12\/Stepowa-Dusza-4-40_50-cm-2015_1-150x150.jpg\" class=\"attachment-thumbnail size-thumbnail\" alt=\"\" \/><\/a>\n\t\t\t<\/div><\/figure><figure class='gallery-item'>\n\t\t\t<div class='gallery-icon landscape'>\n\t\t\t\t<a href='https:\/\/rodriguezgallery.com\/wp-content\/uploads\/2015\/12\/Stepowa-Dusza-5-40_50-cm-2015.jpg'><img loading=\"lazy\" decoding=\"async\" width=\"150\" height=\"150\" src=\"https:\/\/rodriguezgallery.com\/wp-content\/uploads\/2015\/12\/Stepowa-Dusza-5-40_50-cm-2015-150x150.jpg\" class=\"attachment-thumbnail size-thumbnail\" alt=\"\" \/><\/a>\n\t\t\t<\/div><\/figure><figure class='gallery-item'>\n\t\t\t<div class='gallery-icon landscape'>\n\t\t\t\t<a href='https:\/\/rodriguezgallery.com\/wp-content\/uploads\/2015\/12\/Stepowa-Dusza-8-60_80-cm-2015_1.jpg'><img loading=\"lazy\" decoding=\"async\" width=\"150\" height=\"150\" src=\"https:\/\/rodriguezgallery.com\/wp-content\/uploads\/2015\/12\/Stepowa-Dusza-8-60_80-cm-2015_1-150x150.jpg\" class=\"attachment-thumbnail size-thumbnail\" alt=\"\" \/><\/a>\n\t\t\t<\/div><\/figure><figure class='gallery-item'>\n\t\t\t<div class='gallery-icon landscape'>\n\t\t\t\t<a href='https:\/\/rodriguezgallery.com\/wp-content\/uploads\/2015\/12\/Stepowa-Dusza-10-100_140-2015.jpeg'><img loading=\"lazy\" decoding=\"async\" width=\"150\" height=\"150\" src=\"https:\/\/rodriguezgallery.com\/wp-content\/uploads\/2015\/12\/Stepowa-Dusza-10-100_140-2015-150x150.jpeg\" class=\"attachment-thumbnail size-thumbnail\" alt=\"\" \/><\/a>\n\t\t\t<\/div><\/figure><figure class='gallery-item'>\n\t\t\t<div class='gallery-icon landscape'>\n\t\t\t\t<a href='https:\/\/rodriguezgallery.com\/wp-content\/uploads\/2015\/12\/Stepowa-Dusza-11-100_140-cm-2015.jpeg'><img loading=\"lazy\" decoding=\"async\" width=\"150\" height=\"150\" src=\"https:\/\/rodriguezgallery.com\/wp-content\/uploads\/2015\/12\/Stepowa-Dusza-11-100_140-cm-2015-150x150.jpeg\" class=\"attachment-thumbnail size-thumbnail\" alt=\"\" \/><\/a>\n\t\t\t<\/div><\/figure><figure class='gallery-item'>\n\t\t\t<div class='gallery-icon landscape'>\n\t\t\t\t<a href='https:\/\/rodriguezgallery.com\/wp-content\/uploads\/2015\/12\/Stepowa-Dusza-100_140-cm-2015.jpeg'><img loading=\"lazy\" decoding=\"async\" width=\"150\" height=\"150\" src=\"https:\/\/rodriguezgallery.com\/wp-content\/uploads\/2015\/12\/Stepowa-Dusza-100_140-cm-2015-150x150.jpeg\" class=\"attachment-thumbnail size-thumbnail\" alt=\"\" \/><\/a>\n\t\t\t<\/div><\/figure><figure class='gallery-item'>\n\t\t\t<div class='gallery-icon landscape'>\n\t\t\t\t<a href='https:\/\/rodriguezgallery.com\/wp-content\/uploads\/2015\/12\/Zrzut-ekranu-2016-01-21-o-12.21.54.png'><img loading=\"lazy\" decoding=\"async\" width=\"150\" height=\"150\" src=\"https:\/\/rodriguezgallery.com\/wp-content\/uploads\/2015\/12\/Zrzut-ekranu-2016-01-21-o-12.21.54-150x150.png\" class=\"attachment-thumbnail size-thumbnail\" alt=\"\" \/><\/a>\n\t\t\t<\/div><\/figure><figure class='gallery-item'>\n\t\t\t<div class='gallery-icon landscape'>\n\t\t\t\t<a href='https:\/\/rodriguezgallery.com\/wp-content\/uploads\/2015\/12\/Zrzut-ekranu-2016-01-21-o-12.22.08.png'><img loading=\"lazy\" decoding=\"async\" width=\"150\" height=\"150\" src=\"https:\/\/rodriguezgallery.com\/wp-content\/uploads\/2015\/12\/Zrzut-ekranu-2016-01-21-o-12.22.08-150x150.png\" class=\"attachment-thumbnail size-thumbnail\" alt=\"\" \/><\/a>\n\t\t\t<\/div><\/figure><figure class='gallery-item'>\n\t\t\t<div class='gallery-icon landscape'>\n\t\t\t\t<a href='https:\/\/rodriguezgallery.com\/wp-content\/uploads\/2015\/12\/Zrzut-ekranu-2016-01-21-o-12.22.27.png'><img loading=\"lazy\" decoding=\"async\" width=\"150\" height=\"150\" src=\"https:\/\/rodriguezgallery.com\/wp-content\/uploads\/2015\/12\/Zrzut-ekranu-2016-01-21-o-12.22.27-150x150.png\" class=\"attachment-thumbnail size-thumbnail\" alt=\"\" \/><\/a>\n\t\t\t<\/div><\/figure><figure class='gallery-item'>\n\t\t\t<div class='gallery-icon landscape'>\n\t\t\t\t<a href='https:\/\/rodriguezgallery.com\/wp-content\/uploads\/2015\/12\/Zrzut-ekranu-2016-01-21-o-12.22.34.png'><img loading=\"lazy\" decoding=\"async\" width=\"150\" height=\"150\" src=\"https:\/\/rodriguezgallery.com\/wp-content\/uploads\/2015\/12\/Zrzut-ekranu-2016-01-21-o-12.22.34-150x150.png\" class=\"attachment-thumbnail size-thumbnail\" alt=\"\" \/><\/a>\n\t\t\t<\/div><\/figure><figure class='gallery-item'>\n\t\t\t<div class='gallery-icon landscape'>\n\t\t\t\t<a href='https:\/\/rodriguezgallery.com\/wp-content\/uploads\/2015\/12\/Zrzut-ekranu-2016-01-21-o-12.22.56.png'><img loading=\"lazy\" decoding=\"async\" width=\"150\" height=\"150\" src=\"https:\/\/rodriguezgallery.com\/wp-content\/uploads\/2015\/12\/Zrzut-ekranu-2016-01-21-o-12.22.56-150x150.png\" class=\"attachment-thumbnail size-thumbnail\" alt=\"\" \/><\/a>\n\t\t\t<\/div><\/figure><figure class='gallery-item'>\n\t\t\t<div class='gallery-icon landscape'>\n\t\t\t\t<a href='https:\/\/rodriguezgallery.com\/wp-content\/uploads\/2015\/12\/Zrzut-ekranu-2016-01-21-o-12.23.32.png'><img loading=\"lazy\" decoding=\"async\" width=\"150\" height=\"150\" src=\"https:\/\/rodriguezgallery.com\/wp-content\/uploads\/2015\/12\/Zrzut-ekranu-2016-01-21-o-12.23.32-150x150.png\" class=\"attachment-thumbnail size-thumbnail\" alt=\"\" \/><\/a>\n\t\t\t<\/div><\/figure><figure class='gallery-item'>\n\t\t\t<div class='gallery-icon landscape'>\n\t\t\t\t<a href='https:\/\/rodriguezgallery.com\/wp-content\/uploads\/2015\/12\/Zrzut-ekranu-2016-01-21-o-12.24.00.png'><img loading=\"lazy\" decoding=\"async\" width=\"150\" height=\"150\" src=\"https:\/\/rodriguezgallery.com\/wp-content\/uploads\/2015\/12\/Zrzut-ekranu-2016-01-21-o-12.24.00-150x150.png\" class=\"attachment-thumbnail size-thumbnail\" alt=\"\" \/><\/a>\n\t\t\t<\/div><\/figure><figure class='gallery-item'>\n\t\t\t<div class='gallery-icon landscape'>\n\t\t\t\t<a href='https:\/\/rodriguezgallery.com\/wp-content\/uploads\/2015\/12\/Zrzut-ekranu-2016-01-21-o-12.24.18.png'><img loading=\"lazy\" decoding=\"async\" width=\"150\" height=\"150\" src=\"https:\/\/rodriguezgallery.com\/wp-content\/uploads\/2015\/12\/Zrzut-ekranu-2016-01-21-o-12.24.18-150x150.png\" class=\"attachment-thumbnail size-thumbnail\" alt=\"\" \/><\/a>\n\t\t\t<\/div><\/figure><figure class='gallery-item'>\n\t\t\t<div class='gallery-icon landscape'>\n\t\t\t\t<a href='https:\/\/rodriguezgallery.com\/wp-content\/uploads\/2015\/12\/Zrzut-ekranu-2016-01-21-o-12.24.32.png'><img loading=\"lazy\" decoding=\"async\" width=\"150\" height=\"150\" src=\"https:\/\/rodriguezgallery.com\/wp-content\/uploads\/2015\/12\/Zrzut-ekranu-2016-01-21-o-12.24.32-150x150.png\" class=\"attachment-thumbnail size-thumbnail\" alt=\"\" \/><\/a>\n\t\t\t<\/div><\/figure>\n\t\t<\/div>\n<\/p>\n<p style=\"text-align: center;\">\n<\/div><\/div><\/div><\/div><\/div>","protected":false},"excerpt":{"rendered":"<p>Natalia Ba\u017cowska:\u00a0Stepowa Dusza\u00a0 \u00a0 15.01.2016 &#8211; 13.02.2016Punktem wyj\u015bcia pierwszej wystawy Natalii Ba\u017cowskiej w Rodriguez Gallery, jest tytu\u0142owa stepowa dusza. Artystka stworzy\u0142a ten termin, aby zdefiniowa\u0107 instynkt, wewn\u0119trzn\u0105 si\u0142\u0119, kt\u00f3ra sk\u0142ania <a class=\"moretag\" href=\"https:\/\/rodriguezgallery.com\/pl\/natalia-bazowska-steppe-soul\/\">Read More &#8230;<\/a><\/p>\n","protected":false},"author":1,"featured_media":0,"parent":0,"menu_order":0,"comment_status":"closed","ping_status":"closed","template":"full-width-page.php","meta":{"footnotes":""},"class_list":["post-985","page","type-page","status-publish","hentry"],"_links":{"self":[{"href":"https:\/\/rodriguezgallery.com\/pl\/wp-json\/wp\/v2\/pages\/985","targetHints":{"allow":["GET"]}}],"collection":[{"href":"https:\/\/rodriguezgallery.com\/pl\/wp-json\/wp\/v2\/pages"}],"about":[{"href":"https:\/\/rodriguezgallery.com\/pl\/wp-json\/wp\/v2\/types\/page"}],"author":[{"embeddable":true,"href":"https:\/\/rodriguezgallery.com\/pl\/wp-json\/wp\/v2\/users\/1"}],"replies":[{"embeddable":true,"href":"https:\/\/rodriguezgallery.com\/pl\/wp-json\/wp\/v2\/comments?post=985"}],"version-history":[{"count":1,"href":"https:\/\/rodriguezgallery.com\/pl\/wp-json\/wp\/v2\/pages\/985\/revisions"}],"predecessor-version":[{"id":5325,"href":"https:\/\/rodriguezgallery.com\/pl\/wp-json\/wp\/v2\/pages\/985\/revisions\/5325"}],"wp:attachment":[{"href":"https:\/\/rodriguezgallery.com\/pl\/wp-json\/wp\/v2\/media?parent=985"}],"curies":[{"name":"wp","href":"https:\/\/api.w.org\/{rel}","templated":true}]}}